{"id":1352,"date":"2016-09-08T17:08:10","date_gmt":"2016-09-08T21:08:10","guid":{"rendered":"http:\/\/www.apartment11.tv\/fr\/?page_id=1352"},"modified":"2018-10-22T09:02:47","modified_gmt":"2018-10-22T13:02:47","slug":"rank-the-prank","status":"publish","type":"page","link":"https:\/\/www.apartment11.tv\/fr\/productions-tele\/rank-the-prank\/","title":{"rendered":"Rank the Prank"},"content":{"rendered":"<div class=\"wpb-content-wrapper\">[vc_row fullwidth=\u00a0\u00bbtrue\u00a0\u00bb][vc_column][rev_slider_vc alias=\u00a0\u00bbbanner-show-rank-the-prank\u00a0\u00bb][\/vc_column][\/vc_row][vc_row][vc_column width=\u00a0\u00bb1\/2&Prime;][vc_video link=\u00a0\u00bbhttps:\/\/player.vimeo.com\/video\/229847438&Prime;][mk_divider style=\u00a0\u00bbsingle_dotted\u00a0\u00bb border_color=\u00a0\u00bb#c5c5c5&Prime;][vc_column_text]<a href=\"https:\/\/www.facebook.com\/ranktheprank\/?skip_nax_wizard=true\"><img loading=\"lazy\" decoding=\"async\" class=\"alignleft wp-image-544 size-full\" src=\"http:\/\/apartment11.tv\/wp-content\/uploads\/facebook.gif\" alt=\"facebook\" width=\"25\" height=\"25\" \/><\/a><a href=\"https:\/\/www.facebook.com\/ranktheprank\/?skip_nax_wizard=true\" target=\"_blank\" rel=\"noopener noreferrer\">Rejoignez le groupe Facebook<\/a>[\/vc_column_text][vc_column_text]<a href=\"https:\/\/www.twitter.com\/ranktheprank_tv\"><img loading=\"lazy\" decoding=\"async\" class=\"alignleft wp-image-546 size-full\" src=\"http:\/\/apartment11.tv\/wp-content\/uploads\/twitter.gif\" alt=\"\" width=\"25\" height=\"25\" \/><\/a><a class=\"social_sidebar_link\" href=\"https:\/\/www.twitter.com\/ranktheprank_tv\" target=\"_blank\" rel=\"noopener noreferrer\">Suivre sur Twitter<\/a>[\/vc_column_text][vc_column_text]<a href=\"https:\/\/www.instagram.com\/ranktheprank_tv\/\"><img loading=\"lazy\" decoding=\"async\" class=\"alignleft wp-image-548 size-full\" src=\"http:\/\/apartment11.tv\/wp-content\/uploads\/instagram.gif\" alt=\"\" width=\"25\" height=\"25\" \/><\/a><a class=\"social_sidebar_link\" href=\"https:\/\/www.instagram.com\/ranktheprank_tv\/\" target=\"_blank\" rel=\"noopener noreferrer\">Suivre sur Instagram<\/a>[\/vc_column_text][mk_divider style=\u00a0\u00bbsingle_dotted\u00a0\u00bb border_color=\u00a0\u00bb#c5c5c5&Prime; margin_top=\u00a0\u00bb0&Prime;][vc_gallery type=\u00a0\u00bbimage_grid\u00a0\u00bb images=\u00a0\u00bb1338,1309,1310,1311,1312,1313,1314,1315&Prime; img_size=\u00a0\u00bb140&#215;140&Prime; el_class=\u00a0\u00bbimage-gallery\u00a0\u00bb][\/vc_column][vc_column width=\u00a0\u00bb1\/2&Prime;][vc_column_text]\n<h2>\u00c0 propos de la s\u00e9rie<\/h2>\n<p><strong>S\u00e9rie de farces avec cam\u00e9ra cach\u00e9e<br \/>\nDe 8 \u00e0 12 ans<br \/>\n1 saison \u2013 13 \u00e9pisodes de 30 minutes<br \/>\n<\/strong><strong>Une coproduction canadienne et britannique<br \/>\nDroits disponibles sur le format<\/strong><\/p>\n<p>Rank The Prank est une nouvelle s\u00e9rie d\u00e9lirante de style hollywoodien o\u00f9 deux duos d\u2019enfants farceurs sont jumel\u00e9s \u00e0 deux des plus grands et des meilleurs artistes en effets sp\u00e9ciaux au monde afin de r\u00e9aliser un incroyable tour avec cam\u00e9ra cach\u00e9e aupr\u00e8s d\u2019un public qui ne se doute de rien. Les duos s\u2019affrontent pour obtenir le meilleur classement pour leur tour, qui est \u00e9valu\u00e9 par un jury de farceurs. Les deux gagnants auront la chance de mettre en sc\u00e8ne un m\u00e9ga tour \u00e9poustouflant sur la \u00ab cible \u00bb de leur choix.<\/p>\n<p>Rank the Prank \u2014 Jouer des tours \u00e0 la fa\u00e7on hollywoodienne!<\/p>\n<h2>O\u00f9 visionner la s\u00e9rie<\/h2>\n<p>CBBC<br \/>\n<a href=\"http:\/\/www.bbckids.ca\/schedule\/eastern\" target=\"_blank\" rel=\"noopener noreferrer\">BBC Kids<\/a><\/p>\n<h2><\/h2>\n<h2>Acquisitions<\/h2>\n<p>Acquisitions Contact: Mindy Laxer (<a href=\"mailto:mindy@apartment11.tv\">mindy@apartment11.tv<\/a>)<\/p>\n<h2>Partenaires<\/h2>\n<p><img loading=\"lazy\" decoding=\"async\" class=\"alignleft wp-image-1317 size-full\" src=\"https:\/\/www.apartment11.tv\/wp-content\/uploads\/bbc-kids.jpg\" width=\"89\" height=\"75\" \/><img loading=\"lazy\" decoding=\"async\" class=\"alignleft wp-image-1318 size-full\" src=\"https:\/\/www.apartment11.tv\/wp-content\/uploads\/cbbc.jpg\" width=\"75\" height=\"75\" srcset=\"https:\/\/www.apartment11.tv\/wp-content\/uploads\/cbbc.jpg 75w, https:\/\/www.apartment11.tv\/wp-content\/uploads\/cbbc-1024x1024.jpg 1024w\" sizes=\"auto, (max-width: 75px) 100vw, 75px\" \/>[\/vc_column_text][mk_padding_divider size=\u00a0\u00bb20&Prime;][\/vc_column][\/vc_row]\n<\/div>","protected":false},"excerpt":{"rendered":"<p>[vc_row fullwidth=\u00a0\u00bbtrue\u00a0\u00bb][vc_column][rev_slider_vc alias=\u00a0\u00bbbanner-show-rank-the-prank\u00a0\u00bb][\/vc_column][\/vc_row][vc_row][vc_column width=\u00a0\u00bb1\/2&Prime;][vc_video link=\u00a0\u00bbhttps:\/\/player.vimeo.com\/video\/229847438&Prime;][mk_divider style=\u00a0\u00bbsingle_dotted\u00a0\u00bb border_color=\u00a0\u00bb#c5c5c5&Prime;][vc_column_text]Rejoignez le groupe Facebook[\/vc_column_text][vc_column_text]Suivre sur Twitter[\/vc_column_text][vc_column_text]Suivre sur Instagram[\/vc_column_text][mk_divider style=\u00a0\u00bbsingle_dotted\u00a0\u00bb border_color=\u00a0\u00bb#c5c5c5&Prime; margin_top=\u00a0\u00bb0&Prime;][vc_gallery type=\u00a0\u00bbimage_grid\u00a0\u00bb images=\u00a0\u00bb1338,1309,1310,1311,1312,1313,1314,1315&Prime; img_size=\u00a0\u00bb140&#215;140&Prime; el_class=\u00a0\u00bbimage-gallery\u00a0\u00bb][\/vc_column][vc_column width=\u00a0\u00bb1\/2&Prime;][vc_column_text] \u00c0 propos de la s\u00e9rie S\u00e9rie de farces avec cam\u00e9ra cach\u00e9e De 8 \u00e0 12 ans 1 saison \u2013 13 \u00e9pisodes de 30 minutes Une coproduction canadienne et britannique Droits disponibles sur le [&hellip;]<\/p>\n","protected":false},"author":1,"featured_media":0,"parent":721,"menu_order":0,"comment_status":"closed","ping_status":"closed","template":"","meta":{"footnotes":""},"class_list":["post-1352","page","type-page","status-publish","hentry"],"yoast_head":"<!-- This site is optimized with the Yoast SEO plugin v27.2 - https:\/\/yoast.com\/product\/yoast-seo-wordpress\/ -->\n<title>Rank the Prank - Apartment 11 Productions<\/title>\n<meta name=\"robots\" content=\"index, follow, max-snippet:-1, max-image-preview:large, max-video-preview:-1\" \/>\n<link rel=\"canonical\" href=\"https:\/\/www.apartment11.tv\/fr\/productions-tele\/rank-the-prank\/\" \/>\n<meta property=\"og:locale\" content=\"fr_FR\" \/>\n<meta property=\"og:type\" content=\"article\" \/>\n<meta property=\"og:title\" content=\"Rank the Prank - Apartment 11 Productions\" \/>\n<meta property=\"og:description\" content=\"[vc_row fullwidth=\u00a0\u00bbtrue\u00a0\u00bb][vc_column][rev_slider_vc alias=\u00a0\u00bbbanner-show-rank-the-prank\u00a0\u00bb][\/vc_column][\/vc_row][vc_row][vc_column width=\u00a0\u00bb1\/2&Prime;][vc_video link=\u00a0\u00bbhttps:\/\/player.vimeo.com\/video\/229847438&Prime;][mk_divider style=\u00a0\u00bbsingle_dotted\u00a0\u00bb border_color=\u00a0\u00bb#c5c5c5&Prime;][vc_column_text]Rejoignez le groupe Facebook[\/vc_column_text][vc_column_text]Suivre sur Twitter[\/vc_column_text][vc_column_text]Suivre sur Instagram[\/vc_column_text][mk_divider style=\u00a0\u00bbsingle_dotted\u00a0\u00bb border_color=\u00a0\u00bb#c5c5c5&Prime; margin_top=\u00a0\u00bb0&Prime;][vc_gallery type=\u00a0\u00bbimage_grid\u00a0\u00bb images=\u00a0\u00bb1338,1309,1310,1311,1312,1313,1314,1315&Prime; img_size=\u00a0\u00bb140&#215;140&Prime; el_class=\u00a0\u00bbimage-gallery\u00a0\u00bb][\/vc_column][vc_column width=\u00a0\u00bb1\/2&Prime;][vc_column_text] \u00c0 propos de la s\u00e9rie S\u00e9rie de farces avec cam\u00e9ra cach\u00e9e De 8 \u00e0 12 ans 1 saison \u2013 13 \u00e9pisodes de 30 minutes Une coproduction canadienne et britannique Droits disponibles sur le [&hellip;]\" \/>\n<meta property=\"og:url\" content=\"https:\/\/www.apartment11.tv\/fr\/productions-tele\/rank-the-prank\/\" \/>\n<meta property=\"og:site_name\" content=\"Apartment 11 Productions\" \/>\n<meta property=\"article:publisher\" content=\"https:\/\/www.facebook.com\/Apartment11Productions\" \/>\n<meta property=\"article:modified_time\" content=\"2018-10-22T13:02:47+00:00\" \/>\n<meta property=\"og:image\" content=\"http:\/\/apartment11.tv\/wp-content\/uploads\/facebook.gif\" \/>\n<meta name=\"twitter:card\" content=\"summary_large_image\" \/>\n<meta name=\"twitter:site\" content=\"@Apartment11Prod\" \/>\n<meta name=\"twitter:label1\" content=\"Dur\u00e9e de lecture estim\u00e9e\" \/>\n\t<meta name=\"twitter:data1\" content=\"1 minute\" \/>\n<script type=\"application\/ld+json\" class=\"yoast-schema-graph\">{\"@context\":\"https:\/\/schema.org\",\"@graph\":[{\"@type\":\"WebPage\",\"@id\":\"https:\/\/www.apartment11.tv\/fr\/productions-tele\/rank-the-prank\/\",\"url\":\"https:\/\/www.apartment11.tv\/fr\/productions-tele\/rank-the-prank\/\",\"name\":\"Rank the Prank - Apartment 11 Productions\",\"isPartOf\":{\"@id\":\"https:\/\/www.apartment11.tv\/#website\"},\"primaryImageOfPage\":{\"@id\":\"https:\/\/www.apartment11.tv\/fr\/productions-tele\/rank-the-prank\/#primaryimage\"},\"image\":{\"@id\":\"https:\/\/www.apartment11.tv\/fr\/productions-tele\/rank-the-prank\/#primaryimage\"},\"thumbnailUrl\":\"http:\/\/apartment11.tv\/wp-content\/uploads\/facebook.gif\",\"datePublished\":\"2016-09-08T21:08:10+00:00\",\"dateModified\":\"2018-10-22T13:02:47+00:00\",\"breadcrumb\":{\"@id\":\"https:\/\/www.apartment11.tv\/fr\/productions-tele\/rank-the-prank\/#breadcrumb\"},\"inLanguage\":\"fr-FR\",\"potentialAction\":[{\"@type\":\"ReadAction\",\"target\":[\"https:\/\/www.apartment11.tv\/fr\/productions-tele\/rank-the-prank\/\"]}]},{\"@type\":\"ImageObject\",\"inLanguage\":\"fr-FR\",\"@id\":\"https:\/\/www.apartment11.tv\/fr\/productions-tele\/rank-the-prank\/#primaryimage\",\"url\":\"http:\/\/apartment11.tv\/wp-content\/uploads\/facebook.gif\",\"contentUrl\":\"http:\/\/apartment11.tv\/wp-content\/uploads\/facebook.gif\"},{\"@type\":\"BreadcrumbList\",\"@id\":\"https:\/\/www.apartment11.tv\/fr\/productions-tele\/rank-the-prank\/#breadcrumb\",\"itemListElement\":[{\"@type\":\"ListItem\",\"position\":1,\"name\":\"Home\",\"item\":\"https:\/\/www.apartment11.tv\/fr\/\"},{\"@type\":\"ListItem\",\"position\":2,\"name\":\"Productions t\u00e9l\u00e9\",\"item\":\"https:\/\/www.apartment11.tv\/fr\/productions-tele\/\"},{\"@type\":\"ListItem\",\"position\":3,\"name\":\"Rank the Prank\"}]},{\"@type\":\"WebSite\",\"@id\":\"https:\/\/www.apartment11.tv\/#website\",\"url\":\"https:\/\/www.apartment11.tv\/\",\"name\":\"Apartment 11 Productions\",\"description\":\"Award-Winning Television Productions and Cross-Platform Projects for both Adult and Younger Audiences\",\"potentialAction\":[{\"@type\":\"SearchAction\",\"target\":{\"@type\":\"EntryPoint\",\"urlTemplate\":\"https:\/\/www.apartment11.tv\/?s={search_term_string}\"},\"query-input\":{\"@type\":\"PropertyValueSpecification\",\"valueRequired\":true,\"valueName\":\"search_term_string\"}}],\"inLanguage\":\"fr-FR\"}]}<\/script>\n<!-- \/ Yoast SEO plugin. -->","yoast_head_json":{"title":"Rank the Prank - Apartment 11 Productions","robots":{"index":"index","follow":"follow","max-snippet":"max-snippet:-1","max-image-preview":"max-image-preview:large","max-video-preview":"max-video-preview:-1"},"canonical":"https:\/\/www.apartment11.tv\/fr\/productions-tele\/rank-the-prank\/","og_locale":"fr_FR","og_type":"article","og_title":"Rank the Prank - Apartment 11 Productions","og_description":"[vc_row fullwidth=\u00a0\u00bbtrue\u00a0\u00bb][vc_column][rev_slider_vc alias=\u00a0\u00bbbanner-show-rank-the-prank\u00a0\u00bb][\/vc_column][\/vc_row][vc_row][vc_column width=\u00a0\u00bb1\/2&Prime;][vc_video link=\u00a0\u00bbhttps:\/\/player.vimeo.com\/video\/229847438&Prime;][mk_divider style=\u00a0\u00bbsingle_dotted\u00a0\u00bb border_color=\u00a0\u00bb#c5c5c5&Prime;][vc_column_text]Rejoignez le groupe Facebook[\/vc_column_text][vc_column_text]Suivre sur Twitter[\/vc_column_text][vc_column_text]Suivre sur Instagram[\/vc_column_text][mk_divider style=\u00a0\u00bbsingle_dotted\u00a0\u00bb border_color=\u00a0\u00bb#c5c5c5&Prime; margin_top=\u00a0\u00bb0&Prime;][vc_gallery type=\u00a0\u00bbimage_grid\u00a0\u00bb images=\u00a0\u00bb1338,1309,1310,1311,1312,1313,1314,1315&Prime; img_size=\u00a0\u00bb140&#215;140&Prime; el_class=\u00a0\u00bbimage-gallery\u00a0\u00bb][\/vc_column][vc_column width=\u00a0\u00bb1\/2&Prime;][vc_column_text] \u00c0 propos de la s\u00e9rie S\u00e9rie de farces avec cam\u00e9ra cach\u00e9e De 8 \u00e0 12 ans 1 saison \u2013 13 \u00e9pisodes de 30 minutes Une coproduction canadienne et britannique Droits disponibles sur le [&hellip;]","og_url":"https:\/\/www.apartment11.tv\/fr\/productions-tele\/rank-the-prank\/","og_site_name":"Apartment 11 Productions","article_publisher":"https:\/\/www.facebook.com\/Apartment11Productions","article_modified_time":"2018-10-22T13:02:47+00:00","og_image":[{"url":"http:\/\/apartment11.tv\/wp-content\/uploads\/facebook.gif","type":"","width":"","height":""}],"twitter_card":"summary_large_image","twitter_site":"@Apartment11Prod","twitter_misc":{"Dur\u00e9e de lecture estim\u00e9e":"1 minute"},"schema":{"@context":"https:\/\/schema.org","@graph":[{"@type":"WebPage","@id":"https:\/\/www.apartment11.tv\/fr\/productions-tele\/rank-the-prank\/","url":"https:\/\/www.apartment11.tv\/fr\/productions-tele\/rank-the-prank\/","name":"Rank the Prank - Apartment 11 Productions","isPartOf":{"@id":"https:\/\/www.apartment11.tv\/#website"},"primaryImageOfPage":{"@id":"https:\/\/www.apartment11.tv\/fr\/productions-tele\/rank-the-prank\/#primaryimage"},"image":{"@id":"https:\/\/www.apartment11.tv\/fr\/productions-tele\/rank-the-prank\/#primaryimage"},"thumbnailUrl":"http:\/\/apartment11.tv\/wp-content\/uploads\/facebook.gif","datePublished":"2016-09-08T21:08:10+00:00","dateModified":"2018-10-22T13:02:47+00:00","breadcrumb":{"@id":"https:\/\/www.apartment11.tv\/fr\/productions-tele\/rank-the-prank\/#breadcrumb"},"inLanguage":"fr-FR","potentialAction":[{"@type":"ReadAction","target":["https:\/\/www.apartment11.tv\/fr\/productions-tele\/rank-the-prank\/"]}]},{"@type":"ImageObject","inLanguage":"fr-FR","@id":"https:\/\/www.apartment11.tv\/fr\/productions-tele\/rank-the-prank\/#primaryimage","url":"http:\/\/apartment11.tv\/wp-content\/uploads\/facebook.gif","contentUrl":"http:\/\/apartment11.tv\/wp-content\/uploads\/facebook.gif"},{"@type":"BreadcrumbList","@id":"https:\/\/www.apartment11.tv\/fr\/productions-tele\/rank-the-prank\/#breadcrumb","itemListElement":[{"@type":"ListItem","position":1,"name":"Home","item":"https:\/\/www.apartment11.tv\/fr\/"},{"@type":"ListItem","position":2,"name":"Productions t\u00e9l\u00e9","item":"https:\/\/www.apartment11.tv\/fr\/productions-tele\/"},{"@type":"ListItem","position":3,"name":"Rank the Prank"}]},{"@type":"WebSite","@id":"https:\/\/www.apartment11.tv\/#website","url":"https:\/\/www.apartment11.tv\/","name":"Apartment 11 Productions","description":"Award-Winning Television Productions and Cross-Platform Projects for both Adult and Younger Audiences","potentialAction":[{"@type":"SearchAction","target":{"@type":"EntryPoint","urlTemplate":"https:\/\/www.apartment11.tv\/?s={search_term_string}"},"query-input":{"@type":"PropertyValueSpecification","valueRequired":true,"valueName":"search_term_string"}}],"inLanguage":"fr-FR"}]}},"_links":{"self":[{"href":"https:\/\/www.apartment11.tv\/fr\/wp-json\/wp\/v2\/pages\/1352","targetHints":{"allow":["GET"]}}],"collection":[{"href":"https:\/\/www.apartment11.tv\/fr\/wp-json\/wp\/v2\/pages"}],"about":[{"href":"https:\/\/www.apartment11.tv\/fr\/wp-json\/wp\/v2\/types\/page"}],"author":[{"embeddable":true,"href":"https:\/\/www.apartment11.tv\/fr\/wp-json\/wp\/v2\/users\/1"}],"replies":[{"embeddable":true,"href":"https:\/\/www.apartment11.tv\/fr\/wp-json\/wp\/v2\/comments?post=1352"}],"version-history":[{"count":7,"href":"https:\/\/www.apartment11.tv\/fr\/wp-json\/wp\/v2\/pages\/1352\/revisions"}],"predecessor-version":[{"id":1774,"href":"https:\/\/www.apartment11.tv\/fr\/wp-json\/wp\/v2\/pages\/1352\/revisions\/1774"}],"up":[{"embeddable":true,"href":"https:\/\/www.apartment11.tv\/fr\/wp-json\/wp\/v2\/pages\/721"}],"wp:attachment":[{"href":"https:\/\/www.apartment11.tv\/fr\/wp-json\/wp\/v2\/media?parent=1352"}],"curies":[{"name":"wp","href":"https:\/\/api.w.org\/{rel}","templated":true}]}}