{"id":1562,"date":"2018-01-18T12:52:19","date_gmt":"2018-01-18T17:52:19","guid":{"rendered":"http:\/\/www.apartment11.tv\/en\/?page_id=1562"},"modified":"2023-04-19T18:47:47","modified_gmt":"2023-04-19T22:47:47","slug":"ravens-quest","status":"publish","type":"page","link":"https:\/\/www.apartment11.tv\/fr\/productions-tele\/ravens-quest\/","title":{"rendered":"Raven&rsquo;s Quest"},"content":{"rendered":"<div class=\"wpb-content-wrapper\">[vc_row fullwidth=\u00a0\u00bbtrue\u00a0\u00bb][vc_column][rev_slider_vc alias=\u00a0\u00bbbanner-ravens-quest\u00a0\u00bb][\/vc_column][\/vc_row][vc_row][vc_column width=\u00a0\u00bb1\/2&Prime;][vc_video link=\u00a0\u00bbhttps:\/\/www.youtube.com\/watch?v=YBxbV1RjY2Q\u00a0\u00bb][mk_divider style=\u00a0\u00bbsingle_dotted\u00a0\u00bb border_color=\u00a0\u00bb#c5c5c5&Prime;][vc_column_text css=\u00a0\u00bb.vc_custom_1516297875754{margin-bottom: 0px !important;}\u00a0\u00bb]<a href=\"https:\/\/www.facebook.com\/ravensquesttv\/\"><img loading=\"lazy\" decoding=\"async\" class=\"alignleft wp-image-544 size-full\" src=\"http:\/\/apartment11.tv\/wp-content\/uploads\/facebook.gif\" alt=\"facebook\" width=\"25\" height=\"25\" \/><\/a><a href=\"https:\/\/www.facebook.com\/ravensquesttv\/\" target=\"_blank\" rel=\"noopener noreferrer\">Rejoignez le groupe Facebook<\/a>[\/vc_column_text][vc_column_text css=\u00a0\u00bb.vc_custom_1516297886931{margin-bottom: 0px !important;}\u00a0\u00bb]<a href=\"https:\/\/twitter.com\/RavensQuesttv\"><img loading=\"lazy\" decoding=\"async\" class=\"alignleft wp-image-546 size-full\" src=\"http:\/\/apartment11.tv\/wp-content\/uploads\/twitter.gif\" alt=\"\" width=\"25\" height=\"25\" \/><\/a><a class=\"social_sidebar_link\" href=\"https:\/\/twitter.com\/RavensQuesttv\" target=\"_blank\" rel=\"noopener noreferrer\">Suivre sur Twitter<\/a>[\/vc_column_text][vc_column_text css=\u00a0\u00bb.vc_custom_1525978477132{margin-bottom: 0px !important;}\u00a0\u00bb]<a href=\"https:\/\/www.youtube.com\/channel\/UCGPPdIn67ZCLhhHABoQpNUw\/search?query=raven%27s+quest\"><img loading=\"lazy\" decoding=\"async\" class=\"alignleft wp-image-548 size-full\" src=\"https:\/\/www.apartment11.tv\/wp-content\/uploads\/youtube.gif\" alt=\"\" width=\"25\" height=\"25\" \/><\/a><a class=\"social_sidebar_link\" href=\"https:\/\/www.youtube.com\/channel\/UCGPPdIn67ZCLhhHABoQpNUw\/search?query=raven%27s+quest\" target=\"_blank\" rel=\"noopener noreferrer\">Regarder sur YouTube<\/a>[\/vc_column_text][vc_column_text css=\u00a0\u00bb.vc_custom_1516297894916{margin-bottom: 0px !important;}\u00a0\u00bb]<a href=\"https:\/\/www.instagram.com\/ravensquest_tv\/\" target=\"_blank\" rel=\"noopener noreferrer\"><img loading=\"lazy\" decoding=\"async\" class=\"alignleft wp-image-891 size-full\" src=\"http:\/\/apartment11.tv\/wp-content\/uploads\/instagram.gif\" alt=\"\" width=\"25\" height=\"25\" srcset=\"https:\/\/www.apartment11.tv\/wp-content\/uploads\/instagram.gif 25w, https:\/\/www.apartment11.tv\/wp-content\/uploads\/instagram-1024x1024.gif 1024w\" sizes=\"auto, (max-width: 25px) 100vw, 25px\" \/><\/a><a class=\"social_sidebar_link\" href=\"https:\/\/www.instagram.com\/ravensquest_tv\/\" target=\"_blank\" rel=\"noopener noreferrer\">Suivre sur Twitter<\/a>[\/vc_column_text][mk_divider style=\u00a0\u00bbsingle_dotted\u00a0\u00bb border_color=\u00a0\u00bb#c5c5c5&Prime; margin_top=\u00a0\u00bb0&Prime;][vc_gallery type=\u00a0\u00bbimage_grid\u00a0\u00bb images=\u00a0\u00bb2882,2870,2805,2807,2803,2801,1941,1940,1942,1568,1569,1571,1572,1573&Prime; img_size=\u00a0\u00bb140&#215;140&Prime; el_class=\u00a0\u00bbimage-gallery\u00a0\u00bb][\/vc_column][vc_column width=\u00a0\u00bb1\/2&Prime;][vc_column_text css=\u00a0\u00bb.vc_custom_1681944463137{margin-bottom: 0px !important;}\u00a0\u00bb]\n<h2>\u00c0 propos de la s\u00e9rie<\/h2>\n<p><strong>S\u00e9rie documentaire pour enfants<br \/>\n<\/strong><strong>De 6 \u00e0 9 ans<br \/>\n<\/strong><strong>3 saisons \u2013 57 \u00e9pisodes de 7 minutes<\/strong><\/p>\n<p>Raven&rsquo;s Quest pr\u00e9sente des histoires racont\u00e9es par des enfants autochtones vivants aux quatre coins du pays. Destin\u00e9e aux enfants en \u00e2ge d\u2019aller \u00e0 l\u2019\u00e9cole, cette s\u00e9rie de 20 x 7 minutes propose une destination diff\u00e9rente dans chaque \u00e9pisode, allant du paysage luxuriant de la Colombie-Britannique pour rendre visite \u00e0 Haida Gwaii, une jeune-fille qui nous enseigne l\u2019art de fa\u00e7onner un panier en \u00e9corce de c\u00e8dre ; en passant par la ville d&rsquo;Ottawa, o\u00f9 une jeune inuit r\u00e9v\u00e8le l&rsquo;importance du chant guttural ; jusqu\u2019en Nouvelle-\u00c9cosse, o\u00f9 un jeune Mi&rsquo;qmak partage sa passion pour la danse traditionnelle.<\/p>\n<p>Les enfants peuvent en apprendre davantage sur les cultures autochtones gr\u00e2ce au jeu en ligne The Raven. Les joueurs doivent accomplir des qu\u00eates, afin d\u2019aider leurs amis les animaux \u00e0 r\u00e9cup\u00e9rer les objets disparus que Raven a dissimul\u00e9s au sein de leurs communaut\u00e9s respectives.<\/p>\n<h2>O\u00f9 visionner la s\u00e9rie<\/h2>\n<p>TVOKids : <a href=\"https:\/\/tvokids.com\/school-age\/videos\/ravens-quest\">https:\/\/tvokids.com\/school-age\/videos\/ravens-quest<\/a><br \/>\nYouTube: <a href=\"https:\/\/tinyurl.com\/RavensQuest3TVOkidsYouTube\" target=\"_blank\" rel=\"noopener\">https:\/\/tinyurl.com\/RavensQuest3TVOkidsYouTube<\/a><\/p>\n<h2>Interactif<\/h2>\n<p>Jouez :\u00a0<a href=\"https:\/\/tvokids.com\/school-age\/games\/ravens-quest\" target=\"_blank\" rel=\"noreferrer noopener\">https:\/\/tvokids.com\/school-age\/games\/ravens-quest<\/a><br \/>\nCapsules visuel (Animaux): <a href=\"https:\/\/youtu.be\/aAUeuMvYozE\">https:\/\/youtu.be\/aAUeuMvYozE<\/a><br \/>\nCapsules visuel (Musique): <a href=\"https:\/\/youtu.be\/vGhRvm06xyY\">https:\/\/youtu.be\/vGhRvm06xyY<\/a><br \/>\nCapsules visuel (Nature): <a href=\"https:\/\/youtu.be\/YohQiuLJM6Q\">https:\/\/youtu.be\/YohQiuLJM6Q<\/a><br \/>\nCapsules visuel (Revitalisation): <a href=\"https:\/\/youtu.be\/Z6STh5CYW6c\">https:\/\/youtu.be\/Z6STh5CYW6c<\/a><br \/>\nCapsules visuel (Jour du chandail orange): <a href=\"https:\/\/youtu.be\/QpDSzjmMwzM\">https:\/\/youtu.be\/QpDSzjmMwzM<\/a><\/p>\n<h2>Prix<\/h2>\n<p><strong>YOUTH MEDIA ALLIANCE AWARDS OF EXCELLENCE \u2013 2023<br \/>\n<\/strong>Nomination \u2013 Meilleur programme, action en direct non sc\u00e9naris\u00e9e 6-9 ans<\/p>\n<p><strong>CANADIAN SCREEN AWARDS \u2013 2023<br \/>\n<\/strong>Nomination \u2013 Meilleure \u00e9mission ou s\u00e9rie non fictionnelle pour enfants ou jeunes<\/p>\n<p><strong>PRIX JAPAN \u2013 2020<\/strong><br \/>\nNomination \u2013 \u00c9ducation petite enfance<\/p>\n<p><strong>PRIX NUMIX \u2013 2020 <\/strong><br \/>\nNomination &#8211; Jeunesse et Famille \u2013 Jeu<\/p>\n<p><strong>PRIX JAPAN \u2013 2019 <\/strong><br \/>\nNomination \u2013 \u00c9ducation petite enfance<\/p>\n<p><strong>PRIX D\u2019EXCELLENCE ALLIANCE M\u00c9DIAS JEUNESSE \u2013 2019<\/strong><br \/>\nGagnant\u00a0\u2013 Meilleure \u00e9mission de t\u00e9l\u00e9vision 6-9 ans<\/p>\n<p><strong>PRIX D\u2019EXCELLENCE ALLIANCE M\u00c9DIAS JEUNESSE \u2013 2019<\/strong><br \/>\nNomination \u2013 Meilleur site web convergent<\/p>\n<h2>Acquisitions<\/h2>\n<p>Acquisitions Contact: Mindy Laxer (<a href=\"mailto:mindy@apartment11.tv\">mindy@apartment11.tv<\/a>)<\/p>\n<h2>Partenaires<\/h2>\n<p><img loading=\"lazy\" decoding=\"async\" class=\"alignleft wp-image-1446\" src=\"https:\/\/www.apartment11.tv\/wp-content\/uploads\/Logo-Final.png\" alt=\"\" width=\"92\" height=\"75\" \/><img loading=\"lazy\" decoding=\"async\" class=\"alignleft wp-image-2584\" src=\"https:\/\/www.apartment11.tv\/wp-content\/uploads\/canada-media-fund.jpg\" alt=\"\" width=\"115\" height=\"38\" \/><img loading=\"lazy\" decoding=\"async\" class=\"alignleft wp-image-979 size-full\" src=\"https:\/\/www.apartment11.tv\/wp-content\/uploads\/shaw_rocket_fund-FR-small.gif\" alt=\"\" width=\"105\" height=\"75\" \/><img loading=\"lazy\" decoding=\"async\" class=\"alignleft wp-image-76 size-full\" src=\"https:\/\/www.apartment11.tv\/wp-content\/uploads\/logos\/tvo_kids.gif\" alt=\"\" width=\"75\" height=\"75\" \/><img loading=\"lazy\" decoding=\"async\" class=\"alignleft wp-image-978 size-full\" src=\"https:\/\/www.apartment11.tv\/wp-content\/uploads\/Bell-Fr-small.jpg\" alt=\"\" width=\"85\" height=\"78\" \/>[\/vc_column_text][mk_padding_divider size=\u00a0\u00bb50&Prime;][\/vc_column][\/vc_row]\n<\/div>","protected":false},"excerpt":{"rendered":"<p>[vc_row fullwidth=\u00a0\u00bbtrue\u00a0\u00bb][vc_column][rev_slider_vc alias=\u00a0\u00bbbanner-ravens-quest\u00a0\u00bb][\/vc_column][\/vc_row][vc_row][vc_column width=\u00a0\u00bb1\/2&Prime;][vc_video link=\u00a0\u00bbhttps:\/\/www.youtube.com\/watch?v=YBxbV1RjY2Q\u00a0\u00bb][mk_divider style=\u00a0\u00bbsingle_dotted\u00a0\u00bb border_color=\u00a0\u00bb#c5c5c5&Prime;][vc_column_text css=\u00a0\u00bb.vc_custom_1516297875754{margin-bottom: 0px !important;}\u00a0\u00bb]Rejoignez le groupe Facebook[\/vc_column_text][vc_column_text css=\u00a0\u00bb.vc_custom_1516297886931{margin-bottom: 0px !important;}\u00a0\u00bb]Suivre sur Twitter[\/vc_column_text][vc_column_text css=\u00a0\u00bb.vc_custom_1525978477132{margin-bottom: 0px !important;}\u00a0\u00bb]Regarder sur YouTube[\/vc_column_text][vc_column_text css=\u00a0\u00bb.vc_custom_1516297894916{margin-bottom: 0px !important;}\u00a0\u00bb]Suivre sur Twitter[\/vc_column_text][mk_divider style=\u00a0\u00bbsingle_dotted\u00a0\u00bb border_color=\u00a0\u00bb#c5c5c5&Prime; margin_top=\u00a0\u00bb0&Prime;][vc_gallery type=\u00a0\u00bbimage_grid\u00a0\u00bb images=\u00a0\u00bb2882,2870,2805,2807,2803,2801,1941,1940,1942,1568,1569,1571,1572,1573&Prime; img_size=\u00a0\u00bb140&#215;140&Prime; el_class=\u00a0\u00bbimage-gallery\u00a0\u00bb][\/vc_column][vc_column width=\u00a0\u00bb1\/2&Prime;][vc_column_text css=\u00a0\u00bb.vc_custom_1681944463137{margin-bottom: 0px !important;}\u00a0\u00bb] \u00c0 propos de la s\u00e9rie S\u00e9rie documentaire pour enfants De 6 \u00e0 9 ans 3 saisons [&hellip;]<\/p>\n","protected":false},"author":1,"featured_media":0,"parent":721,"menu_order":0,"comment_status":"closed","ping_status":"closed","template":"","meta":{"footnotes":""},"class_list":["post-1562","page","type-page","status-publish","hentry"],"yoast_head":"<!-- This site is optimized with the Yoast SEO plugin v27.2 - https:\/\/yoast.com\/product\/yoast-seo-wordpress\/ -->\n<title>Raven&#039;s Quest<\/title>\n<meta name=\"description\" content=\"Raven\u2019s Quest features first-person stories told by Indigenous children from across the country. Geared towards school-aged kids.\" \/>\n<meta name=\"robots\" content=\"index, follow, max-snippet:-1, max-image-preview:large, max-video-preview:-1\" \/>\n<link rel=\"canonical\" href=\"https:\/\/www.apartment11.tv\/fr\/productions-tele\/ravens-quest\/\" \/>\n<meta property=\"og:locale\" content=\"fr_FR\" \/>\n<meta property=\"og:type\" content=\"article\" \/>\n<meta property=\"og:title\" content=\"Raven&#039;s Quest\" \/>\n<meta property=\"og:description\" content=\"Raven\u2019s Quest features first-person stories told by Indigenous children from across the country. Geared towards school-aged kids.\" \/>\n<meta property=\"og:url\" content=\"https:\/\/www.apartment11.tv\/fr\/productions-tele\/ravens-quest\/\" \/>\n<meta property=\"og:site_name\" content=\"Apartment 11 Productions\" \/>\n<meta property=\"article:publisher\" content=\"https:\/\/www.facebook.com\/Apartment11Productions\" \/>\n<meta property=\"article:modified_time\" content=\"2023-04-19T22:47:47+00:00\" \/>\n<meta property=\"og:image\" content=\"http:\/\/apartment11.tv\/wp-content\/uploads\/facebook.gif\" \/>\n<meta name=\"twitter:card\" content=\"summary_large_image\" \/>\n<meta name=\"twitter:site\" content=\"@Apartment11Prod\" \/>\n<meta name=\"twitter:label1\" content=\"Dur\u00e9e de lecture estim\u00e9e\" \/>\n\t<meta name=\"twitter:data1\" content=\"4 minutes\" \/>\n<script type=\"application\/ld+json\" class=\"yoast-schema-graph\">{\"@context\":\"https:\/\/schema.org\",\"@graph\":[{\"@type\":\"WebPage\",\"@id\":\"https:\/\/www.apartment11.tv\/fr\/productions-tele\/ravens-quest\/\",\"url\":\"https:\/\/www.apartment11.tv\/fr\/productions-tele\/ravens-quest\/\",\"name\":\"Raven's Quest\",\"isPartOf\":{\"@id\":\"https:\/\/www.apartment11.tv\/#website\"},\"primaryImageOfPage\":{\"@id\":\"https:\/\/www.apartment11.tv\/fr\/productions-tele\/ravens-quest\/#primaryimage\"},\"image\":{\"@id\":\"https:\/\/www.apartment11.tv\/fr\/productions-tele\/ravens-quest\/#primaryimage\"},\"thumbnailUrl\":\"http:\/\/apartment11.tv\/wp-content\/uploads\/facebook.gif\",\"datePublished\":\"2018-01-18T17:52:19+00:00\",\"dateModified\":\"2023-04-19T22:47:47+00:00\",\"description\":\"Raven\u2019s Quest features first-person stories told by Indigenous children from across the country. Geared towards school-aged kids.\",\"breadcrumb\":{\"@id\":\"https:\/\/www.apartment11.tv\/fr\/productions-tele\/ravens-quest\/#breadcrumb\"},\"inLanguage\":\"fr-FR\",\"potentialAction\":[{\"@type\":\"ReadAction\",\"target\":[\"https:\/\/www.apartment11.tv\/fr\/productions-tele\/ravens-quest\/\"]}]},{\"@type\":\"ImageObject\",\"inLanguage\":\"fr-FR\",\"@id\":\"https:\/\/www.apartment11.tv\/fr\/productions-tele\/ravens-quest\/#primaryimage\",\"url\":\"http:\/\/apartment11.tv\/wp-content\/uploads\/facebook.gif\",\"contentUrl\":\"http:\/\/apartment11.tv\/wp-content\/uploads\/facebook.gif\"},{\"@type\":\"BreadcrumbList\",\"@id\":\"https:\/\/www.apartment11.tv\/fr\/productions-tele\/ravens-quest\/#breadcrumb\",\"itemListElement\":[{\"@type\":\"ListItem\",\"position\":1,\"name\":\"Home\",\"item\":\"https:\/\/www.apartment11.tv\/fr\/\"},{\"@type\":\"ListItem\",\"position\":2,\"name\":\"Productions t\u00e9l\u00e9\",\"item\":\"https:\/\/www.apartment11.tv\/fr\/productions-tele\/\"},{\"@type\":\"ListItem\",\"position\":3,\"name\":\"Raven&rsquo;s Quest\"}]},{\"@type\":\"WebSite\",\"@id\":\"https:\/\/www.apartment11.tv\/#website\",\"url\":\"https:\/\/www.apartment11.tv\/\",\"name\":\"Apartment 11 Productions\",\"description\":\"Award-Winning Television Productions and Cross-Platform Projects for both Adult and Younger Audiences\",\"potentialAction\":[{\"@type\":\"SearchAction\",\"target\":{\"@type\":\"EntryPoint\",\"urlTemplate\":\"https:\/\/www.apartment11.tv\/?s={search_term_string}\"},\"query-input\":{\"@type\":\"PropertyValueSpecification\",\"valueRequired\":true,\"valueName\":\"search_term_string\"}}],\"inLanguage\":\"fr-FR\"}]}<\/script>\n<!-- \/ Yoast SEO plugin. -->","yoast_head_json":{"title":"Raven's Quest","description":"Raven\u2019s Quest features first-person stories told by Indigenous children from across the country. Geared towards school-aged kids.","robots":{"index":"index","follow":"follow","max-snippet":"max-snippet:-1","max-image-preview":"max-image-preview:large","max-video-preview":"max-video-preview:-1"},"canonical":"https:\/\/www.apartment11.tv\/fr\/productions-tele\/ravens-quest\/","og_locale":"fr_FR","og_type":"article","og_title":"Raven's Quest","og_description":"Raven\u2019s Quest features first-person stories told by Indigenous children from across the country. Geared towards school-aged kids.","og_url":"https:\/\/www.apartment11.tv\/fr\/productions-tele\/ravens-quest\/","og_site_name":"Apartment 11 Productions","article_publisher":"https:\/\/www.facebook.com\/Apartment11Productions","article_modified_time":"2023-04-19T22:47:47+00:00","og_image":[{"url":"http:\/\/apartment11.tv\/wp-content\/uploads\/facebook.gif","type":"","width":"","height":""}],"twitter_card":"summary_large_image","twitter_site":"@Apartment11Prod","twitter_misc":{"Dur\u00e9e de lecture estim\u00e9e":"4 minutes"},"schema":{"@context":"https:\/\/schema.org","@graph":[{"@type":"WebPage","@id":"https:\/\/www.apartment11.tv\/fr\/productions-tele\/ravens-quest\/","url":"https:\/\/www.apartment11.tv\/fr\/productions-tele\/ravens-quest\/","name":"Raven's Quest","isPartOf":{"@id":"https:\/\/www.apartment11.tv\/#website"},"primaryImageOfPage":{"@id":"https:\/\/www.apartment11.tv\/fr\/productions-tele\/ravens-quest\/#primaryimage"},"image":{"@id":"https:\/\/www.apartment11.tv\/fr\/productions-tele\/ravens-quest\/#primaryimage"},"thumbnailUrl":"http:\/\/apartment11.tv\/wp-content\/uploads\/facebook.gif","datePublished":"2018-01-18T17:52:19+00:00","dateModified":"2023-04-19T22:47:47+00:00","description":"Raven\u2019s Quest features first-person stories told by Indigenous children from across the country. Geared towards school-aged kids.","breadcrumb":{"@id":"https:\/\/www.apartment11.tv\/fr\/productions-tele\/ravens-quest\/#breadcrumb"},"inLanguage":"fr-FR","potentialAction":[{"@type":"ReadAction","target":["https:\/\/www.apartment11.tv\/fr\/productions-tele\/ravens-quest\/"]}]},{"@type":"ImageObject","inLanguage":"fr-FR","@id":"https:\/\/www.apartment11.tv\/fr\/productions-tele\/ravens-quest\/#primaryimage","url":"http:\/\/apartment11.tv\/wp-content\/uploads\/facebook.gif","contentUrl":"http:\/\/apartment11.tv\/wp-content\/uploads\/facebook.gif"},{"@type":"BreadcrumbList","@id":"https:\/\/www.apartment11.tv\/fr\/productions-tele\/ravens-quest\/#breadcrumb","itemListElement":[{"@type":"ListItem","position":1,"name":"Home","item":"https:\/\/www.apartment11.tv\/fr\/"},{"@type":"ListItem","position":2,"name":"Productions t\u00e9l\u00e9","item":"https:\/\/www.apartment11.tv\/fr\/productions-tele\/"},{"@type":"ListItem","position":3,"name":"Raven&rsquo;s Quest"}]},{"@type":"WebSite","@id":"https:\/\/www.apartment11.tv\/#website","url":"https:\/\/www.apartment11.tv\/","name":"Apartment 11 Productions","description":"Award-Winning Television Productions and Cross-Platform Projects for both Adult and Younger Audiences","potentialAction":[{"@type":"SearchAction","target":{"@type":"EntryPoint","urlTemplate":"https:\/\/www.apartment11.tv\/?s={search_term_string}"},"query-input":{"@type":"PropertyValueSpecification","valueRequired":true,"valueName":"search_term_string"}}],"inLanguage":"fr-FR"}]}},"_links":{"self":[{"href":"https:\/\/www.apartment11.tv\/fr\/wp-json\/wp\/v2\/pages\/1562","targetHints":{"allow":["GET"]}}],"collection":[{"href":"https:\/\/www.apartment11.tv\/fr\/wp-json\/wp\/v2\/pages"}],"about":[{"href":"https:\/\/www.apartment11.tv\/fr\/wp-json\/wp\/v2\/types\/page"}],"author":[{"embeddable":true,"href":"https:\/\/www.apartment11.tv\/fr\/wp-json\/wp\/v2\/users\/1"}],"replies":[{"embeddable":true,"href":"https:\/\/www.apartment11.tv\/fr\/wp-json\/wp\/v2\/comments?post=1562"}],"version-history":[{"count":25,"href":"https:\/\/www.apartment11.tv\/fr\/wp-json\/wp\/v2\/pages\/1562\/revisions"}],"predecessor-version":[{"id":3060,"href":"https:\/\/www.apartment11.tv\/fr\/wp-json\/wp\/v2\/pages\/1562\/revisions\/3060"}],"up":[{"embeddable":true,"href":"https:\/\/www.apartment11.tv\/fr\/wp-json\/wp\/v2\/pages\/721"}],"wp:attachment":[{"href":"https:\/\/www.apartment11.tv\/fr\/wp-json\/wp\/v2\/media?parent=1562"}],"curies":[{"name":"wp","href":"https:\/\/api.w.org\/{rel}","templated":true}]}}