{"id":3079,"date":"2023-04-19T19:10:55","date_gmt":"2023-04-19T23:10:55","guid":{"rendered":"https:\/\/www.apartment11.tv\/?page_id=3079"},"modified":"2023-04-20T10:05:19","modified_gmt":"2023-04-20T14:05:19","slug":"interstellaire-ella","status":"publish","type":"page","link":"https:\/\/www.apartment11.tv\/fr\/interactif\/interstellaire-ella\/","title":{"rendered":"Interstellaire Ella"},"content":{"rendered":"<div class=\"wpb-content-wrapper\">[vc_row fullwidth=\u00a0\u00bbtrue\u00a0\u00bb][vc_column][rev_slider_vc alias=\u00a0\u00bbinterstellar-ella-en-1&Prime;][\/vc_column][\/vc_row][vc_row][vc_column width=\u00a0\u00bb1\/2&Prime;][vc_video link=\u00a0\u00bbhttps:\/\/youtu.be\/_6ySFc0Dkxw \u00ab\u00a0][mk_divider style=\u00a0\u00bbsingle_dotted\u00a0\u00bb border_color=\u00a0\u00bb#c5c5c5&Prime; margin_top=\u00a0\u00bb0&Prime;][vc_gallery type=\u00a0\u00bbimage_grid\u00a0\u00bb images=\u00a0\u00bb3064,3074,3072,3070,3068,3066&Prime; img_size=\u00a0\u00bb140&#215;140&Prime; el_class=\u00a0\u00bbimage-gallery\u00a0\u00bb][\/vc_column][vc_column width=\u00a0\u00bb1\/2&Prime;][vc_column_text css=\u00a0\u00bb.vc_custom_1681945803173{margin-bottom: 0px !important;}\u00a0\u00bb]\n<h2>\u00c0 propos du jeu<\/h2>\n<p><strong>Cachette en Orbite :<\/strong><br \/>\nElla joue \u00e0 cache-cache avec Madhu! Saute de plan\u00e8te en plan\u00e8te \u00e0 l&rsquo;aide du scooter d&rsquo;Ella tout en voyageant \u00e0 travers le syst\u00e8me solaire pour trouver ton ami et d\u00e9couvrir des choses incroyables sur l&rsquo;espace!<\/p>\n<p><strong>Constellations\u00a0:<\/strong><br \/>\nRejoins Ella au quartier g\u00e9n\u00e9ral et regarde \u00e0 travers son t\u00e9lescope qu&rsquo;elle s&rsquo;est bricol\u00e9 \u00e0 la recherche de constellations incroyables! Qui sait ce que (ou qui) tu trouveras en connectant les \u00e9toiles!<\/p>\n<p><strong>Livraison Sp\u00e9ciale\u00a0:<br \/>\n<\/strong>Slippy fait des livraisons sp\u00e9ciales interstellaires \u00e0 ses amis. Choisis ton scooter et ramasse tous les objets avant de manquer de carburant!<\/p>\n<p><strong>Atelier des Scooters\u00a0:<\/strong><br \/>\nL\u2019atelier des scooters de Slippy a de nombreuses pi\u00e8ces pour construire des scooters. Construis ton scooter et zoom dans l&rsquo;espace pour voir comment il performe! Ramasse des mat\u00e9riaux pour fabriquer de nouvelles pi\u00e8ces!<\/p>\n<h2>Liens<\/h2>\n<p><a href=\"https:\/\/www.tvokids.com\/school-age\/games\/hide-n-orbit\">Jouez Cachette en Orbite sur TVOKids<\/a>\u00a0(en anglais)<br \/>\n<a href=\"https:\/\/ici.radio-canada.ca\/jeunesse\/scolaire\/jeux\/280\/cachette-en-orbite\/jeu\">Jouez Cachette en Orbite sur SRC<\/a><br \/>\n<a href=\"https:\/\/www.tvokids.com\/school-age\/games\/constellations\">Jouez Constellations sur TVOKids<\/a> (en anglais)<br \/>\n<a href=\"https:\/\/ici.radio-canada.ca\/jeunesse\/scolaire\/jeux\/278\/constellations\/jeu\">Jouez Constellations sur SRC<\/a><br \/>\n<a href=\"https:\/\/www.tvokids.com\/preschool\/games\/special-delivery\">Jouez Livraison Sp\u00e9ciale sur TVOKids<\/a>\u00a0(en anglais)<br \/>\n<a href=\"https:\/\/ici.radio-canada.ca\/jeunesse\/scolaire\/jeux\/279\/livraison-speciale\/jeu\">Jouez Livraison Sp\u00e9ciale sur SRC<\/a><br \/>\n<a href=\"https:\/\/www.tvokids.com\/school-age\/games\/racer-workshop\">Jouez Atelier des Scooters sur TVOKids<\/a> (en anglais)<br \/>\n<a href=\"https:\/\/ici.radio-canada.ca\/jeunesse\/scolaire\/jeux\/281\/atelier-des-scooters\/jeu\">Jouez Atelier des Scooters sur SRC<\/a><\/p>\n<h2>Partenaires<\/h2>\n<p><img loading=\"lazy\" decoding=\"async\" class=\"alignleft size-full wp-image-2954\" src=\"https:\/\/www.apartment11.tv\/wp-content\/uploads\/apartment-11-partner-logo.jpg\" alt=\"\" width=\"105\" height=\"75\" \/><img loading=\"lazy\" decoding=\"async\" class=\"alignleft size-full wp-image-2966\" src=\"https:\/\/www.apartment11.tv\/wp-content\/uploads\/fabrique-fantastique.jpg\" alt=\"\" width=\"75\" height=\"75\" srcset=\"https:\/\/www.apartment11.tv\/wp-content\/uploads\/fabrique-fantastique.jpg 75w, https:\/\/www.apartment11.tv\/wp-content\/uploads\/fabrique-fantastique-60x60.jpg 60w\" sizes=\"auto, (max-width: 75px) 100vw, 75px\" \/><img loading=\"lazy\" decoding=\"async\" class=\"alignleft size-full wp-image-2978\" src=\"https:\/\/www.apartment11.tv\/wp-content\/uploads\/tfo-mauve.jpg\" alt=\"\" width=\"150\" height=\"75\" \/><img loading=\"lazy\" decoding=\"async\" class=\"alignleft size-full wp-image-2980\" src=\"https:\/\/www.apartment11.tv\/wp-content\/uploads\/tvo-kids.jpg\" alt=\"\" width=\"150\" height=\"75\" \/><img loading=\"lazy\" decoding=\"async\" class=\"alignleft size-full wp-image-2976\" src=\"https:\/\/www.apartment11.tv\/wp-content\/uploads\/societe-radiocanada.jpg\" alt=\"\" width=\"150\" height=\"75\" \/><img loading=\"lazy\" decoding=\"async\" class=\"alignleft size-full wp-image-2960\" src=\"https:\/\/www.apartment11.tv\/wp-content\/uploads\/cmf-en.jpg\" alt=\"\" width=\"116\" height=\"75\" \/><img loading=\"lazy\" decoding=\"async\" class=\"alignleft size-full wp-image-2972\" src=\"https:\/\/www.apartment11.tv\/wp-content\/uploads\/shaw-rocket-fund-en.jpg\" alt=\"\" width=\"150\" height=\"75\" \/><img loading=\"lazy\" decoding=\"async\" class=\"alignleft wp-image-941 size-full\" src=\"https:\/\/www.apartment11.tv\/wp-content\/uploads\/logo-relish.jpg\" alt=\"\" width=\"75\" height=\"75\" \/>[\/vc_column_text][\/vc_column][\/vc_row]\n<\/div>","protected":false},"excerpt":{"rendered":"<p>[vc_row fullwidth=\u00a0\u00bbtrue\u00a0\u00bb][vc_column][rev_slider_vc alias=\u00a0\u00bbinterstellar-ella-en-1&Prime;][\/vc_column][\/vc_row][vc_row][vc_column width=\u00a0\u00bb1\/2&Prime;][vc_video link=\u00a0\u00bbhttps:\/\/youtu.be\/_6ySFc0Dkxw \u00ab\u00a0][mk_divider style=\u00a0\u00bbsingle_dotted\u00a0\u00bb border_color=\u00a0\u00bb#c5c5c5&Prime; margin_top=\u00a0\u00bb0&Prime;][vc_gallery type=\u00a0\u00bbimage_grid\u00a0\u00bb images=\u00a0\u00bb3064,3074,3072,3070,3068,3066&Prime; img_size=\u00a0\u00bb140&#215;140&Prime; el_class=\u00a0\u00bbimage-gallery\u00a0\u00bb][\/vc_column][vc_column width=\u00a0\u00bb1\/2&Prime;][vc_column_text css=\u00a0\u00bb.vc_custom_1681945803173{margin-bottom: 0px !important;}\u00a0\u00bb] \u00c0 propos du jeu Cachette en Orbite : Ella joue \u00e0 cache-cache avec Madhu! Saute de plan\u00e8te en plan\u00e8te \u00e0 l&rsquo;aide du scooter d&rsquo;Ella tout en voyageant \u00e0 travers le syst\u00e8me solaire pour trouver ton ami et d\u00e9couvrir [&hellip;]<\/p>\n","protected":false},"author":1,"featured_media":0,"parent":719,"menu_order":0,"comment_status":"closed","ping_status":"closed","template":"","meta":{"footnotes":""},"class_list":["post-3079","page","type-page","status-publish","hentry"],"yoast_head":"<!-- This site is optimized with the Yoast SEO plugin v27.2 - https:\/\/yoast.com\/product\/yoast-seo-wordpress\/ -->\n<title>Interstellaire Ella - Apartment 11 Productions<\/title>\n<meta name=\"robots\" content=\"index, follow, max-snippet:-1, max-image-preview:large, max-video-preview:-1\" \/>\n<link rel=\"canonical\" href=\"https:\/\/www.apartment11.tv\/fr\/interactif\/interstellaire-ella\/\" \/>\n<meta property=\"og:locale\" content=\"fr_FR\" \/>\n<meta property=\"og:type\" content=\"article\" \/>\n<meta property=\"og:title\" content=\"Interstellaire Ella - Apartment 11 Productions\" \/>\n<meta property=\"og:description\" content=\"[vc_row fullwidth=\u00a0\u00bbtrue\u00a0\u00bb][vc_column][rev_slider_vc alias=\u00a0\u00bbinterstellar-ella-en-1&Prime;][\/vc_column][\/vc_row][vc_row][vc_column width=\u00a0\u00bb1\/2&Prime;][vc_video link=\u00a0\u00bbhttps:\/\/youtu.be\/_6ySFc0Dkxw \u00ab\u00a0][mk_divider style=\u00a0\u00bbsingle_dotted\u00a0\u00bb border_color=\u00a0\u00bb#c5c5c5&Prime; margin_top=\u00a0\u00bb0&Prime;][vc_gallery type=\u00a0\u00bbimage_grid\u00a0\u00bb images=\u00a0\u00bb3064,3074,3072,3070,3068,3066&Prime; img_size=\u00a0\u00bb140&#215;140&Prime; el_class=\u00a0\u00bbimage-gallery\u00a0\u00bb][\/vc_column][vc_column width=\u00a0\u00bb1\/2&Prime;][vc_column_text css=\u00a0\u00bb.vc_custom_1681945803173{margin-bottom: 0px !important;}\u00a0\u00bb] \u00c0 propos du jeu Cachette en Orbite : Ella joue \u00e0 cache-cache avec Madhu! Saute de plan\u00e8te en plan\u00e8te \u00e0 l&rsquo;aide du scooter d&rsquo;Ella tout en voyageant \u00e0 travers le syst\u00e8me solaire pour trouver ton ami et d\u00e9couvrir [&hellip;]\" \/>\n<meta property=\"og:url\" content=\"https:\/\/www.apartment11.tv\/fr\/interactif\/interstellaire-ella\/\" \/>\n<meta property=\"og:site_name\" content=\"Apartment 11 Productions\" \/>\n<meta property=\"article:publisher\" content=\"https:\/\/www.facebook.com\/Apartment11Productions\" \/>\n<meta property=\"article:modified_time\" content=\"2023-04-20T14:05:19+00:00\" \/>\n<meta property=\"og:image\" content=\"https:\/\/www.apartment11.tv\/wp-content\/uploads\/apartment-11-partner-logo.jpg\" \/>\n<meta name=\"twitter:card\" content=\"summary_large_image\" \/>\n<meta name=\"twitter:site\" content=\"@Apartment11Prod\" \/>\n<meta name=\"twitter:label1\" content=\"Dur\u00e9e de lecture estim\u00e9e\" \/>\n\t<meta name=\"twitter:data1\" content=\"3 minutes\" \/>\n<script type=\"application\/ld+json\" class=\"yoast-schema-graph\">{\"@context\":\"https:\/\/schema.org\",\"@graph\":[{\"@type\":\"WebPage\",\"@id\":\"https:\/\/www.apartment11.tv\/fr\/interactif\/interstellaire-ella\/\",\"url\":\"https:\/\/www.apartment11.tv\/fr\/interactif\/interstellaire-ella\/\",\"name\":\"Interstellaire Ella - Apartment 11 Productions\",\"isPartOf\":{\"@id\":\"https:\/\/www.apartment11.tv\/#website\"},\"primaryImageOfPage\":{\"@id\":\"https:\/\/www.apartment11.tv\/fr\/interactif\/interstellaire-ella\/#primaryimage\"},\"image\":{\"@id\":\"https:\/\/www.apartment11.tv\/fr\/interactif\/interstellaire-ella\/#primaryimage\"},\"thumbnailUrl\":\"https:\/\/www.apartment11.tv\/wp-content\/uploads\/apartment-11-partner-logo.jpg\",\"datePublished\":\"2023-04-19T23:10:55+00:00\",\"dateModified\":\"2023-04-20T14:05:19+00:00\",\"breadcrumb\":{\"@id\":\"https:\/\/www.apartment11.tv\/fr\/interactif\/interstellaire-ella\/#breadcrumb\"},\"inLanguage\":\"fr-FR\",\"potentialAction\":[{\"@type\":\"ReadAction\",\"target\":[\"https:\/\/www.apartment11.tv\/fr\/interactif\/interstellaire-ella\/\"]}]},{\"@type\":\"ImageObject\",\"inLanguage\":\"fr-FR\",\"@id\":\"https:\/\/www.apartment11.tv\/fr\/interactif\/interstellaire-ella\/#primaryimage\",\"url\":\"https:\/\/www.apartment11.tv\/wp-content\/uploads\/apartment-11-partner-logo.jpg\",\"contentUrl\":\"https:\/\/www.apartment11.tv\/wp-content\/uploads\/apartment-11-partner-logo.jpg\"},{\"@type\":\"BreadcrumbList\",\"@id\":\"https:\/\/www.apartment11.tv\/fr\/interactif\/interstellaire-ella\/#breadcrumb\",\"itemListElement\":[{\"@type\":\"ListItem\",\"position\":1,\"name\":\"Home\",\"item\":\"https:\/\/www.apartment11.tv\/fr\/\"},{\"@type\":\"ListItem\",\"position\":2,\"name\":\"Interactif\",\"item\":\"https:\/\/www.apartment11.tv\/fr\/interactif\/\"},{\"@type\":\"ListItem\",\"position\":3,\"name\":\"Interstellaire Ella\"}]},{\"@type\":\"WebSite\",\"@id\":\"https:\/\/www.apartment11.tv\/#website\",\"url\":\"https:\/\/www.apartment11.tv\/\",\"name\":\"Apartment 11 Productions\",\"description\":\"Award-Winning Television Productions and Cross-Platform Projects for both Adult and Younger Audiences\",\"potentialAction\":[{\"@type\":\"SearchAction\",\"target\":{\"@type\":\"EntryPoint\",\"urlTemplate\":\"https:\/\/www.apartment11.tv\/?s={search_term_string}\"},\"query-input\":{\"@type\":\"PropertyValueSpecification\",\"valueRequired\":true,\"valueName\":\"search_term_string\"}}],\"inLanguage\":\"fr-FR\"}]}<\/script>\n<!-- \/ Yoast SEO plugin. -->","yoast_head_json":{"title":"Interstellaire Ella - Apartment 11 Productions","robots":{"index":"index","follow":"follow","max-snippet":"max-snippet:-1","max-image-preview":"max-image-preview:large","max-video-preview":"max-video-preview:-1"},"canonical":"https:\/\/www.apartment11.tv\/fr\/interactif\/interstellaire-ella\/","og_locale":"fr_FR","og_type":"article","og_title":"Interstellaire Ella - Apartment 11 Productions","og_description":"[vc_row fullwidth=\u00a0\u00bbtrue\u00a0\u00bb][vc_column][rev_slider_vc alias=\u00a0\u00bbinterstellar-ella-en-1&Prime;][\/vc_column][\/vc_row][vc_row][vc_column width=\u00a0\u00bb1\/2&Prime;][vc_video link=\u00a0\u00bbhttps:\/\/youtu.be\/_6ySFc0Dkxw \u00ab\u00a0][mk_divider style=\u00a0\u00bbsingle_dotted\u00a0\u00bb border_color=\u00a0\u00bb#c5c5c5&Prime; margin_top=\u00a0\u00bb0&Prime;][vc_gallery type=\u00a0\u00bbimage_grid\u00a0\u00bb images=\u00a0\u00bb3064,3074,3072,3070,3068,3066&Prime; img_size=\u00a0\u00bb140&#215;140&Prime; el_class=\u00a0\u00bbimage-gallery\u00a0\u00bb][\/vc_column][vc_column width=\u00a0\u00bb1\/2&Prime;][vc_column_text css=\u00a0\u00bb.vc_custom_1681945803173{margin-bottom: 0px !important;}\u00a0\u00bb] \u00c0 propos du jeu Cachette en Orbite : Ella joue \u00e0 cache-cache avec Madhu! Saute de plan\u00e8te en plan\u00e8te \u00e0 l&rsquo;aide du scooter d&rsquo;Ella tout en voyageant \u00e0 travers le syst\u00e8me solaire pour trouver ton ami et d\u00e9couvrir [&hellip;]","og_url":"https:\/\/www.apartment11.tv\/fr\/interactif\/interstellaire-ella\/","og_site_name":"Apartment 11 Productions","article_publisher":"https:\/\/www.facebook.com\/Apartment11Productions","article_modified_time":"2023-04-20T14:05:19+00:00","og_image":[{"url":"https:\/\/www.apartment11.tv\/wp-content\/uploads\/apartment-11-partner-logo.jpg","type":"","width":"","height":""}],"twitter_card":"summary_large_image","twitter_site":"@Apartment11Prod","twitter_misc":{"Dur\u00e9e de lecture estim\u00e9e":"3 minutes"},"schema":{"@context":"https:\/\/schema.org","@graph":[{"@type":"WebPage","@id":"https:\/\/www.apartment11.tv\/fr\/interactif\/interstellaire-ella\/","url":"https:\/\/www.apartment11.tv\/fr\/interactif\/interstellaire-ella\/","name":"Interstellaire Ella - Apartment 11 Productions","isPartOf":{"@id":"https:\/\/www.apartment11.tv\/#website"},"primaryImageOfPage":{"@id":"https:\/\/www.apartment11.tv\/fr\/interactif\/interstellaire-ella\/#primaryimage"},"image":{"@id":"https:\/\/www.apartment11.tv\/fr\/interactif\/interstellaire-ella\/#primaryimage"},"thumbnailUrl":"https:\/\/www.apartment11.tv\/wp-content\/uploads\/apartment-11-partner-logo.jpg","datePublished":"2023-04-19T23:10:55+00:00","dateModified":"2023-04-20T14:05:19+00:00","breadcrumb":{"@id":"https:\/\/www.apartment11.tv\/fr\/interactif\/interstellaire-ella\/#breadcrumb"},"inLanguage":"fr-FR","potentialAction":[{"@type":"ReadAction","target":["https:\/\/www.apartment11.tv\/fr\/interactif\/interstellaire-ella\/"]}]},{"@type":"ImageObject","inLanguage":"fr-FR","@id":"https:\/\/www.apartment11.tv\/fr\/interactif\/interstellaire-ella\/#primaryimage","url":"https:\/\/www.apartment11.tv\/wp-content\/uploads\/apartment-11-partner-logo.jpg","contentUrl":"https:\/\/www.apartment11.tv\/wp-content\/uploads\/apartment-11-partner-logo.jpg"},{"@type":"BreadcrumbList","@id":"https:\/\/www.apartment11.tv\/fr\/interactif\/interstellaire-ella\/#breadcrumb","itemListElement":[{"@type":"ListItem","position":1,"name":"Home","item":"https:\/\/www.apartment11.tv\/fr\/"},{"@type":"ListItem","position":2,"name":"Interactif","item":"https:\/\/www.apartment11.tv\/fr\/interactif\/"},{"@type":"ListItem","position":3,"name":"Interstellaire Ella"}]},{"@type":"WebSite","@id":"https:\/\/www.apartment11.tv\/#website","url":"https:\/\/www.apartment11.tv\/","name":"Apartment 11 Productions","description":"Award-Winning Television Productions and Cross-Platform Projects for both Adult and Younger Audiences","potentialAction":[{"@type":"SearchAction","target":{"@type":"EntryPoint","urlTemplate":"https:\/\/www.apartment11.tv\/?s={search_term_string}"},"query-input":{"@type":"PropertyValueSpecification","valueRequired":true,"valueName":"search_term_string"}}],"inLanguage":"fr-FR"}]}},"_links":{"self":[{"href":"https:\/\/www.apartment11.tv\/fr\/wp-json\/wp\/v2\/pages\/3079","targetHints":{"allow":["GET"]}}],"collection":[{"href":"https:\/\/www.apartment11.tv\/fr\/wp-json\/wp\/v2\/pages"}],"about":[{"href":"https:\/\/www.apartment11.tv\/fr\/wp-json\/wp\/v2\/types\/page"}],"author":[{"embeddable":true,"href":"https:\/\/www.apartment11.tv\/fr\/wp-json\/wp\/v2\/users\/1"}],"replies":[{"embeddable":true,"href":"https:\/\/www.apartment11.tv\/fr\/wp-json\/wp\/v2\/comments?post=3079"}],"version-history":[{"count":3,"href":"https:\/\/www.apartment11.tv\/fr\/wp-json\/wp\/v2\/pages\/3079\/revisions"}],"predecessor-version":[{"id":3087,"href":"https:\/\/www.apartment11.tv\/fr\/wp-json\/wp\/v2\/pages\/3079\/revisions\/3087"}],"up":[{"embeddable":true,"href":"https:\/\/www.apartment11.tv\/fr\/wp-json\/wp\/v2\/pages\/719"}],"wp:attachment":[{"href":"https:\/\/www.apartment11.tv\/fr\/wp-json\/wp\/v2\/media?parent=3079"}],"curies":[{"name":"wp","href":"https:\/\/api.w.org\/{rel}","templated":true}]}}