{"id":3250,"date":"2024-08-01T09:39:37","date_gmt":"2024-08-01T13:39:37","guid":{"rendered":"https:\/\/www.apartment11.tv\/?page_id=3250"},"modified":"2025-03-26T14:28:18","modified_gmt":"2025-03-26T18:28:18","slug":"sunnys-quest","status":"publish","type":"page","link":"https:\/\/www.apartment11.tv\/fr\/productions-tele\/sunnys-quest\/","title":{"rendered":"Sunny&rsquo;s Quest"},"content":{"rendered":"<div class=\"wpb-content-wrapper\">[vc_row fullwidth=\u00a0\u00bbtrue\u00a0\u00bb][vc_column][rev_slider_vc alias=\u00a0\u00bbwacky-media-songs-1&Prime;][\/vc_column][\/vc_row][vc_row fullwidth=\u00a0\u00bbtrue\u00a0\u00bb disable_element=\u00a0\u00bbyes\u00a0\u00bb css=\u00a0\u00bb.vc_custom_1710523881836{margin-top: -35px !important;margin-bottom: 40px !important;padding-top: 40px !important;padding-bottom: 30px !important;background-color: #762b7b !important;}\u00a0\u00bb][vc_column][vc_column_text css=\u00a0\u00bb.vc_custom_1694788123421{margin-bottom: 0px !important;}\u00a0\u00bb]\n<h2 style=\"text-align: center;\"><strong style=\"color: #ffffff !important;\">SEASON 3 CASTING NOW<br \/>\n<a style=\"font-size: 24px !important; color: #ffffff;\" href=\"https:\/\/docs.google.com\/forms\/d\/1W7GGsMkdtEgYFpwDwATwYMmN_jFZjamZPyh1GFyYn1s\/edit\" target=\"_blank\" rel=\"noopener\">APPLY HERE \u00bb<\/a><\/strong><\/h2>\n[\/vc_column_text][\/vc_column][\/vc_row][vc_row][vc_column width=\u00a0\u00bb1\/2&Prime;][vc_video link=\u00a0\u00bbhttps:\/\/youtu.be\/QNCAyGwwXyE\u00a0\u00bb][vc_empty_space][mk_divider style=\u00a0\u00bbsingle_dotted\u00a0\u00bb border_color=\u00a0\u00bb#c5c5c5&Prime; margin_top=\u00a0\u00bb0&Prime;][vc_column_text css=\u00a0\u00bb.vc_custom_1722519507234{margin-bottom: 0px !important;}\u00a0\u00bb]\n<h2>Connectez-vous avec nous<\/h2>\n[\/vc_column_text][vc_column_text css=\u00a0\u00bb.vc_custom_1659647335325{margin-bottom: 0px !important;}\u00a0\u00bb]<a href=\"https:\/\/www.facebook.com\/ravensquesttv\/\"><img loading=\"lazy\" decoding=\"async\" class=\"alignleft wp-image-544 size-full\" src=\"http:\/\/apartment11.tv\/wp-content\/uploads\/facebook.gif\" alt=\"facebook\" width=\"25\" height=\"25\" \/><\/a><a href=\"https:\/\/www.facebook.com\/sunnysquest\/\" target=\"_blank\" rel=\"noopener noreferrer\">@sunnysquest<\/a>[\/vc_column_text][vc_column_text css=\u00a0\u00bb.vc_custom_1659647341715{margin-bottom: 0px !important;}\u00a0\u00bb]<a href=\"https:\/\/twitter.com\/RavensQuesttv\"><img loading=\"lazy\" decoding=\"async\" class=\"alignleft wp-image-546 size-full\" src=\"http:\/\/apartment11.tv\/wp-content\/uploads\/twitter.gif\" alt=\"\" width=\"25\" height=\"25\" \/><\/a><a class=\"social_sidebar_link\" href=\"https:\/\/twitter.com\/SunnysQuest\" target=\"_blank\" rel=\"noopener noreferrer\">@SunnysQuest<\/a>[\/vc_column_text][vc_column_text css=\u00a0\u00bb.vc_custom_1722519528917{margin-bottom: 0px !important;}\u00a0\u00bb]<a href=\"https:\/\/www.youtube.com\/playlist?list=PLVbCoy12PNVl0P_3FT5qtZLG-CzR3n34n\"><img loading=\"lazy\" decoding=\"async\" class=\"alignleft wp-image-548 size-full\" src=\"https:\/\/www.apartment11.tv\/wp-content\/uploads\/youtube.gif\" alt=\"\" width=\"25\" height=\"25\" \/><\/a><a class=\"social_sidebar_link\" href=\"https:\/\/www.youtube.com\/playlist?list=PLVbCoy12PNVl0P_3FT5qtZLG-CzR3n34n\" target=\"_blank\" rel=\"noopener noreferrer\">Visionner sur YouTube<\/a>[\/vc_column_text][vc_column_text css=\u00a0\u00bb.vc_custom_1659647414735{margin-bottom: 0px !important;}\u00a0\u00bb]<a href=\"https:\/\/www.instagram.com\/ravensquest_tv\/\" target=\"_blank\" rel=\"noopener noreferrer\"><img loading=\"lazy\" decoding=\"async\" class=\"alignleft wp-image-891 size-full\" src=\"http:\/\/apartment11.tv\/wp-content\/uploads\/instagram.gif\" alt=\"\" width=\"25\" height=\"25\" srcset=\"https:\/\/www.apartment11.tv\/wp-content\/uploads\/instagram.gif 25w, https:\/\/www.apartment11.tv\/wp-content\/uploads\/instagram-1024x1024.gif 1024w\" sizes=\"auto, (max-width: 25px) 100vw, 25px\" \/><\/a><a class=\"social_sidebar_link\" href=\"https:\/\/www.instagram.com\/sunnysquest_tv\/\" target=\"_blank\" rel=\"noopener noreferrer\">@sunnysquest_tv<\/a>[\/vc_column_text][vc_empty_space][mk_divider style=\u00a0\u00bbsingle_dotted\u00a0\u00bb border_color=\u00a0\u00bb#c5c5c5&Prime; margin_top=\u00a0\u00bb0&Prime;][vc_gallery type=\u00a0\u00bbimage_grid\u00a0\u00bb images=\u00a0\u00bb2829,2831,2833,2835,2837,2847,3124,3126,3128,3130,3132,3134,3237,3239,3241,3243,3245,3247&Prime; img_size=\u00a0\u00bb140&#215;140&Prime; el_class=\u00a0\u00bbimage-gallery\u00a0\u00bb][\/vc_column][vc_column width=\u00a0\u00bb1\/2&Prime;][vc_column_text css=\u00a0\u00bb.vc_custom_1743013697404{margin-bottom: 0px !important;}\u00a0\u00bb]\n<h2><img loading=\"lazy\" decoding=\"async\" class=\"wp-image-2855 alignright\" src=\"https:\/\/www.apartment11.tv\/wp-content\/uploads\/sunnys-quest-logo.png\" alt=\"\" width=\"192\" height=\"250\" srcset=\"https:\/\/www.apartment11.tv\/wp-content\/uploads\/sunnys-quest-logo.png 384w, https:\/\/www.apartment11.tv\/wp-content\/uploads\/sunnys-quest-logo-230x300.png 230w\" sizes=\"auto, (max-width: 192px) 100vw, 192px\" \/>\u00c0 propos de la s\u00e9rie<\/h2>\n<p><strong>S\u00e9rie documentaire pour enfants <\/strong><br \/>\n<strong>De 6 \u00e0 9 ans<\/strong><br \/>\n<strong>3 saison- 54 \u00e9pisodes de 7 minutes<\/strong><\/p>\n<p><strong>Sunny&rsquo;s Quest<\/strong> est une s\u00e9rie de courtes vid\u00e9os qui mettent de l\u2019avant des enfants noirs au Canada. Chaque \u00e9pisode pr\u00e9sente un enfant unique partageant ses origines ethniques et culturelles tout en d\u00e9voilant ses passe-temps quotidiens, ses talents et ses traditions.<\/p>\n<p>Les aventures de cette saison incluent une princesse du carnaval des Cara\u00efbes \u00e2g\u00e9e de 8 ans, une jeune fille transgenre canadienne-baham\u00e9enne de 10 ans qui est une superstar du voguing, et un nageur de comp\u00e9tition guin\u00e9o-canadien de 10 ans qui adore aussi apprendre \u00e0 pr\u00e9parer ses plats pr\u00e9f\u00e9r\u00e9s avec sa m\u00e8re!<\/p>\n<p>Voir la s\u00e9rie fran\u00e7aise, La qu\u00eate de Lumie, <a href=\"https:\/\/www.apartment11.tv\/fr\/productions-tele\/la-quete-de-lumie\/\">ici<\/a>.<\/p>\n<h2>O\u00f9 visioner la s\u00e9rie<\/h2>\n<p><a href=\"https:\/\/www.tvokids.com\/school-age\/sunnys-quest-0\">TVOKids<\/a><br \/>\n<a href=\"https:\/\/www.youtube.com\/playlist?list=PLVbCoy12PNVkR8hgFzdtyuqVlxTejdlSg\">YouTube<\/a><\/p>\n<h2>Prix<\/h2>\n<p><strong>PRIX \u00c9CRANS CANADIENS \u2013 2025<br \/>\n<\/strong>Nomination \u2013 Meilleur programme ou s\u00e9rie de non-fiction pour les enfants ou les jeunes<\/p>\n<p><strong>PRIX \u00c9CRANS CANADIENS \u2013 2024<br \/>\n<\/strong>Nomination \u2013 Meilleur programme ou s\u00e9rie de non-fiction pour les enfants ou les jeunes<strong><br \/>\n<\/strong><\/p>\n<p><strong>YOUTH MEDIA ALLIANCE AWARDS OF EXCELLENCE \u2013 2023<\/strong><br \/>\nNomination \u2013 Meilleur programme d\u2019action en direct non sc\u00e9naris\u00e9 pour les 6-9 ans<\/p>\n<h2>Acquisitions<\/h2>\n<p>Contact pour l\u2019acquisition: Mindy Laxer (<a href=\"mailto:mindy@apartment11.tv\">mindy@apartment11.tv<\/a>)<\/p>\n<h2>Partenaires<\/h2>\n<p><img loading=\"lazy\" decoding=\"async\" class=\"alignleft size-full wp-image-76\" src=\"https:\/\/www.apartment11.tv\/wp-content\/uploads\/logos\/tvo_kids.gif\" alt=\"\" width=\"75\" height=\"75\" \/><img loading=\"lazy\" decoding=\"async\" class=\"alignleft wp-image-1606\" src=\"https:\/\/www.apartment11.tv\/wp-content\/uploads\/canada-media-fund.jpg\" alt=\"\" width=\"115\" height=\"72\" \/><img loading=\"lazy\" decoding=\"async\" class=\"alignleft wp-image-1604 size-full\" src=\"https:\/\/www.apartment11.tv\/wp-content\/uploads\/shaw_rocket_fund-en-small.jpg\" alt=\"\" width=\"100\" height=\"75\" \/>[\/vc_column_text][mk_padding_divider size=\u00a0\u00bb50&Prime;][\/vc_column][\/vc_row]\n<\/div>","protected":false},"excerpt":{"rendered":"<p>[vc_row fullwidth=\u00a0\u00bbtrue\u00a0\u00bb][vc_column][rev_slider_vc alias=\u00a0\u00bbwacky-media-songs-1&Prime;][\/vc_column][\/vc_row][vc_row fullwidth=\u00a0\u00bbtrue\u00a0\u00bb disable_element=\u00a0\u00bbyes\u00a0\u00bb css=\u00a0\u00bb.vc_custom_1710523881836{margin-top: -35px !important;margin-bottom: 40px !important;padding-top: 40px !important;padding-bottom: 30px !important;background-color: #762b7b !important;}\u00a0\u00bb][vc_column][vc_column_text css=\u00a0\u00bb.vc_custom_1694788123421{margin-bottom: 0px !important;}\u00a0\u00bb] SEASON 3 CASTING NOW APPLY HERE \u00bb [\/vc_column_text][\/vc_column][\/vc_row][vc_row][vc_column width=\u00a0\u00bb1\/2&Prime;][vc_video link=\u00a0\u00bbhttps:\/\/youtu.be\/QNCAyGwwXyE\u00a0\u00bb][vc_empty_space][mk_divider style=\u00a0\u00bbsingle_dotted\u00a0\u00bb border_color=\u00a0\u00bb#c5c5c5&Prime; margin_top=\u00a0\u00bb0&Prime;][vc_column_text css=\u00a0\u00bb.vc_custom_1722519507234{margin-bottom: 0px !important;}\u00a0\u00bb] Connectez-vous avec nous [\/vc_column_text][vc_column_text css=\u00a0\u00bb.vc_custom_1659647335325{margin-bottom: 0px !important;}\u00a0\u00bb]@sunnysquest[\/vc_column_text][vc_column_text css=\u00a0\u00bb.vc_custom_1659647341715{margin-bottom: 0px !important;}\u00a0\u00bb]@SunnysQuest[\/vc_column_text][vc_column_text css=\u00a0\u00bb.vc_custom_1722519528917{margin-bottom: 0px !important;}\u00a0\u00bb]Visionner sur YouTube[\/vc_column_text][vc_column_text css=\u00a0\u00bb.vc_custom_1659647414735{margin-bottom: 0px !important;}\u00a0\u00bb]@sunnysquest_tv[\/vc_column_text][vc_empty_space][mk_divider style=\u00a0\u00bbsingle_dotted\u00a0\u00bb border_color=\u00a0\u00bb#c5c5c5&Prime; [&hellip;]<\/p>\n","protected":false},"author":1,"featured_media":2828,"parent":721,"menu_order":0,"comment_status":"closed","ping_status":"closed","template":"","meta":{"footnotes":""},"class_list":["post-3250","page","type-page","status-publish","has-post-thumbnail","hentry"],"yoast_head":"<!-- This site is optimized with the Yoast SEO plugin v27.2 - https:\/\/yoast.com\/product\/yoast-seo-wordpress\/ -->\n<title>Sunny&#039;s Quest - Apartment 11 Productions<\/title>\n<meta name=\"robots\" content=\"index, follow, max-snippet:-1, max-image-preview:large, max-video-preview:-1\" \/>\n<link rel=\"canonical\" href=\"https:\/\/www.apartment11.tv\/fr\/productions-tele\/sunnys-quest\/\" \/>\n<meta property=\"og:locale\" content=\"fr_FR\" \/>\n<meta property=\"og:type\" content=\"article\" \/>\n<meta property=\"og:title\" content=\"Sunny&#039;s Quest - Apartment 11 Productions\" \/>\n<meta property=\"og:description\" content=\"[vc_row fullwidth=\u00a0\u00bbtrue\u00a0\u00bb][vc_column][rev_slider_vc alias=\u00a0\u00bbwacky-media-songs-1&Prime;][\/vc_column][\/vc_row][vc_row fullwidth=\u00a0\u00bbtrue\u00a0\u00bb disable_element=\u00a0\u00bbyes\u00a0\u00bb css=\u00a0\u00bb.vc_custom_1710523881836{margin-top: -35px !important;margin-bottom: 40px !important;padding-top: 40px !important;padding-bottom: 30px !important;background-color: #762b7b !important;}\u00a0\u00bb][vc_column][vc_column_text css=\u00a0\u00bb.vc_custom_1694788123421{margin-bottom: 0px !important;}\u00a0\u00bb] SEASON 3 CASTING NOW APPLY HERE \u00bb [\/vc_column_text][\/vc_column][\/vc_row][vc_row][vc_column width=\u00a0\u00bb1\/2&Prime;][vc_video link=\u00a0\u00bbhttps:\/\/youtu.be\/QNCAyGwwXyE\u00a0\u00bb][vc_empty_space][mk_divider style=\u00a0\u00bbsingle_dotted\u00a0\u00bb border_color=\u00a0\u00bb#c5c5c5&Prime; margin_top=\u00a0\u00bb0&Prime;][vc_column_text css=\u00a0\u00bb.vc_custom_1722519507234{margin-bottom: 0px !important;}\u00a0\u00bb] Connectez-vous avec nous [\/vc_column_text][vc_column_text css=\u00a0\u00bb.vc_custom_1659647335325{margin-bottom: 0px !important;}\u00a0\u00bb]@sunnysquest[\/vc_column_text][vc_column_text css=\u00a0\u00bb.vc_custom_1659647341715{margin-bottom: 0px !important;}\u00a0\u00bb]@SunnysQuest[\/vc_column_text][vc_column_text css=\u00a0\u00bb.vc_custom_1722519528917{margin-bottom: 0px !important;}\u00a0\u00bb]Visionner sur YouTube[\/vc_column_text][vc_column_text css=\u00a0\u00bb.vc_custom_1659647414735{margin-bottom: 0px !important;}\u00a0\u00bb]@sunnysquest_tv[\/vc_column_text][vc_empty_space][mk_divider style=\u00a0\u00bbsingle_dotted\u00a0\u00bb border_color=\u00a0\u00bb#c5c5c5&Prime; [&hellip;]\" \/>\n<meta property=\"og:url\" content=\"https:\/\/www.apartment11.tv\/fr\/productions-tele\/sunnys-quest\/\" \/>\n<meta property=\"og:site_name\" content=\"Apartment 11 Productions\" \/>\n<meta property=\"article:publisher\" content=\"https:\/\/www.facebook.com\/Apartment11Productions\" \/>\n<meta property=\"article:modified_time\" content=\"2025-03-26T18:28:18+00:00\" \/>\n<meta property=\"og:image\" content=\"https:\/\/www.apartment11.tv\/wp-content\/uploads\/banner-sunnys-quest.jpg\" \/>\n\t<meta property=\"og:image:width\" content=\"1920\" \/>\n\t<meta property=\"og:image:height\" content=\"475\" \/>\n\t<meta property=\"og:image:type\" content=\"image\/jpeg\" \/>\n<meta name=\"twitter:card\" content=\"summary_large_image\" \/>\n<meta name=\"twitter:site\" content=\"@Apartment11Prod\" \/>\n<meta name=\"twitter:label1\" content=\"Dur\u00e9e de lecture estim\u00e9e\" \/>\n\t<meta name=\"twitter:data1\" content=\"7 minutes\" \/>\n<script type=\"application\/ld+json\" class=\"yoast-schema-graph\">{\"@context\":\"https:\/\/schema.org\",\"@graph\":[{\"@type\":\"WebPage\",\"@id\":\"https:\/\/www.apartment11.tv\/fr\/productions-tele\/sunnys-quest\/\",\"url\":\"https:\/\/www.apartment11.tv\/fr\/productions-tele\/sunnys-quest\/\",\"name\":\"Sunny's Quest - Apartment 11 Productions\",\"isPartOf\":{\"@id\":\"https:\/\/www.apartment11.tv\/#website\"},\"primaryImageOfPage\":{\"@id\":\"https:\/\/www.apartment11.tv\/fr\/productions-tele\/sunnys-quest\/#primaryimage\"},\"image\":{\"@id\":\"https:\/\/www.apartment11.tv\/fr\/productions-tele\/sunnys-quest\/#primaryimage\"},\"thumbnailUrl\":\"https:\/\/www.apartment11.tv\/wp-content\/uploads\/banner-sunnys-quest.jpg\",\"datePublished\":\"2024-08-01T13:39:37+00:00\",\"dateModified\":\"2025-03-26T18:28:18+00:00\",\"breadcrumb\":{\"@id\":\"https:\/\/www.apartment11.tv\/fr\/productions-tele\/sunnys-quest\/#breadcrumb\"},\"inLanguage\":\"fr-FR\",\"potentialAction\":[{\"@type\":\"ReadAction\",\"target\":[\"https:\/\/www.apartment11.tv\/fr\/productions-tele\/sunnys-quest\/\"]}]},{\"@type\":\"ImageObject\",\"inLanguage\":\"fr-FR\",\"@id\":\"https:\/\/www.apartment11.tv\/fr\/productions-tele\/sunnys-quest\/#primaryimage\",\"url\":\"https:\/\/www.apartment11.tv\/wp-content\/uploads\/banner-sunnys-quest.jpg\",\"contentUrl\":\"https:\/\/www.apartment11.tv\/wp-content\/uploads\/banner-sunnys-quest.jpg\",\"width\":1920,\"height\":475},{\"@type\":\"BreadcrumbList\",\"@id\":\"https:\/\/www.apartment11.tv\/fr\/productions-tele\/sunnys-quest\/#breadcrumb\",\"itemListElement\":[{\"@type\":\"ListItem\",\"position\":1,\"name\":\"Home\",\"item\":\"https:\/\/www.apartment11.tv\/fr\/\"},{\"@type\":\"ListItem\",\"position\":2,\"name\":\"Productions t\u00e9l\u00e9\",\"item\":\"https:\/\/www.apartment11.tv\/fr\/productions-tele\/\"},{\"@type\":\"ListItem\",\"position\":3,\"name\":\"Sunny&#8217;s Quest\"}]},{\"@type\":\"WebSite\",\"@id\":\"https:\/\/www.apartment11.tv\/#website\",\"url\":\"https:\/\/www.apartment11.tv\/\",\"name\":\"Apartment 11 Productions\",\"description\":\"Award-Winning Television Productions and Cross-Platform Projects for both Adult and Younger Audiences\",\"potentialAction\":[{\"@type\":\"SearchAction\",\"target\":{\"@type\":\"EntryPoint\",\"urlTemplate\":\"https:\/\/www.apartment11.tv\/?s={search_term_string}\"},\"query-input\":{\"@type\":\"PropertyValueSpecification\",\"valueRequired\":true,\"valueName\":\"search_term_string\"}}],\"inLanguage\":\"fr-FR\"}]}<\/script>\n<!-- \/ Yoast SEO plugin. -->","yoast_head_json":{"title":"Sunny's Quest - Apartment 11 Productions","robots":{"index":"index","follow":"follow","max-snippet":"max-snippet:-1","max-image-preview":"max-image-preview:large","max-video-preview":"max-video-preview:-1"},"canonical":"https:\/\/www.apartment11.tv\/fr\/productions-tele\/sunnys-quest\/","og_locale":"fr_FR","og_type":"article","og_title":"Sunny's Quest - Apartment 11 Productions","og_description":"[vc_row fullwidth=\u00a0\u00bbtrue\u00a0\u00bb][vc_column][rev_slider_vc alias=\u00a0\u00bbwacky-media-songs-1&Prime;][\/vc_column][\/vc_row][vc_row fullwidth=\u00a0\u00bbtrue\u00a0\u00bb disable_element=\u00a0\u00bbyes\u00a0\u00bb css=\u00a0\u00bb.vc_custom_1710523881836{margin-top: -35px !important;margin-bottom: 40px !important;padding-top: 40px !important;padding-bottom: 30px !important;background-color: #762b7b !important;}\u00a0\u00bb][vc_column][vc_column_text css=\u00a0\u00bb.vc_custom_1694788123421{margin-bottom: 0px !important;}\u00a0\u00bb] SEASON 3 CASTING NOW APPLY HERE \u00bb [\/vc_column_text][\/vc_column][\/vc_row][vc_row][vc_column width=\u00a0\u00bb1\/2&Prime;][vc_video link=\u00a0\u00bbhttps:\/\/youtu.be\/QNCAyGwwXyE\u00a0\u00bb][vc_empty_space][mk_divider style=\u00a0\u00bbsingle_dotted\u00a0\u00bb border_color=\u00a0\u00bb#c5c5c5&Prime; margin_top=\u00a0\u00bb0&Prime;][vc_column_text css=\u00a0\u00bb.vc_custom_1722519507234{margin-bottom: 0px !important;}\u00a0\u00bb] Connectez-vous avec nous [\/vc_column_text][vc_column_text css=\u00a0\u00bb.vc_custom_1659647335325{margin-bottom: 0px !important;}\u00a0\u00bb]@sunnysquest[\/vc_column_text][vc_column_text css=\u00a0\u00bb.vc_custom_1659647341715{margin-bottom: 0px !important;}\u00a0\u00bb]@SunnysQuest[\/vc_column_text][vc_column_text css=\u00a0\u00bb.vc_custom_1722519528917{margin-bottom: 0px !important;}\u00a0\u00bb]Visionner sur YouTube[\/vc_column_text][vc_column_text css=\u00a0\u00bb.vc_custom_1659647414735{margin-bottom: 0px !important;}\u00a0\u00bb]@sunnysquest_tv[\/vc_column_text][vc_empty_space][mk_divider style=\u00a0\u00bbsingle_dotted\u00a0\u00bb border_color=\u00a0\u00bb#c5c5c5&Prime; [&hellip;]","og_url":"https:\/\/www.apartment11.tv\/fr\/productions-tele\/sunnys-quest\/","og_site_name":"Apartment 11 Productions","article_publisher":"https:\/\/www.facebook.com\/Apartment11Productions","article_modified_time":"2025-03-26T18:28:18+00:00","og_image":[{"width":1920,"height":475,"url":"https:\/\/www.apartment11.tv\/wp-content\/uploads\/banner-sunnys-quest.jpg","type":"image\/jpeg"}],"twitter_card":"summary_large_image","twitter_site":"@Apartment11Prod","twitter_misc":{"Dur\u00e9e de lecture estim\u00e9e":"7 minutes"},"schema":{"@context":"https:\/\/schema.org","@graph":[{"@type":"WebPage","@id":"https:\/\/www.apartment11.tv\/fr\/productions-tele\/sunnys-quest\/","url":"https:\/\/www.apartment11.tv\/fr\/productions-tele\/sunnys-quest\/","name":"Sunny's Quest - Apartment 11 Productions","isPartOf":{"@id":"https:\/\/www.apartment11.tv\/#website"},"primaryImageOfPage":{"@id":"https:\/\/www.apartment11.tv\/fr\/productions-tele\/sunnys-quest\/#primaryimage"},"image":{"@id":"https:\/\/www.apartment11.tv\/fr\/productions-tele\/sunnys-quest\/#primaryimage"},"thumbnailUrl":"https:\/\/www.apartment11.tv\/wp-content\/uploads\/banner-sunnys-quest.jpg","datePublished":"2024-08-01T13:39:37+00:00","dateModified":"2025-03-26T18:28:18+00:00","breadcrumb":{"@id":"https:\/\/www.apartment11.tv\/fr\/productions-tele\/sunnys-quest\/#breadcrumb"},"inLanguage":"fr-FR","potentialAction":[{"@type":"ReadAction","target":["https:\/\/www.apartment11.tv\/fr\/productions-tele\/sunnys-quest\/"]}]},{"@type":"ImageObject","inLanguage":"fr-FR","@id":"https:\/\/www.apartment11.tv\/fr\/productions-tele\/sunnys-quest\/#primaryimage","url":"https:\/\/www.apartment11.tv\/wp-content\/uploads\/banner-sunnys-quest.jpg","contentUrl":"https:\/\/www.apartment11.tv\/wp-content\/uploads\/banner-sunnys-quest.jpg","width":1920,"height":475},{"@type":"BreadcrumbList","@id":"https:\/\/www.apartment11.tv\/fr\/productions-tele\/sunnys-quest\/#breadcrumb","itemListElement":[{"@type":"ListItem","position":1,"name":"Home","item":"https:\/\/www.apartment11.tv\/fr\/"},{"@type":"ListItem","position":2,"name":"Productions t\u00e9l\u00e9","item":"https:\/\/www.apartment11.tv\/fr\/productions-tele\/"},{"@type":"ListItem","position":3,"name":"Sunny&#8217;s Quest"}]},{"@type":"WebSite","@id":"https:\/\/www.apartment11.tv\/#website","url":"https:\/\/www.apartment11.tv\/","name":"Apartment 11 Productions","description":"Award-Winning Television Productions and Cross-Platform Projects for both Adult and Younger Audiences","potentialAction":[{"@type":"SearchAction","target":{"@type":"EntryPoint","urlTemplate":"https:\/\/www.apartment11.tv\/?s={search_term_string}"},"query-input":{"@type":"PropertyValueSpecification","valueRequired":true,"valueName":"search_term_string"}}],"inLanguage":"fr-FR"}]}},"_links":{"self":[{"href":"https:\/\/www.apartment11.tv\/fr\/wp-json\/wp\/v2\/pages\/3250","targetHints":{"allow":["GET"]}}],"collection":[{"href":"https:\/\/www.apartment11.tv\/fr\/wp-json\/wp\/v2\/pages"}],"about":[{"href":"https:\/\/www.apartment11.tv\/fr\/wp-json\/wp\/v2\/types\/page"}],"author":[{"embeddable":true,"href":"https:\/\/www.apartment11.tv\/fr\/wp-json\/wp\/v2\/users\/1"}],"replies":[{"embeddable":true,"href":"https:\/\/www.apartment11.tv\/fr\/wp-json\/wp\/v2\/comments?post=3250"}],"version-history":[{"count":9,"href":"https:\/\/www.apartment11.tv\/fr\/wp-json\/wp\/v2\/pages\/3250\/revisions"}],"predecessor-version":[{"id":3363,"href":"https:\/\/www.apartment11.tv\/fr\/wp-json\/wp\/v2\/pages\/3250\/revisions\/3363"}],"up":[{"embeddable":true,"href":"https:\/\/www.apartment11.tv\/fr\/wp-json\/wp\/v2\/pages\/721"}],"wp:featuredmedia":[{"embeddable":true,"href":"https:\/\/www.apartment11.tv\/fr\/wp-json\/wp\/v2\/media\/2828"}],"wp:attachment":[{"href":"https:\/\/www.apartment11.tv\/fr\/wp-json\/wp\/v2\/media?parent=3250"}],"curies":[{"name":"wp","href":"https:\/\/api.w.org\/{rel}","templated":true}]}}