{"id":3443,"date":"2025-09-03T12:26:12","date_gmt":"2025-09-03T16:26:12","guid":{"rendered":"https:\/\/www.apartment11.tv\/?page_id=3443"},"modified":"2025-09-03T12:30:21","modified_gmt":"2025-09-03T16:30:21","slug":"dana-mackimmie","status":"publish","type":"page","link":"https:\/\/www.apartment11.tv\/fr\/a-propos\/notre-equipe\/dana-mackimmie\/","title":{"rendered":"Dana MacKimmie"},"content":{"rendered":"<div class=\"wpb-content-wrapper\">[vc_row fullwidth=\u00a0\u00bbtrue\u00a0\u00bb][vc_column][rev_slider_vc alias=\u00a0\u00bbbanner-about-1&Prime;][\/vc_column][\/vc_row][vc_row][vc_column width=\u00a0\u00bb1\/4&Prime;][vc_wp_custommenu nav_menu=\u00a0\u00bb4&Prime; el_class=\u00a0\u00bbhidden-sidebar\u00a0\u00bb][\/vc_column][vc_column width=\u00a0\u00bb3\/4&Prime;][vc_column_text css=\u00a0\u00bb.vc_custom_1756916712441{margin-bottom: 0px !important;}\u00a0\u00bb]\n<h2>Dana MacKimmie<br \/>\nDirectrice de production<\/h2>\n[\/vc_column_text][vc_column_text css=\u00a0\u00bb.vc_custom_1756916740371{margin-bottom: 0px !important;}\u00a0\u00bb]<img loading=\"lazy\" decoding=\"async\" class=\"imgleft alignleft wp-image-3437 size-full\" src=\"https:\/\/www.apartment11.tv\/wp-content\/uploads\/dana-mackimmie.jpg\" alt=\"\" width=\"184\" height=\"240\" \/><\/p>\n<p>Depuis pr\u00e8s de vingt ans, Dana MacKimmie est le moteur organisationnel derri\u00e8re certaines des productions jeunesse et familiales les plus cr\u00e9atives du Canada chez Apartment 11. En tant que directrice de production, productrice ex\u00e9cutive (et parfois cheffe de production), elle transforme de grandes id\u00e9es en \u00e9missions concr\u00e8tes \u2014 en \u00e9laborant les budgets, en cr\u00e9ant les calendriers, en constituant les \u00e9quipes et en s\u2019assurant que tout roule. Depuis son arriv\u00e9e en 2006 sur <em>Mystery Hunters<\/em>, Dana a pilot\u00e9 plus d\u2019une douzaine de projets chez Apartment 11, dont plus r\u00e9cemment <em>Interstellar Ella<\/em>, <em>Green Squad<\/em>, <em>Sunny\u2019s Quest<\/em>\u00a0et <em>La qu\u00eate de Lumie<\/em>.<\/p>\n<p>Au fil des ans, Dana a aussi pr\u00eat\u00e9 ses talents \u00e0 plusieurs compagnies montr\u00e9alaises comme Zone 3, GalaFilm, Intuitive Pictures et Whalley-Abbey Media \u2014 mais elle revient toujours chez Apartment 11. C\u2019est la touche de calme dans le chaos, multit\u00e2che et d\u00e9brouillarde, qui aime relever le d\u00e9fi de donner vie \u00e0 des productions ambitieuses et de s\u2019assurer que la magie op\u00e8re vraiment ![\/vc_column_text][\/vc_column][\/vc_row]\n<\/div>","protected":false},"excerpt":{"rendered":"<p>[vc_row fullwidth=\u00a0\u00bbtrue\u00a0\u00bb][vc_column][rev_slider_vc alias=\u00a0\u00bbbanner-about-1&Prime;][\/vc_column][\/vc_row][vc_row][vc_column width=\u00a0\u00bb1\/4&Prime;][vc_wp_custommenu nav_menu=\u00a0\u00bb4&Prime; el_class=\u00a0\u00bbhidden-sidebar\u00a0\u00bb][\/vc_column][vc_column width=\u00a0\u00bb3\/4&Prime;][vc_column_text css=\u00a0\u00bb.vc_custom_1756916712441{margin-bottom: 0px !important;}\u00a0\u00bb] Dana MacKimmie Directrice de production [\/vc_column_text][vc_column_text css=\u00a0\u00bb.vc_custom_1756916740371{margin-bottom: 0px !important;}\u00a0\u00bb] Depuis pr\u00e8s de vingt ans, Dana MacKimmie est le moteur organisationnel derri\u00e8re certaines des productions jeunesse et familiales les plus cr\u00e9atives du Canada chez Apartment 11. En tant que directrice de production, productrice ex\u00e9cutive (et parfois [&hellip;]<\/p>\n","protected":false},"author":1,"featured_media":0,"parent":742,"menu_order":0,"comment_status":"closed","ping_status":"closed","template":"","meta":{"footnotes":""},"class_list":["post-3443","page","type-page","status-publish","hentry"],"yoast_head":"<!-- This site is optimized with the Yoast SEO plugin v27.2 - https:\/\/yoast.com\/product\/yoast-seo-wordpress\/ -->\n<title>Dana MacKimmie - Apartment 11 Productions<\/title>\n<meta name=\"description\" content=\"Depuis pr\u00e8s de vingt ans, Dana MacKimmie est le moteur organisationnel derri\u00e8re certaines des productions jeunesse et familiales les plus cr\u00e9atives du Canada chez Apartment 11.\" \/>\n<meta name=\"robots\" content=\"index, follow, max-snippet:-1, max-image-preview:large, max-video-preview:-1\" \/>\n<link rel=\"canonical\" href=\"https:\/\/www.apartment11.tv\/fr\/a-propos\/notre-equipe\/dana-mackimmie\/\" \/>\n<meta property=\"og:locale\" content=\"fr_FR\" \/>\n<meta property=\"og:type\" content=\"article\" \/>\n<meta property=\"og:title\" content=\"Dana MacKimmie - Apartment 11 Productions\" \/>\n<meta property=\"og:description\" content=\"Depuis pr\u00e8s de vingt ans, Dana MacKimmie est le moteur organisationnel derri\u00e8re certaines des productions jeunesse et familiales les plus cr\u00e9atives du Canada chez Apartment 11.\" \/>\n<meta property=\"og:url\" content=\"https:\/\/www.apartment11.tv\/fr\/a-propos\/notre-equipe\/dana-mackimmie\/\" \/>\n<meta property=\"og:site_name\" content=\"Apartment 11 Productions\" \/>\n<meta property=\"article:publisher\" content=\"https:\/\/www.facebook.com\/Apartment11Productions\" \/>\n<meta property=\"article:modified_time\" content=\"2025-09-03T16:30:21+00:00\" \/>\n<meta property=\"og:image\" content=\"https:\/\/www.apartment11.tv\/wp-content\/uploads\/dana-mackimmie.jpg\" \/>\n\t<meta property=\"og:image:width\" content=\"184\" \/>\n\t<meta property=\"og:image:height\" content=\"240\" \/>\n\t<meta property=\"og:image:type\" content=\"image\/jpeg\" \/>\n<meta name=\"twitter:card\" content=\"summary_large_image\" \/>\n<meta name=\"twitter:site\" content=\"@Apartment11Prod\" \/>\n<meta name=\"twitter:label1\" content=\"Dur\u00e9e de lecture estim\u00e9e\" \/>\n\t<meta name=\"twitter:data1\" content=\"2 minutes\" \/>\n<script type=\"application\/ld+json\" class=\"yoast-schema-graph\">{\"@context\":\"https:\/\/schema.org\",\"@graph\":[{\"@type\":\"WebPage\",\"@id\":\"https:\/\/www.apartment11.tv\/fr\/a-propos\/notre-equipe\/dana-mackimmie\/\",\"url\":\"https:\/\/www.apartment11.tv\/fr\/a-propos\/notre-equipe\/dana-mackimmie\/\",\"name\":\"Dana MacKimmie - Apartment 11 Productions\",\"isPartOf\":{\"@id\":\"https:\/\/www.apartment11.tv\/#website\"},\"primaryImageOfPage\":{\"@id\":\"https:\/\/www.apartment11.tv\/fr\/a-propos\/notre-equipe\/dana-mackimmie\/#primaryimage\"},\"image\":{\"@id\":\"https:\/\/www.apartment11.tv\/fr\/a-propos\/notre-equipe\/dana-mackimmie\/#primaryimage\"},\"thumbnailUrl\":\"https:\/\/www.apartment11.tv\/wp-content\/uploads\/dana-mackimmie.jpg\",\"datePublished\":\"2025-09-03T16:26:12+00:00\",\"dateModified\":\"2025-09-03T16:30:21+00:00\",\"description\":\"Depuis pr\u00e8s de vingt ans, Dana MacKimmie est le moteur organisationnel derri\u00e8re certaines des productions jeunesse et familiales les plus cr\u00e9atives du Canada chez Apartment 11.\",\"breadcrumb\":{\"@id\":\"https:\/\/www.apartment11.tv\/fr\/a-propos\/notre-equipe\/dana-mackimmie\/#breadcrumb\"},\"inLanguage\":\"fr-FR\",\"potentialAction\":[{\"@type\":\"ReadAction\",\"target\":[\"https:\/\/www.apartment11.tv\/fr\/a-propos\/notre-equipe\/dana-mackimmie\/\"]}]},{\"@type\":\"ImageObject\",\"inLanguage\":\"fr-FR\",\"@id\":\"https:\/\/www.apartment11.tv\/fr\/a-propos\/notre-equipe\/dana-mackimmie\/#primaryimage\",\"url\":\"https:\/\/www.apartment11.tv\/wp-content\/uploads\/dana-mackimmie.jpg\",\"contentUrl\":\"https:\/\/www.apartment11.tv\/wp-content\/uploads\/dana-mackimmie.jpg\"},{\"@type\":\"BreadcrumbList\",\"@id\":\"https:\/\/www.apartment11.tv\/fr\/a-propos\/notre-equipe\/dana-mackimmie\/#breadcrumb\",\"itemListElement\":[{\"@type\":\"ListItem\",\"position\":1,\"name\":\"Home\",\"item\":\"https:\/\/www.apartment11.tv\/fr\/\"},{\"@type\":\"ListItem\",\"position\":2,\"name\":\"\u00c0 propos\",\"item\":\"https:\/\/www.apartment11.tv\/fr\/a-propos\/\"},{\"@type\":\"ListItem\",\"position\":3,\"name\":\"Notre \u00e9quipe\",\"item\":\"https:\/\/www.apartment11.tv\/fr\/a-propos\/notre-equipe\/\"},{\"@type\":\"ListItem\",\"position\":4,\"name\":\"Dana MacKimmie\"}]},{\"@type\":\"WebSite\",\"@id\":\"https:\/\/www.apartment11.tv\/#website\",\"url\":\"https:\/\/www.apartment11.tv\/\",\"name\":\"Apartment 11 Productions\",\"description\":\"Award-Winning Television Productions and Cross-Platform Projects for both Adult and Younger Audiences\",\"potentialAction\":[{\"@type\":\"SearchAction\",\"target\":{\"@type\":\"EntryPoint\",\"urlTemplate\":\"https:\/\/www.apartment11.tv\/?s={search_term_string}\"},\"query-input\":{\"@type\":\"PropertyValueSpecification\",\"valueRequired\":true,\"valueName\":\"search_term_string\"}}],\"inLanguage\":\"fr-FR\"}]}<\/script>\n<!-- \/ Yoast SEO plugin. -->","yoast_head_json":{"title":"Dana MacKimmie - Apartment 11 Productions","description":"Depuis pr\u00e8s de vingt ans, Dana MacKimmie est le moteur organisationnel derri\u00e8re certaines des productions jeunesse et familiales les plus cr\u00e9atives du Canada chez Apartment 11.","robots":{"index":"index","follow":"follow","max-snippet":"max-snippet:-1","max-image-preview":"max-image-preview:large","max-video-preview":"max-video-preview:-1"},"canonical":"https:\/\/www.apartment11.tv\/fr\/a-propos\/notre-equipe\/dana-mackimmie\/","og_locale":"fr_FR","og_type":"article","og_title":"Dana MacKimmie - Apartment 11 Productions","og_description":"Depuis pr\u00e8s de vingt ans, Dana MacKimmie est le moteur organisationnel derri\u00e8re certaines des productions jeunesse et familiales les plus cr\u00e9atives du Canada chez Apartment 11.","og_url":"https:\/\/www.apartment11.tv\/fr\/a-propos\/notre-equipe\/dana-mackimmie\/","og_site_name":"Apartment 11 Productions","article_publisher":"https:\/\/www.facebook.com\/Apartment11Productions","article_modified_time":"2025-09-03T16:30:21+00:00","og_image":[{"width":184,"height":240,"url":"https:\/\/www.apartment11.tv\/wp-content\/uploads\/dana-mackimmie.jpg","type":"image\/jpeg"}],"twitter_card":"summary_large_image","twitter_site":"@Apartment11Prod","twitter_misc":{"Dur\u00e9e de lecture estim\u00e9e":"2 minutes"},"schema":{"@context":"https:\/\/schema.org","@graph":[{"@type":"WebPage","@id":"https:\/\/www.apartment11.tv\/fr\/a-propos\/notre-equipe\/dana-mackimmie\/","url":"https:\/\/www.apartment11.tv\/fr\/a-propos\/notre-equipe\/dana-mackimmie\/","name":"Dana MacKimmie - Apartment 11 Productions","isPartOf":{"@id":"https:\/\/www.apartment11.tv\/#website"},"primaryImageOfPage":{"@id":"https:\/\/www.apartment11.tv\/fr\/a-propos\/notre-equipe\/dana-mackimmie\/#primaryimage"},"image":{"@id":"https:\/\/www.apartment11.tv\/fr\/a-propos\/notre-equipe\/dana-mackimmie\/#primaryimage"},"thumbnailUrl":"https:\/\/www.apartment11.tv\/wp-content\/uploads\/dana-mackimmie.jpg","datePublished":"2025-09-03T16:26:12+00:00","dateModified":"2025-09-03T16:30:21+00:00","description":"Depuis pr\u00e8s de vingt ans, Dana MacKimmie est le moteur organisationnel derri\u00e8re certaines des productions jeunesse et familiales les plus cr\u00e9atives du Canada chez Apartment 11.","breadcrumb":{"@id":"https:\/\/www.apartment11.tv\/fr\/a-propos\/notre-equipe\/dana-mackimmie\/#breadcrumb"},"inLanguage":"fr-FR","potentialAction":[{"@type":"ReadAction","target":["https:\/\/www.apartment11.tv\/fr\/a-propos\/notre-equipe\/dana-mackimmie\/"]}]},{"@type":"ImageObject","inLanguage":"fr-FR","@id":"https:\/\/www.apartment11.tv\/fr\/a-propos\/notre-equipe\/dana-mackimmie\/#primaryimage","url":"https:\/\/www.apartment11.tv\/wp-content\/uploads\/dana-mackimmie.jpg","contentUrl":"https:\/\/www.apartment11.tv\/wp-content\/uploads\/dana-mackimmie.jpg"},{"@type":"BreadcrumbList","@id":"https:\/\/www.apartment11.tv\/fr\/a-propos\/notre-equipe\/dana-mackimmie\/#breadcrumb","itemListElement":[{"@type":"ListItem","position":1,"name":"Home","item":"https:\/\/www.apartment11.tv\/fr\/"},{"@type":"ListItem","position":2,"name":"\u00c0 propos","item":"https:\/\/www.apartment11.tv\/fr\/a-propos\/"},{"@type":"ListItem","position":3,"name":"Notre \u00e9quipe","item":"https:\/\/www.apartment11.tv\/fr\/a-propos\/notre-equipe\/"},{"@type":"ListItem","position":4,"name":"Dana MacKimmie"}]},{"@type":"WebSite","@id":"https:\/\/www.apartment11.tv\/#website","url":"https:\/\/www.apartment11.tv\/","name":"Apartment 11 Productions","description":"Award-Winning Television Productions and Cross-Platform Projects for both Adult and Younger Audiences","potentialAction":[{"@type":"SearchAction","target":{"@type":"EntryPoint","urlTemplate":"https:\/\/www.apartment11.tv\/?s={search_term_string}"},"query-input":{"@type":"PropertyValueSpecification","valueRequired":true,"valueName":"search_term_string"}}],"inLanguage":"fr-FR"}]}},"_links":{"self":[{"href":"https:\/\/www.apartment11.tv\/fr\/wp-json\/wp\/v2\/pages\/3443","targetHints":{"allow":["GET"]}}],"collection":[{"href":"https:\/\/www.apartment11.tv\/fr\/wp-json\/wp\/v2\/pages"}],"about":[{"href":"https:\/\/www.apartment11.tv\/fr\/wp-json\/wp\/v2\/types\/page"}],"author":[{"embeddable":true,"href":"https:\/\/www.apartment11.tv\/fr\/wp-json\/wp\/v2\/users\/1"}],"replies":[{"embeddable":true,"href":"https:\/\/www.apartment11.tv\/fr\/wp-json\/wp\/v2\/comments?post=3443"}],"version-history":[{"count":3,"href":"https:\/\/www.apartment11.tv\/fr\/wp-json\/wp\/v2\/pages\/3443\/revisions"}],"predecessor-version":[{"id":3457,"href":"https:\/\/www.apartment11.tv\/fr\/wp-json\/wp\/v2\/pages\/3443\/revisions\/3457"}],"up":[{"embeddable":true,"href":"https:\/\/www.apartment11.tv\/fr\/wp-json\/wp\/v2\/pages\/742"}],"wp:attachment":[{"href":"https:\/\/www.apartment11.tv\/fr\/wp-json\/wp\/v2\/media?parent=3443"}],"curies":[{"name":"wp","href":"https:\/\/api.w.org\/{rel}","templated":true}]}}