{"id":3450,"date":"2025-09-03T12:46:17","date_gmt":"2025-09-03T16:46:17","guid":{"rendered":"https:\/\/www.apartment11.tv\/?page_id=3450"},"modified":"2025-09-03T12:49:40","modified_gmt":"2025-09-03T16:49:40","slug":"stephane-allard","status":"publish","type":"page","link":"https:\/\/www.apartment11.tv\/fr\/a-propos\/notre-equipe\/stephane-allard\/","title":{"rendered":"St\u00e9phane Allard"},"content":{"rendered":"<div class=\"wpb-content-wrapper\">[vc_row fullwidth=\u00a0\u00bbtrue\u00a0\u00bb][vc_column][rev_slider_vc alias=\u00a0\u00bbbanner-about-1&Prime;][\/vc_column][\/vc_row][vc_row][vc_column width=\u00a0\u00bb1\/4&Prime;][vc_wp_custommenu nav_menu=\u00a0\u00bb4&Prime; el_class=\u00a0\u00bbhidden-sidebar\u00a0\u00bb][\/vc_column][vc_column width=\u00a0\u00bb3\/4&Prime;][vc_column_text css=\u00a0\u00bb.vc_custom_1756918175581{margin-bottom: 0px !important;}\u00a0\u00bb]\n<h2>St\u00e9phane Allard<br \/>\nDirecteur de la postproduction<\/h2>\n[\/vc_column_text][vc_column_text css=\u00a0\u00bb.vc_custom_1756917107601{margin-bottom: 0px !important;}\u00a0\u00bb]<img loading=\"lazy\" decoding=\"async\" class=\"imgleft alignleft wp-image-3439 size-full\" src=\"https:\/\/www.apartment11.tv\/wp-content\/uploads\/stephane-allard.jpg\" alt=\"\" width=\"184\" height=\"240\" \/><\/p>\n<p>Avec pr\u00e8s de 20 ans d\u2019exp\u00e9rience en postproduction, St\u00e9phane a d\u00e9velopp\u00e9 une solide expertise en montage online, montage offline, \u00e9talonnage et effets visuels. Ayant travaill\u00e9 sur une grande vari\u00e9t\u00e9 de projets, allant d\u2019\u00e9missions t\u00e9l\u00e9vis\u00e9es \u00e0 des longs-m\u00e9trages, St\u00e9phane apporte \u00e0 chaque t\u00e2che un sens du d\u00e9tail et une approche cr\u00e9ative pour r\u00e9soudre les probl\u00e8mes.<\/p>\n<p>Au fil des ann\u00e9es, il a collabor\u00e9 avec de nombreux professionnels du secteur, livrant un travail de grande qualit\u00e9 tout en respectant des d\u00e9lais serr\u00e9s. Passionn\u00e9 par l\u2019art de raconter des histoires \u00e0 travers une pr\u00e9cision technique, St\u00e9phane continue de repousser les limites de l\u2019excellence en postproduction.[\/vc_column_text][\/vc_column][\/vc_row]\n<\/div>","protected":false},"excerpt":{"rendered":"<p>[vc_row fullwidth=\u00a0\u00bbtrue\u00a0\u00bb][vc_column][rev_slider_vc alias=\u00a0\u00bbbanner-about-1&Prime;][\/vc_column][\/vc_row][vc_row][vc_column width=\u00a0\u00bb1\/4&Prime;][vc_wp_custommenu nav_menu=\u00a0\u00bb4&Prime; el_class=\u00a0\u00bbhidden-sidebar\u00a0\u00bb][\/vc_column][vc_column width=\u00a0\u00bb3\/4&Prime;][vc_column_text css=\u00a0\u00bb.vc_custom_1756918175581{margin-bottom: 0px !important;}\u00a0\u00bb] St\u00e9phane Allard Directeur de la postproduction [\/vc_column_text][vc_column_text css=\u00a0\u00bb.vc_custom_1756917107601{margin-bottom: 0px !important;}\u00a0\u00bb] Avec pr\u00e8s de 20 ans d\u2019exp\u00e9rience en postproduction, St\u00e9phane a d\u00e9velopp\u00e9 une solide expertise en montage online, montage offline, \u00e9talonnage et effets visuels. Ayant travaill\u00e9 sur une grande vari\u00e9t\u00e9 de projets, allant d\u2019\u00e9missions t\u00e9l\u00e9vis\u00e9es \u00e0 [&hellip;]<\/p>\n","protected":false},"author":1,"featured_media":0,"parent":742,"menu_order":0,"comment_status":"closed","ping_status":"closed","template":"","meta":{"footnotes":""},"class_list":["post-3450","page","type-page","status-publish","hentry"],"yoast_head":"<!-- This site is optimized with the Yoast SEO plugin v27.2 - https:\/\/yoast.com\/product\/yoast-seo-wordpress\/ -->\n<title>St\u00e9phane Allard - Apartment 11 Productions<\/title>\n<meta name=\"description\" content=\"Avec pr\u00e8s de 20 ans d\u2019exp\u00e9rience en postproduction, St\u00e9phane a d\u00e9velopp\u00e9 une solide expertise en montage online, montage offline, \u00e9talonnage et effets visuels.\" \/>\n<meta name=\"robots\" content=\"index, follow, max-snippet:-1, max-image-preview:large, max-video-preview:-1\" \/>\n<link rel=\"canonical\" href=\"https:\/\/www.apartment11.tv\/fr\/a-propos\/notre-equipe\/stephane-allard\/\" \/>\n<meta property=\"og:locale\" content=\"fr_FR\" \/>\n<meta property=\"og:type\" content=\"article\" \/>\n<meta property=\"og:title\" content=\"St\u00e9phane Allard - Apartment 11 Productions\" \/>\n<meta property=\"og:description\" content=\"Avec pr\u00e8s de 20 ans d\u2019exp\u00e9rience en postproduction, St\u00e9phane a d\u00e9velopp\u00e9 une solide expertise en montage online, montage offline, \u00e9talonnage et effets visuels.\" \/>\n<meta property=\"og:url\" content=\"https:\/\/www.apartment11.tv\/fr\/a-propos\/notre-equipe\/stephane-allard\/\" \/>\n<meta property=\"og:site_name\" content=\"Apartment 11 Productions\" \/>\n<meta property=\"article:publisher\" content=\"https:\/\/www.facebook.com\/Apartment11Productions\" \/>\n<meta property=\"article:modified_time\" content=\"2025-09-03T16:49:40+00:00\" \/>\n<meta property=\"og:image\" content=\"https:\/\/www.apartment11.tv\/wp-content\/uploads\/stephane-allard.jpg\" \/>\n\t<meta property=\"og:image:width\" content=\"184\" \/>\n\t<meta property=\"og:image:height\" content=\"240\" \/>\n\t<meta property=\"og:image:type\" content=\"image\/jpeg\" \/>\n<meta name=\"twitter:card\" content=\"summary_large_image\" \/>\n<meta name=\"twitter:site\" content=\"@Apartment11Prod\" \/>\n<meta name=\"twitter:label1\" content=\"Dur\u00e9e de lecture estim\u00e9e\" \/>\n\t<meta name=\"twitter:data1\" content=\"1 minute\" \/>\n<script type=\"application\/ld+json\" class=\"yoast-schema-graph\">{\"@context\":\"https:\/\/schema.org\",\"@graph\":[{\"@type\":\"WebPage\",\"@id\":\"https:\/\/www.apartment11.tv\/fr\/a-propos\/notre-equipe\/stephane-allard\/\",\"url\":\"https:\/\/www.apartment11.tv\/fr\/a-propos\/notre-equipe\/stephane-allard\/\",\"name\":\"St\u00e9phane Allard - Apartment 11 Productions\",\"isPartOf\":{\"@id\":\"https:\/\/www.apartment11.tv\/#website\"},\"primaryImageOfPage\":{\"@id\":\"https:\/\/www.apartment11.tv\/fr\/a-propos\/notre-equipe\/stephane-allard\/#primaryimage\"},\"image\":{\"@id\":\"https:\/\/www.apartment11.tv\/fr\/a-propos\/notre-equipe\/stephane-allard\/#primaryimage\"},\"thumbnailUrl\":\"https:\/\/www.apartment11.tv\/wp-content\/uploads\/stephane-allard.jpg\",\"datePublished\":\"2025-09-03T16:46:17+00:00\",\"dateModified\":\"2025-09-03T16:49:40+00:00\",\"description\":\"Avec pr\u00e8s de 20 ans d\u2019exp\u00e9rience en postproduction, St\u00e9phane a d\u00e9velopp\u00e9 une solide expertise en montage online, montage offline, \u00e9talonnage et effets visuels.\",\"breadcrumb\":{\"@id\":\"https:\/\/www.apartment11.tv\/fr\/a-propos\/notre-equipe\/stephane-allard\/#breadcrumb\"},\"inLanguage\":\"fr-FR\",\"potentialAction\":[{\"@type\":\"ReadAction\",\"target\":[\"https:\/\/www.apartment11.tv\/fr\/a-propos\/notre-equipe\/stephane-allard\/\"]}]},{\"@type\":\"ImageObject\",\"inLanguage\":\"fr-FR\",\"@id\":\"https:\/\/www.apartment11.tv\/fr\/a-propos\/notre-equipe\/stephane-allard\/#primaryimage\",\"url\":\"https:\/\/www.apartment11.tv\/wp-content\/uploads\/stephane-allard.jpg\",\"contentUrl\":\"https:\/\/www.apartment11.tv\/wp-content\/uploads\/stephane-allard.jpg\"},{\"@type\":\"BreadcrumbList\",\"@id\":\"https:\/\/www.apartment11.tv\/fr\/a-propos\/notre-equipe\/stephane-allard\/#breadcrumb\",\"itemListElement\":[{\"@type\":\"ListItem\",\"position\":1,\"name\":\"Home\",\"item\":\"https:\/\/www.apartment11.tv\/fr\/\"},{\"@type\":\"ListItem\",\"position\":2,\"name\":\"\u00c0 propos\",\"item\":\"https:\/\/www.apartment11.tv\/fr\/a-propos\/\"},{\"@type\":\"ListItem\",\"position\":3,\"name\":\"Notre \u00e9quipe\",\"item\":\"https:\/\/www.apartment11.tv\/fr\/a-propos\/notre-equipe\/\"},{\"@type\":\"ListItem\",\"position\":4,\"name\":\"St\u00e9phane Allard\"}]},{\"@type\":\"WebSite\",\"@id\":\"https:\/\/www.apartment11.tv\/#website\",\"url\":\"https:\/\/www.apartment11.tv\/\",\"name\":\"Apartment 11 Productions\",\"description\":\"Award-Winning Television Productions and Cross-Platform Projects for both Adult and Younger Audiences\",\"potentialAction\":[{\"@type\":\"SearchAction\",\"target\":{\"@type\":\"EntryPoint\",\"urlTemplate\":\"https:\/\/www.apartment11.tv\/?s={search_term_string}\"},\"query-input\":{\"@type\":\"PropertyValueSpecification\",\"valueRequired\":true,\"valueName\":\"search_term_string\"}}],\"inLanguage\":\"fr-FR\"}]}<\/script>\n<!-- \/ Yoast SEO plugin. -->","yoast_head_json":{"title":"St\u00e9phane Allard - Apartment 11 Productions","description":"Avec pr\u00e8s de 20 ans d\u2019exp\u00e9rience en postproduction, St\u00e9phane a d\u00e9velopp\u00e9 une solide expertise en montage online, montage offline, \u00e9talonnage et effets visuels.","robots":{"index":"index","follow":"follow","max-snippet":"max-snippet:-1","max-image-preview":"max-image-preview:large","max-video-preview":"max-video-preview:-1"},"canonical":"https:\/\/www.apartment11.tv\/fr\/a-propos\/notre-equipe\/stephane-allard\/","og_locale":"fr_FR","og_type":"article","og_title":"St\u00e9phane Allard - Apartment 11 Productions","og_description":"Avec pr\u00e8s de 20 ans d\u2019exp\u00e9rience en postproduction, St\u00e9phane a d\u00e9velopp\u00e9 une solide expertise en montage online, montage offline, \u00e9talonnage et effets visuels.","og_url":"https:\/\/www.apartment11.tv\/fr\/a-propos\/notre-equipe\/stephane-allard\/","og_site_name":"Apartment 11 Productions","article_publisher":"https:\/\/www.facebook.com\/Apartment11Productions","article_modified_time":"2025-09-03T16:49:40+00:00","og_image":[{"width":184,"height":240,"url":"https:\/\/www.apartment11.tv\/wp-content\/uploads\/stephane-allard.jpg","type":"image\/jpeg"}],"twitter_card":"summary_large_image","twitter_site":"@Apartment11Prod","twitter_misc":{"Dur\u00e9e de lecture estim\u00e9e":"1 minute"},"schema":{"@context":"https:\/\/schema.org","@graph":[{"@type":"WebPage","@id":"https:\/\/www.apartment11.tv\/fr\/a-propos\/notre-equipe\/stephane-allard\/","url":"https:\/\/www.apartment11.tv\/fr\/a-propos\/notre-equipe\/stephane-allard\/","name":"St\u00e9phane Allard - Apartment 11 Productions","isPartOf":{"@id":"https:\/\/www.apartment11.tv\/#website"},"primaryImageOfPage":{"@id":"https:\/\/www.apartment11.tv\/fr\/a-propos\/notre-equipe\/stephane-allard\/#primaryimage"},"image":{"@id":"https:\/\/www.apartment11.tv\/fr\/a-propos\/notre-equipe\/stephane-allard\/#primaryimage"},"thumbnailUrl":"https:\/\/www.apartment11.tv\/wp-content\/uploads\/stephane-allard.jpg","datePublished":"2025-09-03T16:46:17+00:00","dateModified":"2025-09-03T16:49:40+00:00","description":"Avec pr\u00e8s de 20 ans d\u2019exp\u00e9rience en postproduction, St\u00e9phane a d\u00e9velopp\u00e9 une solide expertise en montage online, montage offline, \u00e9talonnage et effets visuels.","breadcrumb":{"@id":"https:\/\/www.apartment11.tv\/fr\/a-propos\/notre-equipe\/stephane-allard\/#breadcrumb"},"inLanguage":"fr-FR","potentialAction":[{"@type":"ReadAction","target":["https:\/\/www.apartment11.tv\/fr\/a-propos\/notre-equipe\/stephane-allard\/"]}]},{"@type":"ImageObject","inLanguage":"fr-FR","@id":"https:\/\/www.apartment11.tv\/fr\/a-propos\/notre-equipe\/stephane-allard\/#primaryimage","url":"https:\/\/www.apartment11.tv\/wp-content\/uploads\/stephane-allard.jpg","contentUrl":"https:\/\/www.apartment11.tv\/wp-content\/uploads\/stephane-allard.jpg"},{"@type":"BreadcrumbList","@id":"https:\/\/www.apartment11.tv\/fr\/a-propos\/notre-equipe\/stephane-allard\/#breadcrumb","itemListElement":[{"@type":"ListItem","position":1,"name":"Home","item":"https:\/\/www.apartment11.tv\/fr\/"},{"@type":"ListItem","position":2,"name":"\u00c0 propos","item":"https:\/\/www.apartment11.tv\/fr\/a-propos\/"},{"@type":"ListItem","position":3,"name":"Notre \u00e9quipe","item":"https:\/\/www.apartment11.tv\/fr\/a-propos\/notre-equipe\/"},{"@type":"ListItem","position":4,"name":"St\u00e9phane Allard"}]},{"@type":"WebSite","@id":"https:\/\/www.apartment11.tv\/#website","url":"https:\/\/www.apartment11.tv\/","name":"Apartment 11 Productions","description":"Award-Winning Television Productions and Cross-Platform Projects for both Adult and Younger Audiences","potentialAction":[{"@type":"SearchAction","target":{"@type":"EntryPoint","urlTemplate":"https:\/\/www.apartment11.tv\/?s={search_term_string}"},"query-input":{"@type":"PropertyValueSpecification","valueRequired":true,"valueName":"search_term_string"}}],"inLanguage":"fr-FR"}]}},"_links":{"self":[{"href":"https:\/\/www.apartment11.tv\/fr\/wp-json\/wp\/v2\/pages\/3450","targetHints":{"allow":["GET"]}}],"collection":[{"href":"https:\/\/www.apartment11.tv\/fr\/wp-json\/wp\/v2\/pages"}],"about":[{"href":"https:\/\/www.apartment11.tv\/fr\/wp-json\/wp\/v2\/types\/page"}],"author":[{"embeddable":true,"href":"https:\/\/www.apartment11.tv\/fr\/wp-json\/wp\/v2\/users\/1"}],"replies":[{"embeddable":true,"href":"https:\/\/www.apartment11.tv\/fr\/wp-json\/wp\/v2\/comments?post=3450"}],"version-history":[{"count":3,"href":"https:\/\/www.apartment11.tv\/fr\/wp-json\/wp\/v2\/pages\/3450\/revisions"}],"predecessor-version":[{"id":3464,"href":"https:\/\/www.apartment11.tv\/fr\/wp-json\/wp\/v2\/pages\/3450\/revisions\/3464"}],"up":[{"embeddable":true,"href":"https:\/\/www.apartment11.tv\/fr\/wp-json\/wp\/v2\/pages\/742"}],"wp:attachment":[{"href":"https:\/\/www.apartment11.tv\/fr\/wp-json\/wp\/v2\/media?parent=3450"}],"curies":[{"name":"wp","href":"https:\/\/api.w.org\/{rel}","templated":true}]}}