{"id":707,"date":"2015-12-29T10:19:19","date_gmt":"2015-12-29T15:19:19","guid":{"rendered":"http:\/\/apartment11.tv\/wordpress\/fr\/?page_id=707"},"modified":"2024-09-26T15:39:38","modified_gmt":"2024-09-26T19:39:38","slug":"accueil","status":"publish","type":"page","link":"https:\/\/www.apartment11.tv\/fr\/","title":{"rendered":"Accueil"},"content":{"rendered":"<div class=\"wpb-content-wrapper\">[vc_row fullwidth=\u00a0\u00bbtrue\u00a0\u00bb][vc_column][rev_slider_vc alias=\u00a0\u00bbbanner-home-fr\u00a0\u00bb][\/vc_column][\/vc_row][vc_row][vc_column width=\u00a0\u00bb1\/2&Prime;][vc_column_text css=\u00a0\u00bb.vc_custom_1725035629158{margin-bottom: 0px !important;}\u00a0\u00bb]\n<h2>Bienvenue \u00e0 APARTMENT 11 Productions<\/h2>\n<p>Fond\u00e9 en 2000 et dirig\u00e9 par son pr\u00e9sident, Jonathan Finkelstein, Apartment 11 d\u00e9livre avec consistance des histoires de qualit\u00e9 et acclam\u00e9es par les critiques pour ses partenaires de diffusion. Le p\u00f4le-cr\u00e9atif bas\u00e9 \u00e0 Montr\u00e9al a produit plus de 325 heures de programmations sc\u00e9naris\u00e9es et non-sc\u00e9naris\u00e9es, principalement pour une audience d&rsquo;enfants et de jeunes.<\/p>\n<p>Pr\u00e9sentement en d\u00e9veloppement pour Apartment 11, <em><a href=\"https:\/\/www.apartment11.tv\/en\/tv-productions\/coming-soon\/\"><strong>Interstellar\u00a0Ella<\/strong><\/a><\/em>\u00a0(SRC, TVOKids, TFO et Knowledge Network), une nouvelle s\u00e9rie d\u2019animation de CGI mettant en vedette Ella, une fillette de sept\u00a0ans qui teste joyeusement ses limites sur son terrain de jeu rempli d\u2019\u00e9toiles, la\u00a0<em>Voie lact\u00e9e<\/em>.<\/p>\n<p>Une \u00e9cole d&rsquo;\u00e9lite des arts du cirque a fourni la toile de fond pour la s\u00e9rie de drame jeunesse\u00a0<em><a href=\"https:\/\/www.apartment11.tv\/en\/tv-productions\/big-top-academy\/\"><strong>Big Top Academy<\/strong><\/a><\/em> (52 x 30 minutes, Discovery kids\/ TVO\/Hulu\/Pop UK, en collaboration avec le Cirque du Soleil), et sa s\u00e9rie d\u00e9riv\u00e9e\u00a0<a href=\"https:\/\/www.apartment11.tv\/en\/tv-productions\/big-top-academy-schools-out-edition\/\"><strong><em>Big Top Academy \u2013 School\u2019s Out Edition<\/em>\u00a0<\/strong><\/a>(26 X 11 minutes, TVO\/Pop UK en collaboration avec le Cirque du Soleil.)<\/p>\n<p><a href=\"http:\/\/apartment11.tv\/fr\/a-propos\">En savoir plus<\/a> \u00bb[\/vc_column_text][\/vc_column][vc_column width=\u00a0\u00bb1\/2&Prime;][vc_column_text css=\u00a0\u00bb.vc_custom_1727376178250{margin-bottom: 0px !important;}\u00a0\u00bb]\n<h3 style=\"text-align: center;\">Premi\u00e8re de la <span style=\"color: #ff0000;\">nouvelle s\u00e9rie<\/span><br \/>\n\u00ab\u00a0La qu\u00eate de Lumie\u00a0\u00bb <a style=\"font-size: 30px !important;\" href=\"https:\/\/www.tfo.org\/serie\/la-quete-de-lumie\/002958865\" target=\"_blank\" rel=\"noopener\">sur TFO<\/a><\/h3>\n[\/vc_column_text][vc_separator color=\u00a0\u00bbpurple\u00a0\u00bb style=\u00a0\u00bbdotted\u00a0\u00bb border_width=\u00a0\u00bb2&Prime; css=\u00a0\u00bb.vc_custom_1726865304522{padding-top: 10px !important;}\u00a0\u00bb][vc_column_text css=\u00a0\u00bb.vc_custom_1727379576339{margin-top: -10px !important;margin-bottom: 0px !important;}\u00a0\u00bb]\n<h3 style=\"text-align: center;\"><span style=\"color: #ff0000;\"><span style=\"color: #000000;\">Premi\u00e8re de la<\/span> nouvelle saison <\/span><br \/>\n<span style=\"color: #000000;\">de Sunny&rsquo;s Quest <\/span><a style=\"font-size: 30px !important;\" href=\"https:\/\/www.tvokids.com\/school-age\/sunnys-quest-0\" target=\"_blank\" rel=\"noopener\">sur TVO<\/a><\/h3>\n[\/vc_column_text][vc_separator color=\u00a0\u00bbpurple\u00a0\u00bb style=\u00a0\u00bbdotted\u00a0\u00bb border_width=\u00a0\u00bb2&Prime; css=\u00a0\u00bb.vc_custom_1726865316738{padding-top: 10px !important;}\u00a0\u00bb][vc_column_text css=\u00a0\u00bb.vc_custom_1681944238812{margin-bottom: 0px !important;}\u00a0\u00bb]\n<h3 style=\"text-align: center;\">D\u00e9couvrez notre nouvelle s\u00e9rie, <a style=\"font-size: 24px !important;\" href=\"https:\/\/www.apartment11.tv\/fr\/productions-tele\/interstellaire-ella\/\">Interstellaire Ella<\/a><\/h3>\n[\/vc_column_text][vc_video link=\u00a0\u00bbhttps:\/\/youtu.be\/D1AoQdCUk_0&Prime;][\/vc_column][\/vc_row][vc_row][vc_column][mk_padding_divider][\/vc_column][\/vc_row]\n<\/div>","protected":false},"excerpt":{"rendered":"<p>[vc_row fullwidth=\u00a0\u00bbtrue\u00a0\u00bb][vc_column][rev_slider_vc alias=\u00a0\u00bbbanner-home-fr\u00a0\u00bb][\/vc_column][\/vc_row][vc_row][vc_column width=\u00a0\u00bb1\/2&Prime;][vc_column_text css=\u00a0\u00bb.vc_custom_1725035629158{margin-bottom: 0px !important;}\u00a0\u00bb] Bienvenue \u00e0 APARTMENT 11 Productions Fond\u00e9 en 2000 et dirig\u00e9 par son pr\u00e9sident, Jonathan Finkelstein, Apartment 11 d\u00e9livre avec consistance des histoires de qualit\u00e9 et acclam\u00e9es par les critiques pour ses partenaires de diffusion. Le p\u00f4le-cr\u00e9atif bas\u00e9 \u00e0 Montr\u00e9al a produit plus de 325 heures de programmations sc\u00e9naris\u00e9es [&hellip;]<\/p>\n","protected":false},"author":1,"featured_media":0,"parent":0,"menu_order":0,"comment_status":"closed","ping_status":"closed","template":"","meta":{"footnotes":""},"class_list":["post-707","page","type-page","status-publish","hentry"],"yoast_head":"<!-- This site is optimized with the Yoast SEO plugin v27.2 - https:\/\/yoast.com\/product\/yoast-seo-wordpress\/ -->\n<title>Accueil<\/title>\n<meta name=\"description\" content=\"Apartment\u00a011 con\u00e7oit et produit des \u00e9missions pour tous, populaires \u00e0 l\u2019\u00e9chelle internationale qui ont tenu l\u2019antenne pendant plusieurs ann\u00e9es.\" \/>\n<meta name=\"robots\" content=\"index, follow, max-snippet:-1, max-image-preview:large, max-video-preview:-1\" \/>\n<link rel=\"canonical\" href=\"https:\/\/www.apartment11.tv\/fr\/\" \/>\n<meta property=\"og:locale\" content=\"fr_FR\" \/>\n<meta property=\"og:type\" content=\"article\" \/>\n<meta property=\"og:title\" content=\"Accueil\" \/>\n<meta property=\"og:description\" content=\"Apartment\u00a011 con\u00e7oit et produit des \u00e9missions pour tous, populaires \u00e0 l\u2019\u00e9chelle internationale qui ont tenu l\u2019antenne pendant plusieurs ann\u00e9es.\" \/>\n<meta property=\"og:url\" content=\"https:\/\/www.apartment11.tv\/fr\/\" \/>\n<meta property=\"og:site_name\" content=\"Apartment 11 Productions\" \/>\n<meta property=\"article:publisher\" content=\"https:\/\/www.facebook.com\/Apartment11Productions\" \/>\n<meta property=\"article:modified_time\" content=\"2024-09-26T19:39:38+00:00\" \/>\n<meta name=\"twitter:card\" content=\"summary_large_image\" \/>\n<meta name=\"twitter:site\" content=\"@Apartment11Prod\" \/>\n<meta name=\"twitter:label1\" content=\"Dur\u00e9e de lecture estim\u00e9e\" \/>\n\t<meta name=\"twitter:data1\" content=\"2 minutes\" \/>\n<script type=\"application\/ld+json\" class=\"yoast-schema-graph\">{\"@context\":\"https:\/\/schema.org\",\"@graph\":[{\"@type\":\"WebPage\",\"@id\":\"https:\/\/www.apartment11.tv\/fr\/\",\"url\":\"https:\/\/www.apartment11.tv\/fr\/\",\"name\":\"Accueil\",\"isPartOf\":{\"@id\":\"https:\/\/www.apartment11.tv\/#website\"},\"datePublished\":\"2015-12-29T15:19:19+00:00\",\"dateModified\":\"2024-09-26T19:39:38+00:00\",\"description\":\"Apartment\u00a011 con\u00e7oit et produit des \u00e9missions pour tous, populaires \u00e0 l\u2019\u00e9chelle internationale qui ont tenu l\u2019antenne pendant plusieurs ann\u00e9es.\",\"breadcrumb\":{\"@id\":\"https:\/\/www.apartment11.tv\/fr\/#breadcrumb\"},\"inLanguage\":\"fr-FR\",\"potentialAction\":[{\"@type\":\"ReadAction\",\"target\":[\"https:\/\/www.apartment11.tv\/fr\/\"]}]},{\"@type\":\"BreadcrumbList\",\"@id\":\"https:\/\/www.apartment11.tv\/fr\/#breadcrumb\",\"itemListElement\":[{\"@type\":\"ListItem\",\"position\":1,\"name\":\"Home\",\"item\":\"https:\/\/www.apartment11.tv\/fr\/\"},{\"@type\":\"ListItem\",\"position\":2,\"name\":\"Accueil\"}]},{\"@type\":\"WebSite\",\"@id\":\"https:\/\/www.apartment11.tv\/#website\",\"url\":\"https:\/\/www.apartment11.tv\/\",\"name\":\"Apartment 11 Productions\",\"description\":\"Award-Winning Television Productions and Cross-Platform Projects for both Adult and Younger Audiences\",\"potentialAction\":[{\"@type\":\"SearchAction\",\"target\":{\"@type\":\"EntryPoint\",\"urlTemplate\":\"https:\/\/www.apartment11.tv\/?s={search_term_string}\"},\"query-input\":{\"@type\":\"PropertyValueSpecification\",\"valueRequired\":true,\"valueName\":\"search_term_string\"}}],\"inLanguage\":\"fr-FR\"}]}<\/script>\n<!-- \/ Yoast SEO plugin. -->","yoast_head_json":{"title":"Accueil","description":"Apartment\u00a011 con\u00e7oit et produit des \u00e9missions pour tous, populaires \u00e0 l\u2019\u00e9chelle internationale qui ont tenu l\u2019antenne pendant plusieurs ann\u00e9es.","robots":{"index":"index","follow":"follow","max-snippet":"max-snippet:-1","max-image-preview":"max-image-preview:large","max-video-preview":"max-video-preview:-1"},"canonical":"https:\/\/www.apartment11.tv\/fr\/","og_locale":"fr_FR","og_type":"article","og_title":"Accueil","og_description":"Apartment\u00a011 con\u00e7oit et produit des \u00e9missions pour tous, populaires \u00e0 l\u2019\u00e9chelle internationale qui ont tenu l\u2019antenne pendant plusieurs ann\u00e9es.","og_url":"https:\/\/www.apartment11.tv\/fr\/","og_site_name":"Apartment 11 Productions","article_publisher":"https:\/\/www.facebook.com\/Apartment11Productions","article_modified_time":"2024-09-26T19:39:38+00:00","twitter_card":"summary_large_image","twitter_site":"@Apartment11Prod","twitter_misc":{"Dur\u00e9e de lecture estim\u00e9e":"2 minutes"},"schema":{"@context":"https:\/\/schema.org","@graph":[{"@type":"WebPage","@id":"https:\/\/www.apartment11.tv\/fr\/","url":"https:\/\/www.apartment11.tv\/fr\/","name":"Accueil","isPartOf":{"@id":"https:\/\/www.apartment11.tv\/#website"},"datePublished":"2015-12-29T15:19:19+00:00","dateModified":"2024-09-26T19:39:38+00:00","description":"Apartment\u00a011 con\u00e7oit et produit des \u00e9missions pour tous, populaires \u00e0 l\u2019\u00e9chelle internationale qui ont tenu l\u2019antenne pendant plusieurs ann\u00e9es.","breadcrumb":{"@id":"https:\/\/www.apartment11.tv\/fr\/#breadcrumb"},"inLanguage":"fr-FR","potentialAction":[{"@type":"ReadAction","target":["https:\/\/www.apartment11.tv\/fr\/"]}]},{"@type":"BreadcrumbList","@id":"https:\/\/www.apartment11.tv\/fr\/#breadcrumb","itemListElement":[{"@type":"ListItem","position":1,"name":"Home","item":"https:\/\/www.apartment11.tv\/fr\/"},{"@type":"ListItem","position":2,"name":"Accueil"}]},{"@type":"WebSite","@id":"https:\/\/www.apartment11.tv\/#website","url":"https:\/\/www.apartment11.tv\/","name":"Apartment 11 Productions","description":"Award-Winning Television Productions and Cross-Platform Projects for both Adult and Younger Audiences","potentialAction":[{"@type":"SearchAction","target":{"@type":"EntryPoint","urlTemplate":"https:\/\/www.apartment11.tv\/?s={search_term_string}"},"query-input":{"@type":"PropertyValueSpecification","valueRequired":true,"valueName":"search_term_string"}}],"inLanguage":"fr-FR"}]}},"_links":{"self":[{"href":"https:\/\/www.apartment11.tv\/fr\/wp-json\/wp\/v2\/pages\/707","targetHints":{"allow":["GET"]}}],"collection":[{"href":"https:\/\/www.apartment11.tv\/fr\/wp-json\/wp\/v2\/pages"}],"about":[{"href":"https:\/\/www.apartment11.tv\/fr\/wp-json\/wp\/v2\/types\/page"}],"author":[{"embeddable":true,"href":"https:\/\/www.apartment11.tv\/fr\/wp-json\/wp\/v2\/users\/1"}],"replies":[{"embeddable":true,"href":"https:\/\/www.apartment11.tv\/fr\/wp-json\/wp\/v2\/comments?post=707"}],"version-history":[{"count":30,"href":"https:\/\/www.apartment11.tv\/fr\/wp-json\/wp\/v2\/pages\/707\/revisions"}],"predecessor-version":[{"id":3336,"href":"https:\/\/www.apartment11.tv\/fr\/wp-json\/wp\/v2\/pages\/707\/revisions\/3336"}],"wp:attachment":[{"href":"https:\/\/www.apartment11.tv\/fr\/wp-json\/wp\/v2\/media?parent=707"}],"curies":[{"name":"wp","href":"https:\/\/api.w.org\/{rel}","templated":true}]}}