{"id":716,"date":"2015-12-29T14:25:45","date_gmt":"2015-12-29T19:25:45","guid":{"rendered":"http:\/\/apartment11.tv\/wordpress\/fr\/?page_id=716"},"modified":"2024-08-14T13:00:22","modified_gmt":"2024-08-14T17:00:22","slug":"a-propos","status":"publish","type":"page","link":"https:\/\/www.apartment11.tv\/fr\/a-propos\/","title":{"rendered":"\u00c0 propos"},"content":{"rendered":"<div class=\"wpb-content-wrapper\">[vc_row fullwidth=\u00a0\u00bbtrue\u00a0\u00bb][vc_column][rev_slider_vc alias=\u00a0\u00bbbanner-about-1&Prime;][\/vc_column][\/vc_row][vc_row][vc_column width=\u00a0\u00bb1\/4&Prime;][vc_wp_custommenu nav_menu=\u00a0\u00bb10&Prime; el_class=\u00a0\u00bbhidden-sidebar\u00a0\u00bb][\/vc_column][vc_column width=\u00a0\u00bb3\/4&Prime;][vc_column_text]\n<h2>\u00c0 propos d&rsquo;Apartment 11<\/h2>\n[\/vc_column_text][vc_column_text css=\u00a0\u00bb.vc_custom_1723654820983{margin-bottom: 0px !important;}\u00a0\u00bb]Fond\u00e9 en 2000 et dirig\u00e9 par son pr\u00e9sident, Jonathan Finkelstein, Apartment 11 d\u00e9livre avec consistance des histoires de qualit\u00e9 et acclam\u00e9es par les critiques pour ses partenaires de diffusion. Le p\u00f4le-cr\u00e9atif bas\u00e9 \u00e0 Montr\u00e9al a produit plus de 325 heures de programmations sc\u00e9naris\u00e9es et non-sc\u00e9naris\u00e9es, principalement pour une audience d&rsquo;enfants et de jeunes.<\/p>\n<p>Une \u00e9cole d&rsquo;\u00e9lite des arts du cirque a fourni la toile de fond pour la s\u00e9rie de drame jeunesse\u00a0<em><a href=\"https:\/\/www.apartment11.tv\/en\/tv-productions\/big-top-academy\/\"><strong>Big Top Academy<\/strong><\/a><\/em>\u00a0(52 x 30 minutes, Discovery kids\/TVO\/Hulu\/Pop UK, en collaboration avec le Cirque du Soleil), et sa s\u00e9rie d\u00e9riv\u00e9e\u00a0<a href=\"https:\/\/www.apartment11.tv\/en\/tv-productions\/big-top-academy-schools-out-edition\/\"><strong><em>Big Top Academy \u2013 School\u2019s Out Edition<\/em><\/strong><\/a> (26 X 11 minutes, TVO\/Pop UK en collaboration avec le Cirque du Soleil.)<\/p>\n<p>Pr\u00e9sentement en d\u00e9veloppement pour Apartment 11, <em><a href=\"https:\/\/www.apartment11.tv\/en\/tv-productions\/coming-soon\/\"><strong>Interstellar\u00a0Ella<\/strong><\/a><\/em>\u00a0(SRC, TVOKids, TFO et Knowledge Network), une nouvelle s\u00e9rie d\u2019animation de CGI mettant en vedette Ella, une fillette de sept\u00a0ans qui teste joyeusement ses limites sur son terrain de jeu rempli d\u2019\u00e9toiles, la\u00a0<em>Voie lact\u00e9e<\/em>.<\/p>\n<p>Misant sur l\u2019apprentissage par le plaisir, Apartment\u00a011 est reconnue pour ses s\u00e9ries \u00e9ducatives comme <a href=\"https:\/\/www.apartment11.tv\/fr\/productions-tele\/cest-wow\/\"><strong><em>C\u2019est\u00a0Wow!<\/em><\/strong><\/a> et son pendant anglophone,\u00a0<a href=\"https:\/\/www.apartment11.tv\/en\/tv-productions\/look-kool\/\"><strong><em>Look\u00a0Kool<\/em><\/strong><\/a> (TVOKids, TFO).\u00a0Tourn\u00e9e et produite simultan\u00e9ment en anglais et en fran\u00e7ais, la s\u00e9rie utilise des chansons, des sketches comiques et des jeux pour rendre la g\u00e9om\u00e9trie et les math\u00e9matiques amusantes. Dans la m\u00eame veine, Apartment\u00a011 produit \u00e9galement <a href=\"https:\/\/www.apartment11.tv\/en\/tv-productions\/the-wacky-word-show\/\"><strong><em>The\u00a0Wacky\u00a0Word\u00a0Show<\/em><\/strong><\/a> (TVOKids), une s\u00e9rie \u00e9ducative qui invite les enfants \u00e0 s\u2019amuser avec les mots et la langue; <a href=\"https:\/\/www.apartment11.tv\/en\/tv-productions\/ravens-quest\/\"><strong><em>Raven\u2019s\u00a0Quest<\/em><\/strong><\/a> (TVOKids), une s\u00e9rie qui pr\u00e9sente des histoires racont\u00e9es par des enfants autochtones de partout au pays; <a href=\"https:\/\/www.apartment11.tv\/fr\/productions-tele\/finding-stuff-out\/\"><strong><em>Finding\u00a0Stuff\u00a0Out<\/em><\/strong><\/a>,\u00a0une s\u00e9rie d\u2019\u00e9missions scientifiques distribu\u00e9e \u00e0 l\u2019\u00e9chelle internationale qui encourage les jeunes \u00e0 creuser des questions qui les int\u00e9ressent; et <a href=\"https:\/\/www.apartment11.tv\/fr\/productions-tele\/the-mystery-files\/\"><strong><em>The\u00a0Mystery\u00a0Files<\/em> <\/strong><\/a>(TVOKids),\u00a0une s\u00e9rie qui mise sur le myst\u00e8re pour faire d\u00e9couvrir l\u2019Histoire.<\/p>\n<p>Reconnue pour ses concepts et ses productions qui proposent un divertissement de grande qualit\u00e9, Apartment\u00a011 est fi\u00e8re de ses nombreux titres, dont les s\u00e9ries \u00e0 succ\u00e8s <a href=\"https:\/\/www.apartment11.tv\/fr\/productions-tele\/prank-patrol\/\"><strong><em>Prank\u00a0Patrol<\/em><\/strong><\/a> (YTV), <a href=\"https:\/\/www.apartment11.tv\/fr\/productions-tele\/mystery-hunters\/\"><strong><em>Mystery\u00a0Hunters<\/em><\/strong><\/a>\u00a0(Discovery\u00a0Kids, YTV), la course en t\u00e9l\u00e9r\u00e9alit\u00e9\u00a0<a href=\"https:\/\/www.apartment11.tv\/fr\/productions-tele\/in-real-life\/\"><strong><em>In\u00a0Real\u00a0Life<\/em><\/strong><\/a> (YTV,\u00a0ABC Australia) et <a href=\"https:\/\/www.apartment11.tv\/fr\/productions-tele\/rank-the-prank\/\"><strong><em>Rank\u00a0the\u00a0Prank<\/em><\/strong><\/a> (CBBC,\u00a0Nickelodeon). Apartment\u00a011 a \u00e9galement produit deux\u00a0s\u00e9ries pour le compte de CBC Kids, soit <a href=\"https:\/\/www.apartment11.tv\/fr\/productions-tele\/surprise-its-edible-incredible\/\"><strong><em>Surprise!\u00a0It\u2019s\u00a0Edible!\u00a0Incredible!<\/em><\/strong><\/a>, un jeu t\u00e9l\u00e9vis\u00e9 sous forme de d\u00e9fi culinaire en ondes depuis de nombreuses ann\u00e9es, et <a href=\"https:\/\/www.apartment11.tv\/fr\/productions-tele\/cross-country-fun-hunt\/\"><strong><em>Cross\u00a0Country\u00a0Fun\u00a0Hunt<\/em><\/strong><\/a>, une s\u00e9rie d\u2019aventure multim\u00e9dia qui comprend des \u00e9missions t\u00e9l\u00e9 et un volet en ligne.<\/p>\n<p>Apartment\u00a011 a remport\u00e9 un prix Peabody, de multiples prix Japan, des prix d\u2019excellence de l\u2019Alliance\u00a0M\u00e9dias\u00a0jeunesse, des prix G\u00e9meaux et \u00c9crans\u00a0canadiens, un prix Kidscreen dans la cat\u00e9gorie \u00ab\u00a0choix du public\u00a0\u00bb, en plus d\u2019\u00eatre nomm\u00e9e pour deux \u00a0International\u00a0Emmy\u00a0Awards.[\/vc_column_text][\/vc_column][\/vc_row]\n<\/div>","protected":false},"excerpt":{"rendered":"<p>[vc_row fullwidth=\u00a0\u00bbtrue\u00a0\u00bb][vc_column][rev_slider_vc alias=\u00a0\u00bbbanner-about-1&Prime;][\/vc_column][\/vc_row][vc_row][vc_column width=\u00a0\u00bb1\/4&Prime;][vc_wp_custommenu nav_menu=\u00a0\u00bb10&Prime; el_class=\u00a0\u00bbhidden-sidebar\u00a0\u00bb][\/vc_column][vc_column width=\u00a0\u00bb3\/4&Prime;][vc_column_text] \u00c0 propos d&rsquo;Apartment 11 [\/vc_column_text][vc_column_text css=\u00a0\u00bb.vc_custom_1723654820983{margin-bottom: 0px !important;}\u00a0\u00bb]Fond\u00e9 en 2000 et dirig\u00e9 par son pr\u00e9sident, Jonathan Finkelstein, Apartment 11 d\u00e9livre avec consistance des histoires de qualit\u00e9 et acclam\u00e9es par les critiques pour ses partenaires de diffusion. Le p\u00f4le-cr\u00e9atif bas\u00e9 \u00e0 Montr\u00e9al a produit plus de 325 heures de [&hellip;]<\/p>\n","protected":false},"author":1,"featured_media":0,"parent":0,"menu_order":0,"comment_status":"closed","ping_status":"closed","template":"","meta":{"footnotes":""},"class_list":["post-716","page","type-page","status-publish","hentry"],"yoast_head":"<!-- This site is optimized with the Yoast SEO plugin v27.2 - https:\/\/yoast.com\/product\/yoast-seo-wordpress\/ -->\n<title>\u00c0 propos<\/title>\n<meta name=\"robots\" content=\"index, follow, max-snippet:-1, max-image-preview:large, max-video-preview:-1\" \/>\n<link rel=\"canonical\" href=\"https:\/\/www.apartment11.tv\/fr\/a-propos\/\" \/>\n<meta property=\"og:locale\" content=\"fr_FR\" \/>\n<meta property=\"og:type\" content=\"article\" \/>\n<meta property=\"og:title\" content=\"\u00c0 propos\" \/>\n<meta property=\"og:description\" content=\"[vc_row fullwidth=\u00a0\u00bbtrue\u00a0\u00bb][vc_column][rev_slider_vc alias=\u00a0\u00bbbanner-about-1&Prime;][\/vc_column][\/vc_row][vc_row][vc_column width=\u00a0\u00bb1\/4&Prime;][vc_wp_custommenu nav_menu=\u00a0\u00bb10&Prime; el_class=\u00a0\u00bbhidden-sidebar\u00a0\u00bb][\/vc_column][vc_column width=\u00a0\u00bb3\/4&Prime;][vc_column_text] \u00c0 propos d&rsquo;Apartment 11 [\/vc_column_text][vc_column_text css=\u00a0\u00bb.vc_custom_1723654820983{margin-bottom: 0px !important;}\u00a0\u00bb]Fond\u00e9 en 2000 et dirig\u00e9 par son pr\u00e9sident, Jonathan Finkelstein, Apartment 11 d\u00e9livre avec consistance des histoires de qualit\u00e9 et acclam\u00e9es par les critiques pour ses partenaires de diffusion. Le p\u00f4le-cr\u00e9atif bas\u00e9 \u00e0 Montr\u00e9al a produit plus de 325 heures de [&hellip;]\" \/>\n<meta property=\"og:url\" content=\"https:\/\/www.apartment11.tv\/fr\/a-propos\/\" \/>\n<meta property=\"og:site_name\" content=\"Apartment 11 Productions\" \/>\n<meta property=\"article:publisher\" content=\"https:\/\/www.facebook.com\/Apartment11Productions\" \/>\n<meta property=\"article:modified_time\" content=\"2024-08-14T17:00:22+00:00\" \/>\n<meta name=\"twitter:card\" content=\"summary_large_image\" \/>\n<meta name=\"twitter:site\" content=\"@Apartment11Prod\" \/>\n<meta name=\"twitter:label1\" content=\"Dur\u00e9e de lecture estim\u00e9e\" \/>\n\t<meta name=\"twitter:data1\" content=\"3 minutes\" \/>\n<script type=\"application\/ld+json\" class=\"yoast-schema-graph\">{\"@context\":\"https:\/\/schema.org\",\"@graph\":[{\"@type\":\"WebPage\",\"@id\":\"https:\/\/www.apartment11.tv\/fr\/a-propos\/\",\"url\":\"https:\/\/www.apartment11.tv\/fr\/a-propos\/\",\"name\":\"\u00c0 propos\",\"isPartOf\":{\"@id\":\"https:\/\/www.apartment11.tv\/#website\"},\"datePublished\":\"2015-12-29T19:25:45+00:00\",\"dateModified\":\"2024-08-14T17:00:22+00:00\",\"breadcrumb\":{\"@id\":\"https:\/\/www.apartment11.tv\/fr\/a-propos\/#breadcrumb\"},\"inLanguage\":\"fr-FR\",\"potentialAction\":[{\"@type\":\"ReadAction\",\"target\":[\"https:\/\/www.apartment11.tv\/fr\/a-propos\/\"]}]},{\"@type\":\"BreadcrumbList\",\"@id\":\"https:\/\/www.apartment11.tv\/fr\/a-propos\/#breadcrumb\",\"itemListElement\":[{\"@type\":\"ListItem\",\"position\":1,\"name\":\"Home\",\"item\":\"https:\/\/www.apartment11.tv\/fr\/\"},{\"@type\":\"ListItem\",\"position\":2,\"name\":\"\u00c0 propos\"}]},{\"@type\":\"WebSite\",\"@id\":\"https:\/\/www.apartment11.tv\/#website\",\"url\":\"https:\/\/www.apartment11.tv\/\",\"name\":\"Apartment 11 Productions\",\"description\":\"Award-Winning Television Productions and Cross-Platform Projects for both Adult and Younger Audiences\",\"potentialAction\":[{\"@type\":\"SearchAction\",\"target\":{\"@type\":\"EntryPoint\",\"urlTemplate\":\"https:\/\/www.apartment11.tv\/?s={search_term_string}\"},\"query-input\":{\"@type\":\"PropertyValueSpecification\",\"valueRequired\":true,\"valueName\":\"search_term_string\"}}],\"inLanguage\":\"fr-FR\"}]}<\/script>\n<!-- \/ Yoast SEO plugin. -->","yoast_head_json":{"title":"\u00c0 propos","robots":{"index":"index","follow":"follow","max-snippet":"max-snippet:-1","max-image-preview":"max-image-preview:large","max-video-preview":"max-video-preview:-1"},"canonical":"https:\/\/www.apartment11.tv\/fr\/a-propos\/","og_locale":"fr_FR","og_type":"article","og_title":"\u00c0 propos","og_description":"[vc_row fullwidth=\u00a0\u00bbtrue\u00a0\u00bb][vc_column][rev_slider_vc alias=\u00a0\u00bbbanner-about-1&Prime;][\/vc_column][\/vc_row][vc_row][vc_column width=\u00a0\u00bb1\/4&Prime;][vc_wp_custommenu nav_menu=\u00a0\u00bb10&Prime; el_class=\u00a0\u00bbhidden-sidebar\u00a0\u00bb][\/vc_column][vc_column width=\u00a0\u00bb3\/4&Prime;][vc_column_text] \u00c0 propos d&rsquo;Apartment 11 [\/vc_column_text][vc_column_text css=\u00a0\u00bb.vc_custom_1723654820983{margin-bottom: 0px !important;}\u00a0\u00bb]Fond\u00e9 en 2000 et dirig\u00e9 par son pr\u00e9sident, Jonathan Finkelstein, Apartment 11 d\u00e9livre avec consistance des histoires de qualit\u00e9 et acclam\u00e9es par les critiques pour ses partenaires de diffusion. Le p\u00f4le-cr\u00e9atif bas\u00e9 \u00e0 Montr\u00e9al a produit plus de 325 heures de [&hellip;]","og_url":"https:\/\/www.apartment11.tv\/fr\/a-propos\/","og_site_name":"Apartment 11 Productions","article_publisher":"https:\/\/www.facebook.com\/Apartment11Productions","article_modified_time":"2024-08-14T17:00:22+00:00","twitter_card":"summary_large_image","twitter_site":"@Apartment11Prod","twitter_misc":{"Dur\u00e9e de lecture estim\u00e9e":"3 minutes"},"schema":{"@context":"https:\/\/schema.org","@graph":[{"@type":"WebPage","@id":"https:\/\/www.apartment11.tv\/fr\/a-propos\/","url":"https:\/\/www.apartment11.tv\/fr\/a-propos\/","name":"\u00c0 propos","isPartOf":{"@id":"https:\/\/www.apartment11.tv\/#website"},"datePublished":"2015-12-29T19:25:45+00:00","dateModified":"2024-08-14T17:00:22+00:00","breadcrumb":{"@id":"https:\/\/www.apartment11.tv\/fr\/a-propos\/#breadcrumb"},"inLanguage":"fr-FR","potentialAction":[{"@type":"ReadAction","target":["https:\/\/www.apartment11.tv\/fr\/a-propos\/"]}]},{"@type":"BreadcrumbList","@id":"https:\/\/www.apartment11.tv\/fr\/a-propos\/#breadcrumb","itemListElement":[{"@type":"ListItem","position":1,"name":"Home","item":"https:\/\/www.apartment11.tv\/fr\/"},{"@type":"ListItem","position":2,"name":"\u00c0 propos"}]},{"@type":"WebSite","@id":"https:\/\/www.apartment11.tv\/#website","url":"https:\/\/www.apartment11.tv\/","name":"Apartment 11 Productions","description":"Award-Winning Television Productions and Cross-Platform Projects for both Adult and Younger Audiences","potentialAction":[{"@type":"SearchAction","target":{"@type":"EntryPoint","urlTemplate":"https:\/\/www.apartment11.tv\/?s={search_term_string}"},"query-input":{"@type":"PropertyValueSpecification","valueRequired":true,"valueName":"search_term_string"}}],"inLanguage":"fr-FR"}]}},"_links":{"self":[{"href":"https:\/\/www.apartment11.tv\/fr\/wp-json\/wp\/v2\/pages\/716","targetHints":{"allow":["GET"]}}],"collection":[{"href":"https:\/\/www.apartment11.tv\/fr\/wp-json\/wp\/v2\/pages"}],"about":[{"href":"https:\/\/www.apartment11.tv\/fr\/wp-json\/wp\/v2\/types\/page"}],"author":[{"embeddable":true,"href":"https:\/\/www.apartment11.tv\/fr\/wp-json\/wp\/v2\/users\/1"}],"replies":[{"embeddable":true,"href":"https:\/\/www.apartment11.tv\/fr\/wp-json\/wp\/v2\/comments?post=716"}],"version-history":[{"count":18,"href":"https:\/\/www.apartment11.tv\/fr\/wp-json\/wp\/v2\/pages\/716\/revisions"}],"predecessor-version":[{"id":3294,"href":"https:\/\/www.apartment11.tv\/fr\/wp-json\/wp\/v2\/pages\/716\/revisions\/3294"}],"wp:attachment":[{"href":"https:\/\/www.apartment11.tv\/fr\/wp-json\/wp\/v2\/media?parent=716"}],"curies":[{"name":"wp","href":"https:\/\/api.w.org\/{rel}","templated":true}]}}