{"id":734,"date":"2015-12-29T17:13:22","date_gmt":"2015-12-29T22:13:22","guid":{"rendered":"http:\/\/apartment11.tv\/wordpress\/fr\/?page_id=734"},"modified":"2017-02-09T13:11:05","modified_gmt":"2017-02-09T18:11:05","slug":"politique-de-confidentialite","status":"publish","type":"page","link":"https:\/\/www.apartment11.tv\/fr\/a-propos\/politique-de-confidentialite\/","title":{"rendered":"Politique de confidentialit\u00e9"},"content":{"rendered":"<div class=\"wpb-content-wrapper\">[vc_row fullwidth=\u00a0\u00bbtrue\u00a0\u00bb][vc_column][rev_slider_vc alias=\u00a0\u00bbbanner-about\u00a0\u00bb][\/vc_column][\/vc_row][vc_row][vc_column width=\u00a0\u00bb1\/4&Prime;][vc_wp_custommenu nav_menu=\u00a0\u00bb10&Prime; el_class=\u00a0\u00bbhidden-sidebar\u00a0\u00bb][\/vc_column][vc_column width=\u00a0\u00bb3\/4&Prime;][vc_column_text]\n<h2>Politique de confidentialit\u00e9 &#8211;\u00a0Apartment11.TV<\/h2>\n[\/vc_column_text][vc_column_text]\n<p class=\"main_text\">Derni\u00e8re modification: 2015\/12\/12<\/p>\n<p class=\"main_text\">Apartment11.tv respecte et prot\u00e8ge la confidentialit\u00e9 de ses usagers.<\/p>\n<p class=\"main_text\"><strong>Collecte, usage et partage de renseignements<\/strong><\/p>\n<p class=\"main_text\">Notre contenu en ligne est destin\u00e9 aux adultes. Sauf indication contraire, le seul usage de vos renseignements personnels (surtout les adresses courriels) sert \u00e0 r\u00e9pondre \u00e0 des questions ou \u00e0 des demandes de renseignements avant d\u2019\u00eatre supprim\u00e9s imm\u00e9diatement apr\u00e8s.<\/p>\n<p class=\"main_text\">Nous effectuons la collecte de donn\u00e9es non-personnelles (tel l\u2019\u00e2ge et le sexe) uniquement afin de compiler des renseignements d\u00e9mographiques et de permettre des analyses statistiques. Sauf indication contraire, nul renseignement n\u2019est transmis \u00e0 un tiers. Ce site peut avoir des hyperliens \u00e0 des sites de m\u00e9dias sociaux qui ont leurs propres politiques de confidentialit\u00e9; en acc\u00e9dant \u00e0 ces sites, vous serez soumis \u00e0 leurs politiques.<\/p>\n<p class=\"main_text\">Pour vous abonner \u00e0 notre bulletin \u00e9lectronique, nous devons collecter votre adresse courriel. \u00c0 tout moment, vous (ou vos parents) pouvez mettre fin \u00e0 votre abonnement \u00e0 notre bulletin \u00e9lectronique et vos renseignements personnels seront supprim\u00e9s.<\/p>\n<p class=\"main_text\"><strong>Courriels<\/strong><\/p>\n<p class=\"main_text\">Les communications envoy\u00e9es \u00e0 Apartment 11 Productions sont directement transmises \u00e0 notre bo\u00eete de r\u00e9ception administrative. Le destinateur peut choisir d\u2019inclure tout renseignement personnel \u00e0 sa guise et ces informations ne seront jamais vendues. Cependant, elles peuvent \u00eatre utilis\u00e9es dans l\u2019une de nos r\u00e9alisations ou bien directement sur notre site Web. Ces renseignements ne seront jamais pr\u00e9sent\u00e9s de fa\u00e7on \u00e0 permettre l\u2019identification de l\u2019exp\u00e9diteur.<\/p>\n<p class=\"main_text\">En s\u2019abonnant au bulletin \u00e9lectronique, l\u2019usager autorise Apartment 11 Productions \u00e0 envoyer des bulletins et autres informations sur ses activit\u00e9s \u00e0 l\u2019occasion. L\u2019abonnement au bulletin peut \u00eatre r\u00e9sili\u00e9 en tout temps en suivant la simple d\u00e9marche expliqu\u00e9e dans le bulletin.<\/p>\n<p class=\"main_text\">Tenant compte de l\u2019\u00e9volution continuelle du Web, cette Politique peut \u00eatre modifi\u00e9e \u00e0 tout moment \u00e0 la discr\u00e9tion d\u2019Apartment 11 Production. La date de la derni\u00e8re mise \u00e0 jour figure au d\u00e9but de cette page.<\/p>\n<p class=\"main_text\"><strong>Renseignements<\/strong><\/p>\n<p class=\"main_text\">Pour toutes questions, commentaires ou pr\u00e9occupations concernant notre politique de confidentialit\u00e9, veuillez contacter :<\/p>\n<p class=\"main_text\">Mindy Laxer<br \/>\n<a href=\"mailto:mindy@apartment11.tv\">mindy@apartment11.tv<\/a><br \/>\nApartment 11 Productions Inc.<br \/>\n1001 rue Lenoir,\u00a0Suite A-418<br \/>\nMontr\u00e9al, Qu\u00e9bec<br \/>\nH4C 2Z6<\/p>\n<p>T: 514 282-0776<br \/>\nF: 514 282-6628<\/p>\n<p class=\"main_text\">Nos bureaux, situ\u00e9s \u00e0 Montr\u00e9al, sont ouverts de 9 h \u00e0 17 h du lundi au vendredi.<\/p>\n[\/vc_column_text][\/vc_column][\/vc_row]\n<\/div>","protected":false},"excerpt":{"rendered":"<p>[vc_row fullwidth=\u00a0\u00bbtrue\u00a0\u00bb][vc_column][rev_slider_vc alias=\u00a0\u00bbbanner-about\u00a0\u00bb][\/vc_column][\/vc_row][vc_row][vc_column width=\u00a0\u00bb1\/4&Prime;][vc_wp_custommenu nav_menu=\u00a0\u00bb10&Prime; el_class=\u00a0\u00bbhidden-sidebar\u00a0\u00bb][\/vc_column][vc_column width=\u00a0\u00bb3\/4&Prime;][vc_column_text] Politique de confidentialit\u00e9 &#8211;\u00a0Apartment11.TV [\/vc_column_text][vc_column_text] Derni\u00e8re modification: 2015\/12\/12 Apartment11.tv respecte et prot\u00e8ge la confidentialit\u00e9 de ses usagers. Collecte, usage et partage de renseignements Notre contenu en ligne est destin\u00e9 aux adultes. Sauf indication contraire, le seul usage de vos renseignements personnels (surtout les adresses courriels) sert \u00e0 r\u00e9pondre [&hellip;]<\/p>\n","protected":false},"author":1,"featured_media":0,"parent":716,"menu_order":0,"comment_status":"closed","ping_status":"closed","template":"","meta":{"footnotes":""},"class_list":["post-734","page","type-page","status-publish","hentry"],"yoast_head":"<!-- This site is optimized with the Yoast SEO plugin v27.2 - https:\/\/yoast.com\/product\/yoast-seo-wordpress\/ -->\n<title>Politique de confidentialit\u00e9<\/title>\n<meta name=\"description\" content=\"Politique de confidentialit\u00e9\" \/>\n<meta name=\"robots\" content=\"index, follow, max-snippet:-1, max-image-preview:large, max-video-preview:-1\" \/>\n<link rel=\"canonical\" href=\"https:\/\/www.apartment11.tv\/fr\/a-propos\/politique-de-confidentialite\/\" \/>\n<meta property=\"og:locale\" content=\"fr_FR\" \/>\n<meta property=\"og:type\" content=\"article\" \/>\n<meta property=\"og:title\" content=\"Politique de confidentialit\u00e9\" \/>\n<meta property=\"og:description\" content=\"Politique de confidentialit\u00e9\" \/>\n<meta property=\"og:url\" content=\"https:\/\/www.apartment11.tv\/fr\/a-propos\/politique-de-confidentialite\/\" \/>\n<meta property=\"og:site_name\" content=\"Apartment 11 Productions\" \/>\n<meta property=\"article:publisher\" content=\"https:\/\/www.facebook.com\/Apartment11Productions\" \/>\n<meta property=\"article:modified_time\" content=\"2017-02-09T18:11:05+00:00\" \/>\n<meta name=\"twitter:card\" content=\"summary_large_image\" \/>\n<meta name=\"twitter:site\" content=\"@Apartment11Prod\" \/>\n<meta name=\"twitter:label1\" content=\"Dur\u00e9e de lecture estim\u00e9e\" \/>\n\t<meta name=\"twitter:data1\" content=\"2 minutes\" \/>\n<script type=\"application\/ld+json\" class=\"yoast-schema-graph\">{\"@context\":\"https:\/\/schema.org\",\"@graph\":[{\"@type\":\"WebPage\",\"@id\":\"https:\/\/www.apartment11.tv\/fr\/a-propos\/politique-de-confidentialite\/\",\"url\":\"https:\/\/www.apartment11.tv\/fr\/a-propos\/politique-de-confidentialite\/\",\"name\":\"Politique de confidentialit\u00e9\",\"isPartOf\":{\"@id\":\"https:\/\/www.apartment11.tv\/#website\"},\"datePublished\":\"2015-12-29T22:13:22+00:00\",\"dateModified\":\"2017-02-09T18:11:05+00:00\",\"description\":\"Politique de confidentialit\u00e9\",\"breadcrumb\":{\"@id\":\"https:\/\/www.apartment11.tv\/fr\/a-propos\/politique-de-confidentialite\/#breadcrumb\"},\"inLanguage\":\"fr-FR\",\"potentialAction\":[{\"@type\":\"ReadAction\",\"target\":[\"https:\/\/www.apartment11.tv\/fr\/a-propos\/politique-de-confidentialite\/\"]}]},{\"@type\":\"BreadcrumbList\",\"@id\":\"https:\/\/www.apartment11.tv\/fr\/a-propos\/politique-de-confidentialite\/#breadcrumb\",\"itemListElement\":[{\"@type\":\"ListItem\",\"position\":1,\"name\":\"Home\",\"item\":\"https:\/\/www.apartment11.tv\/fr\/\"},{\"@type\":\"ListItem\",\"position\":2,\"name\":\"\u00c0 propos\",\"item\":\"https:\/\/www.apartment11.tv\/fr\/a-propos\/\"},{\"@type\":\"ListItem\",\"position\":3,\"name\":\"Politique de confidentialit\u00e9\"}]},{\"@type\":\"WebSite\",\"@id\":\"https:\/\/www.apartment11.tv\/#website\",\"url\":\"https:\/\/www.apartment11.tv\/\",\"name\":\"Apartment 11 Productions\",\"description\":\"Award-Winning Television Productions and Cross-Platform Projects for both Adult and Younger Audiences\",\"potentialAction\":[{\"@type\":\"SearchAction\",\"target\":{\"@type\":\"EntryPoint\",\"urlTemplate\":\"https:\/\/www.apartment11.tv\/?s={search_term_string}\"},\"query-input\":{\"@type\":\"PropertyValueSpecification\",\"valueRequired\":true,\"valueName\":\"search_term_string\"}}],\"inLanguage\":\"fr-FR\"}]}<\/script>\n<!-- \/ Yoast SEO plugin. -->","yoast_head_json":{"title":"Politique de confidentialit\u00e9","description":"Politique de confidentialit\u00e9","robots":{"index":"index","follow":"follow","max-snippet":"max-snippet:-1","max-image-preview":"max-image-preview:large","max-video-preview":"max-video-preview:-1"},"canonical":"https:\/\/www.apartment11.tv\/fr\/a-propos\/politique-de-confidentialite\/","og_locale":"fr_FR","og_type":"article","og_title":"Politique de confidentialit\u00e9","og_description":"Politique de confidentialit\u00e9","og_url":"https:\/\/www.apartment11.tv\/fr\/a-propos\/politique-de-confidentialite\/","og_site_name":"Apartment 11 Productions","article_publisher":"https:\/\/www.facebook.com\/Apartment11Productions","article_modified_time":"2017-02-09T18:11:05+00:00","twitter_card":"summary_large_image","twitter_site":"@Apartment11Prod","twitter_misc":{"Dur\u00e9e de lecture estim\u00e9e":"2 minutes"},"schema":{"@context":"https:\/\/schema.org","@graph":[{"@type":"WebPage","@id":"https:\/\/www.apartment11.tv\/fr\/a-propos\/politique-de-confidentialite\/","url":"https:\/\/www.apartment11.tv\/fr\/a-propos\/politique-de-confidentialite\/","name":"Politique de confidentialit\u00e9","isPartOf":{"@id":"https:\/\/www.apartment11.tv\/#website"},"datePublished":"2015-12-29T22:13:22+00:00","dateModified":"2017-02-09T18:11:05+00:00","description":"Politique de confidentialit\u00e9","breadcrumb":{"@id":"https:\/\/www.apartment11.tv\/fr\/a-propos\/politique-de-confidentialite\/#breadcrumb"},"inLanguage":"fr-FR","potentialAction":[{"@type":"ReadAction","target":["https:\/\/www.apartment11.tv\/fr\/a-propos\/politique-de-confidentialite\/"]}]},{"@type":"BreadcrumbList","@id":"https:\/\/www.apartment11.tv\/fr\/a-propos\/politique-de-confidentialite\/#breadcrumb","itemListElement":[{"@type":"ListItem","position":1,"name":"Home","item":"https:\/\/www.apartment11.tv\/fr\/"},{"@type":"ListItem","position":2,"name":"\u00c0 propos","item":"https:\/\/www.apartment11.tv\/fr\/a-propos\/"},{"@type":"ListItem","position":3,"name":"Politique de confidentialit\u00e9"}]},{"@type":"WebSite","@id":"https:\/\/www.apartment11.tv\/#website","url":"https:\/\/www.apartment11.tv\/","name":"Apartment 11 Productions","description":"Award-Winning Television Productions and Cross-Platform Projects for both Adult and Younger Audiences","potentialAction":[{"@type":"SearchAction","target":{"@type":"EntryPoint","urlTemplate":"https:\/\/www.apartment11.tv\/?s={search_term_string}"},"query-input":{"@type":"PropertyValueSpecification","valueRequired":true,"valueName":"search_term_string"}}],"inLanguage":"fr-FR"}]}},"_links":{"self":[{"href":"https:\/\/www.apartment11.tv\/fr\/wp-json\/wp\/v2\/pages\/734","targetHints":{"allow":["GET"]}}],"collection":[{"href":"https:\/\/www.apartment11.tv\/fr\/wp-json\/wp\/v2\/pages"}],"about":[{"href":"https:\/\/www.apartment11.tv\/fr\/wp-json\/wp\/v2\/types\/page"}],"author":[{"embeddable":true,"href":"https:\/\/www.apartment11.tv\/fr\/wp-json\/wp\/v2\/users\/1"}],"replies":[{"embeddable":true,"href":"https:\/\/www.apartment11.tv\/fr\/wp-json\/wp\/v2\/comments?post=734"}],"version-history":[{"count":5,"href":"https:\/\/www.apartment11.tv\/fr\/wp-json\/wp\/v2\/pages\/734\/revisions"}],"predecessor-version":[{"id":1406,"href":"https:\/\/www.apartment11.tv\/fr\/wp-json\/wp\/v2\/pages\/734\/revisions\/1406"}],"up":[{"embeddable":true,"href":"https:\/\/www.apartment11.tv\/fr\/wp-json\/wp\/v2\/pages\/716"}],"wp:attachment":[{"href":"https:\/\/www.apartment11.tv\/fr\/wp-json\/wp\/v2\/media?parent=734"}],"curies":[{"name":"wp","href":"https:\/\/api.w.org\/{rel}","templated":true}]}}