{"id":752,"date":"2015-12-29T20:05:28","date_gmt":"2015-12-30T01:05:28","guid":{"rendered":"http:\/\/apartment11.tv\/wordpress\/fr\/?page_id=752"},"modified":"2016-01-19T12:53:03","modified_gmt":"2016-01-19T17:53:03","slug":"jonathan-finkelstein","status":"publish","type":"page","link":"https:\/\/www.apartment11.tv\/fr\/a-propos\/notre-equipe\/jonathan-finkelstein\/","title":{"rendered":"Jonathan Finkelstein"},"content":{"rendered":"<div class=\"wpb-content-wrapper\">[vc_row fullwidth=\u00a0\u00bbtrue\u00a0\u00bb][vc_column][rev_slider_vc alias=\u00a0\u00bbbanner-about\u00a0\u00bb][\/vc_column][\/vc_row][vc_row][vc_column width=\u00a0\u00bb1\/4&Prime;][vc_wp_custommenu nav_menu=\u00a0\u00bb10&Prime; el_class=\u00a0\u00bbhidden-sidebar\u00a0\u00bb][\/vc_column][vc_column width=\u00a0\u00bb3\/4&Prime;][vc_column_text]\n<h2>Jonathan Finkelstein<br \/>\nPr\u00e9sident et producteur ex\u00e9cutif<\/h2>\n[\/vc_column_text][vc_column_text]\n<p class=\"main_text\"><img loading=\"lazy\" decoding=\"async\" class=\"imgleft alignleft wp-image-105 size-full\" src=\"http:\/\/apartment11.tv\/wp-content\/uploads\/bios\/jonathan.jpg\" alt=\"jonathan\" width=\"184\" height=\"240\" \/><\/p>\n<p class=\"main_text\">Jonathan Finkelstein a cr\u00e9\u00e9 sept programmes t\u00e9l\u00e9vis\u00e9s pour les jeunes, il a produit plus de 600 \u00e9missions d\u2019une demi-heure qui comptent parmi les pr\u00e9f\u00e9r\u00e9es du public et il est r\u00e9cipiendaire de plusieurs prix internationaux.<\/p>\n<p class=\"main_text\">Les \u00e9missions produites par Jonathan chez Apartment 11 comprennent <em>Mystery Hunters<\/em>,<em>Prank Patrol<\/em>, <em>Surprise! It\u2019s Edible! Incredible!, In Real Life<\/em>, <em>Way Off Broadway<\/em>, <em>Cross Country Fun Hunt <\/em>et <em>Finding Stuff Out<\/em>. Il a \u00e9galement agi \u00e0 titre de producteur d\u00e9l\u00e9gu\u00e9, de producteur et de coauteur du documentaire <em>Endommag\u00e9&#8230; Prise II (Braindamadj&rsquo;d&#8230; Take II)<\/em>, r\u00e9alis\u00e9 par Paul Nadler. Ce film, qui a remport\u00e9 le prestigieux prix George Foster Peabody, a \u00e9t\u00e9 diffus\u00e9 \u00e0 travers le monde et a \u00e9t\u00e9 mis en nomination dans cinq cat\u00e9gories aux Prix G\u00e9meaux, dont celle du Meilleur documentaire : portrait et biographie.<\/p>\n<p class=\"main_text\">Avant de fonder Apartment 11, la force cr\u00e9atrice de Jonathan a donn\u00e9 naissance \u00e0 plusieurs \u00e9missions jeunesses et ados : Jonathan a \u00e9t\u00e9 auteur, sc\u00e9nariste et producteur de l\u2019\u00e9mission <em>Popular Mechanics for Kids (v\/f Super M\u00e9canix)<\/em>, une s\u00e9rie portant sur des d\u00e9couvertes scientifiques et technologiques. Elle a \u00e9t\u00e9 diffus\u00e9e dans 90% des cha\u00eenes t\u00e9l\u00e9visuelles am\u00e9ricaines et sur le r\u00e9seau Global au Canada. Jonathan a aussi \u00e9t\u00e9 cocr\u00e9ateur et producteur de l\u2019\u00e9mission <em>YAA! To the M@X<\/em> pour YTV, cocr\u00e9ateur de l\u2019\u00e9mission culinaire pour enfants <em>Fun Food Frenzy<\/em> pour TV Ontario, et producteur principal de <em>Street Cents<\/em>, une s\u00e9rie irr\u00e9v\u00e9rencieuse pour adolescents traitant des enjeux de la consommation, qui a \u00e9t\u00e9 diffus\u00e9e pendant plusieurs ann\u00e9es \u00e0 CBC.<\/p>\n[\/vc_column_text][\/vc_column][\/vc_row]\n<\/div>","protected":false},"excerpt":{"rendered":"<p>[vc_row fullwidth=\u00a0\u00bbtrue\u00a0\u00bb][vc_column][rev_slider_vc alias=\u00a0\u00bbbanner-about\u00a0\u00bb][\/vc_column][\/vc_row][vc_row][vc_column width=\u00a0\u00bb1\/4&Prime;][vc_wp_custommenu nav_menu=\u00a0\u00bb10&Prime; el_class=\u00a0\u00bbhidden-sidebar\u00a0\u00bb][\/vc_column][vc_column width=\u00a0\u00bb3\/4&Prime;][vc_column_text] Jonathan Finkelstein Pr\u00e9sident et producteur ex\u00e9cutif [\/vc_column_text][vc_column_text] Jonathan Finkelstein a cr\u00e9\u00e9 sept programmes t\u00e9l\u00e9vis\u00e9s pour les jeunes, il a produit plus de 600 \u00e9missions d\u2019une demi-heure qui comptent parmi les pr\u00e9f\u00e9r\u00e9es du public et il est r\u00e9cipiendaire de plusieurs prix internationaux. Les \u00e9missions produites par Jonathan chez Apartment [&hellip;]<\/p>\n","protected":false},"author":1,"featured_media":0,"parent":742,"menu_order":0,"comment_status":"closed","ping_status":"closed","template":"","meta":{"footnotes":""},"class_list":["post-752","page","type-page","status-publish","hentry"],"yoast_head":"<!-- This site is optimized with the Yoast SEO plugin v27.2 - https:\/\/yoast.com\/product\/yoast-seo-wordpress\/ -->\n<title>Jonathan Finkelstein<\/title>\n<meta name=\"description\" content=\"Jonathan Finkelstein a cr\u00e9\u00e9 sept programmes t\u00e9l\u00e9vis\u00e9s pour les jeunes, il a produit plus de 600 \u00e9missions d\u2019une demi-heure qui comptent parmi les pr\u00e9f\u00e9r\u00e9es du public et il est r\u00e9cipiendaire de plusieurs prix internationaux\" \/>\n<meta name=\"robots\" content=\"index, follow, max-snippet:-1, max-image-preview:large, max-video-preview:-1\" \/>\n<link rel=\"canonical\" href=\"https:\/\/www.apartment11.tv\/fr\/a-propos\/notre-equipe\/jonathan-finkelstein\/\" \/>\n<meta property=\"og:locale\" content=\"fr_FR\" \/>\n<meta property=\"og:type\" content=\"article\" \/>\n<meta property=\"og:title\" content=\"Jonathan Finkelstein\" \/>\n<meta property=\"og:description\" content=\"Jonathan Finkelstein a cr\u00e9\u00e9 sept programmes t\u00e9l\u00e9vis\u00e9s pour les jeunes, il a produit plus de 600 \u00e9missions d\u2019une demi-heure qui comptent parmi les pr\u00e9f\u00e9r\u00e9es du public et il est r\u00e9cipiendaire de plusieurs prix internationaux\" \/>\n<meta property=\"og:url\" content=\"https:\/\/www.apartment11.tv\/fr\/a-propos\/notre-equipe\/jonathan-finkelstein\/\" \/>\n<meta property=\"og:site_name\" content=\"Apartment 11 Productions\" \/>\n<meta property=\"article:publisher\" content=\"https:\/\/www.facebook.com\/Apartment11Productions\" \/>\n<meta property=\"article:modified_time\" content=\"2016-01-19T17:53:03+00:00\" \/>\n<meta property=\"og:image\" content=\"http:\/\/apartment11.tv\/wp-content\/uploads\/bios\/jonathan.jpg\" \/>\n<meta name=\"twitter:card\" content=\"summary_large_image\" \/>\n<meta name=\"twitter:site\" content=\"@Apartment11Prod\" \/>\n<meta name=\"twitter:label1\" content=\"Dur\u00e9e de lecture estim\u00e9e\" \/>\n\t<meta name=\"twitter:data1\" content=\"2 minutes\" \/>\n<script type=\"application\/ld+json\" class=\"yoast-schema-graph\">{\"@context\":\"https:\/\/schema.org\",\"@graph\":[{\"@type\":\"WebPage\",\"@id\":\"https:\/\/www.apartment11.tv\/fr\/a-propos\/notre-equipe\/jonathan-finkelstein\/\",\"url\":\"https:\/\/www.apartment11.tv\/fr\/a-propos\/notre-equipe\/jonathan-finkelstein\/\",\"name\":\"Jonathan Finkelstein\",\"isPartOf\":{\"@id\":\"https:\/\/www.apartment11.tv\/#website\"},\"primaryImageOfPage\":{\"@id\":\"https:\/\/www.apartment11.tv\/fr\/a-propos\/notre-equipe\/jonathan-finkelstein\/#primaryimage\"},\"image\":{\"@id\":\"https:\/\/www.apartment11.tv\/fr\/a-propos\/notre-equipe\/jonathan-finkelstein\/#primaryimage\"},\"thumbnailUrl\":\"http:\/\/apartment11.tv\/wp-content\/uploads\/bios\/jonathan.jpg\",\"datePublished\":\"2015-12-30T01:05:28+00:00\",\"dateModified\":\"2016-01-19T17:53:03+00:00\",\"description\":\"Jonathan Finkelstein a cr\u00e9\u00e9 sept programmes t\u00e9l\u00e9vis\u00e9s pour les jeunes, il a produit plus de 600 \u00e9missions d\u2019une demi-heure qui comptent parmi les pr\u00e9f\u00e9r\u00e9es du public et il est r\u00e9cipiendaire de plusieurs prix internationaux\",\"breadcrumb\":{\"@id\":\"https:\/\/www.apartment11.tv\/fr\/a-propos\/notre-equipe\/jonathan-finkelstein\/#breadcrumb\"},\"inLanguage\":\"fr-FR\",\"potentialAction\":[{\"@type\":\"ReadAction\",\"target\":[\"https:\/\/www.apartment11.tv\/fr\/a-propos\/notre-equipe\/jonathan-finkelstein\/\"]}]},{\"@type\":\"ImageObject\",\"inLanguage\":\"fr-FR\",\"@id\":\"https:\/\/www.apartment11.tv\/fr\/a-propos\/notre-equipe\/jonathan-finkelstein\/#primaryimage\",\"url\":\"http:\/\/apartment11.tv\/wp-content\/uploads\/bios\/jonathan.jpg\",\"contentUrl\":\"http:\/\/apartment11.tv\/wp-content\/uploads\/bios\/jonathan.jpg\"},{\"@type\":\"BreadcrumbList\",\"@id\":\"https:\/\/www.apartment11.tv\/fr\/a-propos\/notre-equipe\/jonathan-finkelstein\/#breadcrumb\",\"itemListElement\":[{\"@type\":\"ListItem\",\"position\":1,\"name\":\"Home\",\"item\":\"https:\/\/www.apartment11.tv\/fr\/\"},{\"@type\":\"ListItem\",\"position\":2,\"name\":\"\u00c0 propos\",\"item\":\"https:\/\/www.apartment11.tv\/fr\/a-propos\/\"},{\"@type\":\"ListItem\",\"position\":3,\"name\":\"Notre \u00e9quipe\",\"item\":\"https:\/\/www.apartment11.tv\/fr\/a-propos\/notre-equipe\/\"},{\"@type\":\"ListItem\",\"position\":4,\"name\":\"Jonathan Finkelstein\"}]},{\"@type\":\"WebSite\",\"@id\":\"https:\/\/www.apartment11.tv\/#website\",\"url\":\"https:\/\/www.apartment11.tv\/\",\"name\":\"Apartment 11 Productions\",\"description\":\"Award-Winning Television Productions and Cross-Platform Projects for both Adult and Younger Audiences\",\"potentialAction\":[{\"@type\":\"SearchAction\",\"target\":{\"@type\":\"EntryPoint\",\"urlTemplate\":\"https:\/\/www.apartment11.tv\/?s={search_term_string}\"},\"query-input\":{\"@type\":\"PropertyValueSpecification\",\"valueRequired\":true,\"valueName\":\"search_term_string\"}}],\"inLanguage\":\"fr-FR\"}]}<\/script>\n<!-- \/ Yoast SEO plugin. -->","yoast_head_json":{"title":"Jonathan Finkelstein","description":"Jonathan Finkelstein a cr\u00e9\u00e9 sept programmes t\u00e9l\u00e9vis\u00e9s pour les jeunes, il a produit plus de 600 \u00e9missions d\u2019une demi-heure qui comptent parmi les pr\u00e9f\u00e9r\u00e9es du public et il est r\u00e9cipiendaire de plusieurs prix internationaux","robots":{"index":"index","follow":"follow","max-snippet":"max-snippet:-1","max-image-preview":"max-image-preview:large","max-video-preview":"max-video-preview:-1"},"canonical":"https:\/\/www.apartment11.tv\/fr\/a-propos\/notre-equipe\/jonathan-finkelstein\/","og_locale":"fr_FR","og_type":"article","og_title":"Jonathan Finkelstein","og_description":"Jonathan Finkelstein a cr\u00e9\u00e9 sept programmes t\u00e9l\u00e9vis\u00e9s pour les jeunes, il a produit plus de 600 \u00e9missions d\u2019une demi-heure qui comptent parmi les pr\u00e9f\u00e9r\u00e9es du public et il est r\u00e9cipiendaire de plusieurs prix internationaux","og_url":"https:\/\/www.apartment11.tv\/fr\/a-propos\/notre-equipe\/jonathan-finkelstein\/","og_site_name":"Apartment 11 Productions","article_publisher":"https:\/\/www.facebook.com\/Apartment11Productions","article_modified_time":"2016-01-19T17:53:03+00:00","og_image":[{"url":"http:\/\/apartment11.tv\/wp-content\/uploads\/bios\/jonathan.jpg","type":"","width":"","height":""}],"twitter_card":"summary_large_image","twitter_site":"@Apartment11Prod","twitter_misc":{"Dur\u00e9e de lecture estim\u00e9e":"2 minutes"},"schema":{"@context":"https:\/\/schema.org","@graph":[{"@type":"WebPage","@id":"https:\/\/www.apartment11.tv\/fr\/a-propos\/notre-equipe\/jonathan-finkelstein\/","url":"https:\/\/www.apartment11.tv\/fr\/a-propos\/notre-equipe\/jonathan-finkelstein\/","name":"Jonathan Finkelstein","isPartOf":{"@id":"https:\/\/www.apartment11.tv\/#website"},"primaryImageOfPage":{"@id":"https:\/\/www.apartment11.tv\/fr\/a-propos\/notre-equipe\/jonathan-finkelstein\/#primaryimage"},"image":{"@id":"https:\/\/www.apartment11.tv\/fr\/a-propos\/notre-equipe\/jonathan-finkelstein\/#primaryimage"},"thumbnailUrl":"http:\/\/apartment11.tv\/wp-content\/uploads\/bios\/jonathan.jpg","datePublished":"2015-12-30T01:05:28+00:00","dateModified":"2016-01-19T17:53:03+00:00","description":"Jonathan Finkelstein a cr\u00e9\u00e9 sept programmes t\u00e9l\u00e9vis\u00e9s pour les jeunes, il a produit plus de 600 \u00e9missions d\u2019une demi-heure qui comptent parmi les pr\u00e9f\u00e9r\u00e9es du public et il est r\u00e9cipiendaire de plusieurs prix internationaux","breadcrumb":{"@id":"https:\/\/www.apartment11.tv\/fr\/a-propos\/notre-equipe\/jonathan-finkelstein\/#breadcrumb"},"inLanguage":"fr-FR","potentialAction":[{"@type":"ReadAction","target":["https:\/\/www.apartment11.tv\/fr\/a-propos\/notre-equipe\/jonathan-finkelstein\/"]}]},{"@type":"ImageObject","inLanguage":"fr-FR","@id":"https:\/\/www.apartment11.tv\/fr\/a-propos\/notre-equipe\/jonathan-finkelstein\/#primaryimage","url":"http:\/\/apartment11.tv\/wp-content\/uploads\/bios\/jonathan.jpg","contentUrl":"http:\/\/apartment11.tv\/wp-content\/uploads\/bios\/jonathan.jpg"},{"@type":"BreadcrumbList","@id":"https:\/\/www.apartment11.tv\/fr\/a-propos\/notre-equipe\/jonathan-finkelstein\/#breadcrumb","itemListElement":[{"@type":"ListItem","position":1,"name":"Home","item":"https:\/\/www.apartment11.tv\/fr\/"},{"@type":"ListItem","position":2,"name":"\u00c0 propos","item":"https:\/\/www.apartment11.tv\/fr\/a-propos\/"},{"@type":"ListItem","position":3,"name":"Notre \u00e9quipe","item":"https:\/\/www.apartment11.tv\/fr\/a-propos\/notre-equipe\/"},{"@type":"ListItem","position":4,"name":"Jonathan Finkelstein"}]},{"@type":"WebSite","@id":"https:\/\/www.apartment11.tv\/#website","url":"https:\/\/www.apartment11.tv\/","name":"Apartment 11 Productions","description":"Award-Winning Television Productions and Cross-Platform Projects for both Adult and Younger Audiences","potentialAction":[{"@type":"SearchAction","target":{"@type":"EntryPoint","urlTemplate":"https:\/\/www.apartment11.tv\/?s={search_term_string}"},"query-input":{"@type":"PropertyValueSpecification","valueRequired":true,"valueName":"search_term_string"}}],"inLanguage":"fr-FR"}]}},"_links":{"self":[{"href":"https:\/\/www.apartment11.tv\/fr\/wp-json\/wp\/v2\/pages\/752","targetHints":{"allow":["GET"]}}],"collection":[{"href":"https:\/\/www.apartment11.tv\/fr\/wp-json\/wp\/v2\/pages"}],"about":[{"href":"https:\/\/www.apartment11.tv\/fr\/wp-json\/wp\/v2\/types\/page"}],"author":[{"embeddable":true,"href":"https:\/\/www.apartment11.tv\/fr\/wp-json\/wp\/v2\/users\/1"}],"replies":[{"embeddable":true,"href":"https:\/\/www.apartment11.tv\/fr\/wp-json\/wp\/v2\/comments?post=752"}],"version-history":[{"count":3,"href":"https:\/\/www.apartment11.tv\/fr\/wp-json\/wp\/v2\/pages\/752\/revisions"}],"predecessor-version":[{"id":990,"href":"https:\/\/www.apartment11.tv\/fr\/wp-json\/wp\/v2\/pages\/752\/revisions\/990"}],"up":[{"embeddable":true,"href":"https:\/\/www.apartment11.tv\/fr\/wp-json\/wp\/v2\/pages\/742"}],"wp:attachment":[{"href":"https:\/\/www.apartment11.tv\/fr\/wp-json\/wp\/v2\/media?parent=752"}],"curies":[{"name":"wp","href":"https:\/\/api.w.org\/{rel}","templated":true}]}}