{"id":754,"date":"2015-12-29T20:06:55","date_gmt":"2015-12-30T01:06:55","guid":{"rendered":"http:\/\/apartment11.tv\/wordpress\/fr\/?page_id=754"},"modified":"2017-04-04T16:31:35","modified_gmt":"2017-04-04T20:31:35","slug":"mindy-laxer","status":"publish","type":"page","link":"https:\/\/www.apartment11.tv\/fr\/a-propos\/notre-equipe\/mindy-laxer\/","title":{"rendered":"Mindy Laxer"},"content":{"rendered":"<div class=\"wpb-content-wrapper\">[vc_row fullwidth=\u00a0\u00bbtrue\u00a0\u00bb][vc_column][rev_slider_vc alias=\u00a0\u00bbbanner-about\u00a0\u00bb][\/vc_column][\/vc_row][vc_row][vc_column width=\u00a0\u00bb1\/4&Prime;][vc_wp_custommenu nav_menu=\u00a0\u00bb10&Prime; el_class=\u00a0\u00bbhidden-sidebar\u00a0\u00bb][\/vc_column][vc_column width=\u00a0\u00bb3\/4&Prime;][vc_column_text]\n<h2>Mindy Laxer<br \/>\nVice-pr\u00e9sidente principale et productrice executive<\/h2>\n[\/vc_column_text][vc_column_text]\n<p class=\"main_text\"><img loading=\"lazy\" decoding=\"async\" class=\"imgleft alignleft wp-image-106 size-full\" src=\"http:\/\/apartment11.tv\/wp-content\/uploads\/bios\/mindy.jpg\" alt=\"mindy\" width=\"184\" height=\"240\" \/><\/p>\n<p class=\"main_text\">Mindy Laxer joue un r\u00f4le de premier plan dans les secteurs commerciaux et cr\u00e9atifs d\u2019Apartment 11. Elle est \u00e0 l\u2019affut des opportunit\u00e9s quant \u00e0 la vente de licences et de relations strat\u00e9giques relativement aux propri\u00e9t\u00e9s intellectuelles de l\u2019entreprise.<\/p>\n<p class=\"main_text\">Mindy a d\u00e9but\u00e9 sa carri\u00e8re t\u00e9l\u00e9visuelle chez TVA International, en travaillant d\u2019abord dans le secteur du film et ensuite dans la division des \u00e9missions pour enfants, \u00e0 titre de coordonnatrice de production pour les s\u00e9ries\u00a0<em>Popular Mechanics for Kids<\/em> et <em>YAA! To The M@X.<\/em> Elle a aussi oeuvr\u00e9 chez Galafilm, sur le t\u00e9l\u00e9film <em>Agent of Influence<\/em>, r\u00e9alis\u00e9 pour CTV, et sur le long m\u00e9trage pour tous <em>The Blue Butterfly<\/em>.<\/p>\n<p class=\"main_text\">Avec ce bagage professionnel, Mindy est bien \u00e0 sa place chez Apartment 11, une entreprise sp\u00e9cialis\u00e9e dans les \u00e9missions pour enfants. Ant\u00e9rieurement \u00e0 sa carri\u00e8re t\u00e9l\u00e9visuelle, Mindy a aussi enseign\u00e9 dix ans \u00e0 l\u2019\u00e9cole primaire, o\u00f9 son dynamisme lui a m\u00e9rit\u00e9 le \u00ab Reader&rsquo;s Digest Leadership in Education Award \u00bb.<\/p>\n[\/vc_column_text][mk_padding_divider][\/vc_column][\/vc_row]\n<\/div>","protected":false},"excerpt":{"rendered":"<p>[vc_row fullwidth=\u00a0\u00bbtrue\u00a0\u00bb][vc_column][rev_slider_vc alias=\u00a0\u00bbbanner-about\u00a0\u00bb][\/vc_column][\/vc_row][vc_row][vc_column width=\u00a0\u00bb1\/4&Prime;][vc_wp_custommenu nav_menu=\u00a0\u00bb10&Prime; el_class=\u00a0\u00bbhidden-sidebar\u00a0\u00bb][\/vc_column][vc_column width=\u00a0\u00bb3\/4&Prime;][vc_column_text] Mindy Laxer Vice-pr\u00e9sidente principale et productrice executive [\/vc_column_text][vc_column_text] Mindy Laxer joue un r\u00f4le de premier plan dans les secteurs commerciaux et cr\u00e9atifs d\u2019Apartment 11. Elle est \u00e0 l\u2019affut des opportunit\u00e9s quant \u00e0 la vente de licences et de relations strat\u00e9giques relativement aux propri\u00e9t\u00e9s intellectuelles de l\u2019entreprise. Mindy a [&hellip;]<\/p>\n","protected":false},"author":1,"featured_media":0,"parent":742,"menu_order":0,"comment_status":"closed","ping_status":"closed","template":"","meta":{"footnotes":""},"class_list":["post-754","page","type-page","status-publish","hentry"],"yoast_head":"<!-- This site is optimized with the Yoast SEO plugin v27.2 - https:\/\/yoast.com\/product\/yoast-seo-wordpress\/ -->\n<title>Mindy Laxer<\/title>\n<meta name=\"description\" content=\"Mindy Laxer joue un r\u00f4le de premier plan dans les secteurs commerciaux et cr\u00e9atifs d\u2019Apartment 11\" \/>\n<meta name=\"robots\" content=\"index, follow, max-snippet:-1, max-image-preview:large, max-video-preview:-1\" \/>\n<link rel=\"canonical\" href=\"https:\/\/www.apartment11.tv\/fr\/a-propos\/notre-equipe\/mindy-laxer\/\" \/>\n<meta property=\"og:locale\" content=\"fr_FR\" \/>\n<meta property=\"og:type\" content=\"article\" \/>\n<meta property=\"og:title\" content=\"Mindy Laxer\" \/>\n<meta property=\"og:description\" content=\"Mindy Laxer joue un r\u00f4le de premier plan dans les secteurs commerciaux et cr\u00e9atifs d\u2019Apartment 11\" \/>\n<meta property=\"og:url\" content=\"https:\/\/www.apartment11.tv\/fr\/a-propos\/notre-equipe\/mindy-laxer\/\" \/>\n<meta property=\"og:site_name\" content=\"Apartment 11 Productions\" \/>\n<meta property=\"article:publisher\" content=\"https:\/\/www.facebook.com\/Apartment11Productions\" \/>\n<meta property=\"article:modified_time\" content=\"2017-04-04T20:31:35+00:00\" \/>\n<meta property=\"og:image\" content=\"http:\/\/apartment11.tv\/wp-content\/uploads\/bios\/mindy.jpg\" \/>\n<meta name=\"twitter:card\" content=\"summary_large_image\" \/>\n<meta name=\"twitter:site\" content=\"@Apartment11Prod\" \/>\n<meta name=\"twitter:label1\" content=\"Dur\u00e9e de lecture estim\u00e9e\" \/>\n\t<meta name=\"twitter:data1\" content=\"1 minute\" \/>\n<script type=\"application\/ld+json\" class=\"yoast-schema-graph\">{\"@context\":\"https:\/\/schema.org\",\"@graph\":[{\"@type\":\"WebPage\",\"@id\":\"https:\/\/www.apartment11.tv\/fr\/a-propos\/notre-equipe\/mindy-laxer\/\",\"url\":\"https:\/\/www.apartment11.tv\/fr\/a-propos\/notre-equipe\/mindy-laxer\/\",\"name\":\"Mindy Laxer\",\"isPartOf\":{\"@id\":\"https:\/\/www.apartment11.tv\/#website\"},\"primaryImageOfPage\":{\"@id\":\"https:\/\/www.apartment11.tv\/fr\/a-propos\/notre-equipe\/mindy-laxer\/#primaryimage\"},\"image\":{\"@id\":\"https:\/\/www.apartment11.tv\/fr\/a-propos\/notre-equipe\/mindy-laxer\/#primaryimage\"},\"thumbnailUrl\":\"http:\/\/apartment11.tv\/wp-content\/uploads\/bios\/mindy.jpg\",\"datePublished\":\"2015-12-30T01:06:55+00:00\",\"dateModified\":\"2017-04-04T20:31:35+00:00\",\"description\":\"Mindy Laxer joue un r\u00f4le de premier plan dans les secteurs commerciaux et cr\u00e9atifs d\u2019Apartment 11\",\"breadcrumb\":{\"@id\":\"https:\/\/www.apartment11.tv\/fr\/a-propos\/notre-equipe\/mindy-laxer\/#breadcrumb\"},\"inLanguage\":\"fr-FR\",\"potentialAction\":[{\"@type\":\"ReadAction\",\"target\":[\"https:\/\/www.apartment11.tv\/fr\/a-propos\/notre-equipe\/mindy-laxer\/\"]}]},{\"@type\":\"ImageObject\",\"inLanguage\":\"fr-FR\",\"@id\":\"https:\/\/www.apartment11.tv\/fr\/a-propos\/notre-equipe\/mindy-laxer\/#primaryimage\",\"url\":\"http:\/\/apartment11.tv\/wp-content\/uploads\/bios\/mindy.jpg\",\"contentUrl\":\"http:\/\/apartment11.tv\/wp-content\/uploads\/bios\/mindy.jpg\"},{\"@type\":\"BreadcrumbList\",\"@id\":\"https:\/\/www.apartment11.tv\/fr\/a-propos\/notre-equipe\/mindy-laxer\/#breadcrumb\",\"itemListElement\":[{\"@type\":\"ListItem\",\"position\":1,\"name\":\"Home\",\"item\":\"https:\/\/www.apartment11.tv\/fr\/\"},{\"@type\":\"ListItem\",\"position\":2,\"name\":\"\u00c0 propos\",\"item\":\"https:\/\/www.apartment11.tv\/fr\/a-propos\/\"},{\"@type\":\"ListItem\",\"position\":3,\"name\":\"Notre \u00e9quipe\",\"item\":\"https:\/\/www.apartment11.tv\/fr\/a-propos\/notre-equipe\/\"},{\"@type\":\"ListItem\",\"position\":4,\"name\":\"Mindy Laxer\"}]},{\"@type\":\"WebSite\",\"@id\":\"https:\/\/www.apartment11.tv\/#website\",\"url\":\"https:\/\/www.apartment11.tv\/\",\"name\":\"Apartment 11 Productions\",\"description\":\"Award-Winning Television Productions and Cross-Platform Projects for both Adult and Younger Audiences\",\"potentialAction\":[{\"@type\":\"SearchAction\",\"target\":{\"@type\":\"EntryPoint\",\"urlTemplate\":\"https:\/\/www.apartment11.tv\/?s={search_term_string}\"},\"query-input\":{\"@type\":\"PropertyValueSpecification\",\"valueRequired\":true,\"valueName\":\"search_term_string\"}}],\"inLanguage\":\"fr-FR\"}]}<\/script>\n<!-- \/ Yoast SEO plugin. -->","yoast_head_json":{"title":"Mindy Laxer","description":"Mindy Laxer joue un r\u00f4le de premier plan dans les secteurs commerciaux et cr\u00e9atifs d\u2019Apartment 11","robots":{"index":"index","follow":"follow","max-snippet":"max-snippet:-1","max-image-preview":"max-image-preview:large","max-video-preview":"max-video-preview:-1"},"canonical":"https:\/\/www.apartment11.tv\/fr\/a-propos\/notre-equipe\/mindy-laxer\/","og_locale":"fr_FR","og_type":"article","og_title":"Mindy Laxer","og_description":"Mindy Laxer joue un r\u00f4le de premier plan dans les secteurs commerciaux et cr\u00e9atifs d\u2019Apartment 11","og_url":"https:\/\/www.apartment11.tv\/fr\/a-propos\/notre-equipe\/mindy-laxer\/","og_site_name":"Apartment 11 Productions","article_publisher":"https:\/\/www.facebook.com\/Apartment11Productions","article_modified_time":"2017-04-04T20:31:35+00:00","og_image":[{"url":"http:\/\/apartment11.tv\/wp-content\/uploads\/bios\/mindy.jpg","type":"","width":"","height":""}],"twitter_card":"summary_large_image","twitter_site":"@Apartment11Prod","twitter_misc":{"Dur\u00e9e de lecture estim\u00e9e":"1 minute"},"schema":{"@context":"https:\/\/schema.org","@graph":[{"@type":"WebPage","@id":"https:\/\/www.apartment11.tv\/fr\/a-propos\/notre-equipe\/mindy-laxer\/","url":"https:\/\/www.apartment11.tv\/fr\/a-propos\/notre-equipe\/mindy-laxer\/","name":"Mindy Laxer","isPartOf":{"@id":"https:\/\/www.apartment11.tv\/#website"},"primaryImageOfPage":{"@id":"https:\/\/www.apartment11.tv\/fr\/a-propos\/notre-equipe\/mindy-laxer\/#primaryimage"},"image":{"@id":"https:\/\/www.apartment11.tv\/fr\/a-propos\/notre-equipe\/mindy-laxer\/#primaryimage"},"thumbnailUrl":"http:\/\/apartment11.tv\/wp-content\/uploads\/bios\/mindy.jpg","datePublished":"2015-12-30T01:06:55+00:00","dateModified":"2017-04-04T20:31:35+00:00","description":"Mindy Laxer joue un r\u00f4le de premier plan dans les secteurs commerciaux et cr\u00e9atifs d\u2019Apartment 11","breadcrumb":{"@id":"https:\/\/www.apartment11.tv\/fr\/a-propos\/notre-equipe\/mindy-laxer\/#breadcrumb"},"inLanguage":"fr-FR","potentialAction":[{"@type":"ReadAction","target":["https:\/\/www.apartment11.tv\/fr\/a-propos\/notre-equipe\/mindy-laxer\/"]}]},{"@type":"ImageObject","inLanguage":"fr-FR","@id":"https:\/\/www.apartment11.tv\/fr\/a-propos\/notre-equipe\/mindy-laxer\/#primaryimage","url":"http:\/\/apartment11.tv\/wp-content\/uploads\/bios\/mindy.jpg","contentUrl":"http:\/\/apartment11.tv\/wp-content\/uploads\/bios\/mindy.jpg"},{"@type":"BreadcrumbList","@id":"https:\/\/www.apartment11.tv\/fr\/a-propos\/notre-equipe\/mindy-laxer\/#breadcrumb","itemListElement":[{"@type":"ListItem","position":1,"name":"Home","item":"https:\/\/www.apartment11.tv\/fr\/"},{"@type":"ListItem","position":2,"name":"\u00c0 propos","item":"https:\/\/www.apartment11.tv\/fr\/a-propos\/"},{"@type":"ListItem","position":3,"name":"Notre \u00e9quipe","item":"https:\/\/www.apartment11.tv\/fr\/a-propos\/notre-equipe\/"},{"@type":"ListItem","position":4,"name":"Mindy Laxer"}]},{"@type":"WebSite","@id":"https:\/\/www.apartment11.tv\/#website","url":"https:\/\/www.apartment11.tv\/","name":"Apartment 11 Productions","description":"Award-Winning Television Productions and Cross-Platform Projects for both Adult and Younger Audiences","potentialAction":[{"@type":"SearchAction","target":{"@type":"EntryPoint","urlTemplate":"https:\/\/www.apartment11.tv\/?s={search_term_string}"},"query-input":{"@type":"PropertyValueSpecification","valueRequired":true,"valueName":"search_term_string"}}],"inLanguage":"fr-FR"}]}},"_links":{"self":[{"href":"https:\/\/www.apartment11.tv\/fr\/wp-json\/wp\/v2\/pages\/754","targetHints":{"allow":["GET"]}}],"collection":[{"href":"https:\/\/www.apartment11.tv\/fr\/wp-json\/wp\/v2\/pages"}],"about":[{"href":"https:\/\/www.apartment11.tv\/fr\/wp-json\/wp\/v2\/types\/page"}],"author":[{"embeddable":true,"href":"https:\/\/www.apartment11.tv\/fr\/wp-json\/wp\/v2\/users\/1"}],"replies":[{"embeddable":true,"href":"https:\/\/www.apartment11.tv\/fr\/wp-json\/wp\/v2\/comments?post=754"}],"version-history":[{"count":5,"href":"https:\/\/www.apartment11.tv\/fr\/wp-json\/wp\/v2\/pages\/754\/revisions"}],"predecessor-version":[{"id":1436,"href":"https:\/\/www.apartment11.tv\/fr\/wp-json\/wp\/v2\/pages\/754\/revisions\/1436"}],"up":[{"embeddable":true,"href":"https:\/\/www.apartment11.tv\/fr\/wp-json\/wp\/v2\/pages\/742"}],"wp:attachment":[{"href":"https:\/\/www.apartment11.tv\/fr\/wp-json\/wp\/v2\/media?parent=754"}],"curies":[{"name":"wp","href":"https:\/\/api.w.org\/{rel}","templated":true}]}}