{"id":789,"date":"2015-12-30T10:59:11","date_gmt":"2015-12-30T15:59:11","guid":{"rendered":"http:\/\/apartment11.tv\/wordpress\/fr\/?page_id=789"},"modified":"2019-05-30T11:50:28","modified_gmt":"2019-05-30T15:50:28","slug":"the-mystery-files","status":"publish","type":"page","link":"https:\/\/www.apartment11.tv\/fr\/productions-tele\/the-mystery-files\/","title":{"rendered":"The Mystery Files"},"content":{"rendered":"<div class=\"wpb-content-wrapper\">[vc_row fullwidth=\u00a0\u00bbtrue\u00a0\u00bb][vc_column][rev_slider_vc alias=\u00a0\u00bbbanner-mystery-files\u00a0\u00bb][\/vc_column][\/vc_row][vc_row][vc_column width=\u00a0\u00bb1\/2&Prime;][vc_video link=\u00a0\u00bbhttps:\/\/www.youtube.com\/playlist?list=PLBEFm5W1FKDaVvlD5Q7fGVn5mGZGL4eQf\u00a0\u00bb][mk_divider style=\u00a0\u00bbsingle_dotted\u00a0\u00bb border_color=\u00a0\u00bb#c5c5c5&Prime; margin_top=\u00a0\u00bb0&Prime;][vc_column_text]<a href=\"https:\/\/www.facebook.com\/themysteryfilesTV\/\"><img loading=\"lazy\" decoding=\"async\" class=\"alignleft wp-image-544 size-full\" src=\"http:\/\/apartment11.tv\/wp-content\/uploads\/facebook.gif\" alt=\"facebook\" width=\"25\" height=\"25\" \/><\/a><a href=\"https:\/\/www.facebook.com\/themysteryfilesTV\/\" target=\"_blank\" rel=\"noopener\">Rejoignez le groupe Facebook<\/a>[\/vc_column_text][vc_column_text]<a href=\"https:\/\/twitter.com\/TheMysteryFiles\"><img loading=\"lazy\" decoding=\"async\" class=\"alignleft wp-image-546 size-full\" src=\"http:\/\/apartment11.tv\/wp-content\/uploads\/twitter.gif\" alt=\"\" width=\"25\" height=\"25\" \/><\/a><a class=\"social_sidebar_link\" href=\"https:\/\/twitter.com\/TheMysteryFiles\" target=\"_blank\" rel=\"noopener\">Suivre sur Twitter<\/a>[\/vc_column_text][vc_column_text]<a href=\"https:\/\/www.youtube.com\/channel\/UC1iasWXdPWO5u794OZt5QMA\"><img loading=\"lazy\" decoding=\"async\" class=\"alignleft wp-image-548 size-full\" src=\"http:\/\/apartment11.tv\/wp-content\/uploads\/youtube.gif\" alt=\"\" width=\"25\" height=\"25\" \/><\/a><a class=\"social_sidebar_link\" href=\"https:\/\/www.youtube.com\/channel\/UC1iasWXdPWO5u794OZt5QMA\" target=\"_blank\" rel=\"noopener\">Regarder sur YouTube<\/a>[\/vc_column_text][vc_column_text]<a href=\"https:\/\/www.instagram.com\/themysteryfiles\/\" target=\"_blank\" rel=\"noopener\"><img loading=\"lazy\" decoding=\"async\" class=\"alignleft wp-image-891 size-full\" src=\"http:\/\/apartment11.tv\/wp-content\/uploads\/instagram.gif\" alt=\"\" width=\"25\" height=\"25\" srcset=\"https:\/\/www.apartment11.tv\/wp-content\/uploads\/instagram.gif 25w, https:\/\/www.apartment11.tv\/wp-content\/uploads\/instagram-1024x1024.gif 1024w\" sizes=\"auto, (max-width: 25px) 100vw, 25px\" \/><\/a><a class=\"social_sidebar_link\" href=\"https:\/\/www.instagram.com\/themysteryfiles\/\" target=\"_blank\" rel=\"noopener\">Suivre sur Instagram<\/a>[\/vc_column_text][mk_divider style=\u00a0\u00bbsingle_dotted\u00a0\u00bb border_color=\u00a0\u00bb#c5c5c5&Prime; margin_top=\u00a0\u00bb0&Prime;][vc_gallery type=\u00a0\u00bbimage_grid\u00a0\u00bb images=\u00a0\u00bb964,507,508,920,921,922,923,925,926,509&Prime; img_size=\u00a0\u00bb140&#215;140&Prime; el_class=\u00a0\u00bbimage-gallery\u00a0\u00bb][\/vc_column][vc_column width=\u00a0\u00bb1\/2&Prime;][vc_column_text css=\u00a0\u00bb.vc_custom_1516133969899{margin-bottom: 0px !important;}\u00a0\u00bb]\n<h2>\u00c0 propos de la s\u00e9rie<\/h2>\n<p><strong>S\u00e9rie \u00e9ducative sur l\u2019Histoire<\/strong><br \/>\n<strong>De 6\u00a0\u00e0 9 ans<\/strong><br \/>\n<strong>1\u00a0saison \u2013 13\u00a0\u00e9pisodes de 30 minutes<\/strong><br \/>\n<strong>Droits disponibles sur le format<\/strong><\/p>\n<p>Qu\u2019y avait-il dans le pain qui a pu tuer une momie ancienne? De quelle mani\u00e8re les \u00e9checs sont-ils reli\u00e9s aux jeux vid\u00e9o d\u2019aujourd\u2019hui? Comment les pays choisissent-ils leur chef? Et quels travaux nos animaux de compagnie avaient l\u2019habitude de faire?<\/p>\n<p>Kyla, E.B., et leur tante Tilly sont pr\u00eats \u00e0 r\u00e9soudre tous ces myst\u00e8res de l\u2019Histoire et beaucoup d\u2019autres!<\/p>\n<p>Ils ont h\u00e9rit\u00e9 de plusieurs dossiers myst\u00e8res de leur grand-tante Hermione et chacun de ces dossiers comporte des objets qui \u00e0 premi\u00e8re vue n\u2019ont aucun liens entre eux, mais qui se trouvent \u00e0 \u00eatre des indices sur ce qui unit l\u2019Histoire et le pr\u00e9sent.<\/p>\n<p>Kyla et E.B., avec l\u2019aide de leur tante Tilly, suivent ces indices afin de trouver ce que grand-tante Hermione a d\u00e9couvert. Avec des visites dans la vo\u00fbte d\u2019un mus\u00e9e, dans une pizzeria, dans un studio de capture de mouvements, dans un spa pour chien, etc., l\u2019aventure continue jusqu\u2019\u00e0 ce que chacun des myst\u00e8res d\u2019Hermione soient r\u00e9solus et t\u00e9l\u00e9charg\u00e9s sur le site internet de Mystery Files.<\/p>\n<p>Suivez Kyla et E.B. alors qu\u2019ils cherchent \u00e0 r\u00e9soudre les Mystery Files en liant les indices \u00e0 des faits surprenants du pass\u00e9 afin de mieux comprendre comment ils se rattachent \u00e0 qui nous sommes et comment nous vivons aujourd\u2019hui.<\/p>\n<h2>O\u00f9 visionner la s\u00e9rie<\/h2>\n<p><strong>TVOKids<\/strong>: Premi\u00e8re diffusion jeudi le 21 Janvier \u00e0 18h30 (HE) et les rediffusions auront lieu les samedis \u00e0 11h30 (HE) et les dimanches \u00e0 13h00 (HE). Pour plus d\u2019informations \u00e0 propos de l\u2019horaire, visitez: <a href=\"http:\/\/tvo.org\/schedule\" target=\"_blank\" rel=\"noopener\">http:\/\/tvo.org\/schedule<\/a>\u00a0(<em>en\u00a0anglais seulement<\/em>)<\/p>\n<h2>Prix<\/h2>\n<p><strong>PRIX D\u2019EXCELLENCE ALLIANCE M\u00c9DIAS JEUNESSE \u2013 2019<\/strong><br \/>\nGagnant \u2013 Meilleure \u00e9mission de t\u00e9l\u00e9vision 9 ans<\/p>\n<p><strong>PRIX D\u2019EXCELLENCE ALLIANCE M\u00c9DIAS JEUNESSE \u2013 2019<\/strong><br \/>\nNomination \u2013 Meilleur site web convergent<\/p>\n<p><strong>PRIX \u00c9CRANS CANADIENS \u2013 2018<br \/>\n<\/strong>Nomination \u2013 Meilleure \u00e9mission ou s\u00e9rie pour enfants ou jeunesse : hors fiction<\/p>\n<p><strong>PRIX JAPAN \u2013 2017<\/strong><br \/>\nNomination \u2013 \u00c9ducation petite enfance<\/p>\n<p><strong>PRIX D\u2019EXCELLENCE ALLIANCE M\u00c9DIAS JEUNESSE &#8211; 2017<br \/>\n<\/strong>Nomination \u2013 Meilleure \u00e9mission de t\u00e9l\u00e9vision 6-9 ans<\/p>\n<p><strong>PRIX \u00c9CRANS CANADIENS \u2013 2017<\/strong><strong><br \/>\n<\/strong>Nomination \u2013 Meilleur r\u00e9alisation \u2013 \u00e9mission ou s\u00e9rie pour enfants ou jeunesse<\/p>\n<p><strong>PRIX GOLDEN SHEAF \u2013 2016\u00a0<\/strong><br \/>\nNomination \u2013 Meilleure production jeunesse<\/p>\n<h2>Interactif<\/h2>\n<p><strong>Jouez<\/strong> : <a href=\"http:\/\/www.tvokids.com\/games\/mysteryfiles\" target=\"_blank\" rel=\"noopener\">http:\/\/www.tvokids.com\/games\/mysteryfiles<\/a><\/p>\n<h2>Acquisitions<\/h2>\n<p>Responsable des acquisitions : Mindy Laxer (<a href=\"mailto:mindy@apartment11.tv\">mindy@apartment11.tv<\/a>)<\/p>\n<h2>Partenaires<\/h2>\n<p><img loading=\"lazy\" decoding=\"async\" class=\"alignleft size-full wp-image-76\" src=\"http:\/\/apartment11.tv\/wp-content\/uploads\/logos\/tvo_kids.gif\" alt=\"tvo_kids\" width=\"75\" height=\"75\" \/>[\/vc_column_text][\/vc_column][\/vc_row]\n<\/div>","protected":false},"excerpt":{"rendered":"<p>[vc_row fullwidth=\u00a0\u00bbtrue\u00a0\u00bb][vc_column][rev_slider_vc alias=\u00a0\u00bbbanner-mystery-files\u00a0\u00bb][\/vc_column][\/vc_row][vc_row][vc_column width=\u00a0\u00bb1\/2&Prime;][vc_video link=\u00a0\u00bbhttps:\/\/www.youtube.com\/playlist?list=PLBEFm5W1FKDaVvlD5Q7fGVn5mGZGL4eQf\u00a0\u00bb][mk_divider style=\u00a0\u00bbsingle_dotted\u00a0\u00bb border_color=\u00a0\u00bb#c5c5c5&Prime; margin_top=\u00a0\u00bb0&Prime;][vc_column_text]Rejoignez le groupe Facebook[\/vc_column_text][vc_column_text]Suivre sur Twitter[\/vc_column_text][vc_column_text]Regarder sur YouTube[\/vc_column_text][vc_column_text]Suivre sur Instagram[\/vc_column_text][mk_divider style=\u00a0\u00bbsingle_dotted\u00a0\u00bb border_color=\u00a0\u00bb#c5c5c5&Prime; margin_top=\u00a0\u00bb0&Prime;][vc_gallery type=\u00a0\u00bbimage_grid\u00a0\u00bb images=\u00a0\u00bb964,507,508,920,921,922,923,925,926,509&Prime; img_size=\u00a0\u00bb140&#215;140&Prime; el_class=\u00a0\u00bbimage-gallery\u00a0\u00bb][\/vc_column][vc_column width=\u00a0\u00bb1\/2&Prime;][vc_column_text css=\u00a0\u00bb.vc_custom_1516133969899{margin-bottom: 0px !important;}\u00a0\u00bb] \u00c0 propos de la s\u00e9rie S\u00e9rie \u00e9ducative sur l\u2019Histoire De 6\u00a0\u00e0 9 ans 1\u00a0saison \u2013 13\u00a0\u00e9pisodes de 30 minutes Droits disponibles sur le format Qu\u2019y avait-il dans [&hellip;]<\/p>\n","protected":false},"author":1,"featured_media":0,"parent":721,"menu_order":0,"comment_status":"closed","ping_status":"closed","template":"","meta":{"footnotes":""},"class_list":["post-789","page","type-page","status-publish","hentry"],"yoast_head":"<!-- This site is optimized with the Yoast SEO plugin v27.2 - https:\/\/yoast.com\/product\/yoast-seo-wordpress\/ -->\n<title>The Mystery Files<\/title>\n<meta name=\"description\" content=\"Kyla, E.B., et leur tante Tilly sont pr\u00eats \u00e0 r\u00e9soudre ces probl\u00e8mes et beaucoup plus des myst\u00e8res de l\u2019histoire!\" \/>\n<meta name=\"robots\" content=\"index, follow, max-snippet:-1, max-image-preview:large, max-video-preview:-1\" \/>\n<link rel=\"canonical\" href=\"https:\/\/www.apartment11.tv\/fr\/productions-tele\/the-mystery-files\/\" \/>\n<meta property=\"og:locale\" content=\"fr_FR\" \/>\n<meta property=\"og:type\" content=\"article\" \/>\n<meta property=\"og:title\" content=\"The Mystery Files\" \/>\n<meta property=\"og:description\" content=\"Kyla, E.B., et leur tante Tilly sont pr\u00eats \u00e0 r\u00e9soudre ces probl\u00e8mes et beaucoup plus des myst\u00e8res de l\u2019histoire!\" \/>\n<meta property=\"og:url\" content=\"https:\/\/www.apartment11.tv\/fr\/productions-tele\/the-mystery-files\/\" \/>\n<meta property=\"og:site_name\" content=\"Apartment 11 Productions\" \/>\n<meta property=\"article:publisher\" content=\"https:\/\/www.facebook.com\/Apartment11Productions\" \/>\n<meta property=\"article:modified_time\" content=\"2019-05-30T15:50:28+00:00\" \/>\n<meta property=\"og:image\" content=\"http:\/\/apartment11.tv\/wp-content\/uploads\/facebook.gif\" \/>\n<meta name=\"twitter:card\" content=\"summary_large_image\" \/>\n<meta name=\"twitter:site\" content=\"@Apartment11Prod\" \/>\n<meta name=\"twitter:label1\" content=\"Dur\u00e9e de lecture estim\u00e9e\" \/>\n\t<meta name=\"twitter:data1\" content=\"3 minutes\" \/>\n<script type=\"application\/ld+json\" class=\"yoast-schema-graph\">{\"@context\":\"https:\/\/schema.org\",\"@graph\":[{\"@type\":\"WebPage\",\"@id\":\"https:\/\/www.apartment11.tv\/fr\/productions-tele\/the-mystery-files\/\",\"url\":\"https:\/\/www.apartment11.tv\/fr\/productions-tele\/the-mystery-files\/\",\"name\":\"The Mystery Files\",\"isPartOf\":{\"@id\":\"https:\/\/www.apartment11.tv\/#website\"},\"primaryImageOfPage\":{\"@id\":\"https:\/\/www.apartment11.tv\/fr\/productions-tele\/the-mystery-files\/#primaryimage\"},\"image\":{\"@id\":\"https:\/\/www.apartment11.tv\/fr\/productions-tele\/the-mystery-files\/#primaryimage\"},\"thumbnailUrl\":\"http:\/\/apartment11.tv\/wp-content\/uploads\/facebook.gif\",\"datePublished\":\"2015-12-30T15:59:11+00:00\",\"dateModified\":\"2019-05-30T15:50:28+00:00\",\"description\":\"Kyla, E.B., et leur tante Tilly sont pr\u00eats \u00e0 r\u00e9soudre ces probl\u00e8mes et beaucoup plus des myst\u00e8res de l\u2019histoire!\",\"breadcrumb\":{\"@id\":\"https:\/\/www.apartment11.tv\/fr\/productions-tele\/the-mystery-files\/#breadcrumb\"},\"inLanguage\":\"fr-FR\",\"potentialAction\":[{\"@type\":\"ReadAction\",\"target\":[\"https:\/\/www.apartment11.tv\/fr\/productions-tele\/the-mystery-files\/\"]}]},{\"@type\":\"ImageObject\",\"inLanguage\":\"fr-FR\",\"@id\":\"https:\/\/www.apartment11.tv\/fr\/productions-tele\/the-mystery-files\/#primaryimage\",\"url\":\"http:\/\/apartment11.tv\/wp-content\/uploads\/facebook.gif\",\"contentUrl\":\"http:\/\/apartment11.tv\/wp-content\/uploads\/facebook.gif\"},{\"@type\":\"BreadcrumbList\",\"@id\":\"https:\/\/www.apartment11.tv\/fr\/productions-tele\/the-mystery-files\/#breadcrumb\",\"itemListElement\":[{\"@type\":\"ListItem\",\"position\":1,\"name\":\"Home\",\"item\":\"https:\/\/www.apartment11.tv\/fr\/\"},{\"@type\":\"ListItem\",\"position\":2,\"name\":\"Productions t\u00e9l\u00e9\",\"item\":\"https:\/\/www.apartment11.tv\/fr\/productions-tele\/\"},{\"@type\":\"ListItem\",\"position\":3,\"name\":\"The Mystery Files\"}]},{\"@type\":\"WebSite\",\"@id\":\"https:\/\/www.apartment11.tv\/#website\",\"url\":\"https:\/\/www.apartment11.tv\/\",\"name\":\"Apartment 11 Productions\",\"description\":\"Award-Winning Television Productions and Cross-Platform Projects for both Adult and Younger Audiences\",\"potentialAction\":[{\"@type\":\"SearchAction\",\"target\":{\"@type\":\"EntryPoint\",\"urlTemplate\":\"https:\/\/www.apartment11.tv\/?s={search_term_string}\"},\"query-input\":{\"@type\":\"PropertyValueSpecification\",\"valueRequired\":true,\"valueName\":\"search_term_string\"}}],\"inLanguage\":\"fr-FR\"}]}<\/script>\n<!-- \/ Yoast SEO plugin. -->","yoast_head_json":{"title":"The Mystery Files","description":"Kyla, E.B., et leur tante Tilly sont pr\u00eats \u00e0 r\u00e9soudre ces probl\u00e8mes et beaucoup plus des myst\u00e8res de l\u2019histoire!","robots":{"index":"index","follow":"follow","max-snippet":"max-snippet:-1","max-image-preview":"max-image-preview:large","max-video-preview":"max-video-preview:-1"},"canonical":"https:\/\/www.apartment11.tv\/fr\/productions-tele\/the-mystery-files\/","og_locale":"fr_FR","og_type":"article","og_title":"The Mystery Files","og_description":"Kyla, E.B., et leur tante Tilly sont pr\u00eats \u00e0 r\u00e9soudre ces probl\u00e8mes et beaucoup plus des myst\u00e8res de l\u2019histoire!","og_url":"https:\/\/www.apartment11.tv\/fr\/productions-tele\/the-mystery-files\/","og_site_name":"Apartment 11 Productions","article_publisher":"https:\/\/www.facebook.com\/Apartment11Productions","article_modified_time":"2019-05-30T15:50:28+00:00","og_image":[{"url":"http:\/\/apartment11.tv\/wp-content\/uploads\/facebook.gif","type":"","width":"","height":""}],"twitter_card":"summary_large_image","twitter_site":"@Apartment11Prod","twitter_misc":{"Dur\u00e9e de lecture estim\u00e9e":"3 minutes"},"schema":{"@context":"https:\/\/schema.org","@graph":[{"@type":"WebPage","@id":"https:\/\/www.apartment11.tv\/fr\/productions-tele\/the-mystery-files\/","url":"https:\/\/www.apartment11.tv\/fr\/productions-tele\/the-mystery-files\/","name":"The Mystery Files","isPartOf":{"@id":"https:\/\/www.apartment11.tv\/#website"},"primaryImageOfPage":{"@id":"https:\/\/www.apartment11.tv\/fr\/productions-tele\/the-mystery-files\/#primaryimage"},"image":{"@id":"https:\/\/www.apartment11.tv\/fr\/productions-tele\/the-mystery-files\/#primaryimage"},"thumbnailUrl":"http:\/\/apartment11.tv\/wp-content\/uploads\/facebook.gif","datePublished":"2015-12-30T15:59:11+00:00","dateModified":"2019-05-30T15:50:28+00:00","description":"Kyla, E.B., et leur tante Tilly sont pr\u00eats \u00e0 r\u00e9soudre ces probl\u00e8mes et beaucoup plus des myst\u00e8res de l\u2019histoire!","breadcrumb":{"@id":"https:\/\/www.apartment11.tv\/fr\/productions-tele\/the-mystery-files\/#breadcrumb"},"inLanguage":"fr-FR","potentialAction":[{"@type":"ReadAction","target":["https:\/\/www.apartment11.tv\/fr\/productions-tele\/the-mystery-files\/"]}]},{"@type":"ImageObject","inLanguage":"fr-FR","@id":"https:\/\/www.apartment11.tv\/fr\/productions-tele\/the-mystery-files\/#primaryimage","url":"http:\/\/apartment11.tv\/wp-content\/uploads\/facebook.gif","contentUrl":"http:\/\/apartment11.tv\/wp-content\/uploads\/facebook.gif"},{"@type":"BreadcrumbList","@id":"https:\/\/www.apartment11.tv\/fr\/productions-tele\/the-mystery-files\/#breadcrumb","itemListElement":[{"@type":"ListItem","position":1,"name":"Home","item":"https:\/\/www.apartment11.tv\/fr\/"},{"@type":"ListItem","position":2,"name":"Productions t\u00e9l\u00e9","item":"https:\/\/www.apartment11.tv\/fr\/productions-tele\/"},{"@type":"ListItem","position":3,"name":"The Mystery Files"}]},{"@type":"WebSite","@id":"https:\/\/www.apartment11.tv\/#website","url":"https:\/\/www.apartment11.tv\/","name":"Apartment 11 Productions","description":"Award-Winning Television Productions and Cross-Platform Projects for both Adult and Younger Audiences","potentialAction":[{"@type":"SearchAction","target":{"@type":"EntryPoint","urlTemplate":"https:\/\/www.apartment11.tv\/?s={search_term_string}"},"query-input":{"@type":"PropertyValueSpecification","valueRequired":true,"valueName":"search_term_string"}}],"inLanguage":"fr-FR"}]}},"_links":{"self":[{"href":"https:\/\/www.apartment11.tv\/fr\/wp-json\/wp\/v2\/pages\/789","targetHints":{"allow":["GET"]}}],"collection":[{"href":"https:\/\/www.apartment11.tv\/fr\/wp-json\/wp\/v2\/pages"}],"about":[{"href":"https:\/\/www.apartment11.tv\/fr\/wp-json\/wp\/v2\/types\/page"}],"author":[{"embeddable":true,"href":"https:\/\/www.apartment11.tv\/fr\/wp-json\/wp\/v2\/users\/1"}],"replies":[{"embeddable":true,"href":"https:\/\/www.apartment11.tv\/fr\/wp-json\/wp\/v2\/comments?post=789"}],"version-history":[{"count":27,"href":"https:\/\/www.apartment11.tv\/fr\/wp-json\/wp\/v2\/pages\/789\/revisions"}],"predecessor-version":[{"id":1898,"href":"https:\/\/www.apartment11.tv\/fr\/wp-json\/wp\/v2\/pages\/789\/revisions\/1898"}],"up":[{"embeddable":true,"href":"https:\/\/www.apartment11.tv\/fr\/wp-json\/wp\/v2\/pages\/721"}],"wp:attachment":[{"href":"https:\/\/www.apartment11.tv\/fr\/wp-json\/wp\/v2\/media?parent=789"}],"curies":[{"name":"wp","href":"https:\/\/api.w.org\/{rel}","templated":true}]}}