{"id":791,"date":"2015-12-30T11:02:57","date_gmt":"2015-12-30T16:02:57","guid":{"rendered":"http:\/\/apartment11.tv\/wordpress\/fr\/?page_id=791"},"modified":"2018-10-22T09:02:21","modified_gmt":"2018-10-22T13:02:21","slug":"surprise-its-edible-incredible","status":"publish","type":"page","link":"https:\/\/www.apartment11.tv\/fr\/productions-tele\/surprise-its-edible-incredible\/","title":{"rendered":"Surprise! It\u2019s Edible Incredible!"},"content":{"rendered":"<div class=\"wpb-content-wrapper\">[vc_row fullwidth=\u00a0\u00bbtrue\u00a0\u00bb][vc_column][rev_slider_vc alias=\u00a0\u00bbbanner-edible\u00a0\u00bb][\/vc_column][\/vc_row][vc_row][vc_column width=\u00a0\u00bb1\/2&Prime;][vc_video link=\u00a0\u00bbhttps:\/\/youtu.be\/sUpRtyq4ri8&Prime;][mk_divider style=\u00a0\u00bbsingle_dotted\u00a0\u00bb align=\u00a0\u00bbleft\u00a0\u00bb border_color=\u00a0\u00bb#c5c5c5&Prime;][vc_column_text]<a href=\"http:\/\/www.youtube.com\/user\/EdibleIncredibletv\"><img loading=\"lazy\" decoding=\"async\" class=\"alignleft wp-image-548 size-full\" src=\"http:\/\/apartment11.tv\/wp-content\/uploads\/youtube.gif\" alt=\"\" width=\"25\" height=\"25\" \/><\/a><a class=\"social_sidebar_link\" href=\"http:\/\/www.youtube.com\/user\/EdibleIncredibletv\" target=\"_blank\" rel=\"noopener\">Regarder sur YouTube<\/a>[\/vc_column_text][mk_divider style=\u00a0\u00bbsingle_dotted\u00a0\u00bb align=\u00a0\u00bbleft\u00a0\u00bb border_color=\u00a0\u00bb#c5c5c5&Prime; margin_top=\u00a0\u00bb0&Prime;][vc_gallery type=\u00a0\u00bbimage_grid\u00a0\u00bb images=\u00a0\u00bb440,450,449,448,447,446,445,444,443,442,441&Prime; img_size=\u00a0\u00bb140&#215;140&Prime; el_class=\u00a0\u00bbimage-gallery\u00a0\u00bb][\/vc_column][vc_column width=\u00a0\u00bb1\/2&Prime;][vc_column_text]\n<h2>\u00c0 propos de la s\u00e9rie<\/h2>\n<p><strong>Jeu t\u00e9l\u00e9vis\u00e9<br \/>\nDe 8 \u00e0 12 ans<br \/>\n2 saisons &#8211; 52 \u00e9pisodes de 30 minutes<\/strong><\/p>\n<p><em>Surprise! It\u2019s Edible! Incredible!<\/em>\u00a0est une \u00e9mission de cuisine dynamique qui apprend aux enfants de 8 \u00e0 12 ans de saines habitudes de vie et d\u2019alimentation.<\/p>\n<p>V\u00e9ritable m\u00e9lange des \u00e9missions Iron Chef\u00a0et de\u00a0Fear Factor, les participants doivent s\u2019affronter dans un d\u00e9fi culinaire de taille.\u00a0Anim\u00e9 par Julie Zwillich et avec Mike Paterson dans le r\u00f4le de Mr. Gross,\u00a0<em>Surprise! It\u2019s Edible Incredible!<\/em>\u00a0fouille dans le frigo des enfants puis sous leur lit, et les soumets \u00e0 des \u00e9preuves d\u00e9licieusement d\u00e9goutantes.<\/p>\n<p>Dans un joyeux chaos, l\u2019\u00e9mission culmine avec un duel culinaire entre les deux \u00e9quipes participantes, tenu dans un ring de boxe. Les enfants doivent pr\u00e9parer un repas nutritif et lui faire passer un test de go\u00fbt, sous les encouragements de leurs plus proches amis : on peut s\u2019attendre au meilleur\u2026 comme au pire!<\/p>\n<h2>O\u00f9 visionner la s\u00e9rie<\/h2>\n<p><strong>CBC :\u00a0\u00a0\u00a0<\/strong><a href=\"http:\/\/www.cbc.ca\/programguide\/weekly\" target=\"_blank\" rel=\"noopener\">http:\/\/www.cbc.ca\/programguide\/weekly<\/a>\u00a0(anglais seulement)<\/p>\n<h2>Prix<\/h2>\n<p><strong>PRIX GEMINI \u2013\u00a02005\u00a0<\/strong><br \/>\nNomination &#8211; Meilleure r\u00e9alisation : \u00c9mission ou s\u00e9rie jeunesse<\/p>\n<p><strong>FESTIVAL INTERNATIONAL DU FILM ET DE LA VID\u00c9O DE COLOMBUS &#8211; 2005\u00a0<\/strong><br \/>\nMention honorable<\/p>\n<h2>Acquisitions<\/h2>\n<p>Responsable des acquisitions : Mindy Laxer (<a href=\"mailto:mindy@apartment11.tv\">mindy@apartment11.tv<\/a>)<\/p>\n<h2>Partenaires<\/h2>\n<p><img loading=\"lazy\" decoding=\"async\" class=\"alignleft wp-image-55 size-full\" src=\"http:\/\/apartment11.tv\/wp-content\/uploads\/logos\/cbc.gif\" alt=\"\" width=\"75\" height=\"75\" srcset=\"https:\/\/www.apartment11.tv\/wp-content\/uploads\/logos\/cbc.gif 75w, https:\/\/www.apartment11.tv\/wp-content\/uploads\/logos\/cbc-1024x1024.gif 1024w\" sizes=\"auto, (max-width: 75px) 100vw, 75px\" \/>[\/vc_column_text][\/vc_column][\/vc_row]\n<\/div>","protected":false},"excerpt":{"rendered":"<p>[vc_row fullwidth=\u00a0\u00bbtrue\u00a0\u00bb][vc_column][rev_slider_vc alias=\u00a0\u00bbbanner-edible\u00a0\u00bb][\/vc_column][\/vc_row][vc_row][vc_column width=\u00a0\u00bb1\/2&Prime;][vc_video link=\u00a0\u00bbhttps:\/\/youtu.be\/sUpRtyq4ri8&Prime;][mk_divider style=\u00a0\u00bbsingle_dotted\u00a0\u00bb align=\u00a0\u00bbleft\u00a0\u00bb border_color=\u00a0\u00bb#c5c5c5&Prime;][vc_column_text]Regarder sur YouTube[\/vc_column_text][mk_divider style=\u00a0\u00bbsingle_dotted\u00a0\u00bb align=\u00a0\u00bbleft\u00a0\u00bb border_color=\u00a0\u00bb#c5c5c5&Prime; margin_top=\u00a0\u00bb0&Prime;][vc_gallery type=\u00a0\u00bbimage_grid\u00a0\u00bb images=\u00a0\u00bb440,450,449,448,447,446,445,444,443,442,441&Prime; img_size=\u00a0\u00bb140&#215;140&Prime; el_class=\u00a0\u00bbimage-gallery\u00a0\u00bb][\/vc_column][vc_column width=\u00a0\u00bb1\/2&Prime;][vc_column_text] \u00c0 propos de la s\u00e9rie Jeu t\u00e9l\u00e9vis\u00e9 De 8 \u00e0 12 ans 2 saisons &#8211; 52 \u00e9pisodes de 30 minutes Surprise! It\u2019s Edible! Incredible!\u00a0est une \u00e9mission de cuisine dynamique qui apprend aux enfants de 8 \u00e0 [&hellip;]<\/p>\n","protected":false},"author":1,"featured_media":0,"parent":721,"menu_order":0,"comment_status":"closed","ping_status":"closed","template":"","meta":{"footnotes":""},"class_list":["post-791","page","type-page","status-publish","hentry"],"yoast_head":"<!-- This site is optimized with the Yoast SEO plugin v27.2 - https:\/\/yoast.com\/product\/yoast-seo-wordpress\/ -->\n<title>Surprise! It\u2019s Edible Incredible!<\/title>\n<meta name=\"description\" content=\"Surprise! It\u2019s Edible! Incredible!\u00a0est une \u00e9mission de cuisine dynamique qui apprend aux enfants de 8 \u00e0 12 ans de saines habitudes de vie et d\u2019alimentation.\" \/>\n<meta name=\"robots\" content=\"index, follow, max-snippet:-1, max-image-preview:large, max-video-preview:-1\" \/>\n<link rel=\"canonical\" href=\"https:\/\/www.apartment11.tv\/fr\/productions-tele\/surprise-its-edible-incredible\/\" \/>\n<meta property=\"og:locale\" content=\"fr_FR\" \/>\n<meta property=\"og:type\" content=\"article\" \/>\n<meta property=\"og:title\" content=\"Surprise! It\u2019s Edible Incredible!\" \/>\n<meta property=\"og:description\" content=\"Surprise! It\u2019s Edible! Incredible!\u00a0est une \u00e9mission de cuisine dynamique qui apprend aux enfants de 8 \u00e0 12 ans de saines habitudes de vie et d\u2019alimentation.\" \/>\n<meta property=\"og:url\" content=\"https:\/\/www.apartment11.tv\/fr\/productions-tele\/surprise-its-edible-incredible\/\" \/>\n<meta property=\"og:site_name\" content=\"Apartment 11 Productions\" \/>\n<meta property=\"article:publisher\" content=\"https:\/\/www.facebook.com\/Apartment11Productions\" \/>\n<meta property=\"article:modified_time\" content=\"2018-10-22T13:02:21+00:00\" \/>\n<meta property=\"og:image\" content=\"http:\/\/apartment11.tv\/wp-content\/uploads\/youtube.gif\" \/>\n<meta name=\"twitter:card\" content=\"summary_large_image\" \/>\n<meta name=\"twitter:site\" content=\"@Apartment11Prod\" \/>\n<meta name=\"twitter:label1\" content=\"Dur\u00e9e de lecture estim\u00e9e\" \/>\n\t<meta name=\"twitter:data1\" content=\"2 minutes\" \/>\n<script type=\"application\/ld+json\" class=\"yoast-schema-graph\">{\"@context\":\"https:\/\/schema.org\",\"@graph\":[{\"@type\":\"WebPage\",\"@id\":\"https:\/\/www.apartment11.tv\/fr\/productions-tele\/surprise-its-edible-incredible\/\",\"url\":\"https:\/\/www.apartment11.tv\/fr\/productions-tele\/surprise-its-edible-incredible\/\",\"name\":\"Surprise! It\u2019s Edible Incredible!\",\"isPartOf\":{\"@id\":\"https:\/\/www.apartment11.tv\/#website\"},\"primaryImageOfPage\":{\"@id\":\"https:\/\/www.apartment11.tv\/fr\/productions-tele\/surprise-its-edible-incredible\/#primaryimage\"},\"image\":{\"@id\":\"https:\/\/www.apartment11.tv\/fr\/productions-tele\/surprise-its-edible-incredible\/#primaryimage\"},\"thumbnailUrl\":\"http:\/\/apartment11.tv\/wp-content\/uploads\/youtube.gif\",\"datePublished\":\"2015-12-30T16:02:57+00:00\",\"dateModified\":\"2018-10-22T13:02:21+00:00\",\"description\":\"Surprise! It\u2019s Edible! Incredible!\u00a0est une \u00e9mission de cuisine dynamique qui apprend aux enfants de 8 \u00e0 12 ans de saines habitudes de vie et d\u2019alimentation.\",\"breadcrumb\":{\"@id\":\"https:\/\/www.apartment11.tv\/fr\/productions-tele\/surprise-its-edible-incredible\/#breadcrumb\"},\"inLanguage\":\"fr-FR\",\"potentialAction\":[{\"@type\":\"ReadAction\",\"target\":[\"https:\/\/www.apartment11.tv\/fr\/productions-tele\/surprise-its-edible-incredible\/\"]}]},{\"@type\":\"ImageObject\",\"inLanguage\":\"fr-FR\",\"@id\":\"https:\/\/www.apartment11.tv\/fr\/productions-tele\/surprise-its-edible-incredible\/#primaryimage\",\"url\":\"http:\/\/apartment11.tv\/wp-content\/uploads\/youtube.gif\",\"contentUrl\":\"http:\/\/apartment11.tv\/wp-content\/uploads\/youtube.gif\"},{\"@type\":\"BreadcrumbList\",\"@id\":\"https:\/\/www.apartment11.tv\/fr\/productions-tele\/surprise-its-edible-incredible\/#breadcrumb\",\"itemListElement\":[{\"@type\":\"ListItem\",\"position\":1,\"name\":\"Home\",\"item\":\"https:\/\/www.apartment11.tv\/fr\/\"},{\"@type\":\"ListItem\",\"position\":2,\"name\":\"Productions t\u00e9l\u00e9\",\"item\":\"https:\/\/www.apartment11.tv\/fr\/productions-tele\/\"},{\"@type\":\"ListItem\",\"position\":3,\"name\":\"Surprise! It\u2019s Edible Incredible!\"}]},{\"@type\":\"WebSite\",\"@id\":\"https:\/\/www.apartment11.tv\/#website\",\"url\":\"https:\/\/www.apartment11.tv\/\",\"name\":\"Apartment 11 Productions\",\"description\":\"Award-Winning Television Productions and Cross-Platform Projects for both Adult and Younger Audiences\",\"potentialAction\":[{\"@type\":\"SearchAction\",\"target\":{\"@type\":\"EntryPoint\",\"urlTemplate\":\"https:\/\/www.apartment11.tv\/?s={search_term_string}\"},\"query-input\":{\"@type\":\"PropertyValueSpecification\",\"valueRequired\":true,\"valueName\":\"search_term_string\"}}],\"inLanguage\":\"fr-FR\"}]}<\/script>\n<!-- \/ Yoast SEO plugin. -->","yoast_head_json":{"title":"Surprise! It\u2019s Edible Incredible!","description":"Surprise! It\u2019s Edible! Incredible!\u00a0est une \u00e9mission de cuisine dynamique qui apprend aux enfants de 8 \u00e0 12 ans de saines habitudes de vie et d\u2019alimentation.","robots":{"index":"index","follow":"follow","max-snippet":"max-snippet:-1","max-image-preview":"max-image-preview:large","max-video-preview":"max-video-preview:-1"},"canonical":"https:\/\/www.apartment11.tv\/fr\/productions-tele\/surprise-its-edible-incredible\/","og_locale":"fr_FR","og_type":"article","og_title":"Surprise! It\u2019s Edible Incredible!","og_description":"Surprise! It\u2019s Edible! Incredible!\u00a0est une \u00e9mission de cuisine dynamique qui apprend aux enfants de 8 \u00e0 12 ans de saines habitudes de vie et d\u2019alimentation.","og_url":"https:\/\/www.apartment11.tv\/fr\/productions-tele\/surprise-its-edible-incredible\/","og_site_name":"Apartment 11 Productions","article_publisher":"https:\/\/www.facebook.com\/Apartment11Productions","article_modified_time":"2018-10-22T13:02:21+00:00","og_image":[{"url":"http:\/\/apartment11.tv\/wp-content\/uploads\/youtube.gif","type":"","width":"","height":""}],"twitter_card":"summary_large_image","twitter_site":"@Apartment11Prod","twitter_misc":{"Dur\u00e9e de lecture estim\u00e9e":"2 minutes"},"schema":{"@context":"https:\/\/schema.org","@graph":[{"@type":"WebPage","@id":"https:\/\/www.apartment11.tv\/fr\/productions-tele\/surprise-its-edible-incredible\/","url":"https:\/\/www.apartment11.tv\/fr\/productions-tele\/surprise-its-edible-incredible\/","name":"Surprise! It\u2019s Edible Incredible!","isPartOf":{"@id":"https:\/\/www.apartment11.tv\/#website"},"primaryImageOfPage":{"@id":"https:\/\/www.apartment11.tv\/fr\/productions-tele\/surprise-its-edible-incredible\/#primaryimage"},"image":{"@id":"https:\/\/www.apartment11.tv\/fr\/productions-tele\/surprise-its-edible-incredible\/#primaryimage"},"thumbnailUrl":"http:\/\/apartment11.tv\/wp-content\/uploads\/youtube.gif","datePublished":"2015-12-30T16:02:57+00:00","dateModified":"2018-10-22T13:02:21+00:00","description":"Surprise! It\u2019s Edible! Incredible!\u00a0est une \u00e9mission de cuisine dynamique qui apprend aux enfants de 8 \u00e0 12 ans de saines habitudes de vie et d\u2019alimentation.","breadcrumb":{"@id":"https:\/\/www.apartment11.tv\/fr\/productions-tele\/surprise-its-edible-incredible\/#breadcrumb"},"inLanguage":"fr-FR","potentialAction":[{"@type":"ReadAction","target":["https:\/\/www.apartment11.tv\/fr\/productions-tele\/surprise-its-edible-incredible\/"]}]},{"@type":"ImageObject","inLanguage":"fr-FR","@id":"https:\/\/www.apartment11.tv\/fr\/productions-tele\/surprise-its-edible-incredible\/#primaryimage","url":"http:\/\/apartment11.tv\/wp-content\/uploads\/youtube.gif","contentUrl":"http:\/\/apartment11.tv\/wp-content\/uploads\/youtube.gif"},{"@type":"BreadcrumbList","@id":"https:\/\/www.apartment11.tv\/fr\/productions-tele\/surprise-its-edible-incredible\/#breadcrumb","itemListElement":[{"@type":"ListItem","position":1,"name":"Home","item":"https:\/\/www.apartment11.tv\/fr\/"},{"@type":"ListItem","position":2,"name":"Productions t\u00e9l\u00e9","item":"https:\/\/www.apartment11.tv\/fr\/productions-tele\/"},{"@type":"ListItem","position":3,"name":"Surprise! It\u2019s Edible Incredible!"}]},{"@type":"WebSite","@id":"https:\/\/www.apartment11.tv\/#website","url":"https:\/\/www.apartment11.tv\/","name":"Apartment 11 Productions","description":"Award-Winning Television Productions and Cross-Platform Projects for both Adult and Younger Audiences","potentialAction":[{"@type":"SearchAction","target":{"@type":"EntryPoint","urlTemplate":"https:\/\/www.apartment11.tv\/?s={search_term_string}"},"query-input":{"@type":"PropertyValueSpecification","valueRequired":true,"valueName":"search_term_string"}}],"inLanguage":"fr-FR"}]}},"_links":{"self":[{"href":"https:\/\/www.apartment11.tv\/fr\/wp-json\/wp\/v2\/pages\/791","targetHints":{"allow":["GET"]}}],"collection":[{"href":"https:\/\/www.apartment11.tv\/fr\/wp-json\/wp\/v2\/pages"}],"about":[{"href":"https:\/\/www.apartment11.tv\/fr\/wp-json\/wp\/v2\/types\/page"}],"author":[{"embeddable":true,"href":"https:\/\/www.apartment11.tv\/fr\/wp-json\/wp\/v2\/users\/1"}],"replies":[{"embeddable":true,"href":"https:\/\/www.apartment11.tv\/fr\/wp-json\/wp\/v2\/comments?post=791"}],"version-history":[{"count":8,"href":"https:\/\/www.apartment11.tv\/fr\/wp-json\/wp\/v2\/pages\/791\/revisions"}],"predecessor-version":[{"id":1772,"href":"https:\/\/www.apartment11.tv\/fr\/wp-json\/wp\/v2\/pages\/791\/revisions\/1772"}],"up":[{"embeddable":true,"href":"https:\/\/www.apartment11.tv\/fr\/wp-json\/wp\/v2\/pages\/721"}],"wp:attachment":[{"href":"https:\/\/www.apartment11.tv\/fr\/wp-json\/wp\/v2\/media?parent=791"}],"curies":[{"name":"wp","href":"https:\/\/api.w.org\/{rel}","templated":true}]}}