{"id":796,"date":"2015-12-30T13:18:20","date_gmt":"2015-12-30T18:18:20","guid":{"rendered":"http:\/\/apartment11.tv\/wordpress\/fr\/?page_id=796"},"modified":"2018-10-22T09:07:10","modified_gmt":"2018-10-22T13:07:10","slug":"cross-country-fun-hunt","status":"publish","type":"page","link":"https:\/\/www.apartment11.tv\/fr\/interactif\/cross-country-fun-hunt\/","title":{"rendered":"Cross Country Fun Hunt"},"content":{"rendered":"<div class=\"wpb-content-wrapper\">[vc_row fullwidth=\u00a0\u00bbtrue\u00a0\u00bb][vc_column][rev_slider_vc alias=\u00a0\u00bbbanner-interactive-ccfh-fr\u00a0\u00bb][\/vc_column][\/vc_row][vc_row][vc_column width=\u00a0\u00bb1\/2&Prime;][vc_video link=\u00a0\u00bbhttps:\/\/youtu.be\/ZsYxzkO9ML8&Prime;][mk_divider style=\u00a0\u00bbsingle_dotted\u00a0\u00bb align=\u00a0\u00bbleft\u00a0\u00bb border_color=\u00a0\u00bb#c5c5c5&Prime; margin_top=\u00a0\u00bb0&Prime;][vc_gallery type=\u00a0\u00bbimage_grid\u00a0\u00bb images=\u00a0\u00bb658,664,663,662,661,660,659&Prime; img_size=\u00a0\u00bb140&#215;140&Prime; el_class=\u00a0\u00bbimage-gallery\u00a0\u00bb][\/vc_column][vc_column width=\u00a0\u00bb1\/2&Prime;][vc_column_text]\n<h2>\u00c0 propos du site web<\/h2>\n<p class=\"main_text\"><em>Cross Country Fun Hunt<\/em> r\u00e9alise la promesse du transm\u00e9dia\u00a0: il transforme significativement l\u2019exp\u00e9rience de la t\u00e9l\u00e9vision, en proposant aux jeunes un projet qu\u2019ils peuvent influencer et auquel ils peuvent activement participer. Ce concept a permis \u00e0 plusieurs enfants \u00e0 travers le pays de faire conna\u00eetre leur vie et leur culture locale \u00e0 d\u2019autres, et de faire d\u00e9couvrir la diversit\u00e9 d\u00e9mographique et g\u00e9ographique de l\u2019ensemble du pays.<\/p>\n<p class=\"main_text\"><em>Cross Country Fun Hunt <\/em>a pour but de d\u00e9couvrir les endroits les plus amusants au Canada. Pour y arriver, nous avons eu recours \u00e0 un syst\u00e8me de contenu g\u00e9n\u00e9r\u00e9 par les internautes, des votes en lignes, une carte interactive de g\u00e9o-rep\u00e9rage en temps r\u00e9el (entre autres strat\u00e9gies), afin de favoriser une v\u00e9ritable implication des enfants dans l\u2019\u00e9mission.<\/p>\n<p class=\"main_text\">Dans la premi\u00e8re phase du projet, nous avons recueilli les contenus soumis par les jeunes via le site Web. Nous avons demand\u00e9 aux enfants de nous proposer leur ville ou r\u00e9gion comme endroit le plus amusant au Canada, en soumettant une proposition en ligne pouvant comprendre des vid\u00e9os, des photos ou des textes.<\/p>\n<p class=\"main_text\">Dans la phase suivante, notre animateur, Jordan Francis, a entrepris un fabuleux voyage de huit semaines \u00e0 travers le pays, o\u00f9 il a visit\u00e9 certaines des destinations propos\u00e9es, pass\u00e9 une journ\u00e9e avec les jeunes h\u00f4tes et leurs amis pour d\u00e9couvrir les activit\u00e9s amusantes de leur contr\u00e9e, puis film\u00e9 un webisode. Les enfants pouvaient communiquer avec lui au moyen de la fonction \u00ab\u00a0shout\u00a0\u00bb de notre site Web, un outil de clavardage semblable \u00e0 Twitter, mais avec un filtre mod\u00e9rateur.<\/p>\n<p class=\"main_text\">Pour\u00a0la troisi\u00e8me phase du projet, nous avons r\u00e9organis\u00e9 les cyber\u00e9pisodes pour cr\u00e9er une s\u00e9rie de 13 \u00e9missions \u00e0 \u00eatre diffus\u00e9es \u00e0 la t\u00e9l\u00e9vision.<\/p>\n<p class=\"main_text\">Au m\u00eame moment, nous avons lanc\u00e9 un syst\u00e8me de votation sur notre site Web, afin de permettre aux enfants de choisir l\u2019endroit le plus amusant au Canada.<\/p>\n<p class=\"main_text\">Plus de 14 000 canadiens ont ainsi vot\u00e9 sur notre site Web. Les enfants ont travaill\u00e9 fort afin d\u2019obtenir des votes pour leur ville, en promouvant leur candidature via des vid\u00e9os mis en ligne, aupr\u00e8s de leurs amis d\u2019\u00e9cole, dans le cadre d\u2019\u00e9v\u00e9nements sportifs et \u00e0 travers les m\u00e9dias sociaux.<\/p>\n<p class=\"main_text\">L\u2019endroit gagnant du concours remporta un prix, soit un concert avec Jordan ainsi qu\u2019avec la populaire chanteuse canadienne, Victoria Duffield.<\/p>\n<p class=\"main_text\">L\u2019\u00e9v\u00e9nement fut un succ\u00e8s et attira pr\u00e8s de 3 000 r\u00e9sidants de Stratford, \u00e0 l\u2019\u00cele-du-Prince-\u00c9douard, et de ses environs.<\/p>\n<h2>Prix<\/h2>\n<p class=\"main_text\"><strong>PRIX D\u2019EXCELLENCE ALLIANCE M\u00c9DIAS JEUNESSE \u2013 2013 <\/strong><br \/>\nGagnant &#8211; Meilleur site Web convergent<\/p>\n<p class=\"main_text\"><strong>PRIX NUMIX \u2013 2013 <\/strong><br \/>\nGagnant\u00a0&#8211;\u00a0Production convergente : Jeunesse<\/p>\n<h2>Partenaires<\/h2>\n<p><img loading=\"lazy\" decoding=\"async\" class=\"alignleft size-full wp-image-74\" src=\"http:\/\/apartment11.tv\/wp-content\/uploads\/logos\/tp1.gif\" alt=\"tp1\" width=\"75\" height=\"75\" srcset=\"https:\/\/www.apartment11.tv\/wp-content\/uploads\/logos\/tp1.gif 75w, https:\/\/www.apartment11.tv\/wp-content\/uploads\/logos\/tp1-300x300.gif 300w, https:\/\/www.apartment11.tv\/wp-content\/uploads\/logos\/tp1-1024x1024.gif 1024w\" sizes=\"auto, (max-width: 75px) 100vw, 75px\" \/><img loading=\"lazy\" decoding=\"async\" class=\"alignleft size-full wp-image-55\" src=\"http:\/\/apartment11.tv\/wp-content\/uploads\/logos\/cbc.gif\" alt=\"cbc\" width=\"75\" height=\"75\" srcset=\"https:\/\/www.apartment11.tv\/wp-content\/uploads\/logos\/cbc.gif 75w, https:\/\/www.apartment11.tv\/wp-content\/uploads\/logos\/cbc-1024x1024.gif 1024w\" sizes=\"auto, (max-width: 75px) 100vw, 75px\" \/><img loading=\"lazy\" decoding=\"async\" class=\"alignleft size-full wp-image-72\" src=\"http:\/\/apartment11.tv\/wp-content\/uploads\/logos\/shaw_rocket_fund.gif\" alt=\"shaw_rocket_fund\" width=\"133\" height=\"75\" \/><img loading=\"lazy\" decoding=\"async\" class=\"alignleft size-full wp-image-53\" src=\"http:\/\/apartment11.tv\/wp-content\/uploads\/news\/bell_newmedia_fund.gif\" alt=\"bell_newmedia_fund\" width=\"150\" height=\"75\" \/>[\/vc_column_text][\/vc_column][\/vc_row]\n<\/div>","protected":false},"excerpt":{"rendered":"<p>[vc_row fullwidth=\u00a0\u00bbtrue\u00a0\u00bb][vc_column][rev_slider_vc alias=\u00a0\u00bbbanner-interactive-ccfh-fr\u00a0\u00bb][\/vc_column][\/vc_row][vc_row][vc_column width=\u00a0\u00bb1\/2&Prime;][vc_video link=\u00a0\u00bbhttps:\/\/youtu.be\/ZsYxzkO9ML8&Prime;][mk_divider style=\u00a0\u00bbsingle_dotted\u00a0\u00bb align=\u00a0\u00bbleft\u00a0\u00bb border_color=\u00a0\u00bb#c5c5c5&Prime; margin_top=\u00a0\u00bb0&Prime;][vc_gallery type=\u00a0\u00bbimage_grid\u00a0\u00bb images=\u00a0\u00bb658,664,663,662,661,660,659&Prime; img_size=\u00a0\u00bb140&#215;140&Prime; el_class=\u00a0\u00bbimage-gallery\u00a0\u00bb][\/vc_column][vc_column width=\u00a0\u00bb1\/2&Prime;][vc_column_text] \u00c0 propos du site web Cross Country Fun Hunt r\u00e9alise la promesse du transm\u00e9dia\u00a0: il transforme significativement l\u2019exp\u00e9rience de la t\u00e9l\u00e9vision, en proposant aux jeunes un projet qu\u2019ils peuvent influencer et auquel ils peuvent activement participer. Ce concept a permis \u00e0 [&hellip;]<\/p>\n","protected":false},"author":1,"featured_media":0,"parent":719,"menu_order":0,"comment_status":"closed","ping_status":"closed","template":"","meta":{"footnotes":""},"class_list":["post-796","page","type-page","status-publish","hentry"],"yoast_head":"<!-- This site is optimized with the Yoast SEO plugin v27.2 - https:\/\/yoast.com\/product\/yoast-seo-wordpress\/ -->\n<title>Cross Country Fun Hunt<\/title>\n<meta name=\"description\" content=\"Cross Country Fun Hunt proposant aux jeunes un projet qu\u2019ils peuvent influencer et auquel ils peuvent activement participer\" \/>\n<meta name=\"robots\" content=\"index, follow, max-snippet:-1, max-image-preview:large, max-video-preview:-1\" \/>\n<link rel=\"canonical\" href=\"https:\/\/www.apartment11.tv\/fr\/interactif\/cross-country-fun-hunt\/\" \/>\n<meta property=\"og:locale\" content=\"fr_FR\" \/>\n<meta property=\"og:type\" content=\"article\" \/>\n<meta property=\"og:title\" content=\"Cross Country Fun Hunt\" \/>\n<meta property=\"og:description\" content=\"Cross Country Fun Hunt proposant aux jeunes un projet qu\u2019ils peuvent influencer et auquel ils peuvent activement participer\" \/>\n<meta property=\"og:url\" content=\"https:\/\/www.apartment11.tv\/fr\/interactif\/cross-country-fun-hunt\/\" \/>\n<meta property=\"og:site_name\" content=\"Apartment 11 Productions\" \/>\n<meta property=\"article:publisher\" content=\"https:\/\/www.facebook.com\/Apartment11Productions\" \/>\n<meta property=\"article:modified_time\" content=\"2018-10-22T13:07:10+00:00\" \/>\n<meta property=\"og:image\" content=\"http:\/\/apartment11.tv\/wp-content\/uploads\/logos\/tp1.gif\" \/>\n<meta name=\"twitter:card\" content=\"summary_large_image\" \/>\n<meta name=\"twitter:site\" content=\"@Apartment11Prod\" \/>\n<meta name=\"twitter:label1\" content=\"Dur\u00e9e de lecture estim\u00e9e\" \/>\n\t<meta name=\"twitter:data1\" content=\"3 minutes\" \/>\n<script type=\"application\/ld+json\" class=\"yoast-schema-graph\">{\"@context\":\"https:\/\/schema.org\",\"@graph\":[{\"@type\":\"WebPage\",\"@id\":\"https:\/\/www.apartment11.tv\/fr\/interactif\/cross-country-fun-hunt\/\",\"url\":\"https:\/\/www.apartment11.tv\/fr\/interactif\/cross-country-fun-hunt\/\",\"name\":\"Cross Country Fun Hunt\",\"isPartOf\":{\"@id\":\"https:\/\/www.apartment11.tv\/#website\"},\"primaryImageOfPage\":{\"@id\":\"https:\/\/www.apartment11.tv\/fr\/interactif\/cross-country-fun-hunt\/#primaryimage\"},\"image\":{\"@id\":\"https:\/\/www.apartment11.tv\/fr\/interactif\/cross-country-fun-hunt\/#primaryimage\"},\"thumbnailUrl\":\"http:\/\/apartment11.tv\/wp-content\/uploads\/logos\/tp1.gif\",\"datePublished\":\"2015-12-30T18:18:20+00:00\",\"dateModified\":\"2018-10-22T13:07:10+00:00\",\"description\":\"Cross Country Fun Hunt proposant aux jeunes un projet qu\u2019ils peuvent influencer et auquel ils peuvent activement participer\",\"breadcrumb\":{\"@id\":\"https:\/\/www.apartment11.tv\/fr\/interactif\/cross-country-fun-hunt\/#breadcrumb\"},\"inLanguage\":\"fr-FR\",\"potentialAction\":[{\"@type\":\"ReadAction\",\"target\":[\"https:\/\/www.apartment11.tv\/fr\/interactif\/cross-country-fun-hunt\/\"]}]},{\"@type\":\"ImageObject\",\"inLanguage\":\"fr-FR\",\"@id\":\"https:\/\/www.apartment11.tv\/fr\/interactif\/cross-country-fun-hunt\/#primaryimage\",\"url\":\"http:\/\/apartment11.tv\/wp-content\/uploads\/logos\/tp1.gif\",\"contentUrl\":\"http:\/\/apartment11.tv\/wp-content\/uploads\/logos\/tp1.gif\"},{\"@type\":\"BreadcrumbList\",\"@id\":\"https:\/\/www.apartment11.tv\/fr\/interactif\/cross-country-fun-hunt\/#breadcrumb\",\"itemListElement\":[{\"@type\":\"ListItem\",\"position\":1,\"name\":\"Home\",\"item\":\"https:\/\/www.apartment11.tv\/fr\/\"},{\"@type\":\"ListItem\",\"position\":2,\"name\":\"Interactif\",\"item\":\"https:\/\/www.apartment11.tv\/fr\/interactif\/\"},{\"@type\":\"ListItem\",\"position\":3,\"name\":\"Cross Country Fun Hunt\"}]},{\"@type\":\"WebSite\",\"@id\":\"https:\/\/www.apartment11.tv\/#website\",\"url\":\"https:\/\/www.apartment11.tv\/\",\"name\":\"Apartment 11 Productions\",\"description\":\"Award-Winning Television Productions and Cross-Platform Projects for both Adult and Younger Audiences\",\"potentialAction\":[{\"@type\":\"SearchAction\",\"target\":{\"@type\":\"EntryPoint\",\"urlTemplate\":\"https:\/\/www.apartment11.tv\/?s={search_term_string}\"},\"query-input\":{\"@type\":\"PropertyValueSpecification\",\"valueRequired\":true,\"valueName\":\"search_term_string\"}}],\"inLanguage\":\"fr-FR\"}]}<\/script>\n<!-- \/ Yoast SEO plugin. -->","yoast_head_json":{"title":"Cross Country Fun Hunt","description":"Cross Country Fun Hunt proposant aux jeunes un projet qu\u2019ils peuvent influencer et auquel ils peuvent activement participer","robots":{"index":"index","follow":"follow","max-snippet":"max-snippet:-1","max-image-preview":"max-image-preview:large","max-video-preview":"max-video-preview:-1"},"canonical":"https:\/\/www.apartment11.tv\/fr\/interactif\/cross-country-fun-hunt\/","og_locale":"fr_FR","og_type":"article","og_title":"Cross Country Fun Hunt","og_description":"Cross Country Fun Hunt proposant aux jeunes un projet qu\u2019ils peuvent influencer et auquel ils peuvent activement participer","og_url":"https:\/\/www.apartment11.tv\/fr\/interactif\/cross-country-fun-hunt\/","og_site_name":"Apartment 11 Productions","article_publisher":"https:\/\/www.facebook.com\/Apartment11Productions","article_modified_time":"2018-10-22T13:07:10+00:00","og_image":[{"url":"http:\/\/apartment11.tv\/wp-content\/uploads\/logos\/tp1.gif","type":"","width":"","height":""}],"twitter_card":"summary_large_image","twitter_site":"@Apartment11Prod","twitter_misc":{"Dur\u00e9e de lecture estim\u00e9e":"3 minutes"},"schema":{"@context":"https:\/\/schema.org","@graph":[{"@type":"WebPage","@id":"https:\/\/www.apartment11.tv\/fr\/interactif\/cross-country-fun-hunt\/","url":"https:\/\/www.apartment11.tv\/fr\/interactif\/cross-country-fun-hunt\/","name":"Cross Country Fun Hunt","isPartOf":{"@id":"https:\/\/www.apartment11.tv\/#website"},"primaryImageOfPage":{"@id":"https:\/\/www.apartment11.tv\/fr\/interactif\/cross-country-fun-hunt\/#primaryimage"},"image":{"@id":"https:\/\/www.apartment11.tv\/fr\/interactif\/cross-country-fun-hunt\/#primaryimage"},"thumbnailUrl":"http:\/\/apartment11.tv\/wp-content\/uploads\/logos\/tp1.gif","datePublished":"2015-12-30T18:18:20+00:00","dateModified":"2018-10-22T13:07:10+00:00","description":"Cross Country Fun Hunt proposant aux jeunes un projet qu\u2019ils peuvent influencer et auquel ils peuvent activement participer","breadcrumb":{"@id":"https:\/\/www.apartment11.tv\/fr\/interactif\/cross-country-fun-hunt\/#breadcrumb"},"inLanguage":"fr-FR","potentialAction":[{"@type":"ReadAction","target":["https:\/\/www.apartment11.tv\/fr\/interactif\/cross-country-fun-hunt\/"]}]},{"@type":"ImageObject","inLanguage":"fr-FR","@id":"https:\/\/www.apartment11.tv\/fr\/interactif\/cross-country-fun-hunt\/#primaryimage","url":"http:\/\/apartment11.tv\/wp-content\/uploads\/logos\/tp1.gif","contentUrl":"http:\/\/apartment11.tv\/wp-content\/uploads\/logos\/tp1.gif"},{"@type":"BreadcrumbList","@id":"https:\/\/www.apartment11.tv\/fr\/interactif\/cross-country-fun-hunt\/#breadcrumb","itemListElement":[{"@type":"ListItem","position":1,"name":"Home","item":"https:\/\/www.apartment11.tv\/fr\/"},{"@type":"ListItem","position":2,"name":"Interactif","item":"https:\/\/www.apartment11.tv\/fr\/interactif\/"},{"@type":"ListItem","position":3,"name":"Cross Country Fun Hunt"}]},{"@type":"WebSite","@id":"https:\/\/www.apartment11.tv\/#website","url":"https:\/\/www.apartment11.tv\/","name":"Apartment 11 Productions","description":"Award-Winning Television Productions and Cross-Platform Projects for both Adult and Younger Audiences","potentialAction":[{"@type":"SearchAction","target":{"@type":"EntryPoint","urlTemplate":"https:\/\/www.apartment11.tv\/?s={search_term_string}"},"query-input":{"@type":"PropertyValueSpecification","valueRequired":true,"valueName":"search_term_string"}}],"inLanguage":"fr-FR"}]}},"_links":{"self":[{"href":"https:\/\/www.apartment11.tv\/fr\/wp-json\/wp\/v2\/pages\/796","targetHints":{"allow":["GET"]}}],"collection":[{"href":"https:\/\/www.apartment11.tv\/fr\/wp-json\/wp\/v2\/pages"}],"about":[{"href":"https:\/\/www.apartment11.tv\/fr\/wp-json\/wp\/v2\/types\/page"}],"author":[{"embeddable":true,"href":"https:\/\/www.apartment11.tv\/fr\/wp-json\/wp\/v2\/users\/1"}],"replies":[{"embeddable":true,"href":"https:\/\/www.apartment11.tv\/fr\/wp-json\/wp\/v2\/comments?post=796"}],"version-history":[{"count":10,"href":"https:\/\/www.apartment11.tv\/fr\/wp-json\/wp\/v2\/pages\/796\/revisions"}],"predecessor-version":[{"id":1787,"href":"https:\/\/www.apartment11.tv\/fr\/wp-json\/wp\/v2\/pages\/796\/revisions\/1787"}],"up":[{"embeddable":true,"href":"https:\/\/www.apartment11.tv\/fr\/wp-json\/wp\/v2\/pages\/719"}],"wp:attachment":[{"href":"https:\/\/www.apartment11.tv\/fr\/wp-json\/wp\/v2\/media?parent=796"}],"curies":[{"name":"wp","href":"https:\/\/api.w.org\/{rel}","templated":true}]}}