{"id":801,"date":"2015-12-30T13:26:50","date_gmt":"2015-12-30T18:26:50","guid":{"rendered":"http:\/\/apartment11.tv\/wordpress\/fr\/?page_id=801"},"modified":"2018-10-22T09:06:06","modified_gmt":"2018-10-22T13:06:06","slug":"in-real-life","status":"publish","type":"page","link":"https:\/\/www.apartment11.tv\/fr\/interactif\/in-real-life\/","title":{"rendered":"In Real Life"},"content":{"rendered":"<div class=\"wpb-content-wrapper\">[vc_row fullwidth=\u00a0\u00bbtrue\u00a0\u00bb][vc_column][rev_slider_vc alias=\u00a0\u00bbbanner-interactive-irl-fr\u00a0\u00bb][\/vc_column][\/vc_row][vc_row][vc_column width=\u00a0\u00bb1\/2&Prime;][vc_video link=\u00a0\u00bbhttps:\/\/youtu.be\/x8bTqs8WAcc\u00a0\u00bb][mk_divider style=\u00a0\u00bbsingle_dotted\u00a0\u00bb align=\u00a0\u00bbleft\u00a0\u00bb border_color=\u00a0\u00bb#c5c5c5&Prime; margin_top=\u00a0\u00bb0&Prime;][vc_gallery type=\u00a0\u00bbimage_grid\u00a0\u00bb images=\u00a0\u00bb673,672,675,674&Prime; img_size=\u00a0\u00bb140&#215;140&Prime; el_class=\u00a0\u00bbimage-gallery\u00a0\u00bb][\/vc_column][vc_column width=\u00a0\u00bb1\/2&Prime;][vc_column_text]\n<h2>\u00c0 propos du\u00a0jeu<\/h2>\n<p class=\"main_text\">Le jeu interactif\u00a0 \u00ab\u00a0In Real Life\u00a0\u00bb \u00a0permet aux spectateurs de la s\u00e9rie <em>In Real Life<\/em> de prendre part \u00e0 une comp\u00e9tition Web excitante, dont les r\u00e9sultats influencent le contenu d\u2019un cyber\u00e9pisode exclusif, faisant suite \u00e0 la derni\u00e8re \u00e9mission de la s\u00e9rie t\u00e9l\u00e9vis\u00e9e.<\/p>\n<p class=\"main_text\">En jouant \u00e0 construire des niveaux dans le jeu Flash en ligne \u00ab Race To The Finish \u00bb, les enfants ont vot\u00e9 pour les concurrents de l&rsquo;\u00e9mission t\u00e9l\u00e9 qu&rsquo;ils souhaitaient voir revenir dans le cyber\u00e9pisode, faisant \u00e9quipe avec eux en leur attribuant les points accumul\u00e9s. Les deux concurrents ayant re\u00e7us le plus grand soutien des fans ont pris part a un p\u00e9rilleux cyber\u00e9pisode, dont le d\u00e9fi consistait \u00e0 d\u00e9fier la gravit\u00e9 en chute libre int\u00e9rieur.<\/p>\n<p class=\"main_text\">Dans la troisi\u00e8me saison, une nouvelle application mobile a offert aux fans une nouvelle fa\u00e7on de jouer. Ils pouvaient utiliser les points accumul\u00e9s pour faire participer un concurrent \u00e0 un second cyber\u00e9pisode, mais cette fois, en ayant eux-m\u00eames la chance d\u2019en faire partie.<\/p>\n<p class=\"main_text\">Film\u00e9 et d\u00e9velopp\u00e9 avec la m\u00eame \u00e9quipe et les m\u00eames participants que la s\u00e9rie t\u00e9l\u00e9vis\u00e9e, puis ajoutant un 11e \u00e9pisode \u00e0 la s\u00e9rie, ce cyber\u00e9pisode a permis aux jeunes de r\u00e9ellement s\u2019impliquer dans l\u2019\u00e9mission, leur donnant ainsi une excellente raison de s\u2019amuser avec le jeu interactif.<\/p>\n<h2>Liens<\/h2>\n<p>Race to the Finish: <a href=\"http:\/\/inreallife.ytv.com\/\">http:\/\/inreallife.ytv.com\/<\/a> (en anglais seulement)<\/p>\n<h2>Prix<\/h2>\n<p class=\"main_text\"><strong>PRIX \u00c9CRANS CANADIENS \u2013 2013 <\/strong><br \/>\nNomination &#8211; Meilleur projet multiplateforme pour enfants et jeunes<\/p>\n<p class=\"main_text\"><strong>PRIX KIDSCREEN \u2013 2012 <\/strong><br \/>\nNomination &#8211; Meilleur site Web pour pr\u00e9adolescents et adolescents<\/p>\n<p class=\"main_text\"><strong>PRIX DIGI \u2013 2012 <\/strong><br \/>\nGagnant &#8211; Meilleur contenu multiplateforme : Enfants<\/p>\n<p class=\"main_text\"><strong>PRIX D\u2019EXCELLENCE ALLIANCE M\u00c9DIAS JEUNESSE \u2013 2011 <\/strong><br \/>\nNomination &#8211; Meilleurs contenus convergents interactifs<\/p>\n<p><strong>DIGI AWARDS \u2013 2012<\/strong><br \/>\nWinner &#8211; Best in Cross-Platform &#8211; Kids<\/p>\n<p><strong>YOUTH MEDIA ALLIANCE AWARD &#8211; 2011<\/strong><br \/>\nNomination &#8211; Best Convergent Interactive Content<\/p>\n<h2>Partenaires<\/h2>\n<p><img loading=\"lazy\" decoding=\"async\" class=\"alignleft size-full wp-image-71\" src=\"http:\/\/apartment11.tv\/wp-content\/uploads\/logos\/secret_location.gif\" alt=\"secret_location\" width=\"135\" height=\"75\" \/><img loading=\"lazy\" decoding=\"async\" class=\"alignleft size-full wp-image-77\" src=\"http:\/\/apartment11.tv\/wp-content\/uploads\/logos\/ytv.gif\" alt=\"ytv\" width=\"88\" height=\"75\" \/><img loading=\"lazy\" decoding=\"async\" class=\"alignleft size-full wp-image-72\" src=\"http:\/\/apartment11.tv\/wp-content\/uploads\/logos\/shaw_rocket_fund.gif\" alt=\"shaw_rocket_fund\" width=\"133\" height=\"75\" \/><img loading=\"lazy\" decoding=\"async\" class=\"alignleft size-full wp-image-53\" src=\"http:\/\/apartment11.tv\/wp-content\/uploads\/news\/bell_newmedia_fund.gif\" alt=\"bell_newmedia_fund\" width=\"150\" height=\"75\" \/>[\/vc_column_text][\/vc_column][\/vc_row]\n<\/div>","protected":false},"excerpt":{"rendered":"<p>[vc_row fullwidth=\u00a0\u00bbtrue\u00a0\u00bb][vc_column][rev_slider_vc alias=\u00a0\u00bbbanner-interactive-irl-fr\u00a0\u00bb][\/vc_column][\/vc_row][vc_row][vc_column width=\u00a0\u00bb1\/2&Prime;][vc_video link=\u00a0\u00bbhttps:\/\/youtu.be\/x8bTqs8WAcc\u00a0\u00bb][mk_divider style=\u00a0\u00bbsingle_dotted\u00a0\u00bb align=\u00a0\u00bbleft\u00a0\u00bb border_color=\u00a0\u00bb#c5c5c5&Prime; margin_top=\u00a0\u00bb0&Prime;][vc_gallery type=\u00a0\u00bbimage_grid\u00a0\u00bb images=\u00a0\u00bb673,672,675,674&Prime; img_size=\u00a0\u00bb140&#215;140&Prime; el_class=\u00a0\u00bbimage-gallery\u00a0\u00bb][\/vc_column][vc_column width=\u00a0\u00bb1\/2&Prime;][vc_column_text] \u00c0 propos du\u00a0jeu Le jeu interactif\u00a0 \u00ab\u00a0In Real Life\u00a0\u00bb \u00a0permet aux spectateurs de la s\u00e9rie In Real Life de prendre part \u00e0 une comp\u00e9tition Web excitante, dont les r\u00e9sultats influencent le contenu d\u2019un cyber\u00e9pisode exclusif, faisant suite \u00e0 la derni\u00e8re \u00e9mission [&hellip;]<\/p>\n","protected":false},"author":1,"featured_media":0,"parent":719,"menu_order":0,"comment_status":"closed","ping_status":"closed","template":"","meta":{"footnotes":""},"class_list":["post-801","page","type-page","status-publish","hentry"],"yoast_head":"<!-- This site is optimized with the Yoast SEO plugin v27.2 - https:\/\/yoast.com\/product\/yoast-seo-wordpress\/ -->\n<title>In Real Life<\/title>\n<meta name=\"description\" content=\"Le jeu interactif\u00a0 \u00ab\u00a0In Real Life\u00a0\u00bb \u00a0permet aux spectateurs de la s\u00e9rie\u00a0In Real Life\u00a0de prendre part \u00e0 une comp\u00e9tition Web excitante\" \/>\n<meta name=\"robots\" content=\"index, follow, max-snippet:-1, max-image-preview:large, max-video-preview:-1\" \/>\n<link rel=\"canonical\" href=\"https:\/\/www.apartment11.tv\/fr\/interactif\/in-real-life\/\" \/>\n<meta property=\"og:locale\" content=\"fr_FR\" \/>\n<meta property=\"og:type\" content=\"article\" \/>\n<meta property=\"og:title\" content=\"In Real Life\" \/>\n<meta property=\"og:description\" content=\"Le jeu interactif\u00a0 \u00ab\u00a0In Real Life\u00a0\u00bb \u00a0permet aux spectateurs de la s\u00e9rie\u00a0In Real Life\u00a0de prendre part \u00e0 une comp\u00e9tition Web excitante\" \/>\n<meta property=\"og:url\" content=\"https:\/\/www.apartment11.tv\/fr\/interactif\/in-real-life\/\" \/>\n<meta property=\"og:site_name\" content=\"Apartment 11 Productions\" \/>\n<meta property=\"article:publisher\" content=\"https:\/\/www.facebook.com\/Apartment11Productions\" \/>\n<meta property=\"article:modified_time\" content=\"2018-10-22T13:06:06+00:00\" \/>\n<meta property=\"og:image\" content=\"http:\/\/apartment11.tv\/wp-content\/uploads\/logos\/secret_location.gif\" \/>\n<meta name=\"twitter:card\" content=\"summary_large_image\" \/>\n<meta name=\"twitter:site\" content=\"@Apartment11Prod\" \/>\n<meta name=\"twitter:label1\" content=\"Dur\u00e9e de lecture estim\u00e9e\" \/>\n\t<meta name=\"twitter:data1\" content=\"2 minutes\" \/>\n<script type=\"application\/ld+json\" class=\"yoast-schema-graph\">{\"@context\":\"https:\/\/schema.org\",\"@graph\":[{\"@type\":\"WebPage\",\"@id\":\"https:\/\/www.apartment11.tv\/fr\/interactif\/in-real-life\/\",\"url\":\"https:\/\/www.apartment11.tv\/fr\/interactif\/in-real-life\/\",\"name\":\"In Real Life\",\"isPartOf\":{\"@id\":\"https:\/\/www.apartment11.tv\/#website\"},\"primaryImageOfPage\":{\"@id\":\"https:\/\/www.apartment11.tv\/fr\/interactif\/in-real-life\/#primaryimage\"},\"image\":{\"@id\":\"https:\/\/www.apartment11.tv\/fr\/interactif\/in-real-life\/#primaryimage\"},\"thumbnailUrl\":\"http:\/\/apartment11.tv\/wp-content\/uploads\/logos\/secret_location.gif\",\"datePublished\":\"2015-12-30T18:26:50+00:00\",\"dateModified\":\"2018-10-22T13:06:06+00:00\",\"description\":\"Le jeu interactif\u00a0 \u00ab\u00a0In Real Life\u00a0\u00bb \u00a0permet aux spectateurs de la s\u00e9rie\u00a0In Real Life\u00a0de prendre part \u00e0 une comp\u00e9tition Web excitante\",\"breadcrumb\":{\"@id\":\"https:\/\/www.apartment11.tv\/fr\/interactif\/in-real-life\/#breadcrumb\"},\"inLanguage\":\"fr-FR\",\"potentialAction\":[{\"@type\":\"ReadAction\",\"target\":[\"https:\/\/www.apartment11.tv\/fr\/interactif\/in-real-life\/\"]}]},{\"@type\":\"ImageObject\",\"inLanguage\":\"fr-FR\",\"@id\":\"https:\/\/www.apartment11.tv\/fr\/interactif\/in-real-life\/#primaryimage\",\"url\":\"http:\/\/apartment11.tv\/wp-content\/uploads\/logos\/secret_location.gif\",\"contentUrl\":\"http:\/\/apartment11.tv\/wp-content\/uploads\/logos\/secret_location.gif\"},{\"@type\":\"BreadcrumbList\",\"@id\":\"https:\/\/www.apartment11.tv\/fr\/interactif\/in-real-life\/#breadcrumb\",\"itemListElement\":[{\"@type\":\"ListItem\",\"position\":1,\"name\":\"Home\",\"item\":\"https:\/\/www.apartment11.tv\/fr\/\"},{\"@type\":\"ListItem\",\"position\":2,\"name\":\"Interactif\",\"item\":\"https:\/\/www.apartment11.tv\/fr\/interactif\/\"},{\"@type\":\"ListItem\",\"position\":3,\"name\":\"In Real Life\"}]},{\"@type\":\"WebSite\",\"@id\":\"https:\/\/www.apartment11.tv\/#website\",\"url\":\"https:\/\/www.apartment11.tv\/\",\"name\":\"Apartment 11 Productions\",\"description\":\"Award-Winning Television Productions and Cross-Platform Projects for both Adult and Younger Audiences\",\"potentialAction\":[{\"@type\":\"SearchAction\",\"target\":{\"@type\":\"EntryPoint\",\"urlTemplate\":\"https:\/\/www.apartment11.tv\/?s={search_term_string}\"},\"query-input\":{\"@type\":\"PropertyValueSpecification\",\"valueRequired\":true,\"valueName\":\"search_term_string\"}}],\"inLanguage\":\"fr-FR\"}]}<\/script>\n<!-- \/ Yoast SEO plugin. -->","yoast_head_json":{"title":"In Real Life","description":"Le jeu interactif\u00a0 \u00ab\u00a0In Real Life\u00a0\u00bb \u00a0permet aux spectateurs de la s\u00e9rie\u00a0In Real Life\u00a0de prendre part \u00e0 une comp\u00e9tition Web excitante","robots":{"index":"index","follow":"follow","max-snippet":"max-snippet:-1","max-image-preview":"max-image-preview:large","max-video-preview":"max-video-preview:-1"},"canonical":"https:\/\/www.apartment11.tv\/fr\/interactif\/in-real-life\/","og_locale":"fr_FR","og_type":"article","og_title":"In Real Life","og_description":"Le jeu interactif\u00a0 \u00ab\u00a0In Real Life\u00a0\u00bb \u00a0permet aux spectateurs de la s\u00e9rie\u00a0In Real Life\u00a0de prendre part \u00e0 une comp\u00e9tition Web excitante","og_url":"https:\/\/www.apartment11.tv\/fr\/interactif\/in-real-life\/","og_site_name":"Apartment 11 Productions","article_publisher":"https:\/\/www.facebook.com\/Apartment11Productions","article_modified_time":"2018-10-22T13:06:06+00:00","og_image":[{"url":"http:\/\/apartment11.tv\/wp-content\/uploads\/logos\/secret_location.gif","type":"","width":"","height":""}],"twitter_card":"summary_large_image","twitter_site":"@Apartment11Prod","twitter_misc":{"Dur\u00e9e de lecture estim\u00e9e":"2 minutes"},"schema":{"@context":"https:\/\/schema.org","@graph":[{"@type":"WebPage","@id":"https:\/\/www.apartment11.tv\/fr\/interactif\/in-real-life\/","url":"https:\/\/www.apartment11.tv\/fr\/interactif\/in-real-life\/","name":"In Real Life","isPartOf":{"@id":"https:\/\/www.apartment11.tv\/#website"},"primaryImageOfPage":{"@id":"https:\/\/www.apartment11.tv\/fr\/interactif\/in-real-life\/#primaryimage"},"image":{"@id":"https:\/\/www.apartment11.tv\/fr\/interactif\/in-real-life\/#primaryimage"},"thumbnailUrl":"http:\/\/apartment11.tv\/wp-content\/uploads\/logos\/secret_location.gif","datePublished":"2015-12-30T18:26:50+00:00","dateModified":"2018-10-22T13:06:06+00:00","description":"Le jeu interactif\u00a0 \u00ab\u00a0In Real Life\u00a0\u00bb \u00a0permet aux spectateurs de la s\u00e9rie\u00a0In Real Life\u00a0de prendre part \u00e0 une comp\u00e9tition Web excitante","breadcrumb":{"@id":"https:\/\/www.apartment11.tv\/fr\/interactif\/in-real-life\/#breadcrumb"},"inLanguage":"fr-FR","potentialAction":[{"@type":"ReadAction","target":["https:\/\/www.apartment11.tv\/fr\/interactif\/in-real-life\/"]}]},{"@type":"ImageObject","inLanguage":"fr-FR","@id":"https:\/\/www.apartment11.tv\/fr\/interactif\/in-real-life\/#primaryimage","url":"http:\/\/apartment11.tv\/wp-content\/uploads\/logos\/secret_location.gif","contentUrl":"http:\/\/apartment11.tv\/wp-content\/uploads\/logos\/secret_location.gif"},{"@type":"BreadcrumbList","@id":"https:\/\/www.apartment11.tv\/fr\/interactif\/in-real-life\/#breadcrumb","itemListElement":[{"@type":"ListItem","position":1,"name":"Home","item":"https:\/\/www.apartment11.tv\/fr\/"},{"@type":"ListItem","position":2,"name":"Interactif","item":"https:\/\/www.apartment11.tv\/fr\/interactif\/"},{"@type":"ListItem","position":3,"name":"In Real Life"}]},{"@type":"WebSite","@id":"https:\/\/www.apartment11.tv\/#website","url":"https:\/\/www.apartment11.tv\/","name":"Apartment 11 Productions","description":"Award-Winning Television Productions and Cross-Platform Projects for both Adult and Younger Audiences","potentialAction":[{"@type":"SearchAction","target":{"@type":"EntryPoint","urlTemplate":"https:\/\/www.apartment11.tv\/?s={search_term_string}"},"query-input":{"@type":"PropertyValueSpecification","valueRequired":true,"valueName":"search_term_string"}}],"inLanguage":"fr-FR"}]}},"_links":{"self":[{"href":"https:\/\/www.apartment11.tv\/fr\/wp-json\/wp\/v2\/pages\/801","targetHints":{"allow":["GET"]}}],"collection":[{"href":"https:\/\/www.apartment11.tv\/fr\/wp-json\/wp\/v2\/pages"}],"about":[{"href":"https:\/\/www.apartment11.tv\/fr\/wp-json\/wp\/v2\/types\/page"}],"author":[{"embeddable":true,"href":"https:\/\/www.apartment11.tv\/fr\/wp-json\/wp\/v2\/users\/1"}],"replies":[{"embeddable":true,"href":"https:\/\/www.apartment11.tv\/fr\/wp-json\/wp\/v2\/comments?post=801"}],"version-history":[{"count":9,"href":"https:\/\/www.apartment11.tv\/fr\/wp-json\/wp\/v2\/pages\/801\/revisions"}],"predecessor-version":[{"id":1785,"href":"https:\/\/www.apartment11.tv\/fr\/wp-json\/wp\/v2\/pages\/801\/revisions\/1785"}],"up":[{"embeddable":true,"href":"https:\/\/www.apartment11.tv\/fr\/wp-json\/wp\/v2\/pages\/719"}],"wp:attachment":[{"href":"https:\/\/www.apartment11.tv\/fr\/wp-json\/wp\/v2\/media?parent=801"}],"curies":[{"name":"wp","href":"https:\/\/api.w.org\/{rel}","templated":true}]}}