{"id":803,"date":"2015-12-30T13:27:48","date_gmt":"2015-12-30T18:27:48","guid":{"rendered":"http:\/\/apartment11.tv\/wordpress\/fr\/?page_id=803"},"modified":"2018-10-22T09:05:51","modified_gmt":"2018-10-22T13:05:51","slug":"prank-patrol-prank-party","status":"publish","type":"page","link":"https:\/\/www.apartment11.tv\/fr\/interactif\/prank-patrol-prank-party\/","title":{"rendered":"Prank Patrol : Jeu Prank Party"},"content":{"rendered":"<div class=\"wpb-content-wrapper\">[vc_row fullwidth=\u00a0\u00bbtrue\u00a0\u00bb][vc_column][rev_slider_vc alias=\u00a0\u00bbbanner-interactive-pp-fr\u00a0\u00bb][\/vc_column][\/vc_row][vc_row][vc_column width=\u00a0\u00bb1\/2&Prime;][vc_video link=\u00a0\u00bbhttps:\/\/youtu.be\/dRod7GXVMVE\u00a0\u00bb][mk_divider style=\u00a0\u00bbsingle_dotted\u00a0\u00bb border_color=\u00a0\u00bb#c5c5c5&Prime; margin_top=\u00a0\u00bb0&Prime;][mk_image src=\u00a0\u00bbhttp:\/\/apartment11.tv\/wp-content\/uploads\/banners\/prank-patrol-interactive-download-now-fr.jpg\u00a0\u00bb link=\u00a0\u00bbhttps:\/\/itunes.apple.com\/ca\/app\/prank-patrol-prank-party\/id666862685?mt=8&Prime; target=\u00a0\u00bb_blank\u00a0\u00bb margin_bottom=\u00a0\u00bb20&Prime; crop=\u00a0\u00bbfalse\u00a0\u00bb][mk_divider style=\u00a0\u00bbsingle_dotted\u00a0\u00bb border_color=\u00a0\u00bb#c5c5c5&Prime; margin_top=\u00a0\u00bb0&Prime;][vc_gallery type=\u00a0\u00bbimage_grid\u00a0\u00bb images=\u00a0\u00bb677,687,686,685,684,683,682,681,680,679,678,676&Prime; img_size=\u00a0\u00bb140&#215;140&Prime; el_class=\u00a0\u00bbimage-gallery\u00a0\u00bb][\/vc_column][vc_column width=\u00a0\u00bb1\/2&Prime;][vc_column_text]\n<h2>\u00c0 propos du\u00a0jeu<\/h2>\n<p><a href=\"https:\/\/itunes.apple.com\/ca\/app\/prank-patrol-prank-party\/id666862685?mt=8\" target=\"_blank\" rel=\"noopener\"><img loading=\"lazy\" decoding=\"async\" class=\"alignleft wp-image-543 size-full\" src=\"http:\/\/apartment11.tv\/wp-content\/uploads\/app_store_available_fr.gif\" alt=\"\" width=\"214\" height=\"73\" \/><\/a><\/p>\n<p class=\"main_text\">Aussi divertissant que la populaire s\u00e9rie t\u00e9l\u00e9vis\u00e9e <em>Je t\u2019ai eu<\/em> (v.f. de <em>Prank Patrol<\/em>), <em>Prank Patrol:\u00a0Prank Party\u00a0<\/em>est un jeu de cartes rempli d\u2019action, o\u00f9 les joueurs doivent concevoir des tours rigolos en utilisant leurs atouts avec tactiques! En compagnie des ninjas, robots et autres personnages farfelus, c\u2019est la course pour faire le plus de points avec les meilleures attrapes!<\/p>\n<p class=\"main_text\">Sur les cartes \u00e0 jouer figurent des personnages loufoques, des id\u00e9es de tours cocasses, des accessoires indispensables et m\u00eame des ninjas farfouilleurs. Le joueur doit piger et utiliser des cartes pour concevoir un plan d\u2019attrape astucieux, qui lui permettra d\u2019atteindre le plus haut pointage. La strat\u00e9gie est de mise, car seules certaines combinaisons fonctionnent. Le joueur pourrait avoir besoin d\u2019un extra-terrestre ou peut-\u00eatre m\u00eame d\u2019un b\u00e9b\u00e9 g\u00e9ant\u00a0 pour y arriver. Avec les bonnes cartes en main, il pourra gagner la course et r\u00e9ussir \u00e0 jouer la premi\u00e8re attrape!<\/p>\n<p class=\"main_text\">Et il faut prendre gare aux ninjas, car ils peuvent \u00eatre sources de probl\u00e8mes! Il est impossible de pr\u00e9voir ce qui va arriver\u00a0: les surprises constituent d\u00e9finitivement le plaisir de ce jeu!<\/p>\n<p class=\"main_text\">Quelques cl\u00e9s et caract\u00e9ristiques du jeu :<\/p>\n<ol>\n<li class=\"main_text\">Jouez contre votre famille ou vos amis (jusqu\u2019\u00e0 6 joueurs) sur le m\u00eame r\u00e9seau sans-fil, partagez le m\u00eame appareil ou jouez seul contre des robots \u00ab sans coeur \u00bb qui sont aussi sans corps!<\/li>\n<li class=\"main_text\">Choisissez vos propres personnages, vos noms de joueurs et \u00e9tablissez une limite de points pour un jeu plus long ou plus court.<\/li>\n<li class=\"main_text\">Des plans d\u2019attrapes g\u00e9niales comme Genius Gorilla, Dino Discovery et Alien Invasion.<\/li>\n<li class=\"main_text\">Application sans publicit\u00e9 ni achats int\u00e9gr\u00e9s<\/li>\n<\/ol>\n<p class=\"main_text\">Disponible sur iPhone\u00ae 3GS, 4, 4s et 5<br \/>\n8 ans et plus<\/p>\n<h2>Liens<\/h2>\n<p><a href=\"https:\/\/itunes.apple.com\/ca\/app\/prank-patrol-prank-party\/id666862685?mt=8\" target=\"_blank\" rel=\"noopener\">Jeu Prank Party sur iOS<\/a>\u00a0(en anglais seulement)<\/p>\n<h2>Partenaires<\/h2>\n<p><img loading=\"lazy\" decoding=\"async\" class=\"alignleft wp-image-69 size-full\" src=\"http:\/\/apartment11.tv\/wp-content\/uploads\/news\/phantom_compass.gif\" alt=\"phantom_compass\" width=\"139\" height=\"75\" \/>D\u00e9veloppeur et coproducteur<\/p>\n<div style=\"clear: both;\"><\/div>\n<p><img loading=\"lazy\" decoding=\"async\" class=\"alignleft size-full wp-image-72\" src=\"http:\/\/apartment11.tv\/wp-content\/uploads\/logos\/shaw_rocket_fund.gif\" alt=\"shaw_rocket_fund\" width=\"133\" height=\"75\" \/>R\u00e9alis\u00e9 avec la participation financi\u00e8re[\/vc_column_text][\/vc_column][\/vc_row]\n<\/div>","protected":false},"excerpt":{"rendered":"<p>[vc_row fullwidth=\u00a0\u00bbtrue\u00a0\u00bb][vc_column][rev_slider_vc alias=\u00a0\u00bbbanner-interactive-pp-fr\u00a0\u00bb][\/vc_column][\/vc_row][vc_row][vc_column width=\u00a0\u00bb1\/2&Prime;][vc_video link=\u00a0\u00bbhttps:\/\/youtu.be\/dRod7GXVMVE\u00a0\u00bb][mk_divider style=\u00a0\u00bbsingle_dotted\u00a0\u00bb border_color=\u00a0\u00bb#c5c5c5&Prime; margin_top=\u00a0\u00bb0&Prime;][mk_image src=\u00a0\u00bbhttp:\/\/apartment11.tv\/wp-content\/uploads\/banners\/prank-patrol-interactive-download-now-fr.jpg\u00a0\u00bb link=\u00a0\u00bbhttps:\/\/itunes.apple.com\/ca\/app\/prank-patrol-prank-party\/id666862685?mt=8&Prime; target=\u00a0\u00bb_blank\u00a0\u00bb margin_bottom=\u00a0\u00bb20&Prime; crop=\u00a0\u00bbfalse\u00a0\u00bb][mk_divider style=\u00a0\u00bbsingle_dotted\u00a0\u00bb border_color=\u00a0\u00bb#c5c5c5&Prime; margin_top=\u00a0\u00bb0&Prime;][vc_gallery type=\u00a0\u00bbimage_grid\u00a0\u00bb images=\u00a0\u00bb677,687,686,685,684,683,682,681,680,679,678,676&Prime; img_size=\u00a0\u00bb140&#215;140&Prime; el_class=\u00a0\u00bbimage-gallery\u00a0\u00bb][\/vc_column][vc_column width=\u00a0\u00bb1\/2&Prime;][vc_column_text] \u00c0 propos du\u00a0jeu Aussi divertissant que la populaire s\u00e9rie t\u00e9l\u00e9vis\u00e9e Je t\u2019ai eu (v.f. de Prank Patrol), Prank Patrol:\u00a0Prank Party\u00a0est un jeu de cartes rempli d\u2019action, o\u00f9 les joueurs doivent concevoir des tours rigolos [&hellip;]<\/p>\n","protected":false},"author":1,"featured_media":0,"parent":719,"menu_order":0,"comment_status":"closed","ping_status":"closed","template":"","meta":{"footnotes":""},"class_list":["post-803","page","type-page","status-publish","hentry"],"yoast_head":"<!-- This site is optimized with the Yoast SEO plugin v27.2 - https:\/\/yoast.com\/product\/yoast-seo-wordpress\/ -->\n<title>Prank Patrol : Jeu Prank Party<\/title>\n<meta name=\"description\" content=\"Prank Patrol:\u00a0Prank Party\u00a0est un jeu de cartes rempli d\u2019action, o\u00f9 les joueurs doivent concevoir des tours rigolos en utilisant leurs atouts avec tactiques\" \/>\n<meta name=\"robots\" content=\"index, follow, max-snippet:-1, max-image-preview:large, max-video-preview:-1\" \/>\n<link rel=\"canonical\" href=\"https:\/\/www.apartment11.tv\/fr\/interactif\/prank-patrol-prank-party\/\" \/>\n<meta property=\"og:locale\" content=\"fr_FR\" \/>\n<meta property=\"og:type\" content=\"article\" \/>\n<meta property=\"og:title\" content=\"Prank Patrol : Jeu Prank Party\" \/>\n<meta property=\"og:description\" content=\"Prank Patrol:\u00a0Prank Party\u00a0est un jeu de cartes rempli d\u2019action, o\u00f9 les joueurs doivent concevoir des tours rigolos en utilisant leurs atouts avec tactiques\" \/>\n<meta property=\"og:url\" content=\"https:\/\/www.apartment11.tv\/fr\/interactif\/prank-patrol-prank-party\/\" \/>\n<meta property=\"og:site_name\" content=\"Apartment 11 Productions\" \/>\n<meta property=\"article:publisher\" content=\"https:\/\/www.facebook.com\/Apartment11Productions\" \/>\n<meta property=\"article:modified_time\" content=\"2018-10-22T13:05:51+00:00\" \/>\n<meta property=\"og:image\" content=\"http:\/\/apartment11.tv\/wp-content\/uploads\/app_store_available_fr.gif\" \/>\n<meta name=\"twitter:card\" content=\"summary_large_image\" \/>\n<meta name=\"twitter:site\" content=\"@Apartment11Prod\" \/>\n<meta name=\"twitter:label1\" content=\"Dur\u00e9e de lecture estim\u00e9e\" \/>\n\t<meta name=\"twitter:data1\" content=\"2 minutes\" \/>\n<script type=\"application\/ld+json\" class=\"yoast-schema-graph\">{\"@context\":\"https:\/\/schema.org\",\"@graph\":[{\"@type\":\"WebPage\",\"@id\":\"https:\/\/www.apartment11.tv\/fr\/interactif\/prank-patrol-prank-party\/\",\"url\":\"https:\/\/www.apartment11.tv\/fr\/interactif\/prank-patrol-prank-party\/\",\"name\":\"Prank Patrol : Jeu Prank Party\",\"isPartOf\":{\"@id\":\"https:\/\/www.apartment11.tv\/#website\"},\"primaryImageOfPage\":{\"@id\":\"https:\/\/www.apartment11.tv\/fr\/interactif\/prank-patrol-prank-party\/#primaryimage\"},\"image\":{\"@id\":\"https:\/\/www.apartment11.tv\/fr\/interactif\/prank-patrol-prank-party\/#primaryimage\"},\"thumbnailUrl\":\"http:\/\/apartment11.tv\/wp-content\/uploads\/app_store_available_fr.gif\",\"datePublished\":\"2015-12-30T18:27:48+00:00\",\"dateModified\":\"2018-10-22T13:05:51+00:00\",\"description\":\"Prank Patrol:\u00a0Prank Party\u00a0est un jeu de cartes rempli d\u2019action, o\u00f9 les joueurs doivent concevoir des tours rigolos en utilisant leurs atouts avec tactiques\",\"breadcrumb\":{\"@id\":\"https:\/\/www.apartment11.tv\/fr\/interactif\/prank-patrol-prank-party\/#breadcrumb\"},\"inLanguage\":\"fr-FR\",\"potentialAction\":[{\"@type\":\"ReadAction\",\"target\":[\"https:\/\/www.apartment11.tv\/fr\/interactif\/prank-patrol-prank-party\/\"]}]},{\"@type\":\"ImageObject\",\"inLanguage\":\"fr-FR\",\"@id\":\"https:\/\/www.apartment11.tv\/fr\/interactif\/prank-patrol-prank-party\/#primaryimage\",\"url\":\"http:\/\/apartment11.tv\/wp-content\/uploads\/app_store_available_fr.gif\",\"contentUrl\":\"http:\/\/apartment11.tv\/wp-content\/uploads\/app_store_available_fr.gif\"},{\"@type\":\"BreadcrumbList\",\"@id\":\"https:\/\/www.apartment11.tv\/fr\/interactif\/prank-patrol-prank-party\/#breadcrumb\",\"itemListElement\":[{\"@type\":\"ListItem\",\"position\":1,\"name\":\"Home\",\"item\":\"https:\/\/www.apartment11.tv\/fr\/\"},{\"@type\":\"ListItem\",\"position\":2,\"name\":\"Interactif\",\"item\":\"https:\/\/www.apartment11.tv\/fr\/interactif\/\"},{\"@type\":\"ListItem\",\"position\":3,\"name\":\"Prank Patrol : Jeu Prank Party\"}]},{\"@type\":\"WebSite\",\"@id\":\"https:\/\/www.apartment11.tv\/#website\",\"url\":\"https:\/\/www.apartment11.tv\/\",\"name\":\"Apartment 11 Productions\",\"description\":\"Award-Winning Television Productions and Cross-Platform Projects for both Adult and Younger Audiences\",\"potentialAction\":[{\"@type\":\"SearchAction\",\"target\":{\"@type\":\"EntryPoint\",\"urlTemplate\":\"https:\/\/www.apartment11.tv\/?s={search_term_string}\"},\"query-input\":{\"@type\":\"PropertyValueSpecification\",\"valueRequired\":true,\"valueName\":\"search_term_string\"}}],\"inLanguage\":\"fr-FR\"}]}<\/script>\n<!-- \/ Yoast SEO plugin. -->","yoast_head_json":{"title":"Prank Patrol : Jeu Prank Party","description":"Prank Patrol:\u00a0Prank Party\u00a0est un jeu de cartes rempli d\u2019action, o\u00f9 les joueurs doivent concevoir des tours rigolos en utilisant leurs atouts avec tactiques","robots":{"index":"index","follow":"follow","max-snippet":"max-snippet:-1","max-image-preview":"max-image-preview:large","max-video-preview":"max-video-preview:-1"},"canonical":"https:\/\/www.apartment11.tv\/fr\/interactif\/prank-patrol-prank-party\/","og_locale":"fr_FR","og_type":"article","og_title":"Prank Patrol : Jeu Prank Party","og_description":"Prank Patrol:\u00a0Prank Party\u00a0est un jeu de cartes rempli d\u2019action, o\u00f9 les joueurs doivent concevoir des tours rigolos en utilisant leurs atouts avec tactiques","og_url":"https:\/\/www.apartment11.tv\/fr\/interactif\/prank-patrol-prank-party\/","og_site_name":"Apartment 11 Productions","article_publisher":"https:\/\/www.facebook.com\/Apartment11Productions","article_modified_time":"2018-10-22T13:05:51+00:00","og_image":[{"url":"http:\/\/apartment11.tv\/wp-content\/uploads\/app_store_available_fr.gif","type":"","width":"","height":""}],"twitter_card":"summary_large_image","twitter_site":"@Apartment11Prod","twitter_misc":{"Dur\u00e9e de lecture estim\u00e9e":"2 minutes"},"schema":{"@context":"https:\/\/schema.org","@graph":[{"@type":"WebPage","@id":"https:\/\/www.apartment11.tv\/fr\/interactif\/prank-patrol-prank-party\/","url":"https:\/\/www.apartment11.tv\/fr\/interactif\/prank-patrol-prank-party\/","name":"Prank Patrol : Jeu Prank Party","isPartOf":{"@id":"https:\/\/www.apartment11.tv\/#website"},"primaryImageOfPage":{"@id":"https:\/\/www.apartment11.tv\/fr\/interactif\/prank-patrol-prank-party\/#primaryimage"},"image":{"@id":"https:\/\/www.apartment11.tv\/fr\/interactif\/prank-patrol-prank-party\/#primaryimage"},"thumbnailUrl":"http:\/\/apartment11.tv\/wp-content\/uploads\/app_store_available_fr.gif","datePublished":"2015-12-30T18:27:48+00:00","dateModified":"2018-10-22T13:05:51+00:00","description":"Prank Patrol:\u00a0Prank Party\u00a0est un jeu de cartes rempli d\u2019action, o\u00f9 les joueurs doivent concevoir des tours rigolos en utilisant leurs atouts avec tactiques","breadcrumb":{"@id":"https:\/\/www.apartment11.tv\/fr\/interactif\/prank-patrol-prank-party\/#breadcrumb"},"inLanguage":"fr-FR","potentialAction":[{"@type":"ReadAction","target":["https:\/\/www.apartment11.tv\/fr\/interactif\/prank-patrol-prank-party\/"]}]},{"@type":"ImageObject","inLanguage":"fr-FR","@id":"https:\/\/www.apartment11.tv\/fr\/interactif\/prank-patrol-prank-party\/#primaryimage","url":"http:\/\/apartment11.tv\/wp-content\/uploads\/app_store_available_fr.gif","contentUrl":"http:\/\/apartment11.tv\/wp-content\/uploads\/app_store_available_fr.gif"},{"@type":"BreadcrumbList","@id":"https:\/\/www.apartment11.tv\/fr\/interactif\/prank-patrol-prank-party\/#breadcrumb","itemListElement":[{"@type":"ListItem","position":1,"name":"Home","item":"https:\/\/www.apartment11.tv\/fr\/"},{"@type":"ListItem","position":2,"name":"Interactif","item":"https:\/\/www.apartment11.tv\/fr\/interactif\/"},{"@type":"ListItem","position":3,"name":"Prank Patrol : Jeu Prank Party"}]},{"@type":"WebSite","@id":"https:\/\/www.apartment11.tv\/#website","url":"https:\/\/www.apartment11.tv\/","name":"Apartment 11 Productions","description":"Award-Winning Television Productions and Cross-Platform Projects for both Adult and Younger Audiences","potentialAction":[{"@type":"SearchAction","target":{"@type":"EntryPoint","urlTemplate":"https:\/\/www.apartment11.tv\/?s={search_term_string}"},"query-input":{"@type":"PropertyValueSpecification","valueRequired":true,"valueName":"search_term_string"}}],"inLanguage":"fr-FR"}]}},"_links":{"self":[{"href":"https:\/\/www.apartment11.tv\/fr\/wp-json\/wp\/v2\/pages\/803","targetHints":{"allow":["GET"]}}],"collection":[{"href":"https:\/\/www.apartment11.tv\/fr\/wp-json\/wp\/v2\/pages"}],"about":[{"href":"https:\/\/www.apartment11.tv\/fr\/wp-json\/wp\/v2\/types\/page"}],"author":[{"embeddable":true,"href":"https:\/\/www.apartment11.tv\/fr\/wp-json\/wp\/v2\/users\/1"}],"replies":[{"embeddable":true,"href":"https:\/\/www.apartment11.tv\/fr\/wp-json\/wp\/v2\/comments?post=803"}],"version-history":[{"count":11,"href":"https:\/\/www.apartment11.tv\/fr\/wp-json\/wp\/v2\/pages\/803\/revisions"}],"predecessor-version":[{"id":1784,"href":"https:\/\/www.apartment11.tv\/fr\/wp-json\/wp\/v2\/pages\/803\/revisions\/1784"}],"up":[{"embeddable":true,"href":"https:\/\/www.apartment11.tv\/fr\/wp-json\/wp\/v2\/pages\/719"}],"wp:attachment":[{"href":"https:\/\/www.apartment11.tv\/fr\/wp-json\/wp\/v2\/media?parent=803"}],"curies":[{"name":"wp","href":"https:\/\/api.w.org\/{rel}","templated":true}]}}