{"id":805,"date":"2015-12-30T13:28:28","date_gmt":"2015-12-30T18:28:28","guid":{"rendered":"http:\/\/apartment11.tv\/wordpress\/fr\/?page_id=805"},"modified":"2018-10-22T09:05:32","modified_gmt":"2018-10-22T13:05:32","slug":"way-off-broadway","status":"publish","type":"page","link":"https:\/\/www.apartment11.tv\/fr\/interactif\/way-off-broadway\/","title":{"rendered":"Way Off Broadway"},"content":{"rendered":"<div class=\"wpb-content-wrapper\">[vc_row fullwidth=\u00a0\u00bbtrue\u00a0\u00bb][vc_column][rev_slider_vc alias=\u00a0\u00bbbanner-interactive-wob-fr\u00a0\u00bb][\/vc_column][\/vc_row][vc_row][vc_column width=\u00a0\u00bb1\/2&Prime;][vc_gallery type=\u00a0\u00bbimage_grid\u00a0\u00bb images=\u00a0\u00bb688,689&Prime; img_size=\u00a0\u00bb140&#215;140&Prime; el_class=\u00a0\u00bbimage-gallery\u00a0\u00bb][\/vc_column][vc_column width=\u00a0\u00bb1\/2&Prime;][vc_column_text]\n<h2>\u00c0 propos du site web<\/h2>\n<p class=\"main_text\">Le site Web <em>Way Off Broadway Interactive<\/em>\u00a0 est le prolongement\u00a0de la s\u00e9rie t\u00e9l\u00e9visuelle<em>Way Off Broadway<\/em>.<\/p>\n<p class=\"main_text\">L\u2019information relative aux rouages de l\u2019\u00e9mission a \u00e9t\u00e9 fort populaire ainsi que les profils d\u2019acteurs, qui ont permis aux adeptes de l\u2019\u00e9mission de mieux les conna\u00eetre. Les internautes pouvaient laisser des commentaires \u00e0 leur participant favoris.<\/p>\n<p class=\"main_text\">la fonctionnalit\u00e9 la plus int\u00e9ressante a \u00e9t\u00e9 celle du \u00ab\u00a0casting virtuel\u00a0\u00bb. En suivant les efforts et tribulations de nos acteurs amateurs, cherchant \u00e0 am\u00e9liorer leur performance afin de rencontrer les attentes du public, plusieurs spectateurs ont s\u00fbrement pens\u00e9 pouvoir faire mieux qu\u2019eux.<\/p>\n<p class=\"main_text\">Nous leur avons donc donn\u00e9 une chance : des t\u00e9l\u00e9spectateurs ont ainsi soumis leur propres vid\u00e9os d\u2019audition, parfois dr\u00f4les, parfois m\u00e9morables! Les meilleures performances ont \u00e9t\u00e9 r\u00e9compens\u00e9es, en donnant la chance \u00e0 ces acteurs en herbe de se joindre \u00e0 la distribution Web de l&rsquo;\u00e9mission.<\/p>\n<h2>Partenaires<\/h2>\n<p><img loading=\"lazy\" decoding=\"async\" class=\"alignleft size-full wp-image-74\" src=\"http:\/\/apartment11.tv\/wp-content\/uploads\/logos\/tp1.gif\" alt=\"tp1\" width=\"75\" height=\"75\" srcset=\"https:\/\/www.apartment11.tv\/wp-content\/uploads\/logos\/tp1.gif 75w, https:\/\/www.apartment11.tv\/wp-content\/uploads\/logos\/tp1-300x300.gif 300w, https:\/\/www.apartment11.tv\/wp-content\/uploads\/logos\/tp1-1024x1024.gif 1024w\" sizes=\"auto, (max-width: 75px) 100vw, 75px\" \/><img loading=\"lazy\" decoding=\"async\" class=\"alignleft size-full wp-image-54\" src=\"http:\/\/apartment11.tv\/wp-content\/uploads\/logos\/bravo.gif\" alt=\"bravo\" width=\"148\" height=\"75\" \/><img loading=\"lazy\" decoding=\"async\" class=\"alignleft size-full wp-image-57\" src=\"http:\/\/apartment11.tv\/wp-content\/uploads\/logos\/cmf.gif\" alt=\"cmf\" width=\"175\" height=\"75\" \/><img loading=\"lazy\" decoding=\"async\" class=\"alignleft size-full wp-image-53\" src=\"http:\/\/apartment11.tv\/wp-content\/uploads\/news\/bell_newmedia_fund.gif\" alt=\"bell_newmedia_fund\" width=\"150\" height=\"75\" \/>[\/vc_column_text][\/vc_column][\/vc_row]\n<\/div>","protected":false},"excerpt":{"rendered":"<p>[vc_row fullwidth=\u00a0\u00bbtrue\u00a0\u00bb][vc_column][rev_slider_vc alias=\u00a0\u00bbbanner-interactive-wob-fr\u00a0\u00bb][\/vc_column][\/vc_row][vc_row][vc_column width=\u00a0\u00bb1\/2&Prime;][vc_gallery type=\u00a0\u00bbimage_grid\u00a0\u00bb images=\u00a0\u00bb688,689&Prime; img_size=\u00a0\u00bb140&#215;140&Prime; el_class=\u00a0\u00bbimage-gallery\u00a0\u00bb][\/vc_column][vc_column width=\u00a0\u00bb1\/2&Prime;][vc_column_text] \u00c0 propos du site web Le site Web Way Off Broadway Interactive\u00a0 est le prolongement\u00a0de la s\u00e9rie t\u00e9l\u00e9visuelleWay Off Broadway. L\u2019information relative aux rouages de l\u2019\u00e9mission a \u00e9t\u00e9 fort populaire ainsi que les profils d\u2019acteurs, qui ont permis aux adeptes de l\u2019\u00e9mission de mieux les conna\u00eetre. [&hellip;]<\/p>\n","protected":false},"author":1,"featured_media":0,"parent":719,"menu_order":0,"comment_status":"closed","ping_status":"closed","template":"","meta":{"footnotes":""},"class_list":["post-805","page","type-page","status-publish","hentry"],"yoast_head":"<!-- This site is optimized with the Yoast SEO plugin v27.2 - https:\/\/yoast.com\/product\/yoast-seo-wordpress\/ -->\n<title>Way Off Broadway<\/title>\n<meta name=\"description\" content=\"Le site Web Way Off Broadway Interactive est le prolongement de la s\u00e9rie t\u00e9l\u00e9visuelleWay Off Broadway\" \/>\n<meta name=\"robots\" content=\"index, follow, max-snippet:-1, max-image-preview:large, max-video-preview:-1\" \/>\n<link rel=\"canonical\" href=\"https:\/\/www.apartment11.tv\/fr\/interactif\/way-off-broadway\/\" \/>\n<meta property=\"og:locale\" content=\"fr_FR\" \/>\n<meta property=\"og:type\" content=\"article\" \/>\n<meta property=\"og:title\" content=\"Way Off Broadway\" \/>\n<meta property=\"og:description\" content=\"Le site Web Way Off Broadway Interactive est le prolongement de la s\u00e9rie t\u00e9l\u00e9visuelleWay Off Broadway\" \/>\n<meta property=\"og:url\" content=\"https:\/\/www.apartment11.tv\/fr\/interactif\/way-off-broadway\/\" \/>\n<meta property=\"og:site_name\" content=\"Apartment 11 Productions\" \/>\n<meta property=\"article:publisher\" content=\"https:\/\/www.facebook.com\/Apartment11Productions\" \/>\n<meta property=\"article:modified_time\" content=\"2018-10-22T13:05:32+00:00\" \/>\n<meta property=\"og:image\" content=\"http:\/\/apartment11.tv\/wp-content\/uploads\/logos\/tp1.gif\" \/>\n<meta name=\"twitter:card\" content=\"summary_large_image\" \/>\n<meta name=\"twitter:site\" content=\"@Apartment11Prod\" \/>\n<meta name=\"twitter:label1\" content=\"Dur\u00e9e de lecture estim\u00e9e\" \/>\n\t<meta name=\"twitter:data1\" content=\"1 minute\" \/>\n<script type=\"application\/ld+json\" class=\"yoast-schema-graph\">{\"@context\":\"https:\/\/schema.org\",\"@graph\":[{\"@type\":\"WebPage\",\"@id\":\"https:\/\/www.apartment11.tv\/fr\/interactif\/way-off-broadway\/\",\"url\":\"https:\/\/www.apartment11.tv\/fr\/interactif\/way-off-broadway\/\",\"name\":\"Way Off Broadway\",\"isPartOf\":{\"@id\":\"https:\/\/www.apartment11.tv\/#website\"},\"primaryImageOfPage\":{\"@id\":\"https:\/\/www.apartment11.tv\/fr\/interactif\/way-off-broadway\/#primaryimage\"},\"image\":{\"@id\":\"https:\/\/www.apartment11.tv\/fr\/interactif\/way-off-broadway\/#primaryimage\"},\"thumbnailUrl\":\"http:\/\/apartment11.tv\/wp-content\/uploads\/logos\/tp1.gif\",\"datePublished\":\"2015-12-30T18:28:28+00:00\",\"dateModified\":\"2018-10-22T13:05:32+00:00\",\"description\":\"Le site Web Way Off Broadway Interactive est le prolongement de la s\u00e9rie t\u00e9l\u00e9visuelleWay Off Broadway\",\"breadcrumb\":{\"@id\":\"https:\/\/www.apartment11.tv\/fr\/interactif\/way-off-broadway\/#breadcrumb\"},\"inLanguage\":\"fr-FR\",\"potentialAction\":[{\"@type\":\"ReadAction\",\"target\":[\"https:\/\/www.apartment11.tv\/fr\/interactif\/way-off-broadway\/\"]}]},{\"@type\":\"ImageObject\",\"inLanguage\":\"fr-FR\",\"@id\":\"https:\/\/www.apartment11.tv\/fr\/interactif\/way-off-broadway\/#primaryimage\",\"url\":\"http:\/\/apartment11.tv\/wp-content\/uploads\/logos\/tp1.gif\",\"contentUrl\":\"http:\/\/apartment11.tv\/wp-content\/uploads\/logos\/tp1.gif\"},{\"@type\":\"BreadcrumbList\",\"@id\":\"https:\/\/www.apartment11.tv\/fr\/interactif\/way-off-broadway\/#breadcrumb\",\"itemListElement\":[{\"@type\":\"ListItem\",\"position\":1,\"name\":\"Home\",\"item\":\"https:\/\/www.apartment11.tv\/fr\/\"},{\"@type\":\"ListItem\",\"position\":2,\"name\":\"Interactif\",\"item\":\"https:\/\/www.apartment11.tv\/fr\/interactif\/\"},{\"@type\":\"ListItem\",\"position\":3,\"name\":\"Way Off Broadway\"}]},{\"@type\":\"WebSite\",\"@id\":\"https:\/\/www.apartment11.tv\/#website\",\"url\":\"https:\/\/www.apartment11.tv\/\",\"name\":\"Apartment 11 Productions\",\"description\":\"Award-Winning Television Productions and Cross-Platform Projects for both Adult and Younger Audiences\",\"potentialAction\":[{\"@type\":\"SearchAction\",\"target\":{\"@type\":\"EntryPoint\",\"urlTemplate\":\"https:\/\/www.apartment11.tv\/?s={search_term_string}\"},\"query-input\":{\"@type\":\"PropertyValueSpecification\",\"valueRequired\":true,\"valueName\":\"search_term_string\"}}],\"inLanguage\":\"fr-FR\"}]}<\/script>\n<!-- \/ Yoast SEO plugin. -->","yoast_head_json":{"title":"Way Off Broadway","description":"Le site Web Way Off Broadway Interactive est le prolongement de la s\u00e9rie t\u00e9l\u00e9visuelleWay Off Broadway","robots":{"index":"index","follow":"follow","max-snippet":"max-snippet:-1","max-image-preview":"max-image-preview:large","max-video-preview":"max-video-preview:-1"},"canonical":"https:\/\/www.apartment11.tv\/fr\/interactif\/way-off-broadway\/","og_locale":"fr_FR","og_type":"article","og_title":"Way Off Broadway","og_description":"Le site Web Way Off Broadway Interactive est le prolongement de la s\u00e9rie t\u00e9l\u00e9visuelleWay Off Broadway","og_url":"https:\/\/www.apartment11.tv\/fr\/interactif\/way-off-broadway\/","og_site_name":"Apartment 11 Productions","article_publisher":"https:\/\/www.facebook.com\/Apartment11Productions","article_modified_time":"2018-10-22T13:05:32+00:00","og_image":[{"url":"http:\/\/apartment11.tv\/wp-content\/uploads\/logos\/tp1.gif","type":"","width":"","height":""}],"twitter_card":"summary_large_image","twitter_site":"@Apartment11Prod","twitter_misc":{"Dur\u00e9e de lecture estim\u00e9e":"1 minute"},"schema":{"@context":"https:\/\/schema.org","@graph":[{"@type":"WebPage","@id":"https:\/\/www.apartment11.tv\/fr\/interactif\/way-off-broadway\/","url":"https:\/\/www.apartment11.tv\/fr\/interactif\/way-off-broadway\/","name":"Way Off Broadway","isPartOf":{"@id":"https:\/\/www.apartment11.tv\/#website"},"primaryImageOfPage":{"@id":"https:\/\/www.apartment11.tv\/fr\/interactif\/way-off-broadway\/#primaryimage"},"image":{"@id":"https:\/\/www.apartment11.tv\/fr\/interactif\/way-off-broadway\/#primaryimage"},"thumbnailUrl":"http:\/\/apartment11.tv\/wp-content\/uploads\/logos\/tp1.gif","datePublished":"2015-12-30T18:28:28+00:00","dateModified":"2018-10-22T13:05:32+00:00","description":"Le site Web Way Off Broadway Interactive est le prolongement de la s\u00e9rie t\u00e9l\u00e9visuelleWay Off Broadway","breadcrumb":{"@id":"https:\/\/www.apartment11.tv\/fr\/interactif\/way-off-broadway\/#breadcrumb"},"inLanguage":"fr-FR","potentialAction":[{"@type":"ReadAction","target":["https:\/\/www.apartment11.tv\/fr\/interactif\/way-off-broadway\/"]}]},{"@type":"ImageObject","inLanguage":"fr-FR","@id":"https:\/\/www.apartment11.tv\/fr\/interactif\/way-off-broadway\/#primaryimage","url":"http:\/\/apartment11.tv\/wp-content\/uploads\/logos\/tp1.gif","contentUrl":"http:\/\/apartment11.tv\/wp-content\/uploads\/logos\/tp1.gif"},{"@type":"BreadcrumbList","@id":"https:\/\/www.apartment11.tv\/fr\/interactif\/way-off-broadway\/#breadcrumb","itemListElement":[{"@type":"ListItem","position":1,"name":"Home","item":"https:\/\/www.apartment11.tv\/fr\/"},{"@type":"ListItem","position":2,"name":"Interactif","item":"https:\/\/www.apartment11.tv\/fr\/interactif\/"},{"@type":"ListItem","position":3,"name":"Way Off Broadway"}]},{"@type":"WebSite","@id":"https:\/\/www.apartment11.tv\/#website","url":"https:\/\/www.apartment11.tv\/","name":"Apartment 11 Productions","description":"Award-Winning Television Productions and Cross-Platform Projects for both Adult and Younger Audiences","potentialAction":[{"@type":"SearchAction","target":{"@type":"EntryPoint","urlTemplate":"https:\/\/www.apartment11.tv\/?s={search_term_string}"},"query-input":{"@type":"PropertyValueSpecification","valueRequired":true,"valueName":"search_term_string"}}],"inLanguage":"fr-FR"}]}},"_links":{"self":[{"href":"https:\/\/www.apartment11.tv\/fr\/wp-json\/wp\/v2\/pages\/805","targetHints":{"allow":["GET"]}}],"collection":[{"href":"https:\/\/www.apartment11.tv\/fr\/wp-json\/wp\/v2\/pages"}],"about":[{"href":"https:\/\/www.apartment11.tv\/fr\/wp-json\/wp\/v2\/types\/page"}],"author":[{"embeddable":true,"href":"https:\/\/www.apartment11.tv\/fr\/wp-json\/wp\/v2\/users\/1"}],"replies":[{"embeddable":true,"href":"https:\/\/www.apartment11.tv\/fr\/wp-json\/wp\/v2\/comments?post=805"}],"version-history":[{"count":9,"href":"https:\/\/www.apartment11.tv\/fr\/wp-json\/wp\/v2\/pages\/805\/revisions"}],"predecessor-version":[{"id":1783,"href":"https:\/\/www.apartment11.tv\/fr\/wp-json\/wp\/v2\/pages\/805\/revisions\/1783"}],"up":[{"embeddable":true,"href":"https:\/\/www.apartment11.tv\/fr\/wp-json\/wp\/v2\/pages\/719"}],"wp:attachment":[{"href":"https:\/\/www.apartment11.tv\/fr\/wp-json\/wp\/v2\/media?parent=805"}],"curies":[{"name":"wp","href":"https:\/\/api.w.org\/{rel}","templated":true}]}}