{"id":812,"date":"2015-12-31T09:02:02","date_gmt":"2015-12-31T14:02:02","guid":{"rendered":"http:\/\/apartment11.tv\/wordpress\/fr\/?page_id=812"},"modified":"2018-10-22T09:03:09","modified_gmt":"2018-10-22T13:03:09","slug":"mystery-hunters","status":"publish","type":"page","link":"https:\/\/www.apartment11.tv\/fr\/productions-tele\/mystery-hunters\/","title":{"rendered":"Mystery Hunters"},"content":{"rendered":"<div class=\"wpb-content-wrapper\">[vc_row fullwidth=\u00a0\u00bbtrue\u00a0\u00bb][vc_column][rev_slider_vc alias=\u00a0\u00bbbanner-mystery-hunters-fr\u00a0\u00bb][\/vc_column][\/vc_row][vc_row][vc_column width=\u00a0\u00bb1\/2&Prime;][vc_video link=\u00a0\u00bbhttps:\/\/youtu.be\/CD7hRAaAcRY\u00a0\u00bb][mk_divider style=\u00a0\u00bbsingle_dotted\u00a0\u00bb align=\u00a0\u00bbleft\u00a0\u00bb border_color=\u00a0\u00bb#c5c5c5&Prime;][vc_column_text]<a href=\"http:\/\/www.youtube.com\/user\/Mysteryhunterstv?feature=c4-overview-vl\"><img loading=\"lazy\" decoding=\"async\" class=\"alignleft wp-image-548 size-full\" src=\"http:\/\/apartment11.tv\/wp-content\/uploads\/youtube.gif\" alt=\"\" width=\"25\" height=\"25\" \/><\/a><a class=\"social_sidebar_link\" href=\"http:\/\/www.youtube.com\/user\/Mysteryhunterstv?feature=c4-overview-vl\" target=\"_blank\" rel=\"noopener\">Regarder sur YouTube<\/a>[\/vc_column_text][mk_divider style=\u00a0\u00bbsingle_dotted\u00a0\u00bb align=\u00a0\u00bbleft\u00a0\u00bb border_color=\u00a0\u00bb#c5c5c5&Prime; margin_top=\u00a0\u00bb0&Prime;][vc_gallery type=\u00a0\u00bbimage_grid\u00a0\u00bb images=\u00a0\u00bb478,479,480,481,482,483,484,485&Prime; img_size=\u00a0\u00bb140&#215;140&Prime; el_class=\u00a0\u00bbimage-gallery\u00a0\u00bb][\/vc_column][vc_column width=\u00a0\u00bb1\/2&Prime;][vc_column_text]\n<h2>\u00c0 propos de la s\u00e9rie<\/h2>\n<p class=\"main_text\"><strong>S\u00e9rie documentaire<br \/>\nDe 8 \u00e0 12 ans<br \/>\n4 saisons &#8211; 78 \u00e9pisodes de 30 minutes<br \/>\nDroits disponibles sur le format<\/strong><\/p>\n<p class=\"main_text\">Deux jeunes reporters intr\u00e9pides, aid\u00e9s d\u2019un scientifique magicien et sceptique, explorent quelques-uns des plus grands myst\u00e8res du monde. Combinant le reportage sur le terrain \u00e0 des aventures excitantes, l\u2019\u00e9quipe de <em>Mystery Hunters<\/em> fait appel \u00e0 la science et \u00e0 la logique pour d\u00e9couvrir la v\u00e9rit\u00e9, en acceptant toutefois que certains ph\u00e9nom\u00e8nes restent irr\u00e9solus.<\/p>\n<h2>Format<\/h2>\n<p><strong>FORMAT ACQUIS PAR DISCOVERY ASIA \u2013 2012 <\/strong><br \/>\nMystery Hunters India (13 \u00e9pisodes de 30 minutes) a d\u00e9but\u00e9 sur Discovery Asia en d\u00e9cembre 2012. La s\u00e9rie est produite par BBC Worldwide India.<\/p>\n<h2>Licenses<\/h2>\n<p class=\"main_text\"><strong>LIVRE MYSTERY HUNTERS <\/strong><br \/>\n\u00ab Gotcha!\u00a018 Amazing Ways to Freak Out Your Friends! \u00bb par David Acer<br \/>\nPubli\u00e9 par Kids Can Press<\/p>\n<p class=\"main_text\"><strong>MYSTERY HUNTERS sur DVD\u00a0 <\/strong><br \/>\n\u00ab Beastly Beings and Monstrous Mysteries \u00bb et \u00ab Alien Encounters \u00bb sur DVD<br \/>\nDistribu\u00e9 par Nelvana Ltd. dans le cadre de la s\u00e9rie \u00ab YTV on DVD \u00bb<\/p>\n<h2>Prix<\/h2>\n<p class=\"main_text\"><strong>FESTIVAL INTERNATIONAL DE FILMS POUR ENFANTS DE TAIWAN \u2013 2010 <\/strong><br \/>\nNomination &#8211; Meilleure s\u00e9rie t\u00e9l\u00e9vis\u00e9e pour enfants<\/p>\n<p class=\"main_text\"><strong>PRIX GEMINI \u2013 2009 <\/strong><br \/>\nGagnant &#8211; Meilleur animateur pour une \u00e9mission ou s\u00e9rie enfant ou jeunesse<br \/>\nNomination &#8211; Meilleure \u00e9mission ou s\u00e9rie jeunesse : Vari\u00e9t\u00e9s et\/ou d\u2019information<\/p>\n<p class=\"main_text\"><strong>PRIX BANFF WORLD TELEVISION \u2013 2009 <\/strong><br \/>\nNomination &#8211; Meilleur programme pour enfants<\/p>\n<p class=\"main_text\"><strong>PRIX JAPAN \u2013 2007 <\/strong><br \/>\nGagnant &#8211; Prix du Minist\u00e8re des affaires int\u00e9rieures et de la communication<br \/>\n(Cat\u00e9gorie : \u00c9ducation petite enfance)<\/p>\n<p class=\"main_text\"><strong>PRIX GEMINI \u2013 2007 <\/strong><br \/>\nNomination &#8211; Meilleure \u00e9mission ou s\u00e9rie jeunesse : Vari\u00e9t\u00e9s et\/ou d\u2019information<br \/>\nNomination &#8211; Meilleur sc\u00e9nario pour une \u00e9mission ou s\u00e9rie jeunesse : Vari\u00e9t\u00e9s et\/ou d\u2019information<\/p>\n<p class=\"main_text\"><strong>AET \u2013 L\u2019ALLIANCE POUR L\u2019ENFANT ET LA T\u00c9L\u00c9VISION \u2013 2007 <\/strong><br \/>\nNomination &#8211; Meilleure \u00e9mission<\/p>\n<p class=\"main_text\"><strong>PRIX DU CHOIX DES PARENTS \u2013 2006\u00a0<\/strong><br \/>\nGagnant &#8211; S\u00e9lection des parents<\/p>\n<p class=\"main_text\"><strong>PRIX GEMINI \u2013 2003 et 2005<\/strong><br \/>\nSix nominations dont Meilleure \u00e9mission ou s\u00e9rie jeunesse : Vari\u00e9t\u00e9s et\/ou d\u2019information<\/p>\n<p class=\"main_text\"><strong>PRIX JEUNESSE INTERNATIONAL\u00a0\u2013\u00a02006 <\/strong><br \/>\nNomination &#8211; Cat\u00e9gorie hors fiction pour les 7-11 ans<\/p>\n<p class=\"main_text\"><strong>FESTIVAL INTERNATIONAL DES M\u00c9DIAS DE BANFF \u2013 2006 <\/strong><br \/>\nS\u00e9lection hors concours<\/p>\n<p class=\"main_text\"><strong>PRIX AURORA \u2013\u00a02005 <\/strong><br \/>\nGagnant &#8211; Prix Platinum Best of Show<\/p>\n<p class=\"main_text\"><strong>PRIX GOLDEN SHEAF \u2013 2006\u00a0<\/strong><br \/>\nNomination &#8211; Meilleure production pour enfants<\/p>\n<p class=\"main_text\"><strong>VIEWFINDERS : FESTIVAL DU FILM DE L\u2019ATLANTIQUE POUR LA JEUNESSE \u2013 2006 <\/strong><br \/>\nS\u00e9lection officielle<\/p>\n<p class=\"main_text\"><strong>COLUMBUS INTERNATIONAL FILM AND VIDEO FESTIVAL \u2013 2005\u00a0 <\/strong><br \/>\nMention honorable<\/p>\n<h2>Acquisitions<\/h2>\n<p>Responsable des acquisitions : Mindy Laxer (<a href=\"mailto:mindy@apartment11.tv\">mindy@apartment11.tv<\/a>)<\/p>\n<h2>Partenaires<\/h2>\n<p><img loading=\"lazy\" decoding=\"async\" class=\"alignleft wp-image-77 size-full\" src=\"http:\/\/apartment11.tv\/wp-content\/uploads\/logos\/ytv.gif\" alt=\"\" width=\"88\" height=\"75\" \/>[\/vc_column_text][\/vc_column][\/vc_row]\n<\/div>","protected":false},"excerpt":{"rendered":"<p>[vc_row fullwidth=\u00a0\u00bbtrue\u00a0\u00bb][vc_column][rev_slider_vc alias=\u00a0\u00bbbanner-mystery-hunters-fr\u00a0\u00bb][\/vc_column][\/vc_row][vc_row][vc_column width=\u00a0\u00bb1\/2&Prime;][vc_video link=\u00a0\u00bbhttps:\/\/youtu.be\/CD7hRAaAcRY\u00a0\u00bb][mk_divider style=\u00a0\u00bbsingle_dotted\u00a0\u00bb align=\u00a0\u00bbleft\u00a0\u00bb border_color=\u00a0\u00bb#c5c5c5&Prime;][vc_column_text]Regarder sur YouTube[\/vc_column_text][mk_divider style=\u00a0\u00bbsingle_dotted\u00a0\u00bb align=\u00a0\u00bbleft\u00a0\u00bb border_color=\u00a0\u00bb#c5c5c5&Prime; margin_top=\u00a0\u00bb0&Prime;][vc_gallery type=\u00a0\u00bbimage_grid\u00a0\u00bb images=\u00a0\u00bb478,479,480,481,482,483,484,485&Prime; img_size=\u00a0\u00bb140&#215;140&Prime; el_class=\u00a0\u00bbimage-gallery\u00a0\u00bb][\/vc_column][vc_column width=\u00a0\u00bb1\/2&Prime;][vc_column_text] \u00c0 propos de la s\u00e9rie S\u00e9rie documentaire De 8 \u00e0 12 ans 4 saisons &#8211; 78 \u00e9pisodes de 30 minutes Droits disponibles sur le format Deux jeunes reporters intr\u00e9pides, aid\u00e9s d\u2019un scientifique magicien et sceptique, explorent [&hellip;]<\/p>\n","protected":false},"author":1,"featured_media":0,"parent":721,"menu_order":0,"comment_status":"closed","ping_status":"closed","template":"","meta":{"footnotes":""},"class_list":["post-812","page","type-page","status-publish","hentry"],"yoast_head":"<!-- This site is optimized with the Yoast SEO plugin v27.2 - https:\/\/yoast.com\/product\/yoast-seo-wordpress\/ -->\n<title>Mystery Hunters<\/title>\n<meta name=\"description\" content=\"Deux jeunes reporters intr\u00e9pides, aid\u00e9s d\u2019un scientifique magicien et sceptique, explorent quelques-uns des plus grands myst\u00e8res du monde\" \/>\n<meta name=\"robots\" content=\"index, follow, max-snippet:-1, max-image-preview:large, max-video-preview:-1\" \/>\n<link rel=\"canonical\" href=\"https:\/\/www.apartment11.tv\/fr\/productions-tele\/mystery-hunters\/\" \/>\n<meta property=\"og:locale\" content=\"fr_FR\" \/>\n<meta property=\"og:type\" content=\"article\" \/>\n<meta property=\"og:title\" content=\"Mystery Hunters\" \/>\n<meta property=\"og:description\" content=\"Deux jeunes reporters intr\u00e9pides, aid\u00e9s d\u2019un scientifique magicien et sceptique, explorent quelques-uns des plus grands myst\u00e8res du monde\" \/>\n<meta property=\"og:url\" content=\"https:\/\/www.apartment11.tv\/fr\/productions-tele\/mystery-hunters\/\" \/>\n<meta property=\"og:site_name\" content=\"Apartment 11 Productions\" \/>\n<meta property=\"article:publisher\" content=\"https:\/\/www.facebook.com\/Apartment11Productions\" \/>\n<meta property=\"article:modified_time\" content=\"2018-10-22T13:03:09+00:00\" \/>\n<meta property=\"og:image\" content=\"http:\/\/apartment11.tv\/wp-content\/uploads\/youtube.gif\" \/>\n<meta name=\"twitter:card\" content=\"summary_large_image\" \/>\n<meta name=\"twitter:site\" content=\"@Apartment11Prod\" \/>\n<meta name=\"twitter:label1\" content=\"Dur\u00e9e de lecture estim\u00e9e\" \/>\n\t<meta name=\"twitter:data1\" content=\"2 minutes\" \/>\n<script type=\"application\/ld+json\" class=\"yoast-schema-graph\">{\"@context\":\"https:\/\/schema.org\",\"@graph\":[{\"@type\":\"WebPage\",\"@id\":\"https:\/\/www.apartment11.tv\/fr\/productions-tele\/mystery-hunters\/\",\"url\":\"https:\/\/www.apartment11.tv\/fr\/productions-tele\/mystery-hunters\/\",\"name\":\"Mystery Hunters\",\"isPartOf\":{\"@id\":\"https:\/\/www.apartment11.tv\/#website\"},\"primaryImageOfPage\":{\"@id\":\"https:\/\/www.apartment11.tv\/fr\/productions-tele\/mystery-hunters\/#primaryimage\"},\"image\":{\"@id\":\"https:\/\/www.apartment11.tv\/fr\/productions-tele\/mystery-hunters\/#primaryimage\"},\"thumbnailUrl\":\"http:\/\/apartment11.tv\/wp-content\/uploads\/youtube.gif\",\"datePublished\":\"2015-12-31T14:02:02+00:00\",\"dateModified\":\"2018-10-22T13:03:09+00:00\",\"description\":\"Deux jeunes reporters intr\u00e9pides, aid\u00e9s d\u2019un scientifique magicien et sceptique, explorent quelques-uns des plus grands myst\u00e8res du monde\",\"breadcrumb\":{\"@id\":\"https:\/\/www.apartment11.tv\/fr\/productions-tele\/mystery-hunters\/#breadcrumb\"},\"inLanguage\":\"fr-FR\",\"potentialAction\":[{\"@type\":\"ReadAction\",\"target\":[\"https:\/\/www.apartment11.tv\/fr\/productions-tele\/mystery-hunters\/\"]}]},{\"@type\":\"ImageObject\",\"inLanguage\":\"fr-FR\",\"@id\":\"https:\/\/www.apartment11.tv\/fr\/productions-tele\/mystery-hunters\/#primaryimage\",\"url\":\"http:\/\/apartment11.tv\/wp-content\/uploads\/youtube.gif\",\"contentUrl\":\"http:\/\/apartment11.tv\/wp-content\/uploads\/youtube.gif\"},{\"@type\":\"BreadcrumbList\",\"@id\":\"https:\/\/www.apartment11.tv\/fr\/productions-tele\/mystery-hunters\/#breadcrumb\",\"itemListElement\":[{\"@type\":\"ListItem\",\"position\":1,\"name\":\"Home\",\"item\":\"https:\/\/www.apartment11.tv\/fr\/\"},{\"@type\":\"ListItem\",\"position\":2,\"name\":\"Productions t\u00e9l\u00e9\",\"item\":\"https:\/\/www.apartment11.tv\/fr\/productions-tele\/\"},{\"@type\":\"ListItem\",\"position\":3,\"name\":\"Mystery Hunters\"}]},{\"@type\":\"WebSite\",\"@id\":\"https:\/\/www.apartment11.tv\/#website\",\"url\":\"https:\/\/www.apartment11.tv\/\",\"name\":\"Apartment 11 Productions\",\"description\":\"Award-Winning Television Productions and Cross-Platform Projects for both Adult and Younger Audiences\",\"potentialAction\":[{\"@type\":\"SearchAction\",\"target\":{\"@type\":\"EntryPoint\",\"urlTemplate\":\"https:\/\/www.apartment11.tv\/?s={search_term_string}\"},\"query-input\":{\"@type\":\"PropertyValueSpecification\",\"valueRequired\":true,\"valueName\":\"search_term_string\"}}],\"inLanguage\":\"fr-FR\"}]}<\/script>\n<!-- \/ Yoast SEO plugin. -->","yoast_head_json":{"title":"Mystery Hunters","description":"Deux jeunes reporters intr\u00e9pides, aid\u00e9s d\u2019un scientifique magicien et sceptique, explorent quelques-uns des plus grands myst\u00e8res du monde","robots":{"index":"index","follow":"follow","max-snippet":"max-snippet:-1","max-image-preview":"max-image-preview:large","max-video-preview":"max-video-preview:-1"},"canonical":"https:\/\/www.apartment11.tv\/fr\/productions-tele\/mystery-hunters\/","og_locale":"fr_FR","og_type":"article","og_title":"Mystery Hunters","og_description":"Deux jeunes reporters intr\u00e9pides, aid\u00e9s d\u2019un scientifique magicien et sceptique, explorent quelques-uns des plus grands myst\u00e8res du monde","og_url":"https:\/\/www.apartment11.tv\/fr\/productions-tele\/mystery-hunters\/","og_site_name":"Apartment 11 Productions","article_publisher":"https:\/\/www.facebook.com\/Apartment11Productions","article_modified_time":"2018-10-22T13:03:09+00:00","og_image":[{"url":"http:\/\/apartment11.tv\/wp-content\/uploads\/youtube.gif","type":"","width":"","height":""}],"twitter_card":"summary_large_image","twitter_site":"@Apartment11Prod","twitter_misc":{"Dur\u00e9e de lecture estim\u00e9e":"2 minutes"},"schema":{"@context":"https:\/\/schema.org","@graph":[{"@type":"WebPage","@id":"https:\/\/www.apartment11.tv\/fr\/productions-tele\/mystery-hunters\/","url":"https:\/\/www.apartment11.tv\/fr\/productions-tele\/mystery-hunters\/","name":"Mystery Hunters","isPartOf":{"@id":"https:\/\/www.apartment11.tv\/#website"},"primaryImageOfPage":{"@id":"https:\/\/www.apartment11.tv\/fr\/productions-tele\/mystery-hunters\/#primaryimage"},"image":{"@id":"https:\/\/www.apartment11.tv\/fr\/productions-tele\/mystery-hunters\/#primaryimage"},"thumbnailUrl":"http:\/\/apartment11.tv\/wp-content\/uploads\/youtube.gif","datePublished":"2015-12-31T14:02:02+00:00","dateModified":"2018-10-22T13:03:09+00:00","description":"Deux jeunes reporters intr\u00e9pides, aid\u00e9s d\u2019un scientifique magicien et sceptique, explorent quelques-uns des plus grands myst\u00e8res du monde","breadcrumb":{"@id":"https:\/\/www.apartment11.tv\/fr\/productions-tele\/mystery-hunters\/#breadcrumb"},"inLanguage":"fr-FR","potentialAction":[{"@type":"ReadAction","target":["https:\/\/www.apartment11.tv\/fr\/productions-tele\/mystery-hunters\/"]}]},{"@type":"ImageObject","inLanguage":"fr-FR","@id":"https:\/\/www.apartment11.tv\/fr\/productions-tele\/mystery-hunters\/#primaryimage","url":"http:\/\/apartment11.tv\/wp-content\/uploads\/youtube.gif","contentUrl":"http:\/\/apartment11.tv\/wp-content\/uploads\/youtube.gif"},{"@type":"BreadcrumbList","@id":"https:\/\/www.apartment11.tv\/fr\/productions-tele\/mystery-hunters\/#breadcrumb","itemListElement":[{"@type":"ListItem","position":1,"name":"Home","item":"https:\/\/www.apartment11.tv\/fr\/"},{"@type":"ListItem","position":2,"name":"Productions t\u00e9l\u00e9","item":"https:\/\/www.apartment11.tv\/fr\/productions-tele\/"},{"@type":"ListItem","position":3,"name":"Mystery Hunters"}]},{"@type":"WebSite","@id":"https:\/\/www.apartment11.tv\/#website","url":"https:\/\/www.apartment11.tv\/","name":"Apartment 11 Productions","description":"Award-Winning Television Productions and Cross-Platform Projects for both Adult and Younger Audiences","potentialAction":[{"@type":"SearchAction","target":{"@type":"EntryPoint","urlTemplate":"https:\/\/www.apartment11.tv\/?s={search_term_string}"},"query-input":{"@type":"PropertyValueSpecification","valueRequired":true,"valueName":"search_term_string"}}],"inLanguage":"fr-FR"}]}},"_links":{"self":[{"href":"https:\/\/www.apartment11.tv\/fr\/wp-json\/wp\/v2\/pages\/812","targetHints":{"allow":["GET"]}}],"collection":[{"href":"https:\/\/www.apartment11.tv\/fr\/wp-json\/wp\/v2\/pages"}],"about":[{"href":"https:\/\/www.apartment11.tv\/fr\/wp-json\/wp\/v2\/types\/page"}],"author":[{"embeddable":true,"href":"https:\/\/www.apartment11.tv\/fr\/wp-json\/wp\/v2\/users\/1"}],"replies":[{"embeddable":true,"href":"https:\/\/www.apartment11.tv\/fr\/wp-json\/wp\/v2\/comments?post=812"}],"version-history":[{"count":9,"href":"https:\/\/www.apartment11.tv\/fr\/wp-json\/wp\/v2\/pages\/812\/revisions"}],"predecessor-version":[{"id":1776,"href":"https:\/\/www.apartment11.tv\/fr\/wp-json\/wp\/v2\/pages\/812\/revisions\/1776"}],"up":[{"embeddable":true,"href":"https:\/\/www.apartment11.tv\/fr\/wp-json\/wp\/v2\/pages\/721"}],"wp:attachment":[{"href":"https:\/\/www.apartment11.tv\/fr\/wp-json\/wp\/v2\/media?parent=812"}],"curies":[{"name":"wp","href":"https:\/\/api.w.org\/{rel}","templated":true}]}}