{"id":824,"date":"2015-12-31T09:08:32","date_gmt":"2015-12-31T14:08:32","guid":{"rendered":"http:\/\/apartment11.tv\/wordpress\/fr\/?page_id=824"},"modified":"2019-02-18T15:01:18","modified_gmt":"2019-02-18T20:01:18","slug":"cest-wow","status":"publish","type":"page","link":"https:\/\/www.apartment11.tv\/fr\/productions-tele\/cest-wow\/","title":{"rendered":"C&rsquo;est Wow"},"content":{"rendered":"<div class=\"wpb-content-wrapper\">[vc_row fullwidth=\u00a0\u00bbtrue\u00a0\u00bb][vc_column][rev_slider_vc alias=\u00a0\u00bbbanner-cest-wow\u00a0\u00bb][\/vc_column][\/vc_row][vc_row][vc_column width=\u00a0\u00bb1\/2&Prime;][vc_video link=\u00a0\u00bbhttps:\/\/youtu.be\/w_Gd3uwqYo8&Prime;][mk_divider style=\u00a0\u00bbsingle_dotted\u00a0\u00bb border_color=\u00a0\u00bb#c5c5c5&Prime;][vc_column_text]<a href=\"https:\/\/www.facebook.com\/Cest-Wow-1557852671095747\/timeline\/\"><img loading=\"lazy\" decoding=\"async\" class=\"alignleft wp-image-544 size-full\" src=\"http:\/\/apartment11.tv\/wp-content\/uploads\/facebook.gif\" alt=\"facebook\" width=\"25\" height=\"25\" \/><\/a><a href=\"https:\/\/www.facebook.com\/Cest-Wow-1557852671095747\/timeline\/\" target=\"_blank\" rel=\"noopener\">Rejoignez le groupe Facebook<\/a>[\/vc_column_text][vc_column_text]<a href=\"https:\/\/www.twitter.com\/cestwow_TFO\"><img loading=\"lazy\" decoding=\"async\" class=\"alignleft wp-image-546 size-full\" src=\"http:\/\/apartment11.tv\/wp-content\/uploads\/twitter.gif\" alt=\"\" width=\"25\" height=\"25\" \/><\/a><a class=\"social_sidebar_link\" href=\"https:\/\/www.twitter.com\/cestwow_TFO\" target=\"_blank\" rel=\"noopener\">Suivre sur Twitter<\/a>[\/vc_column_text][vc_column_text]<a href=\"http:\/\/bit.ly\/cestwow_YT\"><img loading=\"lazy\" decoding=\"async\" class=\"alignleft wp-image-548 size-full\" src=\"http:\/\/apartment11.tv\/wp-content\/uploads\/youtube.gif\" alt=\"\" width=\"25\" height=\"25\" \/><\/a><a class=\"social_sidebar_link\" href=\"http:\/\/bit.ly\/cestwow_YT\" target=\"_blank\" rel=\"noopener\">Regarder sur YouTube<\/a>[\/vc_column_text][mk_divider style=\u00a0\u00bbsingle_dotted\u00a0\u00bb border_color=\u00a0\u00bb#c5c5c5&Prime; margin_top=\u00a0\u00bb0&Prime;][vc_gallery type=\u00a0\u00bbimage_grid\u00a0\u00bb images=\u00a0\u00bb430,431,432,433,434,435,436,437,438,439&Prime; img_size=\u00a0\u00bb140&#215;140&Prime; el_class=\u00a0\u00bbimage-gallery\u00a0\u00bb][\/vc_column][vc_column width=\u00a0\u00bb1\/2&Prime;][vc_column_text]\n<h2>\u00c0 propos de la s\u00e9rie<\/h2>\n<p class=\"main_text\"><strong>S\u00e9rie \u00e9ducative math\u00e9matique et g\u00e9om\u00e9trie<br \/>\nDe 6 \u00e0 9 ans<br \/>\n1 saison &#8211; 16 \u00e9pisodes de 30 minutes<br \/>\nDroits disponibles sur le format<\/strong><\/p>\n<p class=\"main_text\"><strong>C\u2019est Wow<\/strong> est une s\u00e9rie t\u00e9l\u00e9 \u00e9ducative folichonne qui fait d\u00e9couvrir la g\u00e9om\u00e9trie aux 6 \u00e0 9 ans. Tourn\u00e9e en studio et en ext\u00e9rieur, la s\u00e9rie est anim\u00e9e avec beaucoup d\u2019humour par Jean-Fran\u00e7ois Pronovost, accompagn\u00e9 de Miawow, son chat espi\u00e8gle anim\u00e9 en 3D et de L.A.R.A., ses lunettes \u00e0 r\u00e9alit\u00e9 augment\u00e9e, qui l\u2019aident \u00e0 d\u00e9coder les myst\u00e8res de la g\u00e9om\u00e9trie qui est partout.<\/p>\n<p class=\"main_text\">Chaque \u00e9mission pr\u00e9sente un concept g\u00e9om\u00e9trique \u00e0 l\u2019aide de graphiques, de dessins anim\u00e9s, d\u2019animations 3D, d\u2019entrevues avec des personnages historiques hilarants et de vid\u00e9os clips. Les enfants occupent une place de choix: certains deviennent enqu\u00eateurs et partent \u00e0 la recherche de formes, d\u2019autres se brassent les neurones en s\u2019amusant \u00e0 r\u00e9soudre des casse t\u00eates rigolos, alors que des \u00e9quipes de jeunes rel\u00e8vent des d\u00e9fis beaucoup plus physiques!<\/p>\n<p class=\"main_text\">Finalement, qu\u2019ils soient architecte, ing\u00e9nieur, photographe ou champion de cube rubik, de jeunes adultes passionn\u00e9s de g\u00e9om\u00e9trie proposent aux enfants des exp\u00e9riences m\u00e9morables. C\u2019est WOW, c\u2019est vraiment WOW!<\/p>\n<h2>O\u00f9 visionner la s\u00e9rie<\/h2>\n<p><strong>TFO :<\/strong>\u00a0<a href=\"http:\/\/www3.tfo.org\/horaire\" target=\"_blank\" rel=\"noreferrer noopener\"><span lang=\"FR\">http:\/\/www3.tfo.org\/horaire<\/span><\/a><\/p>\n<h2>Prix<\/h2>\n<p><strong>PRIX D\u2019EXCELLENCE ALLIANCE M\u00c9DIAS JEUNESSE \u2013 2017<br \/>\n<\/strong>Nomination \u2013 Meilleur site web convergent<\/p>\n<p><strong>PRIX \u00c9CRANS CANADIENS \u2013 2017<\/strong><strong><br \/>\n<\/strong>Nomination \u2013 Meilleur projet multiplateforme pour enfants et jeunesse<\/p>\n<p><strong>INTERNATIONAL EMMY KIDS AWARDS \u2013 2016<\/strong><strong>\u00a0<\/strong><br \/>\nNomination \u2013 Meilleur programme de divertissement non-sc\u00e9naris\u00e9<\/p>\n<p><strong>PRIX D\u2019EXCELLENCE ALLIANCE M\u00c9DIAS JEUNESSE<\/strong><br \/>\nNomination \u2013 meilleure s\u00e9rie t\u00e9l\u00e9vis\u00e9e ou webs\u00e9rie: Acquisition de connaissances et d\u00e9veloppement du sens critique<\/p>\n<p><strong><span lang=\"FR-CA\">PRIX G\u00c9MEAUX \u2013 2015\u00a0<\/span><\/strong><span lang=\"FR-CA\"><br \/>\n<\/span><span lang=\"FR-CA\">Nomination \u2013 Meilleure recherche : jeunesse<\/span><\/p>\n<h2>Interactif<\/h2>\n<p><strong>Jouez :<br \/>\n<\/strong><a href=\"http:\/\/www.tfo.org\/sites\/?s=1100184925\" target=\"_blank\" rel=\"noopener\">http:\/\/www.tfo.org\/sites\/?s=1100184925<\/a><br \/>\n<a href=\"http:\/\/www.tfo.org\/sites\/?s=1100184888\" target=\"_blank\" rel=\"noopener\">http:\/\/www.tfo.org\/sites\/?s=1100184888<\/a><\/p>\n<h2>Acquisitions<\/h2>\n<p>Responsable des acquisitions : Mindy Laxer (<a href=\"mailto:mindy@apartment11.tv\">mindy@apartment11.tv<\/a>)<\/p>\n<h2>Partenaires<\/h2>\n<p><img loading=\"lazy\" decoding=\"async\" class=\"alignleft wp-image-58 size-full\" src=\"http:\/\/apartment11.tv\/wp-content\/uploads\/news\/group-tfo.gif\" alt=\"\" width=\"113\" height=\"75\" \/>[\/vc_column_text][\/vc_column][\/vc_row]\n<\/div>","protected":false},"excerpt":{"rendered":"<p>[vc_row fullwidth=\u00a0\u00bbtrue\u00a0\u00bb][vc_column][rev_slider_vc alias=\u00a0\u00bbbanner-cest-wow\u00a0\u00bb][\/vc_column][\/vc_row][vc_row][vc_column width=\u00a0\u00bb1\/2&Prime;][vc_video link=\u00a0\u00bbhttps:\/\/youtu.be\/w_Gd3uwqYo8&Prime;][mk_divider style=\u00a0\u00bbsingle_dotted\u00a0\u00bb border_color=\u00a0\u00bb#c5c5c5&Prime;][vc_column_text]Rejoignez le groupe Facebook[\/vc_column_text][vc_column_text]Suivre sur Twitter[\/vc_column_text][vc_column_text]Regarder sur YouTube[\/vc_column_text][mk_divider style=\u00a0\u00bbsingle_dotted\u00a0\u00bb border_color=\u00a0\u00bb#c5c5c5&Prime; margin_top=\u00a0\u00bb0&Prime;][vc_gallery type=\u00a0\u00bbimage_grid\u00a0\u00bb images=\u00a0\u00bb430,431,432,433,434,435,436,437,438,439&Prime; img_size=\u00a0\u00bb140&#215;140&Prime; el_class=\u00a0\u00bbimage-gallery\u00a0\u00bb][\/vc_column][vc_column width=\u00a0\u00bb1\/2&Prime;][vc_column_text] \u00c0 propos de la s\u00e9rie S\u00e9rie \u00e9ducative math\u00e9matique et g\u00e9om\u00e9trie De 6 \u00e0 9 ans 1 saison &#8211; 16 \u00e9pisodes de 30 minutes Droits disponibles sur le format C\u2019est Wow est une s\u00e9rie [&hellip;]<\/p>\n","protected":false},"author":1,"featured_media":0,"parent":721,"menu_order":0,"comment_status":"closed","ping_status":"closed","template":"","meta":{"footnotes":""},"class_list":["post-824","page","type-page","status-publish","hentry"],"yoast_head":"<!-- This site is optimized with the Yoast SEO plugin v27.2 - https:\/\/yoast.com\/product\/yoast-seo-wordpress\/ -->\n<title>C&#039;est Wow<\/title>\n<meta name=\"description\" content=\"C\u2019est Wow\u00a0est une s\u00e9rie t\u00e9l\u00e9 \u00e9ducative folichonne qui fait d\u00e9couvrir la g\u00e9om\u00e9trie aux 6 \u00e0 9 ans.\" \/>\n<meta name=\"robots\" content=\"index, follow, max-snippet:-1, max-image-preview:large, max-video-preview:-1\" \/>\n<link rel=\"canonical\" href=\"https:\/\/www.apartment11.tv\/fr\/productions-tele\/cest-wow\/\" \/>\n<meta property=\"og:locale\" content=\"fr_FR\" \/>\n<meta property=\"og:type\" content=\"article\" \/>\n<meta property=\"og:title\" content=\"C&#039;est Wow\" \/>\n<meta property=\"og:description\" content=\"C\u2019est Wow\u00a0est une s\u00e9rie t\u00e9l\u00e9 \u00e9ducative folichonne qui fait d\u00e9couvrir la g\u00e9om\u00e9trie aux 6 \u00e0 9 ans.\" \/>\n<meta property=\"og:url\" content=\"https:\/\/www.apartment11.tv\/fr\/productions-tele\/cest-wow\/\" \/>\n<meta property=\"og:site_name\" content=\"Apartment 11 Productions\" \/>\n<meta property=\"article:publisher\" content=\"https:\/\/www.facebook.com\/Apartment11Productions\" \/>\n<meta property=\"article:modified_time\" content=\"2019-02-18T20:01:18+00:00\" \/>\n<meta property=\"og:image\" content=\"http:\/\/apartment11.tv\/wp-content\/uploads\/facebook.gif\" \/>\n<meta name=\"twitter:card\" content=\"summary_large_image\" \/>\n<meta name=\"twitter:site\" content=\"@Apartment11Prod\" \/>\n<meta name=\"twitter:label1\" content=\"Dur\u00e9e de lecture estim\u00e9e\" \/>\n\t<meta name=\"twitter:data1\" content=\"2 minutes\" \/>\n<script type=\"application\/ld+json\" class=\"yoast-schema-graph\">{\"@context\":\"https:\/\/schema.org\",\"@graph\":[{\"@type\":\"WebPage\",\"@id\":\"https:\/\/www.apartment11.tv\/fr\/productions-tele\/cest-wow\/\",\"url\":\"https:\/\/www.apartment11.tv\/fr\/productions-tele\/cest-wow\/\",\"name\":\"C'est Wow\",\"isPartOf\":{\"@id\":\"https:\/\/www.apartment11.tv\/#website\"},\"primaryImageOfPage\":{\"@id\":\"https:\/\/www.apartment11.tv\/fr\/productions-tele\/cest-wow\/#primaryimage\"},\"image\":{\"@id\":\"https:\/\/www.apartment11.tv\/fr\/productions-tele\/cest-wow\/#primaryimage\"},\"thumbnailUrl\":\"http:\/\/apartment11.tv\/wp-content\/uploads\/facebook.gif\",\"datePublished\":\"2015-12-31T14:08:32+00:00\",\"dateModified\":\"2019-02-18T20:01:18+00:00\",\"description\":\"C\u2019est Wow\u00a0est une s\u00e9rie t\u00e9l\u00e9 \u00e9ducative folichonne qui fait d\u00e9couvrir la g\u00e9om\u00e9trie aux 6 \u00e0 9 ans.\",\"breadcrumb\":{\"@id\":\"https:\/\/www.apartment11.tv\/fr\/productions-tele\/cest-wow\/#breadcrumb\"},\"inLanguage\":\"fr-FR\",\"potentialAction\":[{\"@type\":\"ReadAction\",\"target\":[\"https:\/\/www.apartment11.tv\/fr\/productions-tele\/cest-wow\/\"]}]},{\"@type\":\"ImageObject\",\"inLanguage\":\"fr-FR\",\"@id\":\"https:\/\/www.apartment11.tv\/fr\/productions-tele\/cest-wow\/#primaryimage\",\"url\":\"http:\/\/apartment11.tv\/wp-content\/uploads\/facebook.gif\",\"contentUrl\":\"http:\/\/apartment11.tv\/wp-content\/uploads\/facebook.gif\"},{\"@type\":\"BreadcrumbList\",\"@id\":\"https:\/\/www.apartment11.tv\/fr\/productions-tele\/cest-wow\/#breadcrumb\",\"itemListElement\":[{\"@type\":\"ListItem\",\"position\":1,\"name\":\"Home\",\"item\":\"https:\/\/www.apartment11.tv\/fr\/\"},{\"@type\":\"ListItem\",\"position\":2,\"name\":\"Productions t\u00e9l\u00e9\",\"item\":\"https:\/\/www.apartment11.tv\/fr\/productions-tele\/\"},{\"@type\":\"ListItem\",\"position\":3,\"name\":\"C&rsquo;est Wow\"}]},{\"@type\":\"WebSite\",\"@id\":\"https:\/\/www.apartment11.tv\/#website\",\"url\":\"https:\/\/www.apartment11.tv\/\",\"name\":\"Apartment 11 Productions\",\"description\":\"Award-Winning Television Productions and Cross-Platform Projects for both Adult and Younger Audiences\",\"potentialAction\":[{\"@type\":\"SearchAction\",\"target\":{\"@type\":\"EntryPoint\",\"urlTemplate\":\"https:\/\/www.apartment11.tv\/?s={search_term_string}\"},\"query-input\":{\"@type\":\"PropertyValueSpecification\",\"valueRequired\":true,\"valueName\":\"search_term_string\"}}],\"inLanguage\":\"fr-FR\"}]}<\/script>\n<!-- \/ Yoast SEO plugin. -->","yoast_head_json":{"title":"C'est Wow","description":"C\u2019est Wow\u00a0est une s\u00e9rie t\u00e9l\u00e9 \u00e9ducative folichonne qui fait d\u00e9couvrir la g\u00e9om\u00e9trie aux 6 \u00e0 9 ans.","robots":{"index":"index","follow":"follow","max-snippet":"max-snippet:-1","max-image-preview":"max-image-preview:large","max-video-preview":"max-video-preview:-1"},"canonical":"https:\/\/www.apartment11.tv\/fr\/productions-tele\/cest-wow\/","og_locale":"fr_FR","og_type":"article","og_title":"C'est Wow","og_description":"C\u2019est Wow\u00a0est une s\u00e9rie t\u00e9l\u00e9 \u00e9ducative folichonne qui fait d\u00e9couvrir la g\u00e9om\u00e9trie aux 6 \u00e0 9 ans.","og_url":"https:\/\/www.apartment11.tv\/fr\/productions-tele\/cest-wow\/","og_site_name":"Apartment 11 Productions","article_publisher":"https:\/\/www.facebook.com\/Apartment11Productions","article_modified_time":"2019-02-18T20:01:18+00:00","og_image":[{"url":"http:\/\/apartment11.tv\/wp-content\/uploads\/facebook.gif","type":"","width":"","height":""}],"twitter_card":"summary_large_image","twitter_site":"@Apartment11Prod","twitter_misc":{"Dur\u00e9e de lecture estim\u00e9e":"2 minutes"},"schema":{"@context":"https:\/\/schema.org","@graph":[{"@type":"WebPage","@id":"https:\/\/www.apartment11.tv\/fr\/productions-tele\/cest-wow\/","url":"https:\/\/www.apartment11.tv\/fr\/productions-tele\/cest-wow\/","name":"C'est Wow","isPartOf":{"@id":"https:\/\/www.apartment11.tv\/#website"},"primaryImageOfPage":{"@id":"https:\/\/www.apartment11.tv\/fr\/productions-tele\/cest-wow\/#primaryimage"},"image":{"@id":"https:\/\/www.apartment11.tv\/fr\/productions-tele\/cest-wow\/#primaryimage"},"thumbnailUrl":"http:\/\/apartment11.tv\/wp-content\/uploads\/facebook.gif","datePublished":"2015-12-31T14:08:32+00:00","dateModified":"2019-02-18T20:01:18+00:00","description":"C\u2019est Wow\u00a0est une s\u00e9rie t\u00e9l\u00e9 \u00e9ducative folichonne qui fait d\u00e9couvrir la g\u00e9om\u00e9trie aux 6 \u00e0 9 ans.","breadcrumb":{"@id":"https:\/\/www.apartment11.tv\/fr\/productions-tele\/cest-wow\/#breadcrumb"},"inLanguage":"fr-FR","potentialAction":[{"@type":"ReadAction","target":["https:\/\/www.apartment11.tv\/fr\/productions-tele\/cest-wow\/"]}]},{"@type":"ImageObject","inLanguage":"fr-FR","@id":"https:\/\/www.apartment11.tv\/fr\/productions-tele\/cest-wow\/#primaryimage","url":"http:\/\/apartment11.tv\/wp-content\/uploads\/facebook.gif","contentUrl":"http:\/\/apartment11.tv\/wp-content\/uploads\/facebook.gif"},{"@type":"BreadcrumbList","@id":"https:\/\/www.apartment11.tv\/fr\/productions-tele\/cest-wow\/#breadcrumb","itemListElement":[{"@type":"ListItem","position":1,"name":"Home","item":"https:\/\/www.apartment11.tv\/fr\/"},{"@type":"ListItem","position":2,"name":"Productions t\u00e9l\u00e9","item":"https:\/\/www.apartment11.tv\/fr\/productions-tele\/"},{"@type":"ListItem","position":3,"name":"C&rsquo;est Wow"}]},{"@type":"WebSite","@id":"https:\/\/www.apartment11.tv\/#website","url":"https:\/\/www.apartment11.tv\/","name":"Apartment 11 Productions","description":"Award-Winning Television Productions and Cross-Platform Projects for both Adult and Younger Audiences","potentialAction":[{"@type":"SearchAction","target":{"@type":"EntryPoint","urlTemplate":"https:\/\/www.apartment11.tv\/?s={search_term_string}"},"query-input":{"@type":"PropertyValueSpecification","valueRequired":true,"valueName":"search_term_string"}}],"inLanguage":"fr-FR"}]}},"_links":{"self":[{"href":"https:\/\/www.apartment11.tv\/fr\/wp-json\/wp\/v2\/pages\/824","targetHints":{"allow":["GET"]}}],"collection":[{"href":"https:\/\/www.apartment11.tv\/fr\/wp-json\/wp\/v2\/pages"}],"about":[{"href":"https:\/\/www.apartment11.tv\/fr\/wp-json\/wp\/v2\/types\/page"}],"author":[{"embeddable":true,"href":"https:\/\/www.apartment11.tv\/fr\/wp-json\/wp\/v2\/users\/1"}],"replies":[{"embeddable":true,"href":"https:\/\/www.apartment11.tv\/fr\/wp-json\/wp\/v2\/comments?post=824"}],"version-history":[{"count":13,"href":"https:\/\/www.apartment11.tv\/fr\/wp-json\/wp\/v2\/pages\/824\/revisions"}],"predecessor-version":[{"id":1858,"href":"https:\/\/www.apartment11.tv\/fr\/wp-json\/wp\/v2\/pages\/824\/revisions\/1858"}],"up":[{"embeddable":true,"href":"https:\/\/www.apartment11.tv\/fr\/wp-json\/wp\/v2\/pages\/721"}],"wp:attachment":[{"href":"https:\/\/www.apartment11.tv\/fr\/wp-json\/wp\/v2\/media?parent=824"}],"curies":[{"name":"wp","href":"https:\/\/api.w.org\/{rel}","templated":true}]}}