{"id":829,"date":"2015-12-31T09:12:03","date_gmt":"2015-12-31T14:12:03","guid":{"rendered":"http:\/\/apartment11.tv\/wordpress\/fr\/?page_id=829"},"modified":"2024-08-05T09:55:19","modified_gmt":"2024-08-05T13:55:19","slug":"finding-stuff-out","status":"publish","type":"page","link":"https:\/\/www.apartment11.tv\/fr\/productions-tele\/finding-stuff-out\/","title":{"rendered":"Finding Stuff Out"},"content":{"rendered":"<div class=\"wpb-content-wrapper\">[vc_row fullwidth=\u00a0\u00bbtrue\u00a0\u00bb][vc_column][rev_slider_vc alias=\u00a0\u00bbbanner-fso-zoey\u00a0\u00bb][\/vc_column][\/vc_row][vc_row][vc_column width=\u00a0\u00bb1\/2&Prime;][vc_video link=\u00a0\u00bbhttps:\/\/youtu.be\/v2sguPpQLQA\u00a0\u00bb][vc_video link=\u00a0\u00bbhttps:\/\/www.youtube.com\/playlist?list=PLKKLdZF4Y_F5c730DXmkc_wXAmZ26gSMN\u00a0\u00bb][mk_divider style=\u00a0\u00bbsingle_dotted\u00a0\u00bb border_color=\u00a0\u00bb#c5c5c5&Prime;][vc_column_text]<a href=\"https:\/\/www.facebook.com\/FindingStuffOut\"><img loading=\"lazy\" decoding=\"async\" class=\"alignleft wp-image-544 size-full\" src=\"http:\/\/apartment11.tv\/wp-content\/uploads\/facebook.gif\" alt=\"facebook\" width=\"25\" height=\"25\" \/><\/a><a href=\"https:\/\/www.facebook.com\/FindingStuffOut\" target=\"_blank\" rel=\"noopener noreferrer\">Rejoignez le groupe Facebook<\/a>[\/vc_column_text][vc_column_text]<a href=\"https:\/\/twitter.com\/FSO_tv\"><img loading=\"lazy\" decoding=\"async\" class=\"alignleft wp-image-546 size-full\" src=\"http:\/\/apartment11.tv\/wp-content\/uploads\/twitter.gif\" alt=\"\" width=\"25\" height=\"25\" \/><\/a><a class=\"social_sidebar_link\" href=\"https:\/\/twitter.com\/FSO_tv\" target=\"_blank\" rel=\"noopener noreferrer\">Suivre sur Twitter<\/a>[\/vc_column_text][vc_column_text]<a href=\"http:\/\/www.youtube.com\/user\/FindingStuffOutTV\"><img loading=\"lazy\" decoding=\"async\" class=\"alignleft wp-image-548 size-full\" src=\"http:\/\/apartment11.tv\/wp-content\/uploads\/youtube.gif\" alt=\"\" width=\"25\" height=\"25\" \/><\/a><a class=\"social_sidebar_link\" href=\"https:\/\/www.youtube.com\/channel\/UCGPPdIn67ZCLhhHABoQpNUw\/search?query=finding+stuff+out\" target=\"_blank\" rel=\"noopener noreferrer\">Regarder sur YouTube<\/a>[\/vc_column_text][vc_column_text css=\u00a0\u00bb.vc_custom_1520860836400{margin-bottom: 0px !important;}\u00a0\u00bb]<a href=\"https:\/\/www.instagram.com\/finding_stuff_out\/\" target=\"_blank\" rel=\"noopener noreferrer\"><img loading=\"lazy\" decoding=\"async\" class=\"alignleft wp-image-891 size-full\" src=\"http:\/\/apartment11.tv\/wp-content\/uploads\/instagram.gif\" alt=\"\" width=\"25\" height=\"25\" srcset=\"https:\/\/www.apartment11.tv\/wp-content\/uploads\/instagram.gif 25w, https:\/\/www.apartment11.tv\/wp-content\/uploads\/instagram-1024x1024.gif 1024w\" sizes=\"auto, (max-width: 25px) 100vw, 25px\" \/><\/a><a class=\"social_sidebar_link\" href=\"https:\/\/www.instagram.com\/finding_stuff_out\/\" target=\"_blank\" rel=\"noopener noreferrer\">Suivre sur Instagram<\/a>[\/vc_column_text][mk_divider style=\u00a0\u00bbsingle_dotted\u00a0\u00bb border_color=\u00a0\u00bb#c5c5c5&Prime; margin_top=\u00a0\u00bb0&Prime;][vc_gallery type=\u00a0\u00bbimage_grid\u00a0\u00bb images=\u00a0\u00bb451,457,452,456,455,453,454&Prime; img_size=\u00a0\u00bb140&#215;140&Prime; el_class=\u00a0\u00bbimage-gallery\u00a0\u00bb][\/vc_column][vc_column width=\u00a0\u00bb1\/2&Prime;][vc_column_text css=\u00a0\u00bb.vc_custom_1722866111087{margin-bottom: 0px !important;}\u00a0\u00bb]\n<h3 style=\"text-align: center;\"><span style=\"color: #ff0000;\"><strong style=\"color: #ff0000;\">MAINTENANT DISPONSIBLE SUR PEACOCK<\/strong><\/span><\/h3>\n<h2>\u00c0 propos de la s\u00e9rie<\/h2>\n<p class=\"main_text\"><strong>S\u00e9rie \u00e9ducative scientifique<br \/>\nDe 6 \u00e0 9 ans<br \/>\n3 saisons &#8211; 42 \u00e9pisodes de 30 minutes<br \/>\nDroits disponibles sur le format<\/strong><\/p>\n<p class=\"main_text\"><em>Finding Stuff Out<\/em> est une \u00e9mission \u00e9ducative qui donne aux enfants ce qu\u2019ils veulent vraiment : des r\u00e9ponses \u00e0 leurs questions les plus importantes! Chaque \u00e9pisode offre des explications \u00e0 de nombreuses questions d\u2019enfants comme \u00ab Pourquoi la lune nous suit-elle? \u00bb, \u00ab Est-ce que les plantes pensent? \u00bb, \u00ab Pourquoi doit-on manger? \u00bb et \u00ab Pourquoi tout ne fonctionne pas \u00e0 l\u2019\u00e9nergie solaire? \u00bb. Harrison, l\u2019animateur de la s\u00e9rie, d\u00e9niche les r\u00e9ponses en menant des exp\u00e9riences, en discutant avec les invites les plus sympathiques et en s\u2019informant sur des ph\u00e9nom\u00e8nes surprenants. <em>Finding Stuff Out<\/em> fera d\u00e9couvrir \u00e0 l\u2019auditoire des faits \u00e9tonnants, tout en r\u00e9pondant aux questions que les jeunes se posent depuis toujours, fous rires en plus!<\/p>\n<h2>O\u00f9 visionner la s\u00e9rie<\/h2>\n<p><strong>tvo:<\/strong> <a href=\"http:\/\/tvo.org\/schedule\" target=\"_blank\" rel=\"noopener noreferrer\">http:\/\/tvo.org\/schedule<\/a>\u00a0(en anglais seulement)<br \/>\n<strong>Knowledge\u00a0Network :<\/strong>\u00a0<a href=\"http:\/\/knowledge.ca\/schedule\" target=\"_blank\" rel=\"noopener noreferrer\">http:\/\/knowledge.ca\/schedule<\/a> (en anglais seulement)<br \/>\n<strong>En ligne :<\/strong>\u00a0<a href=\"http:\/\/www.tvokids.com\/shows\/findingstuffout\" target=\"_blank\" rel=\"noopener noreferrer\">http:\/\/www.tvokids.com\/shows\/findingstuffout<\/a>\u00a0(en anglais seulement)<\/p>\n<h2>Interactif<\/h2>\n<p><strong>Jouez :<\/strong>\u00a0<a href=\"http:\/\/www.tvokids.com\/games\/findingstuffout\" target=\"_blank\" rel=\"noopener noreferrer\">http:\/\/www.tvokids.com\/games\/findingstuffout<\/a> (en anglais seulement)<br \/>\n<strong>T\u00e9l\u00e9chargez l\u2019application FSO :\u00a0<\/strong><a href=\"https:\/\/itunes.apple.com\/ca\/app\/finding-stuff-out\/id635968716?mt=8\" target=\"_blank\" rel=\"noopener noreferrer\">https:\/\/itunes.apple.com\/ca\/app\/finding-stuff-out\/<\/a> (en anglais seulement)<br \/>\n<strong>Allez voir l\u2019ezine :<\/strong> \u00a0<a href=\"http:\/\/www.findingstuffout.com\/zine\/\" target=\"_blank\" rel=\"noopener noreferrer\">http:\/\/www.findingstuffout.com\/zine\/<\/a>\u00a0(en anglais seulement)<\/p>\n<h2>Prix<\/h2>\n<p><strong>PRIX JEUNESSE INTERNATIONAL\u00a0\u2014 2020<br \/>\n<\/strong>Finaliste\u00a0\u2014 7 \u2013 10 ans hors fiction<\/p>\n<p><strong>LEO AWARDS \u2013 2019<\/strong><br \/>\nNomination\u00a0\u2013 Zoey Siewert \u2013 Noisy Bodies \u2013 Meilleure Interpr\u00e9tation pour une \u00e9mission ou s\u00e9rie jeunesse.<\/p>\n<p><strong>PRIX \u00c9CRANS CANADIENS \u2013 2019<\/strong><br \/>\nNomination \u2013 Meilleure \u00e9mission ou s\u00e9rie pour enfants ou jeunesse : hors fiction<br \/>\nNomination \u2013 Meilleur sc\u00e9nario, s\u00e9rie pour enfants ou jeunesse : hors fiction, pour l\u2019\u00e9pisode\u00a0\u00abThe Nose Knows\u00bb<br \/>\nNomination \u2013 Meilleur sc\u00e9nario, s\u00e9rie pour enfants ou jeunesse : hors fiction, pour l\u2019\u00e9pisode\u00a0\u00abNoisy Bodies\u00bb<br \/>\nNomination \u2013 Meilleur projet multiplateforme pour enfants et jeunesse<\/p>\n<p><strong>PRIX \u00c9CRANS CANADIENS \u2013 2018<br \/>\n<\/strong>Nomination \u2013 Meilleure \u00e9mission ou s\u00e9rie pour enfants ou jeunesse : hors fiction<\/p>\n<p><strong>LEO AWARDS \u2013 2017<br \/>\nNomination<\/strong> &#8211; Zoey Siewert &#8211; Ouch! &#8211; Meilleure Interpr\u00e9tation pour une \u00e9mission ou s\u00e9rie jeunesse.<\/p>\n<p><strong>PRIX \u00c9CRANS CANADIENS \u2013 2016<\/strong><br \/>\nGagnant \u2013 Meilleure \u00e9mission ou s\u00e9rie pour enfants ou jeunesse : hors fiction<br \/>\nGagnant \u2013 Meilleur animateur pour une \u00e9mission ou s\u00e9rie pr\u00e9-scolaire, enfant ou jeunesse<br \/>\nNomination \u2013 Meilleur sc\u00e9nario, s\u00e9rie pour enfants ou jeunesse : hors fiction<\/p>\n<p class=\"main_text\"><strong>PRIX D\u2019EXCELLENCE ALLIANCE M\u00c9DIAS JEUNESSE &#8211; 2015 <\/strong><br \/>\nNomination \u2013 FSO 2 Senses : Sight &#8211; Meilleure \u00e9mission de t\u00e9l\u00e9vision, cat\u00e9gorie tous genres, 6-8 ans<br \/>\nNomination \u2013 FSO 3 Poop &#8211; Meilleure \u00e9mission de t\u00e9l\u00e9vision, cat\u00e9gorie tous genres, 6-8 ans<br \/>\nNomination \u2013 FSO 3 &#8211; Meilleur site Web convergent<\/p>\n<p class=\"main_text\"><strong>PRIX JAPAN \u2013 2014\u00a0<\/strong><br \/>\nNomination &#8211; \u00c9ducation petite enfance<\/p>\n<p class=\"main_text\"><strong>PRIX WGC SCREENWRITING &#8211; 2014<\/strong><br \/>\nGagnant &#8211; Cat\u00e9gorie jeunesse pour l\u2019\u00e9pisode \u00ab Babies and Families \u00bb<br \/>\nNomination &#8211; Cat\u00e9gorie jeunesse pour l\u2019\u00e9pisode \u00ab Plants \u00bb<\/p>\n<p class=\"main_text\"><strong>PRIX \u00c9CRANS CANADIENS &#8211; 2014 <\/strong><br \/>\nNomination &#8211; Meilleure \u00e9mission ou s\u00e9rie pour enfants ou jeunesse : hors fiction<br \/>\nNomination &#8211; Meilleur sc\u00e9nario, s\u00e9rie pour enfants ou jeunesse : hors fiction<\/p>\n<p class=\"main_text\"><span class=\"main_text\"><strong>PRIX D\u2019EXCELLENCE ALLIANCE M\u00c9DIAS JEUNESSE &#8211; 2013\u00a0<\/strong><br \/>\nNomination &#8211; Meilleure \u00e9mission de t\u00e9l\u00e9vision, cat\u00e9gorie tous genres, 6-8 ans<br \/>\nNomination &#8211; Meilleur site Web convergent<\/span><\/p>\n<p class=\"main_text\"><strong>PRIX JAPAN \u2013 2013\u00a0<\/strong><br \/>\nNomination &#8211; \u00c9ducation petite enfance<\/p>\n<p class=\"main_text\"><strong>PRIX WGC SCREENWRITING &#8211; 2013 <\/strong><br \/>\nNomination &#8211; Cat\u00e9gorie jeunesse (S\u00e9rie r\u00e9alis\u00e9e en sc\u00e8nes r\u00e9elles et diffus\u00e9e hors des heures de grande \u00e9coute.) pour l\u2019\u00e9pisode \u00ab Animals Big and Small \u00bb<\/p>\n<p class=\"main_text\"><strong>PRIX \u00c9CRANS CANADIENS &#8211; 2013 <\/strong><br \/>\nNomination &#8211; Meilleure \u00e9mission ou s\u00e9rie pour enfants ou jeunesse : hors fiction<br \/>\nNomination &#8211; Meilleur projet multiplateforme pour enfants et jeunesse<\/p>\n<p class=\"main_text\"><strong>PRIX BANFF ROCKIE &#8211; 2012<\/strong><br \/>\nNomination &#8211; Meilleure \u00e9mission pour enfants (2 ans et plus) : hors fiction<\/p>\n<h2>Acquisitions<\/h2>\n<p>Responsable des acquisitions : Mindy Laxer (<a href=\"mailto:mindy@apartment11.tv\">mindy@apartment11.tv<\/a>)<\/p>\n<h2>Partenaires<\/h2>\n<p><img loading=\"lazy\" decoding=\"async\" class=\"alignleft size-full wp-image-76\" src=\"http:\/\/apartment11.tv\/wp-content\/uploads\/logos\/tvo_kids.gif\" alt=\"tvo_kids\" width=\"75\" height=\"75\" \/>[\/vc_column_text][\/vc_column][\/vc_row]\n<\/div>","protected":false},"excerpt":{"rendered":"<p>[vc_row fullwidth=\u00a0\u00bbtrue\u00a0\u00bb][vc_column][rev_slider_vc alias=\u00a0\u00bbbanner-fso-zoey\u00a0\u00bb][\/vc_column][\/vc_row][vc_row][vc_column width=\u00a0\u00bb1\/2&Prime;][vc_video link=\u00a0\u00bbhttps:\/\/youtu.be\/v2sguPpQLQA\u00a0\u00bb][vc_video link=\u00a0\u00bbhttps:\/\/www.youtube.com\/playlist?list=PLKKLdZF4Y_F5c730DXmkc_wXAmZ26gSMN\u00a0\u00bb][mk_divider style=\u00a0\u00bbsingle_dotted\u00a0\u00bb border_color=\u00a0\u00bb#c5c5c5&Prime;][vc_column_text]Rejoignez le groupe Facebook[\/vc_column_text][vc_column_text]Suivre sur Twitter[\/vc_column_text][vc_column_text]Regarder sur YouTube[\/vc_column_text][vc_column_text css=\u00a0\u00bb.vc_custom_1520860836400{margin-bottom: 0px !important;}\u00a0\u00bb]Suivre sur Instagram[\/vc_column_text][mk_divider style=\u00a0\u00bbsingle_dotted\u00a0\u00bb border_color=\u00a0\u00bb#c5c5c5&Prime; margin_top=\u00a0\u00bb0&Prime;][vc_gallery type=\u00a0\u00bbimage_grid\u00a0\u00bb images=\u00a0\u00bb451,457,452,456,455,453,454&Prime; img_size=\u00a0\u00bb140&#215;140&Prime; el_class=\u00a0\u00bbimage-gallery\u00a0\u00bb][\/vc_column][vc_column width=\u00a0\u00bb1\/2&Prime;][vc_column_text css=\u00a0\u00bb.vc_custom_1722866111087{margin-bottom: 0px !important;}\u00a0\u00bb] MAINTENANT DISPONSIBLE SUR PEACOCK \u00c0 propos de la s\u00e9rie S\u00e9rie \u00e9ducative scientifique De 6 \u00e0 9 ans 3 saisons &#8211; 42 \u00e9pisodes de 30 [&hellip;]<\/p>\n","protected":false},"author":1,"featured_media":0,"parent":721,"menu_order":0,"comment_status":"closed","ping_status":"closed","template":"","meta":{"footnotes":""},"class_list":["post-829","page","type-page","status-publish","hentry"],"yoast_head":"<!-- This site is optimized with the Yoast SEO plugin v27.2 - https:\/\/yoast.com\/product\/yoast-seo-wordpress\/ -->\n<title>Finding Stuff Out<\/title>\n<meta name=\"description\" content=\"Finding Stuff Out\u00a0est une \u00e9mission \u00e9ducative qui donne aux enfants ce qu\u2019ils veulent vraiment : des r\u00e9ponses \u00e0 leurs questions les plus importantes!\u00a0\" \/>\n<meta name=\"robots\" content=\"index, follow, max-snippet:-1, max-image-preview:large, max-video-preview:-1\" \/>\n<link rel=\"canonical\" href=\"https:\/\/www.apartment11.tv\/fr\/productions-tele\/finding-stuff-out\/\" \/>\n<meta property=\"og:locale\" content=\"fr_FR\" \/>\n<meta property=\"og:type\" content=\"article\" \/>\n<meta property=\"og:title\" content=\"Finding Stuff Out\" \/>\n<meta property=\"og:description\" content=\"Finding Stuff Out\u00a0est une \u00e9mission \u00e9ducative qui donne aux enfants ce qu\u2019ils veulent vraiment : des r\u00e9ponses \u00e0 leurs questions les plus importantes!\u00a0\" \/>\n<meta property=\"og:url\" content=\"https:\/\/www.apartment11.tv\/fr\/productions-tele\/finding-stuff-out\/\" \/>\n<meta property=\"og:site_name\" content=\"Apartment 11 Productions\" \/>\n<meta property=\"article:publisher\" content=\"https:\/\/www.facebook.com\/Apartment11Productions\" \/>\n<meta property=\"article:modified_time\" content=\"2024-08-05T13:55:19+00:00\" \/>\n<meta property=\"og:image\" content=\"http:\/\/apartment11.tv\/wp-content\/uploads\/facebook.gif\" \/>\n<meta name=\"twitter:card\" content=\"summary_large_image\" \/>\n<meta name=\"twitter:site\" content=\"@Apartment11Prod\" \/>\n<meta name=\"twitter:label1\" content=\"Dur\u00e9e de lecture estim\u00e9e\" \/>\n\t<meta name=\"twitter:data1\" content=\"6 minutes\" \/>\n<script type=\"application\/ld+json\" class=\"yoast-schema-graph\">{\"@context\":\"https:\/\/schema.org\",\"@graph\":[{\"@type\":\"WebPage\",\"@id\":\"https:\/\/www.apartment11.tv\/fr\/productions-tele\/finding-stuff-out\/\",\"url\":\"https:\/\/www.apartment11.tv\/fr\/productions-tele\/finding-stuff-out\/\",\"name\":\"Finding Stuff Out\",\"isPartOf\":{\"@id\":\"https:\/\/www.apartment11.tv\/#website\"},\"primaryImageOfPage\":{\"@id\":\"https:\/\/www.apartment11.tv\/fr\/productions-tele\/finding-stuff-out\/#primaryimage\"},\"image\":{\"@id\":\"https:\/\/www.apartment11.tv\/fr\/productions-tele\/finding-stuff-out\/#primaryimage\"},\"thumbnailUrl\":\"http:\/\/apartment11.tv\/wp-content\/uploads\/facebook.gif\",\"datePublished\":\"2015-12-31T14:12:03+00:00\",\"dateModified\":\"2024-08-05T13:55:19+00:00\",\"description\":\"Finding Stuff Out\u00a0est une \u00e9mission \u00e9ducative qui donne aux enfants ce qu\u2019ils veulent vraiment : des r\u00e9ponses \u00e0 leurs questions les plus importantes!\u00a0\",\"breadcrumb\":{\"@id\":\"https:\/\/www.apartment11.tv\/fr\/productions-tele\/finding-stuff-out\/#breadcrumb\"},\"inLanguage\":\"fr-FR\",\"potentialAction\":[{\"@type\":\"ReadAction\",\"target\":[\"https:\/\/www.apartment11.tv\/fr\/productions-tele\/finding-stuff-out\/\"]}]},{\"@type\":\"ImageObject\",\"inLanguage\":\"fr-FR\",\"@id\":\"https:\/\/www.apartment11.tv\/fr\/productions-tele\/finding-stuff-out\/#primaryimage\",\"url\":\"http:\/\/apartment11.tv\/wp-content\/uploads\/facebook.gif\",\"contentUrl\":\"http:\/\/apartment11.tv\/wp-content\/uploads\/facebook.gif\"},{\"@type\":\"BreadcrumbList\",\"@id\":\"https:\/\/www.apartment11.tv\/fr\/productions-tele\/finding-stuff-out\/#breadcrumb\",\"itemListElement\":[{\"@type\":\"ListItem\",\"position\":1,\"name\":\"Home\",\"item\":\"https:\/\/www.apartment11.tv\/fr\/\"},{\"@type\":\"ListItem\",\"position\":2,\"name\":\"Productions t\u00e9l\u00e9\",\"item\":\"https:\/\/www.apartment11.tv\/fr\/productions-tele\/\"},{\"@type\":\"ListItem\",\"position\":3,\"name\":\"Finding Stuff Out\"}]},{\"@type\":\"WebSite\",\"@id\":\"https:\/\/www.apartment11.tv\/#website\",\"url\":\"https:\/\/www.apartment11.tv\/\",\"name\":\"Apartment 11 Productions\",\"description\":\"Award-Winning Television Productions and Cross-Platform Projects for both Adult and Younger Audiences\",\"potentialAction\":[{\"@type\":\"SearchAction\",\"target\":{\"@type\":\"EntryPoint\",\"urlTemplate\":\"https:\/\/www.apartment11.tv\/?s={search_term_string}\"},\"query-input\":{\"@type\":\"PropertyValueSpecification\",\"valueRequired\":true,\"valueName\":\"search_term_string\"}}],\"inLanguage\":\"fr-FR\"}]}<\/script>\n<!-- \/ Yoast SEO plugin. -->","yoast_head_json":{"title":"Finding Stuff Out","description":"Finding Stuff Out\u00a0est une \u00e9mission \u00e9ducative qui donne aux enfants ce qu\u2019ils veulent vraiment : des r\u00e9ponses \u00e0 leurs questions les plus importantes!\u00a0","robots":{"index":"index","follow":"follow","max-snippet":"max-snippet:-1","max-image-preview":"max-image-preview:large","max-video-preview":"max-video-preview:-1"},"canonical":"https:\/\/www.apartment11.tv\/fr\/productions-tele\/finding-stuff-out\/","og_locale":"fr_FR","og_type":"article","og_title":"Finding Stuff Out","og_description":"Finding Stuff Out\u00a0est une \u00e9mission \u00e9ducative qui donne aux enfants ce qu\u2019ils veulent vraiment : des r\u00e9ponses \u00e0 leurs questions les plus importantes!\u00a0","og_url":"https:\/\/www.apartment11.tv\/fr\/productions-tele\/finding-stuff-out\/","og_site_name":"Apartment 11 Productions","article_publisher":"https:\/\/www.facebook.com\/Apartment11Productions","article_modified_time":"2024-08-05T13:55:19+00:00","og_image":[{"url":"http:\/\/apartment11.tv\/wp-content\/uploads\/facebook.gif","type":"","width":"","height":""}],"twitter_card":"summary_large_image","twitter_site":"@Apartment11Prod","twitter_misc":{"Dur\u00e9e de lecture estim\u00e9e":"6 minutes"},"schema":{"@context":"https:\/\/schema.org","@graph":[{"@type":"WebPage","@id":"https:\/\/www.apartment11.tv\/fr\/productions-tele\/finding-stuff-out\/","url":"https:\/\/www.apartment11.tv\/fr\/productions-tele\/finding-stuff-out\/","name":"Finding Stuff Out","isPartOf":{"@id":"https:\/\/www.apartment11.tv\/#website"},"primaryImageOfPage":{"@id":"https:\/\/www.apartment11.tv\/fr\/productions-tele\/finding-stuff-out\/#primaryimage"},"image":{"@id":"https:\/\/www.apartment11.tv\/fr\/productions-tele\/finding-stuff-out\/#primaryimage"},"thumbnailUrl":"http:\/\/apartment11.tv\/wp-content\/uploads\/facebook.gif","datePublished":"2015-12-31T14:12:03+00:00","dateModified":"2024-08-05T13:55:19+00:00","description":"Finding Stuff Out\u00a0est une \u00e9mission \u00e9ducative qui donne aux enfants ce qu\u2019ils veulent vraiment : des r\u00e9ponses \u00e0 leurs questions les plus importantes!\u00a0","breadcrumb":{"@id":"https:\/\/www.apartment11.tv\/fr\/productions-tele\/finding-stuff-out\/#breadcrumb"},"inLanguage":"fr-FR","potentialAction":[{"@type":"ReadAction","target":["https:\/\/www.apartment11.tv\/fr\/productions-tele\/finding-stuff-out\/"]}]},{"@type":"ImageObject","inLanguage":"fr-FR","@id":"https:\/\/www.apartment11.tv\/fr\/productions-tele\/finding-stuff-out\/#primaryimage","url":"http:\/\/apartment11.tv\/wp-content\/uploads\/facebook.gif","contentUrl":"http:\/\/apartment11.tv\/wp-content\/uploads\/facebook.gif"},{"@type":"BreadcrumbList","@id":"https:\/\/www.apartment11.tv\/fr\/productions-tele\/finding-stuff-out\/#breadcrumb","itemListElement":[{"@type":"ListItem","position":1,"name":"Home","item":"https:\/\/www.apartment11.tv\/fr\/"},{"@type":"ListItem","position":2,"name":"Productions t\u00e9l\u00e9","item":"https:\/\/www.apartment11.tv\/fr\/productions-tele\/"},{"@type":"ListItem","position":3,"name":"Finding Stuff Out"}]},{"@type":"WebSite","@id":"https:\/\/www.apartment11.tv\/#website","url":"https:\/\/www.apartment11.tv\/","name":"Apartment 11 Productions","description":"Award-Winning Television Productions and Cross-Platform Projects for both Adult and Younger Audiences","potentialAction":[{"@type":"SearchAction","target":{"@type":"EntryPoint","urlTemplate":"https:\/\/www.apartment11.tv\/?s={search_term_string}"},"query-input":{"@type":"PropertyValueSpecification","valueRequired":true,"valueName":"search_term_string"}}],"inLanguage":"fr-FR"}]}},"_links":{"self":[{"href":"https:\/\/www.apartment11.tv\/fr\/wp-json\/wp\/v2\/pages\/829","targetHints":{"allow":["GET"]}}],"collection":[{"href":"https:\/\/www.apartment11.tv\/fr\/wp-json\/wp\/v2\/pages"}],"about":[{"href":"https:\/\/www.apartment11.tv\/fr\/wp-json\/wp\/v2\/types\/page"}],"author":[{"embeddable":true,"href":"https:\/\/www.apartment11.tv\/fr\/wp-json\/wp\/v2\/users\/1"}],"replies":[{"embeddable":true,"href":"https:\/\/www.apartment11.tv\/fr\/wp-json\/wp\/v2\/comments?post=829"}],"version-history":[{"count":29,"href":"https:\/\/www.apartment11.tv\/fr\/wp-json\/wp\/v2\/pages\/829\/revisions"}],"predecessor-version":[{"id":3285,"href":"https:\/\/www.apartment11.tv\/fr\/wp-json\/wp\/v2\/pages\/829\/revisions\/3285"}],"up":[{"embeddable":true,"href":"https:\/\/www.apartment11.tv\/fr\/wp-json\/wp\/v2\/pages\/721"}],"wp:attachment":[{"href":"https:\/\/www.apartment11.tv\/fr\/wp-json\/wp\/v2\/media?parent=829"}],"curies":[{"name":"wp","href":"https:\/\/api.w.org\/{rel}","templated":true}]}}